{"id":1089,"date":"2024-06-03T11:58:13","date_gmt":"2024-06-03T11:58:13","guid":{"rendered":"https:\/\/www.rightbitedentures.biz\/?page_id=1089"},"modified":"2025-08-05T18:23:16","modified_gmt":"2025-08-05T18:23:16","slug":"baker-city-or","status":"publish","type":"page","link":"https:\/\/www.rightbitedentures.biz\/es\/baker-city-or\/","title":{"rendered":"Baker City, Oreg\u00f3n, EE.UU."},"content":{"rendered":"<div data-elementor-type=\"wp-page\" data-elementor-id=\"1089\" class=\"elementor elementor-1089\" data-elementor-post-type=\"page\">\n\t\t\t\t<div class=\"elementor-element elementor-element-ec05608 e-flex e-con-boxed e-con e-parent\" data-id=\"ec05608\" data-element_type=\"container\" data-e-type=\"container\" data-settings=\"{&quot;background_background&quot;:&quot;classic&quot;}\">\n\t\t\t\t\t<div class=\"e-con-inner\">\n\t\t<div class=\"elementor-element elementor-element-cee9cef e-con-full e-flex e-con e-child\" data-id=\"cee9cef\" data-element_type=\"container\" data-e-type=\"container\">\n\t\t\t\t<div class=\"elementor-element elementor-element-0991805 elementor-widget elementor-widget-heading\" data-id=\"0991805\" data-element_type=\"widget\" data-e-type=\"widget\" data-widget_type=\"heading.default\">\n\t\t\t\t<div class=\"elementor-widget-container\">\n\t\t\t\t\t<h2 class=\"elementor-heading-title elementor-size-default\">Dentaduras postizas completas en Baker City, Oreg\u00f3n<\/h2>\t\t\t\t<\/div>\n\t\t\t\t<\/div>\n\t\t\t\t<div class=\"elementor-element elementor-element-3633dde elementor-align-left elementor-widget elementor-widget-button\" data-id=\"3633dde\" data-element_type=\"widget\" data-e-type=\"widget\" data-widget_type=\"button.default\">\n\t\t\t\t<div class=\"elementor-widget-container\">\n\t\t\t\t\t\t\t\t\t<div class=\"elementor-button-wrapper\">\n\t\t\t\t\t<a class=\"elementor-button elementor-button-link elementor-size-sm\" href=\"https:\/\/www.rightbitedentures.biz\/es\/contact\/\">\n\t\t\t\t\t\t<span class=\"elementor-button-content-wrapper\">\n\t\t\t\t\t\t\t\t\t<span class=\"elementor-button-text\">Cont\u00e1ctenos<\/span>\n\t\t\t\t\t<\/span>\n\t\t\t\t\t<\/a>\n\t\t\t\t<\/div>\n\t\t\t\t\t\t\t\t<\/div>\n\t\t\t\t<\/div>\n\t\t\t\t<\/div>\n\t\t<div class=\"elementor-element elementor-element-0059ec7 e-con-full e-flex e-con e-child\" data-id=\"0059ec7\" data-element_type=\"container\" data-e-type=\"container\">\n\t\t\t\t<\/div>\n\t\t\t\t\t<\/div>\n\t\t\t\t<\/div>\n\t\t<div class=\"elementor-element elementor-element-1cc2b48 e-flex e-con-boxed e-con e-parent\" data-id=\"1cc2b48\" data-element_type=\"container\" data-e-type=\"container\" data-settings=\"{&quot;background_background&quot;:&quot;classic&quot;}\">\n\t\t\t\t\t<div class=\"e-con-inner\">\n\t\t\t\t<div class=\"elementor-element elementor-element-0472b1f elementor-widget__width-initial elementor-widget elementor-widget-text-editor\" data-id=\"0472b1f\" data-element_type=\"widget\" data-e-type=\"widget\" data-widget_type=\"text-editor.default\">\n\t\t\t\t<div class=\"elementor-widget-container\">\n\t\t\t\t\t\t\t\t\t<p>Dentaduras postizas respaldadas por Servicio, Calidad y Tecnolog\u00eda. Nos especializamos en recuperar la confianza. Cont\u00e1ctenos.<\/p><p>Finalmente, dentaduras postizas que te encantar\u00e1n. \u00a1Dientes postizos para vivir! La vida tiene muchos desaf\u00edos. No podemos ayudar con los problemas del mundo, pero podemos cambiar TU mundo. Ya tienes bastante de qu\u00e9 preocuparte, no dejes que tus dientes sean uno de ellos.<\/p>\t\t\t\t\t\t\t\t<\/div>\n\t\t\t\t<\/div>\n\t\t\t\t\t<\/div>\n\t\t\t\t<\/div>\n\t\t<div class=\"elementor-element elementor-element-c33ffd0 e-flex e-con-boxed e-con e-parent\" data-id=\"c33ffd0\" data-element_type=\"container\" data-e-type=\"container\" data-settings=\"{&quot;background_background&quot;:&quot;classic&quot;}\">\n\t\t\t\t\t<div class=\"e-con-inner\">\n\t\t<div class=\"elementor-element elementor-element-314d8e2 e-con-full e-flex e-con e-child\" data-id=\"314d8e2\" data-element_type=\"container\" data-e-type=\"container\" data-settings=\"{&quot;background_background&quot;:&quot;classic&quot;}\">\n\t\t\t\t<div class=\"elementor-element elementor-element-df76dc5 elementor-widget elementor-widget-heading\" data-id=\"df76dc5\" data-element_type=\"widget\" data-e-type=\"widget\" data-widget_type=\"heading.default\">\n\t\t\t\t<div class=\"elementor-widget-container\">\n\t\t\t\t\t<h2 class=\"elementor-heading-title elementor-size-default\">Conozca las dentaduras postizas con mordida correcta\n<\/h2>\t\t\t\t<\/div>\n\t\t\t\t<\/div>\n\t\t\t\t<div class=\"elementor-element elementor-element-e677961 elementor-widget elementor-widget-text-editor\" data-id=\"e677961\" data-element_type=\"widget\" data-e-type=\"widget\" data-widget_type=\"text-editor.default\">\n\t\t\t\t<div class=\"elementor-widget-container\">\n\t\t\t\t\t\t\t\t\t<p>Bienvenido a Right Bite Dentures, donde sus dientes son m\u00e1s que una sonrisa: son su estilo de vida. Ubicado en el coraz\u00f3n de Baker City y Ontario, Oreg\u00f3n, somos una empresa de propiedad de veteranos que aporta m\u00e1s de 30 a\u00f1os de experiencia dental a sus necesidades de dentaduras postizas. Nuestros valores fundamentales de empat\u00eda, excelencia e innovaci\u00f3n nos gu\u00edan para brindar soluciones dentales personalizadas con un enfoque c\u00e1lido y comprensivo.<\/p><p><strong>La empat\u00eda en nuestro n\u00facleo<\/strong><\/p><p>Entendemos que el camino para encontrar la dentadura postiza perfecta puede estar lleno de sensibilidades y desaf\u00edos. Es por eso que nos dedicamos a escuchar sus necesidades y abordarlas con el mayor cuidado y respeto.<\/p><p><strong>Excelencia en soluciones dentales<\/strong><\/p><p>Con m\u00e1s de 60 a\u00f1os de experiencia combinada, hemos aprendido que la \u00fanica manera de alcanzar la excelencia es escuchando. Cuando una relaci\u00f3n paciente-proveedor se basa en la comunicaci\u00f3n, el resultado es la excelencia.<\/p>\t\t\t\t\t\t\t\t<\/div>\n\t\t\t\t<\/div>\n\t\t\t\t<\/div>\n\t\t\t\t\t<\/div>\n\t\t\t\t<\/div>\n\t\t<div class=\"elementor-element elementor-element-6b2f874 e-flex e-con-boxed e-con e-parent\" data-id=\"6b2f874\" data-element_type=\"container\" data-e-type=\"container\" data-settings=\"{&quot;background_background&quot;:&quot;classic&quot;}\">\n\t\t\t\t\t<div class=\"e-con-inner\">\n\t\t\t\t<div class=\"elementor-element elementor-element-085cd8b elementor-widget__width-initial elementor-widget elementor-widget-text-editor\" data-id=\"085cd8b\" data-element_type=\"widget\" data-e-type=\"widget\" data-widget_type=\"text-editor.default\">\n\t\t\t\t<div class=\"elementor-widget-container\">\n\t\t\t\t\t\t\t\t\t<p><strong>Orgullo de nuestro servicio y tecnolog\u00eda<\/strong><\/p><p>El servicio es nuestra principal prioridad, subrayada por nuestro compromiso con la tecnolog\u00eda de pr\u00f3tesis dentales digitales de \u00faltima generaci\u00f3n. Nuestro laboratorio en el lugar garantiza el control de calidad y una respuesta r\u00e1pida, lo que refleja nuestra dedicaci\u00f3n a su satisfacci\u00f3n.<\/p><p>En Right Bite Dentures, somos m\u00e1s que un simple centro de cuidado de dentaduras postizas; Somos sus socios para redescubrir la confianza para sonre\u00edr brillantemente. Perm\u00edtanos ayudarlo a resolver sus problemas relacionados con las dentaduras postizas con experiencia, atenci\u00f3n y soluciones de vanguardia.<\/p><p><strong>Nuestros dentistas<\/strong><\/p><p>Tysen Klafke, LD CDT<br \/>Cliff Robertson, LD CDT<\/p><p><strong>\u00a1Aprenda m\u00e1s acerca de nosotros!<\/strong><\/p><p>Servimos con orgullo a nuestro pa\u00eds en la Armada m\u00e1s grande del mundo. La lecci\u00f3n m\u00e1s valiosa que aprendimos fue &quot;Te cubro las espaldas&quot;. Es posible que no podamos darle un aumento, un d\u00eda libre o cambiar su perspectiva sobre la actualidad, pero podemos brindarle confianza. Esta confianza se establece al comprender sus necesidades dentales, la forma en que lo tratan de principio a fin y la calidad del trabajo que brindamos.<\/p><p>Hemos implementado esta lecci\u00f3n de vida en las dentaduras postizas Right Bite. Nuestro objetivo es restaurar la confianza en SU sonrisa. Hacemos esto esforz\u00e1ndonos por ofrecer el mejor servicio, calidad y tecnolog\u00eda para cada paciente. Si no est\u00e1s contento, nosotros tampoco.<\/p>\t\t\t\t\t\t\t\t<\/div>\n\t\t\t\t<\/div>\n\t\t\t\t\t<\/div>\n\t\t\t\t<\/div>\n\t\t<div class=\"elementor-element elementor-element-032b0e6 e-flex e-con-boxed e-con e-parent\" data-id=\"032b0e6\" data-element_type=\"container\" data-e-type=\"container\">\n\t\t\t\t\t<div class=\"e-con-inner\">\n\t\t<div class=\"elementor-element elementor-element-0311136 e-con-full e-flex e-con e-child\" data-id=\"0311136\" data-element_type=\"container\" data-e-type=\"container\">\n\t\t\t\t<div class=\"elementor-element elementor-element-9414572 elementor-widget elementor-widget-image\" data-id=\"9414572\" data-element_type=\"widget\" data-e-type=\"widget\" data-widget_type=\"image.default\">\n\t\t\t\t<div class=\"elementor-widget-container\">\n\t\t\t\t\t\t\t\t\t\t\t\t\t\t\t<img fetchpriority=\"high\" decoding=\"async\" width=\"800\" height=\"534\" src=\"https:\/\/cdn.webnamesandnumbers.com\/wp-content\/uploads\/sites\/709\/2024\/06\/03115510\/shutterstock_2234261255.jpg\" class=\"attachment-large size-large wp-image-1080\" alt=\"Smiling senior man and woman holding dentures\" srcset=\"https:\/\/cdn.webnamesandnumbers.com\/wp-content\/uploads\/sites\/709\/2024\/06\/03115510\/shutterstock_2234261255.jpg 1000w, https:\/\/cdn.webnamesandnumbers.com\/wp-content\/uploads\/sites\/709\/2024\/06\/03115510\/shutterstock_2234261255-300x200.jpg 300w, https:\/\/cdn.webnamesandnumbers.com\/wp-content\/uploads\/sites\/709\/2024\/06\/03115510\/shutterstock_2234261255-768x512.jpg 768w, https:\/\/cdn.webnamesandnumbers.com\/wp-content\/uploads\/sites\/709\/2024\/06\/03115510\/shutterstock_2234261255-18x12.jpg 18w\" sizes=\"(max-width: 800px) 100vw, 800px\" \/>\t\t\t\t\t\t\t\t\t\t\t\t\t\t\t<\/div>\n\t\t\t\t<\/div>\n\t\t\t\t<\/div>\n\t\t<div class=\"elementor-element elementor-element-c00bf17 e-con-full e-flex e-con e-child\" data-id=\"c00bf17\" data-element_type=\"container\" data-e-type=\"container\">\n\t\t\t\t<div class=\"elementor-element elementor-element-41077ed elementor-widget elementor-widget-text-editor\" data-id=\"41077ed\" data-element_type=\"widget\" data-e-type=\"widget\" data-widget_type=\"text-editor.default\">\n\t\t\t\t<div class=\"elementor-widget-container\">\n\t\t\t\t\t\t\t\t\t<p><strong>\u00bfListo para hacer un cambio?<\/strong><\/p><p><strong>Tenemos tres sencillos pasos:<\/strong><\/p><ol><li><strong>Cont\u00e1ctanos para una consulta gratuita<\/strong>\u00a0en Baker City, Oreg\u00f3n o en Ontario, Oreg\u00f3n.<\/li><li><strong>Nuestros dentistas escuchar\u00e1n sus inquietudes.<\/strong>\u00a0y ayude a establecer un plan de tratamiento personalizado y espec\u00edfico para sus necesidades y presupuesto.<\/li><li><strong>Resultados que cambian la vida<\/strong>, y siempre \u201cte respaldaremos\u201d.<\/li><\/ol><p><strong>La belleza del antes y el despu\u00e9s<\/strong><\/p><p>Sin hacer un cambio, tu ma\u00f1ana se sentir\u00e1 como hoy\u2026 Haz el cambio que T\u00da mereces. \u00a1Vuelve a disfrutar de tu sonrisa, come sin dolor y recupera tu confianza!<\/p><p>Tu sonrisa lo significa todo. Se nota en tu felicidad, risa y esp\u00edritu. Y como lo significa todo para usted, lo significa todo para nosotros.<\/p>\t\t\t\t\t\t\t\t<\/div>\n\t\t\t\t<\/div>\n\t\t\t\t<\/div>\n\t\t\t\t\t<\/div>\n\t\t\t\t<\/div>\n\t\t<div class=\"elementor-element elementor-element-46a9e89 e-flex e-con-boxed e-con e-parent\" data-id=\"46a9e89\" data-element_type=\"container\" data-e-type=\"container\" data-settings=\"{&quot;background_background&quot;:&quot;classic&quot;}\">\n\t\t\t\t\t<div class=\"e-con-inner\">\n\t\t\t\t<div class=\"elementor-element elementor-element-9463578 elementor-widget elementor-widget-image\" data-id=\"9463578\" data-element_type=\"widget\" data-e-type=\"widget\" data-widget_type=\"image.default\">\n\t\t\t\t<div class=\"elementor-widget-container\">\n\t\t\t\t\t\t\t\t\t\t\t\t\t\t\t<img decoding=\"async\" width=\"90\" height=\"91\" src=\"https:\/\/cdn.webnamesandnumbers.com\/wp-content\/uploads\/sites\/709\/2024\/01\/12121055\/vaadin_dental-chair.png\" class=\"attachment-large size-large wp-image-106\" alt=\"Dental Chair\" \/>\t\t\t\t\t\t\t\t\t\t\t\t\t\t\t<\/div>\n\t\t\t\t<\/div>\n\t\t\t\t<div class=\"elementor-element elementor-element-4aeba73 elementor-widget__width-initial elementor-widget elementor-widget-text-editor\" data-id=\"4aeba73\" data-element_type=\"widget\" data-e-type=\"widget\" data-widget_type=\"text-editor.default\">\n\t\t\t\t<div class=\"elementor-widget-container\">\n\t\t\t\t\t\t\t\t\t<h2><strong>Oficinas de asociaci\u00f3n de coordinaci\u00f3n de dentaduras postizas<\/strong><\/h2><p>Tenemos excelentes relaciones de trabajo con muchos proveedores en el \u00e1rea. Si sus necesidades est\u00e1n fuera del alcance de nuestro trabajo, podemos ayudarlo a coordinar cualquier procedimiento necesario.<\/p>\t\t\t\t\t\t\t\t<\/div>\n\t\t\t\t<\/div>\n\t\t\t\t\t<\/div>\n\t\t\t\t<\/div>\n\t\t\t\t<\/div>","protected":false},"excerpt":{"rendered":"<p>Complete Dentures in Baker City, OR Contact Us Dentures backed by Service, Quality, and Technology. We specialize in restoring confidence. Contact Us. Finally, dentures you\u2019ll love. Dentures for living! Life has many challenges. We can\u2019t help with the world\u2019s problems, but we can change YOUR world. You have enough to worry about, don\u2019t let your [&hellip;]<\/p>\n","protected":false},"author":13,"featured_media":0,"parent":0,"menu_order":0,"comment_status":"closed","ping_status":"closed","template":"elementor_header_footer","meta":{"footnotes":""},"class_list":["post-1089","page","type-page","status-publish","hentry"],"yoast_head":"<!-- This site is optimized with the Yoast SEO plugin v27.3 - https:\/\/yoast.com\/product\/yoast-seo-wordpress\/ -->\n<title>Dentures in Baker City, OR - Right Bite Dentures<\/title>\n<meta name=\"description\" content=\"Right Bite Dentures, located in Baker City and Ontario, OR, where your teeth are more than a smile\u2014they\u2019re your lifestyle.\" \/>\n<meta name=\"robots\" content=\"index, follow, max-snippet:-1, max-image-preview:large, max-video-preview:-1\" \/>\n<link rel=\"canonical\" href=\"https:\/\/www.rightbitedentures.biz\/es\/baker-city-or\/\" \/>\n<meta property=\"og:locale\" content=\"es_MX\" \/>\n<meta property=\"og:type\" content=\"article\" \/>\n<meta property=\"og:title\" content=\"Dentures in Baker City, OR - Right Bite Dentures\" \/>\n<meta property=\"og:description\" content=\"Right Bite Dentures, located in Baker City and Ontario, OR, where your teeth are more than a smile\u2014they\u2019re your lifestyle.\" \/>\n<meta property=\"og:url\" content=\"https:\/\/www.rightbitedentures.biz\/es\/baker-city-or\/\" \/>\n<meta property=\"og:site_name\" content=\"Right Bite Dentures\" \/>\n<meta property=\"article:modified_time\" content=\"2025-08-05T18:23:16+00:00\" \/>\n<meta property=\"og:image\" content=\"https:\/\/www.rightbitedentures.biz\/wp-content\/uploads\/sites\/709\/2024\/06\/shutterstock_2234261255.jpg\" \/>\n<meta name=\"twitter:card\" content=\"summary_large_image\" \/>\n<meta name=\"twitter:label1\" content=\"Tiempo de lectura\" \/>\n\t<meta name=\"twitter:data1\" content=\"3 minutos\" \/>\n<script type=\"application\/ld+json\" class=\"yoast-schema-graph\">{\"@context\":\"https:\\\/\\\/schema.org\",\"@graph\":[{\"@type\":\"WebPage\",\"@id\":\"https:\\\/\\\/www.rightbitedentures.biz\\\/baker-city-or\\\/\",\"url\":\"https:\\\/\\\/www.rightbitedentures.biz\\\/baker-city-or\\\/\",\"name\":\"Dentures in Baker City, OR - Right Bite Dentures\",\"isPartOf\":{\"@id\":\"https:\\\/\\\/www.rightbitedentures.biz\\\/#website\"},\"primaryImageOfPage\":{\"@id\":\"https:\\\/\\\/www.rightbitedentures.biz\\\/baker-city-or\\\/#primaryimage\"},\"image\":{\"@id\":\"https:\\\/\\\/www.rightbitedentures.biz\\\/baker-city-or\\\/#primaryimage\"},\"thumbnailUrl\":\"https:\\\/\\\/www.rightbitedentures.biz\\\/wp-content\\\/uploads\\\/sites\\\/709\\\/2024\\\/06\\\/shutterstock_2234261255.jpg\",\"datePublished\":\"2024-06-03T11:58:13+00:00\",\"dateModified\":\"2025-08-05T18:23:16+00:00\",\"description\":\"Right Bite Dentures, located in Baker City and Ontario, OR, where your teeth are more than a smile\u2014they\u2019re your lifestyle.\",\"breadcrumb\":{\"@id\":\"https:\\\/\\\/www.rightbitedentures.biz\\\/baker-city-or\\\/#breadcrumb\"},\"inLanguage\":\"es\",\"potentialAction\":[{\"@type\":\"ReadAction\",\"target\":[\"https:\\\/\\\/www.rightbitedentures.biz\\\/baker-city-or\\\/\"]}]},{\"@type\":\"ImageObject\",\"inLanguage\":\"es\",\"@id\":\"https:\\\/\\\/www.rightbitedentures.biz\\\/baker-city-or\\\/#primaryimage\",\"url\":\"https:\\\/\\\/www.rightbitedentures.biz\\\/wp-content\\\/uploads\\\/sites\\\/709\\\/2024\\\/06\\\/shutterstock_2234261255.jpg\",\"contentUrl\":\"https:\\\/\\\/www.rightbitedentures.biz\\\/wp-content\\\/uploads\\\/sites\\\/709\\\/2024\\\/06\\\/shutterstock_2234261255.jpg\"},{\"@type\":\"BreadcrumbList\",\"@id\":\"https:\\\/\\\/www.rightbitedentures.biz\\\/baker-city-or\\\/#breadcrumb\",\"itemListElement\":[{\"@type\":\"ListItem\",\"position\":1,\"name\":\"Home\",\"item\":\"https:\\\/\\\/www.rightbitedentures.biz\\\/\"},{\"@type\":\"ListItem\",\"position\":2,\"name\":\"Baker City, OR\"}]},{\"@type\":\"WebSite\",\"@id\":\"https:\\\/\\\/www.rightbitedentures.biz\\\/#website\",\"url\":\"https:\\\/\\\/www.rightbitedentures.biz\\\/\",\"name\":\"Right Bite Dentures\",\"description\":\"Dentures backed by Service, Quality and Technology. We specialize in restoring confidence.\",\"publisher\":{\"@id\":\"https:\\\/\\\/www.rightbitedentures.biz\\\/#organization\"},\"potentialAction\":[{\"@type\":\"SearchAction\",\"target\":{\"@type\":\"EntryPoint\",\"urlTemplate\":\"https:\\\/\\\/www.rightbitedentures.biz\\\/?s={search_term_string}\"},\"query-input\":{\"@type\":\"PropertyValueSpecification\",\"valueRequired\":true,\"valueName\":\"search_term_string\"}}],\"inLanguage\":\"es\"},{\"@type\":\"Organization\",\"@id\":\"https:\\\/\\\/www.rightbitedentures.biz\\\/#organization\",\"name\":\"Right Bite Dentures\",\"url\":\"https:\\\/\\\/www.rightbitedentures.biz\\\/\",\"logo\":{\"@type\":\"ImageObject\",\"inLanguage\":\"es\",\"@id\":\"https:\\\/\\\/www.rightbitedentures.biz\\\/#\\\/schema\\\/logo\\\/image\\\/\",\"url\":\"https:\\\/\\\/cdn.webnamesandnumbers.com\\\/wp-content\\\/uploads\\\/sites\\\/709\\\/2024\\\/01\\\/12121812\\\/cropped-image-2-1.png\",\"contentUrl\":\"https:\\\/\\\/cdn.webnamesandnumbers.com\\\/wp-content\\\/uploads\\\/sites\\\/709\\\/2024\\\/01\\\/12121812\\\/cropped-image-2-1.png\",\"width\":439,\"height\":251,\"caption\":\"Right Bite Dentures\"},\"image\":{\"@id\":\"https:\\\/\\\/www.rightbitedentures.biz\\\/#\\\/schema\\\/logo\\\/image\\\/\"}}]}<\/script>\n<!-- \/ Yoast SEO plugin. -->","yoast_head_json":{"title":"Pr\u00f3tesis dentales en Baker City, OR - Right Bite Dentures","description":"Right Bite Dentures, ubicado en Baker City y Ontario, OR, donde sus dientes son m\u00e1s que una sonrisa: son su estilo de vida.","robots":{"index":"index","follow":"follow","max-snippet":"max-snippet:-1","max-image-preview":"max-image-preview:large","max-video-preview":"max-video-preview:-1"},"canonical":"https:\/\/www.rightbitedentures.biz\/es\/baker-city-or\/","og_locale":"es_MX","og_type":"article","og_title":"Dentures in Baker City, OR - Right Bite Dentures","og_description":"Right Bite Dentures, located in Baker City and Ontario, OR, where your teeth are more than a smile\u2014they\u2019re your lifestyle.","og_url":"https:\/\/www.rightbitedentures.biz\/es\/baker-city-or\/","og_site_name":"Right Bite Dentures","article_modified_time":"2025-08-05T18:23:16+00:00","og_image":[{"url":"https:\/\/www.rightbitedentures.biz\/wp-content\/uploads\/sites\/709\/2024\/06\/shutterstock_2234261255.jpg","type":"","width":"","height":""}],"twitter_card":"summary_large_image","twitter_misc":{"Tiempo de lectura":"3 minutos"},"schema":{"@context":"https:\/\/schema.org","@graph":[{"@type":"WebPage","@id":"https:\/\/www.rightbitedentures.biz\/baker-city-or\/","url":"https:\/\/www.rightbitedentures.biz\/baker-city-or\/","name":"Pr\u00f3tesis dentales en Baker City, OR - Right Bite Dentures","isPartOf":{"@id":"https:\/\/www.rightbitedentures.biz\/#website"},"primaryImageOfPage":{"@id":"https:\/\/www.rightbitedentures.biz\/baker-city-or\/#primaryimage"},"image":{"@id":"https:\/\/www.rightbitedentures.biz\/baker-city-or\/#primaryimage"},"thumbnailUrl":"https:\/\/www.rightbitedentures.biz\/wp-content\/uploads\/sites\/709\/2024\/06\/shutterstock_2234261255.jpg","datePublished":"2024-06-03T11:58:13+00:00","dateModified":"2025-08-05T18:23:16+00:00","description":"Right Bite Dentures, ubicado en Baker City y Ontario, OR, donde sus dientes son m\u00e1s que una sonrisa: son su estilo de vida.","breadcrumb":{"@id":"https:\/\/www.rightbitedentures.biz\/baker-city-or\/#breadcrumb"},"inLanguage":"es","potentialAction":[{"@type":"ReadAction","target":["https:\/\/www.rightbitedentures.biz\/baker-city-or\/"]}]},{"@type":"ImageObject","inLanguage":"es","@id":"https:\/\/www.rightbitedentures.biz\/baker-city-or\/#primaryimage","url":"https:\/\/www.rightbitedentures.biz\/wp-content\/uploads\/sites\/709\/2024\/06\/shutterstock_2234261255.jpg","contentUrl":"https:\/\/www.rightbitedentures.biz\/wp-content\/uploads\/sites\/709\/2024\/06\/shutterstock_2234261255.jpg"},{"@type":"BreadcrumbList","@id":"https:\/\/www.rightbitedentures.biz\/baker-city-or\/#breadcrumb","itemListElement":[{"@type":"ListItem","position":1,"name":"Home","item":"https:\/\/www.rightbitedentures.biz\/"},{"@type":"ListItem","position":2,"name":"Baker City, OR"}]},{"@type":"WebSite","@id":"https:\/\/www.rightbitedentures.biz\/#website","url":"https:\/\/www.rightbitedentures.biz\/","name":"Dentaduras postizas de mordida derecha","description":"Pr\u00f3tesis dentales con el respaldo de servicio, calidad y tecnolog\u00eda. Nos especializamos en recuperar la confianza.","publisher":{"@id":"https:\/\/www.rightbitedentures.biz\/#organization"},"potentialAction":[{"@type":"SearchAction","target":{"@type":"EntryPoint","urlTemplate":"https:\/\/www.rightbitedentures.biz\/?s={search_term_string}"},"query-input":{"@type":"PropertyValueSpecification","valueRequired":true,"valueName":"search_term_string"}}],"inLanguage":"es"},{"@type":"Organization","@id":"https:\/\/www.rightbitedentures.biz\/#organization","name":"Dentaduras postizas de mordida derecha","url":"https:\/\/www.rightbitedentures.biz\/","logo":{"@type":"ImageObject","inLanguage":"es","@id":"https:\/\/www.rightbitedentures.biz\/#\/schema\/logo\/image\/","url":"https:\/\/cdn.webnamesandnumbers.com\/wp-content\/uploads\/sites\/709\/2024\/01\/12121812\/cropped-image-2-1.png","contentUrl":"https:\/\/cdn.webnamesandnumbers.com\/wp-content\/uploads\/sites\/709\/2024\/01\/12121812\/cropped-image-2-1.png","width":439,"height":251,"caption":"Right Bite Dentures"},"image":{"@id":"https:\/\/www.rightbitedentures.biz\/#\/schema\/logo\/image\/"}}]}},"_links":{"self":[{"href":"https:\/\/www.rightbitedentures.biz\/es\/wp-json\/wp\/v2\/pages\/1089","targetHints":{"allow":["GET"]}}],"collection":[{"href":"https:\/\/www.rightbitedentures.biz\/es\/wp-json\/wp\/v2\/pages"}],"about":[{"href":"https:\/\/www.rightbitedentures.biz\/es\/wp-json\/wp\/v2\/types\/page"}],"author":[{"embeddable":true,"href":"https:\/\/www.rightbitedentures.biz\/es\/wp-json\/wp\/v2\/users\/13"}],"replies":[{"embeddable":true,"href":"https:\/\/www.rightbitedentures.biz\/es\/wp-json\/wp\/v2\/comments?post=1089"}],"version-history":[{"count":10,"href":"https:\/\/www.rightbitedentures.biz\/es\/wp-json\/wp\/v2\/pages\/1089\/revisions"}],"predecessor-version":[{"id":1102,"href":"https:\/\/www.rightbitedentures.biz\/es\/wp-json\/wp\/v2\/pages\/1089\/revisions\/1102"}],"wp:attachment":[{"href":"https:\/\/www.rightbitedentures.biz\/es\/wp-json\/wp\/v2\/media?parent=1089"}],"curies":[{"name":"gracias","href":"https:\/\/api.w.org\/{rel}","templated":true}]}}