{"id":1122,"date":"2024-08-01T10:17:49","date_gmt":"2024-08-01T10:17:49","guid":{"rendered":"https:\/\/www.rightbitedentures.biz\/?page_id=1122"},"modified":"2025-08-05T18:24:01","modified_gmt":"2025-08-05T18:24:01","slug":"baker-city-or-2","status":"publish","type":"page","link":"https:\/\/www.rightbitedentures.biz\/es\/baker-city-or-2\/","title":{"rendered":"Baker City, Oreg\u00f3n, EE.UU."},"content":{"rendered":"<div data-elementor-type=\"wp-page\" data-elementor-id=\"1122\" class=\"elementor elementor-1122\" data-elementor-post-type=\"page\">\n\t\t\t\t<div class=\"elementor-element elementor-element-4b26152 e-flex e-con-boxed e-con e-parent\" data-id=\"4b26152\" data-element_type=\"container\" data-e-type=\"container\" data-settings=\"{&quot;background_background&quot;:&quot;classic&quot;}\">\n\t\t\t\t\t<div class=\"e-con-inner\">\n\t\t<div class=\"elementor-element elementor-element-aaf6c0e e-con-full e-flex e-con e-child\" data-id=\"aaf6c0e\" data-element_type=\"container\" data-e-type=\"container\">\n\t\t\t\t<div class=\"elementor-element elementor-element-4bb6a55 elementor-widget elementor-widget-heading\" data-id=\"4bb6a55\" data-element_type=\"widget\" data-e-type=\"widget\" data-widget_type=\"heading.default\">\n\t\t\t\t<div class=\"elementor-widget-container\">\n\t\t\t\t\t<h1 class=\"elementor-heading-title elementor-size-default\">Dentaduras postizas parciales en Baker City, Oreg\u00f3n<\/h1>\t\t\t\t<\/div>\n\t\t\t\t<\/div>\n\t\t\t\t<div class=\"elementor-element elementor-element-0b4a91d elementor-align-left elementor-widget elementor-widget-button\" data-id=\"0b4a91d\" data-element_type=\"widget\" data-e-type=\"widget\" data-widget_type=\"button.default\">\n\t\t\t\t<div class=\"elementor-widget-container\">\n\t\t\t\t\t\t\t\t\t<div class=\"elementor-button-wrapper\">\n\t\t\t\t\t<a class=\"elementor-button elementor-button-link elementor-size-sm\" href=\"https:\/\/www.rightbitedentures.biz\/es\/contact\/\">\n\t\t\t\t\t\t<span class=\"elementor-button-content-wrapper\">\n\t\t\t\t\t\t\t\t\t<span class=\"elementor-button-text\">Cont\u00e1ctenos<\/span>\n\t\t\t\t\t<\/span>\n\t\t\t\t\t<\/a>\n\t\t\t\t<\/div>\n\t\t\t\t\t\t\t\t<\/div>\n\t\t\t\t<\/div>\n\t\t\t\t<\/div>\n\t\t<div class=\"elementor-element elementor-element-e29d7d4 e-con-full e-flex e-con e-child\" data-id=\"e29d7d4\" data-element_type=\"container\" data-e-type=\"container\">\n\t\t\t\t<\/div>\n\t\t\t\t\t<\/div>\n\t\t\t\t<\/div>\n\t\t<div class=\"elementor-element elementor-element-85f3a4e e-flex e-con-boxed e-con e-parent\" data-id=\"85f3a4e\" data-element_type=\"container\" data-e-type=\"container\" data-settings=\"{&quot;background_background&quot;:&quot;classic&quot;}\">\n\t\t\t\t\t<div class=\"e-con-inner\">\n\t\t\t\t<div class=\"elementor-element elementor-element-84e1c92 elementor-widget__width-initial elementor-widget elementor-widget-text-editor\" data-id=\"84e1c92\" data-element_type=\"widget\" data-e-type=\"widget\" data-widget_type=\"text-editor.default\">\n\t\t\t\t<div class=\"elementor-widget-container\">\n\t\t\t\t\t\t\t\t\t<p>Bienvenido a\u00a0<strong>Dentaduras postizas de mordida derecha<\/strong>, donde nos especializamos en brindar las mejores dentaduras postizas parciales en Baker City, OR. Ubicado en el coraz\u00f3n de Baker City, aportamos m\u00e1s de 30 a\u00f1os de experiencia dental a sus necesidades dentales. Nuestros valores fundamentales de empat\u00eda, excelencia e innovaci\u00f3n nos gu\u00edan para brindar soluciones dentales personalizadas con un enfoque c\u00e1lido y comprensivo.<\/p>\t\t\t\t\t\t\t\t<\/div>\n\t\t\t\t<\/div>\n\t\t\t\t\t<\/div>\n\t\t\t\t<\/div>\n\t\t<div class=\"elementor-element elementor-element-10ab6c6 e-flex e-con-boxed e-con e-parent\" data-id=\"10ab6c6\" data-element_type=\"container\" data-e-type=\"container\" data-settings=\"{&quot;background_background&quot;:&quot;classic&quot;}\">\n\t\t\t\t\t<div class=\"e-con-inner\">\n\t\t<div class=\"elementor-element elementor-element-0541eb8 e-con-full e-flex e-con e-child\" data-id=\"0541eb8\" data-element_type=\"container\" data-e-type=\"container\" data-settings=\"{&quot;background_background&quot;:&quot;classic&quot;}\">\n\t\t\t\t<div class=\"elementor-element elementor-element-be54fb5 elementor-widget elementor-widget-heading\" data-id=\"be54fb5\" data-element_type=\"widget\" data-e-type=\"widget\" data-widget_type=\"heading.default\">\n\t\t\t\t<div class=\"elementor-widget-container\">\n\t\t\t\t\t<h2 class=\"elementor-heading-title elementor-size-default\">\u00bfPor qu\u00e9 elegir pr\u00f3tesis parciales?<\/h2>\t\t\t\t<\/div>\n\t\t\t\t<\/div>\n\t\t\t\t<div class=\"elementor-element elementor-element-922f485 elementor-widget elementor-widget-text-editor\" data-id=\"922f485\" data-element_type=\"widget\" data-e-type=\"widget\" data-widget_type=\"text-editor.default\">\n\t\t\t\t<div class=\"elementor-widget-container\">\n\t\t\t\t\t\t\t\t\t<p>Las dentaduras postizas parciales son una excelente soluci\u00f3n para quienes carecen de algunos dientes, pero no de todos. Proporcionan una opci\u00f3n de apariencia natural, funcional y asequible para restaurar su sonrisa y mejorar su calidad de vida. \u00c9stos son algunos de los beneficios de elegir dentaduras postizas parciales:<\/p><ul><li><strong>Est\u00e9tica mejorada:<\/strong>\u00a0Disfrute de una sonrisa de aspecto natural que aumente su confianza.<\/li><li><strong>Funcionalidad mejorada:<\/strong>\u00a0Mastica y habla m\u00e1s eficazmente con un ajuste seguro.<\/li><li><strong>Econ\u00f3mico:<\/strong>\u00a0Las dentaduras postizas parciales son una opci\u00f3n m\u00e1s asequible en comparaci\u00f3n con los implantes.<\/li><\/ul>\t\t\t\t\t\t\t\t<\/div>\n\t\t\t\t<\/div>\n\t\t\t\t<\/div>\n\t\t\t\t\t<\/div>\n\t\t\t\t<\/div>\n\t\t<div class=\"elementor-element elementor-element-8c4ee84 e-flex e-con-boxed e-con e-parent\" data-id=\"8c4ee84\" data-element_type=\"container\" data-e-type=\"container\">\n\t\t\t\t\t<div class=\"e-con-inner\">\n\t\t<div class=\"elementor-element elementor-element-6eeac54 e-con-full e-flex e-con e-child\" data-id=\"6eeac54\" data-element_type=\"container\" data-e-type=\"container\">\n\t\t\t\t<div class=\"elementor-element elementor-element-900f3ce elementor-widget elementor-widget-text-editor\" data-id=\"900f3ce\" data-element_type=\"widget\" data-e-type=\"widget\" data-widget_type=\"text-editor.default\">\n\t\t\t\t<div class=\"elementor-widget-container\">\n\t\t\t\t\t\t\t\t\t<h2 id=\"our-process\" tabindex=\"-1\"><strong>Nuestro proceso<\/strong>\u00a0<\/h2><p>En Right Bite Dentures, hemos simplificado nuestro proceso para garantizar que reciba la mejor atenci\u00f3n posible:<\/p><h3 id=\"step-1-contact-us-for-a-free-consultation\" tabindex=\"-1\"><strong>Paso 1: Cont\u00e1ctenos para una consulta gratuita<\/strong>\u00a0<\/h3><p>Cont\u00e1ctenos en Ontario, Oregon o Baker City, Oregon para una consulta gratuita. Nuestro amable equipo programar\u00e1 una cita que se adapte a su disponibilidad.<\/p><h3 id=\"step-2-customized-treatment-plan\" tabindex=\"-1\"><strong>Paso 2: Plan de tratamiento personalizado<\/strong>\u00a0<\/h3><p>Nuestros dentistas experimentados,\u00a0<strong>Tysen Klafke<\/strong>, LD CDT y\u00a0<strong>Cliff Robertson<\/strong>, LD CDT escuchar\u00e1 sus inquietudes y lo ayudar\u00e1 a establecer un plan de tratamiento personalizado y espec\u00edfico para sus necesidades y presupuesto.<\/p><h3 id=\"step-3-life-changing-results\" tabindex=\"-1\"><strong>Paso 3: Resultados que cambian la vida<\/strong>\u00a0<\/h3><p>Experimente resultados que le cambiar\u00e1n la vida mientras elaboramos sus pr\u00f3tesis dentales parciales con nuestra tecnolog\u00eda de pr\u00f3tesis dentales digitales de \u00faltima generaci\u00f3n, lo que garantiza un ajuste perfecto y una respuesta r\u00e1pida.<\/p>\t\t\t\t\t\t\t\t<\/div>\n\t\t\t\t<\/div>\n\t\t\t\t<\/div>\n\t\t<div class=\"elementor-element elementor-element-1dc427c e-con-full e-flex e-con e-child\" data-id=\"1dc427c\" data-element_type=\"container\" data-e-type=\"container\">\n\t\t\t\t<div class=\"elementor-element elementor-element-e518e8d elementor-widget elementor-widget-image\" data-id=\"e518e8d\" data-element_type=\"widget\" data-e-type=\"widget\" data-widget_type=\"image.default\">\n\t\t\t\t<div class=\"elementor-widget-container\">\n\t\t\t\t\t\t\t\t\t\t\t\t\t\t\t<img fetchpriority=\"high\" decoding=\"async\" width=\"800\" height=\"600\" src=\"https:\/\/cdn.webnamesandnumbers.com\/wp-content\/uploads\/sites\/709\/2024\/08\/01101238\/shutterstock_1829640593.jpg\" class=\"attachment-large size-large wp-image-1111\" alt=\"Smiling woman with dentures, satisfied with her new teeth.\" srcset=\"https:\/\/cdn.webnamesandnumbers.com\/wp-content\/uploads\/sites\/709\/2024\/08\/01101238\/shutterstock_1829640593.jpg 1000w, https:\/\/cdn.webnamesandnumbers.com\/wp-content\/uploads\/sites\/709\/2024\/08\/01101238\/shutterstock_1829640593-300x225.jpg 300w, https:\/\/cdn.webnamesandnumbers.com\/wp-content\/uploads\/sites\/709\/2024\/08\/01101238\/shutterstock_1829640593-768x576.jpg 768w, https:\/\/cdn.webnamesandnumbers.com\/wp-content\/uploads\/sites\/709\/2024\/08\/01101238\/shutterstock_1829640593-16x12.jpg 16w\" sizes=\"(max-width: 800px) 100vw, 800px\" \/>\t\t\t\t\t\t\t\t\t\t\t\t\t\t\t<\/div>\n\t\t\t\t<\/div>\n\t\t\t\t<\/div>\n\t\t\t\t\t<\/div>\n\t\t\t\t<\/div>\n\t\t<div class=\"elementor-element elementor-element-86a3d00 e-flex e-con-boxed e-con e-parent\" data-id=\"86a3d00\" data-element_type=\"container\" data-e-type=\"container\" data-settings=\"{&quot;background_background&quot;:&quot;classic&quot;}\">\n\t\t\t\t\t<div class=\"e-con-inner\">\n\t\t\t\t<div class=\"elementor-element elementor-element-8665137 elementor-widget elementor-widget-image\" data-id=\"8665137\" data-element_type=\"widget\" data-e-type=\"widget\" data-widget_type=\"image.default\">\n\t\t\t\t<div class=\"elementor-widget-container\">\n\t\t\t\t\t\t\t\t\t\t\t\t\t\t\t<img decoding=\"async\" width=\"90\" height=\"91\" src=\"https:\/\/cdn.webnamesandnumbers.com\/wp-content\/uploads\/sites\/709\/2024\/01\/12121055\/vaadin_dental-chair.png\" class=\"attachment-large size-large wp-image-106\" alt=\"Dental Chair\" \/>\t\t\t\t\t\t\t\t\t\t\t\t\t\t\t<\/div>\n\t\t\t\t<\/div>\n\t\t\t\t<div class=\"elementor-element elementor-element-0140520 elementor-widget__width-initial elementor-widget elementor-widget-text-editor\" data-id=\"0140520\" data-element_type=\"widget\" data-e-type=\"widget\" data-widget_type=\"text-editor.default\">\n\t\t\t\t<div class=\"elementor-widget-container\">\n\t\t\t\t\t\t\t\t\t<h2 id=\"meet-right-bite-dentures\" tabindex=\"-1\"><strong>Conozca las dentaduras postizas con mordida correcta<\/strong>\u00a0<\/h2><p>Tus dientes son m\u00e1s que una sonrisa, son tu estilo de vida. En\u00a0<strong>Dentaduras postizas de mordida derecha<\/strong>, una empresa propiedad de veteranos ubicada en Ontario y Baker City, OR, nos enorgullecemos de ofrecer dentaduras postizas respaldadas por servicio, calidad y tecnolog\u00eda. Nuestro laboratorio en el sitio garantiza un control de calidad de primer nivel y un servicio r\u00e1pido, lo que refleja nuestro compromiso con su satisfacci\u00f3n.<\/p><p><em><strong>La empat\u00eda en nuestro n\u00facleo<\/strong><\/em><\/p><p>Entendemos que el camino para encontrar la dentadura postiza perfecta puede estar lleno de sensibilidades y desaf\u00edos. Es por eso que nos dedicamos a escuchar sus necesidades y abordarlas con el mayor cuidado y respeto.<\/p><p><em><strong>Excelencia en soluciones dentales<\/strong><\/em><\/p><p>Despu\u00e9s de m\u00e1s de 60 a\u00f1os de experiencia combinada, hemos aprendido que la \u00fanica manera de alcanzar la excelencia es escuchando. Cuando las relaciones paciente-proveedor se basan en la comunicaci\u00f3n, el resultado es la excelencia.<\/p><p><em><strong>Orgullo de nuestro servicio y tecnolog\u00eda<\/strong><\/em><\/p><p>El servicio es nuestra principal prioridad, subrayada por nuestro compromiso con la tecnolog\u00eda de pr\u00f3tesis dentales digitales de \u00faltima generaci\u00f3n. Nuestro laboratorio en el lugar garantiza el control de calidad y una respuesta r\u00e1pida, lo que refleja nuestra dedicaci\u00f3n a su satisfacci\u00f3n.<\/p>\t\t\t\t\t\t\t\t<\/div>\n\t\t\t\t<\/div>\n\t\t\t\t\t<\/div>\n\t\t\t\t<\/div>\n\t\t<div class=\"elementor-element elementor-element-fef54e0 e-flex e-con-boxed e-con e-parent\" data-id=\"fef54e0\" data-element_type=\"container\" data-e-type=\"container\" data-settings=\"{&quot;background_background&quot;:&quot;classic&quot;}\">\n\t\t\t\t\t<div class=\"e-con-inner\">\n\t\t\t\t<div class=\"elementor-element elementor-element-34efe54 elementor-widget__width-initial elementor-widget elementor-widget-text-editor\" data-id=\"34efe54\" data-element_type=\"widget\" data-e-type=\"widget\" data-widget_type=\"text-editor.default\">\n\t\t\t\t<div class=\"elementor-widget-container\">\n\t\t\t\t\t\t\t\t\t<h2 id=\"ready-to-make-a-change\" tabindex=\"-1\"><strong>\u00bfListo para hacer un cambio?<\/strong>\u00a0<\/h2><p>Creemos que todos merecen la confianza para sonre\u00edr alegremente. Perm\u00edtanos ayudarlo a resolver sus problemas relacionados con las dentaduras postizas con experiencia, atenci\u00f3n y soluciones de vanguardia. Recuerda, sin hacer cambios, tu ma\u00f1ana se sentir\u00e1 como hoy. \u00a1Haz el cambio que te mereces y vuelve a disfrutar de tu sonrisa, come sin dolor y recupera tu confianza!<\/p><p><strong>Comun\u00edquese con Right Bite Dentures hoy para programar su consulta gratuita y dar el primer paso hacia una persona mejor y m\u00e1s segura.<\/strong><\/p>\t\t\t\t\t\t\t\t<\/div>\n\t\t\t\t<\/div>\n\t\t\t\t\t<\/div>\n\t\t\t\t<\/div>\n\t\t\t\t<\/div>","protected":false},"excerpt":{"rendered":"<p>Partial Dentures in Baker City, OR Contact Us Welcome to\u00a0Right Bite Dentures, where we specialize in providing the best partial dentures in Baker City, OR. Nestled in the heart of Baker City, we bring over 30 years of dental expertise to your denture needs. Our core values of empathy, excellence, and innovation guide us in [&hellip;]<\/p>\n","protected":false},"author":13,"featured_media":0,"parent":0,"menu_order":0,"comment_status":"closed","ping_status":"closed","template":"elementor_header_footer","meta":{"footnotes":""},"class_list":["post-1122","page","type-page","status-publish","hentry"],"yoast_head":"<!-- This site is optimized with the Yoast SEO plugin v27.3 - https:\/\/yoast.com\/product\/yoast-seo-wordpress\/ -->\n<title>Partial Dentures in Baker City, OR - Right Bite Dentures<\/title>\n<meta name=\"description\" content=\"Discover top-tier partial dentures in Baker City, OR. At Right Bite Dentures, we specialize in restoring confidence with service, quality, and cutting-edge technology. Contact us today for a free consultation.\" \/>\n<meta name=\"robots\" content=\"index, follow, max-snippet:-1, max-image-preview:large, max-video-preview:-1\" \/>\n<link rel=\"canonical\" href=\"https:\/\/www.rightbitedentures.biz\/es\/baker-city-or-2\/\" \/>\n<meta property=\"og:locale\" content=\"es_MX\" \/>\n<meta property=\"og:type\" content=\"article\" \/>\n<meta property=\"og:title\" content=\"Partial Dentures in Baker City, OR - Right Bite Dentures\" \/>\n<meta property=\"og:description\" content=\"Discover top-tier partial dentures in Baker City, OR. At Right Bite Dentures, we specialize in restoring confidence with service, quality, and cutting-edge technology. Contact us today for a free consultation.\" \/>\n<meta property=\"og:url\" content=\"https:\/\/www.rightbitedentures.biz\/es\/baker-city-or-2\/\" \/>\n<meta property=\"og:site_name\" content=\"Right Bite Dentures\" \/>\n<meta property=\"article:modified_time\" content=\"2025-08-05T18:24:01+00:00\" \/>\n<meta property=\"og:image\" content=\"https:\/\/www.rightbitedentures.biz\/wp-content\/uploads\/sites\/709\/2024\/08\/shutterstock_1829640593.jpg\" \/>\n<meta name=\"twitter:card\" content=\"summary_large_image\" \/>\n<meta name=\"twitter:label1\" content=\"Tiempo de lectura\" \/>\n\t<meta name=\"twitter:data1\" content=\"3 minutos\" \/>\n<script type=\"application\/ld+json\" class=\"yoast-schema-graph\">{\"@context\":\"https:\\\/\\\/schema.org\",\"@graph\":[{\"@type\":\"WebPage\",\"@id\":\"https:\\\/\\\/www.rightbitedentures.biz\\\/baker-city-or-2\\\/\",\"url\":\"https:\\\/\\\/www.rightbitedentures.biz\\\/baker-city-or-2\\\/\",\"name\":\"Partial Dentures in Baker City, OR - Right Bite Dentures\",\"isPartOf\":{\"@id\":\"https:\\\/\\\/www.rightbitedentures.biz\\\/#website\"},\"primaryImageOfPage\":{\"@id\":\"https:\\\/\\\/www.rightbitedentures.biz\\\/baker-city-or-2\\\/#primaryimage\"},\"image\":{\"@id\":\"https:\\\/\\\/www.rightbitedentures.biz\\\/baker-city-or-2\\\/#primaryimage\"},\"thumbnailUrl\":\"https:\\\/\\\/www.rightbitedentures.biz\\\/wp-content\\\/uploads\\\/sites\\\/709\\\/2024\\\/08\\\/shutterstock_1829640593.jpg\",\"datePublished\":\"2024-08-01T10:17:49+00:00\",\"dateModified\":\"2025-08-05T18:24:01+00:00\",\"description\":\"Discover top-tier partial dentures in Baker City, OR. At Right Bite Dentures, we specialize in restoring confidence with service, quality, and cutting-edge technology. Contact us today for a free consultation.\",\"breadcrumb\":{\"@id\":\"https:\\\/\\\/www.rightbitedentures.biz\\\/baker-city-or-2\\\/#breadcrumb\"},\"inLanguage\":\"es\",\"potentialAction\":[{\"@type\":\"ReadAction\",\"target\":[\"https:\\\/\\\/www.rightbitedentures.biz\\\/baker-city-or-2\\\/\"]}]},{\"@type\":\"ImageObject\",\"inLanguage\":\"es\",\"@id\":\"https:\\\/\\\/www.rightbitedentures.biz\\\/baker-city-or-2\\\/#primaryimage\",\"url\":\"https:\\\/\\\/www.rightbitedentures.biz\\\/wp-content\\\/uploads\\\/sites\\\/709\\\/2024\\\/08\\\/shutterstock_1829640593.jpg\",\"contentUrl\":\"https:\\\/\\\/www.rightbitedentures.biz\\\/wp-content\\\/uploads\\\/sites\\\/709\\\/2024\\\/08\\\/shutterstock_1829640593.jpg\"},{\"@type\":\"BreadcrumbList\",\"@id\":\"https:\\\/\\\/www.rightbitedentures.biz\\\/baker-city-or-2\\\/#breadcrumb\",\"itemListElement\":[{\"@type\":\"ListItem\",\"position\":1,\"name\":\"Home\",\"item\":\"https:\\\/\\\/www.rightbitedentures.biz\\\/\"},{\"@type\":\"ListItem\",\"position\":2,\"name\":\"Baker City, OR\"}]},{\"@type\":\"WebSite\",\"@id\":\"https:\\\/\\\/www.rightbitedentures.biz\\\/#website\",\"url\":\"https:\\\/\\\/www.rightbitedentures.biz\\\/\",\"name\":\"Right Bite Dentures\",\"description\":\"Dentures backed by Service, Quality and Technology. We specialize in restoring confidence.\",\"publisher\":{\"@id\":\"https:\\\/\\\/www.rightbitedentures.biz\\\/#organization\"},\"potentialAction\":[{\"@type\":\"SearchAction\",\"target\":{\"@type\":\"EntryPoint\",\"urlTemplate\":\"https:\\\/\\\/www.rightbitedentures.biz\\\/?s={search_term_string}\"},\"query-input\":{\"@type\":\"PropertyValueSpecification\",\"valueRequired\":true,\"valueName\":\"search_term_string\"}}],\"inLanguage\":\"es\"},{\"@type\":\"Organization\",\"@id\":\"https:\\\/\\\/www.rightbitedentures.biz\\\/#organization\",\"name\":\"Right Bite Dentures\",\"url\":\"https:\\\/\\\/www.rightbitedentures.biz\\\/\",\"logo\":{\"@type\":\"ImageObject\",\"inLanguage\":\"es\",\"@id\":\"https:\\\/\\\/www.rightbitedentures.biz\\\/#\\\/schema\\\/logo\\\/image\\\/\",\"url\":\"https:\\\/\\\/cdn.webnamesandnumbers.com\\\/wp-content\\\/uploads\\\/sites\\\/709\\\/2024\\\/01\\\/12121812\\\/cropped-image-2-1.png\",\"contentUrl\":\"https:\\\/\\\/cdn.webnamesandnumbers.com\\\/wp-content\\\/uploads\\\/sites\\\/709\\\/2024\\\/01\\\/12121812\\\/cropped-image-2-1.png\",\"width\":439,\"height\":251,\"caption\":\"Right Bite Dentures\"},\"image\":{\"@id\":\"https:\\\/\\\/www.rightbitedentures.biz\\\/#\\\/schema\\\/logo\\\/image\\\/\"}}]}<\/script>\n<!-- \/ Yoast SEO plugin. -->","yoast_head_json":{"title":"Pr\u00f3tesis parciales en Baker City, OR - Right Bite Dentures","description":"Descubra pr\u00f3tesis parciales de primera calidad en Baker City, OR. En Right Bite Dentures, nos especializamos en devolverle la confianza con servicio, calidad y tecnolog\u00eda de vanguardia. Cont\u00e1ctenos hoy mismo para una consulta gratuita.","robots":{"index":"index","follow":"follow","max-snippet":"max-snippet:-1","max-image-preview":"max-image-preview:large","max-video-preview":"max-video-preview:-1"},"canonical":"https:\/\/www.rightbitedentures.biz\/es\/baker-city-or-2\/","og_locale":"es_MX","og_type":"article","og_title":"Partial Dentures in Baker City, OR - Right Bite Dentures","og_description":"Discover top-tier partial dentures in Baker City, OR. At Right Bite Dentures, we specialize in restoring confidence with service, quality, and cutting-edge technology. Contact us today for a free consultation.","og_url":"https:\/\/www.rightbitedentures.biz\/es\/baker-city-or-2\/","og_site_name":"Right Bite Dentures","article_modified_time":"2025-08-05T18:24:01+00:00","og_image":[{"url":"https:\/\/www.rightbitedentures.biz\/wp-content\/uploads\/sites\/709\/2024\/08\/shutterstock_1829640593.jpg","type":"","width":"","height":""}],"twitter_card":"summary_large_image","twitter_misc":{"Tiempo de lectura":"3 minutos"},"schema":{"@context":"https:\/\/schema.org","@graph":[{"@type":"WebPage","@id":"https:\/\/www.rightbitedentures.biz\/baker-city-or-2\/","url":"https:\/\/www.rightbitedentures.biz\/baker-city-or-2\/","name":"Pr\u00f3tesis parciales en Baker City, OR - Right Bite Dentures","isPartOf":{"@id":"https:\/\/www.rightbitedentures.biz\/#website"},"primaryImageOfPage":{"@id":"https:\/\/www.rightbitedentures.biz\/baker-city-or-2\/#primaryimage"},"image":{"@id":"https:\/\/www.rightbitedentures.biz\/baker-city-or-2\/#primaryimage"},"thumbnailUrl":"https:\/\/www.rightbitedentures.biz\/wp-content\/uploads\/sites\/709\/2024\/08\/shutterstock_1829640593.jpg","datePublished":"2024-08-01T10:17:49+00:00","dateModified":"2025-08-05T18:24:01+00:00","description":"Descubra pr\u00f3tesis parciales de primera calidad en Baker City, OR. En Right Bite Dentures, nos especializamos en devolverle la confianza con servicio, calidad y tecnolog\u00eda de vanguardia. Cont\u00e1ctenos hoy mismo para una consulta gratuita.","breadcrumb":{"@id":"https:\/\/www.rightbitedentures.biz\/baker-city-or-2\/#breadcrumb"},"inLanguage":"es","potentialAction":[{"@type":"ReadAction","target":["https:\/\/www.rightbitedentures.biz\/baker-city-or-2\/"]}]},{"@type":"ImageObject","inLanguage":"es","@id":"https:\/\/www.rightbitedentures.biz\/baker-city-or-2\/#primaryimage","url":"https:\/\/www.rightbitedentures.biz\/wp-content\/uploads\/sites\/709\/2024\/08\/shutterstock_1829640593.jpg","contentUrl":"https:\/\/www.rightbitedentures.biz\/wp-content\/uploads\/sites\/709\/2024\/08\/shutterstock_1829640593.jpg"},{"@type":"BreadcrumbList","@id":"https:\/\/www.rightbitedentures.biz\/baker-city-or-2\/#breadcrumb","itemListElement":[{"@type":"ListItem","position":1,"name":"Home","item":"https:\/\/www.rightbitedentures.biz\/"},{"@type":"ListItem","position":2,"name":"Baker City, OR"}]},{"@type":"WebSite","@id":"https:\/\/www.rightbitedentures.biz\/#website","url":"https:\/\/www.rightbitedentures.biz\/","name":"Dentaduras postizas de mordida derecha","description":"Pr\u00f3tesis dentales con el respaldo de servicio, calidad y tecnolog\u00eda. Nos especializamos en recuperar la confianza.","publisher":{"@id":"https:\/\/www.rightbitedentures.biz\/#organization"},"potentialAction":[{"@type":"SearchAction","target":{"@type":"EntryPoint","urlTemplate":"https:\/\/www.rightbitedentures.biz\/?s={search_term_string}"},"query-input":{"@type":"PropertyValueSpecification","valueRequired":true,"valueName":"search_term_string"}}],"inLanguage":"es"},{"@type":"Organization","@id":"https:\/\/www.rightbitedentures.biz\/#organization","name":"Dentaduras postizas de mordida derecha","url":"https:\/\/www.rightbitedentures.biz\/","logo":{"@type":"ImageObject","inLanguage":"es","@id":"https:\/\/www.rightbitedentures.biz\/#\/schema\/logo\/image\/","url":"https:\/\/cdn.webnamesandnumbers.com\/wp-content\/uploads\/sites\/709\/2024\/01\/12121812\/cropped-image-2-1.png","contentUrl":"https:\/\/cdn.webnamesandnumbers.com\/wp-content\/uploads\/sites\/709\/2024\/01\/12121812\/cropped-image-2-1.png","width":439,"height":251,"caption":"Right Bite Dentures"},"image":{"@id":"https:\/\/www.rightbitedentures.biz\/#\/schema\/logo\/image\/"}}]}},"_links":{"self":[{"href":"https:\/\/www.rightbitedentures.biz\/es\/wp-json\/wp\/v2\/pages\/1122","targetHints":{"allow":["GET"]}}],"collection":[{"href":"https:\/\/www.rightbitedentures.biz\/es\/wp-json\/wp\/v2\/pages"}],"about":[{"href":"https:\/\/www.rightbitedentures.biz\/es\/wp-json\/wp\/v2\/types\/page"}],"author":[{"embeddable":true,"href":"https:\/\/www.rightbitedentures.biz\/es\/wp-json\/wp\/v2\/users\/13"}],"replies":[{"embeddable":true,"href":"https:\/\/www.rightbitedentures.biz\/es\/wp-json\/wp\/v2\/comments?post=1122"}],"version-history":[{"count":4,"href":"https:\/\/www.rightbitedentures.biz\/es\/wp-json\/wp\/v2\/pages\/1122\/revisions"}],"predecessor-version":[{"id":1126,"href":"https:\/\/www.rightbitedentures.biz\/es\/wp-json\/wp\/v2\/pages\/1122\/revisions\/1126"}],"wp:attachment":[{"href":"https:\/\/www.rightbitedentures.biz\/es\/wp-json\/wp\/v2\/media?parent=1122"}],"curies":[{"name":"gracias","href":"https:\/\/api.w.org\/{rel}","templated":true}]}}