{"id":1131,"date":"2024-10-06T14:22:29","date_gmt":"2024-10-06T14:22:29","guid":{"rendered":"https:\/\/www.rightbitedentures.biz\/?page_id=1131"},"modified":"2025-08-05T19:46:50","modified_gmt":"2025-08-05T19:46:50","slug":"dentist","status":"publish","type":"page","link":"https:\/\/www.rightbitedentures.biz\/es\/dentist\/","title":{"rendered":"Dentista"},"content":{"rendered":"<div data-elementor-type=\"wp-page\" data-elementor-id=\"1131\" class=\"elementor elementor-1131\" data-elementor-post-type=\"page\">\n\t\t\t\t<div class=\"elementor-element elementor-element-3bc3bcf e-flex e-con-boxed e-con e-parent\" data-id=\"3bc3bcf\" data-element_type=\"container\" data-e-type=\"container\" data-settings=\"{&quot;background_background&quot;:&quot;classic&quot;}\">\n\t\t\t\t\t<div class=\"e-con-inner\">\n\t\t<div class=\"elementor-element elementor-element-37e1790 e-con-full e-flex e-con e-child\" data-id=\"37e1790\" data-element_type=\"container\" data-e-type=\"container\">\n\t\t\t\t<div class=\"elementor-element elementor-element-3d9dc46 elementor-widget elementor-widget-heading\" data-id=\"3d9dc46\" data-element_type=\"widget\" data-e-type=\"widget\" data-widget_type=\"heading.default\">\n\t\t\t\t<div class=\"elementor-widget-container\">\n\t\t\t\t\t<h1 class=\"elementor-heading-title elementor-size-default\">Salud bucal integral para toda la familia<\/h1>\t\t\t\t<\/div>\n\t\t\t\t<\/div>\n\t\t\t\t<div class=\"elementor-element elementor-element-8964e10 elementor-align-left elementor-widget elementor-widget-button\" data-id=\"8964e10\" data-element_type=\"widget\" data-e-type=\"widget\" data-widget_type=\"button.default\">\n\t\t\t\t<div class=\"elementor-widget-container\">\n\t\t\t\t\t\t\t\t\t<div class=\"elementor-button-wrapper\">\n\t\t\t\t\t<a class=\"elementor-button elementor-button-link elementor-size-sm\" href=\"https:\/\/www.rightbitedentures.biz\/es\/contact\/\">\n\t\t\t\t\t\t<span class=\"elementor-button-content-wrapper\">\n\t\t\t\t\t\t\t\t\t<span class=\"elementor-button-text\">Cont\u00e1ctenos<\/span>\n\t\t\t\t\t<\/span>\n\t\t\t\t\t<\/a>\n\t\t\t\t<\/div>\n\t\t\t\t\t\t\t\t<\/div>\n\t\t\t\t<\/div>\n\t\t\t\t<\/div>\n\t\t<div class=\"elementor-element elementor-element-269cf32 e-con-full e-flex e-con e-child\" data-id=\"269cf32\" data-element_type=\"container\" data-e-type=\"container\">\n\t\t\t\t<\/div>\n\t\t\t\t\t<\/div>\n\t\t\t\t<\/div>\n\t\t<div class=\"elementor-element elementor-element-a531c77 e-flex e-con-boxed e-con e-parent\" data-id=\"a531c77\" data-element_type=\"container\" data-e-type=\"container\" data-settings=\"{&quot;background_background&quot;:&quot;classic&quot;}\">\n\t\t\t\t\t<div class=\"e-con-inner\">\n\t\t\t\t<div class=\"elementor-element elementor-element-575db19 elementor-widget__width-initial elementor-widget elementor-widget-text-editor\" data-id=\"575db19\" data-element_type=\"widget\" data-e-type=\"widget\" data-widget_type=\"text-editor.default\">\n\t\t\t\t<div class=\"elementor-widget-container\">\n\t\t\t\t\t\t\t\t\t<p>En nuestro consultorio de Ontario, OR, vamos m\u00e1s all\u00e1 de los servicios dentales b\u00e1sicos para garantizar que su sonrisa est\u00e9 siempre en su mejor momento. Desde atenci\u00f3n preventiva como controles de rutina y limpiezas hasta tratamientos restauradores y procedimientos cosm\u00e9ticos avanzados, utilizamos la \u00faltima tecnolog\u00eda para ofrecer resultados efectivos en un entorno acogedor. Nuestro compromiso es brindar a cada paciente una experiencia personalizada que aborde tanto las preocupaciones inmediatas como la salud dental a largo plazo, lo que nos convierte en su opci\u00f3n de confianza para una vida de sonrisas saludables.<\/p>\t\t\t\t\t\t\t\t<\/div>\n\t\t\t\t<\/div>\n\t\t\t\t\t<\/div>\n\t\t\t\t<\/div>\n\t\t<div class=\"elementor-element elementor-element-da21905 e-flex e-con-boxed e-con e-parent\" data-id=\"da21905\" data-element_type=\"container\" data-e-type=\"container\" data-settings=\"{&quot;background_background&quot;:&quot;classic&quot;}\">\n\t\t\t\t\t<div class=\"e-con-inner\">\n\t\t<div class=\"elementor-element elementor-element-67547c3 e-con-full e-flex e-con e-child\" data-id=\"67547c3\" data-element_type=\"container\" data-e-type=\"container\" data-settings=\"{&quot;background_background&quot;:&quot;classic&quot;}\">\n\t\t\t\t<div class=\"elementor-element elementor-element-fa56c68 elementor-widget elementor-widget-heading\" data-id=\"fa56c68\" data-element_type=\"widget\" data-e-type=\"widget\" data-widget_type=\"heading.default\">\n\t\t\t\t<div class=\"elementor-widget-container\">\n\t\t\t\t\t<h2 class=\"elementor-heading-title elementor-size-default\">Excelencia en soluciones dentales<\/h2>\t\t\t\t<\/div>\n\t\t\t\t<\/div>\n\t\t\t\t<div class=\"elementor-element elementor-element-4ffec1a elementor-widget elementor-widget-text-editor\" data-id=\"4ffec1a\" data-element_type=\"widget\" data-e-type=\"widget\" data-widget_type=\"text-editor.default\">\n\t\t\t\t<div class=\"elementor-widget-container\">\n\t\t\t\t\t\t\t\t\t<p>Con m\u00e1s de 60 a\u00f1os de experiencia combinada, hemos aprendido que la clave para lograr la excelencia es escuchar. Cuando una relaci\u00f3n entre paciente y proveedor se basa en la comunicaci\u00f3n, el resultado es la excelencia.<\/p><h3 id=\"pride-in-our-service-and-technology\" tabindex=\"-1\"><strong>Orgullo de nuestro servicio y tecnolog\u00eda<\/strong>\u00a0<\/h3><p><em>Servicio<\/em>\u00a0es nuestra m\u00e1xima prioridad, subrayada por nuestro compromiso con la tecnolog\u00eda de pr\u00f3tesis dentales digitales de \u00faltima generaci\u00f3n. Nuestro laboratorio en el lugar garantiza el control de calidad y una entrega r\u00e1pida, lo que refleja nuestra dedicaci\u00f3n a su satisfacci\u00f3n.<\/p><p><strong>Su socio local para una vida de sonrisas saludables<\/strong><\/p><p>En nuestro consultorio de Ontario, OR, nos esforzamos por construir relaciones duraderas con nuestros pacientes centr\u00e1ndonos en sus objetivos de salud bucal a largo plazo. Hacemos hincapi\u00e9 en la atenci\u00f3n preventiva y la intervenci\u00f3n temprana, ayud\u00e1ndole a mantener una sonrisa hermosa durante muchos a\u00f1os. Desde las necesidades dentales de los ni\u00f1os hasta la atenci\u00f3n a personas mayores, ofrecemos soluciones personalizadas para cada etapa de la vida. Nuestro experimentado equipo utiliza t\u00e9cnicas avanzadas y un enfoque amable, lo que garantiza que cada miembro de la familia reciba la mejor atenci\u00f3n dental en un entorno c\u00f3modo y agradable.<\/p>\t\t\t\t\t\t\t\t<\/div>\n\t\t\t\t<\/div>\n\t\t\t\t<\/div>\n\t\t\t\t\t<\/div>\n\t\t\t\t<\/div>\n\t\t<div class=\"elementor-element elementor-element-1ded64e e-flex e-con-boxed e-con e-parent\" data-id=\"1ded64e\" data-element_type=\"container\" data-e-type=\"container\">\n\t\t\t\t\t<div class=\"e-con-inner\">\n\t\t<div class=\"elementor-element elementor-element-3c459a0 e-con-full e-flex e-con e-child\" data-id=\"3c459a0\" data-element_type=\"container\" data-e-type=\"container\">\n\t\t\t\t<div class=\"elementor-element elementor-element-4e16e0d elementor-widget elementor-widget-text-editor\" data-id=\"4e16e0d\" data-element_type=\"widget\" data-e-type=\"widget\" data-widget_type=\"text-editor.default\">\n\t\t\t\t<div class=\"elementor-widget-container\">\n\t\t\t\t\t\t\t\t\t<h2 id=\"meet-our-expert-denturists\" tabindex=\"-1\"><strong>Conozca a nuestros dentistas expertos<\/strong>\u00a0<\/h2><ul><li><strong>Tysen Klafke<\/strong>\u00a0\u2013 LD CDT<\/li><li><strong>Cliff Robertson<\/strong>\u00a0\u2013 LD CDT<\/li><\/ul><h2 id=\"ready-to-make-a-change\" tabindex=\"-1\"><strong>\u00bfListo para hacer un cambio?<\/strong>\u00a0<\/h2><p>Tenemos\u00a0<strong>Tres sencillos pasos<\/strong>\u00a0Para empezar:<\/p><ul><li><strong>Paso 1:<\/strong>\u00a0Cont\u00e1ctenos para una consulta gratuita en Ontario, Oregon o Baker City, Oregon.<\/li><li><strong>Paso 2:<\/strong>\u00a0Nuestros prot\u00e9sicos dentales escuchar\u00e1n sus inquietudes y establecer\u00e1n un plan de tratamiento personalizado espec\u00edfico para sus necesidades y presupuesto.<\/li><li><strong>Paso 3:<\/strong>\u00a0Disfrute de resultados que cambiar\u00e1n su vida, sabiendo que siempre \u201clo respaldaremos\u201d.<\/li><\/ul>\t\t\t\t\t\t\t\t<\/div>\n\t\t\t\t<\/div>\n\t\t\t\t<\/div>\n\t\t<div class=\"elementor-element elementor-element-a2d4b7a e-con-full e-flex e-con e-child\" data-id=\"a2d4b7a\" data-element_type=\"container\" data-e-type=\"container\">\n\t\t\t\t<div class=\"elementor-element elementor-element-a65e409 elementor-widget elementor-widget-image\" data-id=\"a65e409\" data-element_type=\"widget\" data-e-type=\"widget\" data-widget_type=\"image.default\">\n\t\t\t\t<div class=\"elementor-widget-container\">\n\t\t\t\t\t\t\t\t\t\t\t\t\t\t\t<img fetchpriority=\"high\" decoding=\"async\" width=\"800\" height=\"534\" src=\"https:\/\/cdn.webnamesandnumbers.com\/wp-content\/uploads\/sites\/709\/2024\/10\/06142250\/shutterstock_2481862227.jpg\" class=\"attachment-large size-large wp-image-1137\" alt=\"Smiling woman holding a cup of coffee and looking happy with her dentures\" srcset=\"https:\/\/cdn.webnamesandnumbers.com\/wp-content\/uploads\/sites\/709\/2024\/10\/06142250\/shutterstock_2481862227.jpg 1000w, https:\/\/cdn.webnamesandnumbers.com\/wp-content\/uploads\/sites\/709\/2024\/10\/06142250\/shutterstock_2481862227-300x200.jpg 300w, https:\/\/cdn.webnamesandnumbers.com\/wp-content\/uploads\/sites\/709\/2024\/10\/06142250\/shutterstock_2481862227-768x512.jpg 768w, https:\/\/cdn.webnamesandnumbers.com\/wp-content\/uploads\/sites\/709\/2024\/10\/06142250\/shutterstock_2481862227-18x12.jpg 18w\" sizes=\"(max-width: 800px) 100vw, 800px\" \/>\t\t\t\t\t\t\t\t\t\t\t\t\t\t\t<\/div>\n\t\t\t\t<\/div>\n\t\t\t\t<\/div>\n\t\t\t\t\t<\/div>\n\t\t\t\t<\/div>\n\t\t<div class=\"elementor-element elementor-element-10b5d3f e-flex e-con-boxed e-con e-parent\" data-id=\"10b5d3f\" data-element_type=\"container\" data-e-type=\"container\" data-settings=\"{&quot;background_background&quot;:&quot;classic&quot;}\">\n\t\t\t\t\t<div class=\"e-con-inner\">\n\t\t\t\t<div class=\"elementor-element elementor-element-b91257c elementor-widget elementor-widget-image\" data-id=\"b91257c\" data-element_type=\"widget\" data-e-type=\"widget\" data-widget_type=\"image.default\">\n\t\t\t\t<div class=\"elementor-widget-container\">\n\t\t\t\t\t\t\t\t\t\t\t\t\t\t\t<img decoding=\"async\" width=\"90\" height=\"91\" src=\"https:\/\/cdn.webnamesandnumbers.com\/wp-content\/uploads\/sites\/709\/2024\/01\/12121055\/vaadin_dental-chair.png\" class=\"attachment-large size-large wp-image-106\" alt=\"Dental Chair\" \/>\t\t\t\t\t\t\t\t\t\t\t\t\t\t\t<\/div>\n\t\t\t\t<\/div>\n\t\t\t\t<div class=\"elementor-element elementor-element-cbc3a6c elementor-widget__width-initial elementor-widget elementor-widget-text-editor\" data-id=\"cbc3a6c\" data-element_type=\"widget\" data-e-type=\"widget\" data-widget_type=\"text-editor.default\">\n\t\t\t\t<div class=\"elementor-widget-container\">\n\t\t\t\t\t\t\t\t\t<h2 id=\"the-beauty-of-before-after\" tabindex=\"-1\"><strong>La belleza del antes y el despu\u00e9s<\/strong>\u00a0<\/h2><p>Si no haces ning\u00fan cambio, tu ma\u00f1ana se sentir\u00e1 como hoy. Haz el cambio que T\u00da mereces. \u00a1Vuelve a disfrutar de tu sonrisa, come sin dolor y recupera tu confianza!<\/p><p>Tu sonrisa lo significa todo. Se nota en tu felicidad, risa y esp\u00edritu. Y como lo significa todo para usted, lo significa todo para nosotros.<\/p>\t\t\t\t\t\t\t\t<\/div>\n\t\t\t\t<\/div>\n\t\t\t\t\t<\/div>\n\t\t\t\t<\/div>\n\t\t<div class=\"elementor-element elementor-element-7d81a69 e-flex e-con-boxed e-con e-parent\" data-id=\"7d81a69\" data-element_type=\"container\" data-e-type=\"container\" data-settings=\"{&quot;background_background&quot;:&quot;classic&quot;}\">\n\t\t\t\t\t<div class=\"e-con-inner\">\n\t\t\t\t<div class=\"elementor-element elementor-element-dbacf2b elementor-widget__width-initial elementor-widget elementor-widget-text-editor\" data-id=\"dbacf2b\" data-element_type=\"widget\" data-e-type=\"widget\" data-widget_type=\"text-editor.default\">\n\t\t\t\t<div class=\"elementor-widget-container\">\n\t\t\t\t\t\t\t\t\t<h2><strong>Cont\u00e1ctenos hoy<\/strong><\/h2><p>Si est\u00e1s listo para recuperar tu confianza con una hermosa sonrisa,\u00a0<a class=\"ring-ui-link_e6e5\" href=\"https:\/\/www.fraservalleylocal.ca\/contact\" target=\"_blank\" rel=\"noopener noreferrer nofollow\">P\u00f3ngase en contacto con Right Bite Dentures<\/a>\u00a0Para una consulta gratuita. Experimente la combinaci\u00f3n de\u00a0<strong>Servicio, Calidad y Tecnolog\u00eda<\/strong>\u00a0Eso nos distingue<\/p>\t\t\t\t\t\t\t\t<\/div>\n\t\t\t\t<\/div>\n\t\t\t\t\t<\/div>\n\t\t\t\t<\/div>\n\t\t\t\t<\/div>","protected":false},"excerpt":{"rendered":"<p>Comprehensive Oral Health for the Whole Family Contact Us At our Ontario, OR practice, we go beyond basic dental services to ensure your smile is always at its best. From preventative care like routine check-ups and cleanings to restorative treatments and advanced cosmetic procedures, we use the latest technology to deliver effective results in a [&hellip;]<\/p>\n","protected":false},"author":13,"featured_media":0,"parent":0,"menu_order":0,"comment_status":"closed","ping_status":"closed","template":"elementor_header_footer","meta":{"footnotes":""},"class_list":["post-1131","page","type-page","status-publish","hentry"],"yoast_head":"<!-- This site is optimized with the Yoast SEO plugin v27.3 - https:\/\/yoast.com\/product\/yoast-seo-wordpress\/ -->\n<title>Dentist - Rite Bite Dentures<\/title>\n<meta name=\"description\" content=\"At our Ontario, OR practice, we go beyond basic dental services to ensure your smile is always at its best.\" \/>\n<meta name=\"robots\" content=\"index, follow, max-snippet:-1, max-image-preview:large, max-video-preview:-1\" \/>\n<link rel=\"canonical\" href=\"https:\/\/www.rightbitedentures.biz\/es\/dentist\/\" \/>\n<meta property=\"og:locale\" content=\"es_MX\" \/>\n<meta property=\"og:type\" content=\"article\" \/>\n<meta property=\"og:title\" content=\"Dentist - Rite Bite Dentures\" \/>\n<meta property=\"og:description\" content=\"At our Ontario, OR practice, we go beyond basic dental services to ensure your smile is always at its best.\" \/>\n<meta property=\"og:url\" content=\"https:\/\/www.rightbitedentures.biz\/es\/dentist\/\" \/>\n<meta property=\"og:site_name\" content=\"Right Bite Dentures\" \/>\n<meta property=\"article:modified_time\" content=\"2025-08-05T19:46:50+00:00\" \/>\n<meta property=\"og:image\" content=\"https:\/\/www.rightbitedentures.biz\/wp-content\/uploads\/sites\/709\/2024\/10\/shutterstock_2481862227.jpg\" \/>\n<meta name=\"twitter:card\" content=\"summary_large_image\" \/>\n<meta name=\"twitter:label1\" content=\"Tiempo de lectura\" \/>\n\t<meta name=\"twitter:data1\" content=\"3 minutos\" \/>\n<script type=\"application\/ld+json\" class=\"yoast-schema-graph\">{\"@context\":\"https:\\\/\\\/schema.org\",\"@graph\":[{\"@type\":\"WebPage\",\"@id\":\"https:\\\/\\\/www.rightbitedentures.biz\\\/dentist\\\/\",\"url\":\"https:\\\/\\\/www.rightbitedentures.biz\\\/dentist\\\/\",\"name\":\"Dentist - Rite Bite Dentures\",\"isPartOf\":{\"@id\":\"https:\\\/\\\/www.rightbitedentures.biz\\\/#website\"},\"primaryImageOfPage\":{\"@id\":\"https:\\\/\\\/www.rightbitedentures.biz\\\/dentist\\\/#primaryimage\"},\"image\":{\"@id\":\"https:\\\/\\\/www.rightbitedentures.biz\\\/dentist\\\/#primaryimage\"},\"thumbnailUrl\":\"https:\\\/\\\/www.rightbitedentures.biz\\\/wp-content\\\/uploads\\\/sites\\\/709\\\/2024\\\/10\\\/shutterstock_2481862227.jpg\",\"datePublished\":\"2024-10-06T14:22:29+00:00\",\"dateModified\":\"2025-08-05T19:46:50+00:00\",\"description\":\"At our Ontario, OR practice, we go beyond basic dental services to ensure your smile is always at its best.\",\"breadcrumb\":{\"@id\":\"https:\\\/\\\/www.rightbitedentures.biz\\\/dentist\\\/#breadcrumb\"},\"inLanguage\":\"es\",\"potentialAction\":[{\"@type\":\"ReadAction\",\"target\":[\"https:\\\/\\\/www.rightbitedentures.biz\\\/dentist\\\/\"]}]},{\"@type\":\"ImageObject\",\"inLanguage\":\"es\",\"@id\":\"https:\\\/\\\/www.rightbitedentures.biz\\\/dentist\\\/#primaryimage\",\"url\":\"https:\\\/\\\/www.rightbitedentures.biz\\\/wp-content\\\/uploads\\\/sites\\\/709\\\/2024\\\/10\\\/shutterstock_2481862227.jpg\",\"contentUrl\":\"https:\\\/\\\/www.rightbitedentures.biz\\\/wp-content\\\/uploads\\\/sites\\\/709\\\/2024\\\/10\\\/shutterstock_2481862227.jpg\"},{\"@type\":\"BreadcrumbList\",\"@id\":\"https:\\\/\\\/www.rightbitedentures.biz\\\/dentist\\\/#breadcrumb\",\"itemListElement\":[{\"@type\":\"ListItem\",\"position\":1,\"name\":\"Home\",\"item\":\"https:\\\/\\\/www.rightbitedentures.biz\\\/\"},{\"@type\":\"ListItem\",\"position\":2,\"name\":\"Dentist\"}]},{\"@type\":\"WebSite\",\"@id\":\"https:\\\/\\\/www.rightbitedentures.biz\\\/#website\",\"url\":\"https:\\\/\\\/www.rightbitedentures.biz\\\/\",\"name\":\"Right Bite Dentures\",\"description\":\"Dentures backed by Service, Quality and Technology. We specialize in restoring confidence.\",\"publisher\":{\"@id\":\"https:\\\/\\\/www.rightbitedentures.biz\\\/#organization\"},\"potentialAction\":[{\"@type\":\"SearchAction\",\"target\":{\"@type\":\"EntryPoint\",\"urlTemplate\":\"https:\\\/\\\/www.rightbitedentures.biz\\\/?s={search_term_string}\"},\"query-input\":{\"@type\":\"PropertyValueSpecification\",\"valueRequired\":true,\"valueName\":\"search_term_string\"}}],\"inLanguage\":\"es\"},{\"@type\":\"Organization\",\"@id\":\"https:\\\/\\\/www.rightbitedentures.biz\\\/#organization\",\"name\":\"Right Bite Dentures\",\"url\":\"https:\\\/\\\/www.rightbitedentures.biz\\\/\",\"logo\":{\"@type\":\"ImageObject\",\"inLanguage\":\"es\",\"@id\":\"https:\\\/\\\/www.rightbitedentures.biz\\\/#\\\/schema\\\/logo\\\/image\\\/\",\"url\":\"https:\\\/\\\/cdn.webnamesandnumbers.com\\\/wp-content\\\/uploads\\\/sites\\\/709\\\/2024\\\/01\\\/12121812\\\/cropped-image-2-1.png\",\"contentUrl\":\"https:\\\/\\\/cdn.webnamesandnumbers.com\\\/wp-content\\\/uploads\\\/sites\\\/709\\\/2024\\\/01\\\/12121812\\\/cropped-image-2-1.png\",\"width\":439,\"height\":251,\"caption\":\"Right Bite Dentures\"},\"image\":{\"@id\":\"https:\\\/\\\/www.rightbitedentures.biz\\\/#\\\/schema\\\/logo\\\/image\\\/\"}}]}<\/script>\n<!-- \/ Yoast SEO plugin. -->","yoast_head_json":{"title":"Dentista - Pr\u00f3tesis dentales Rite Bite","description":"En nuestro consultorio de Ontario, OR, vamos m\u00e1s all\u00e1 de los servicios dentales b\u00e1sicos para garantizar que su sonrisa est\u00e9 siempre en su mejor momento.","robots":{"index":"index","follow":"follow","max-snippet":"max-snippet:-1","max-image-preview":"max-image-preview:large","max-video-preview":"max-video-preview:-1"},"canonical":"https:\/\/www.rightbitedentures.biz\/es\/dentist\/","og_locale":"es_MX","og_type":"article","og_title":"Dentist - Rite Bite Dentures","og_description":"At our Ontario, OR practice, we go beyond basic dental services to ensure your smile is always at its best.","og_url":"https:\/\/www.rightbitedentures.biz\/es\/dentist\/","og_site_name":"Right Bite Dentures","article_modified_time":"2025-08-05T19:46:50+00:00","og_image":[{"url":"https:\/\/www.rightbitedentures.biz\/wp-content\/uploads\/sites\/709\/2024\/10\/shutterstock_2481862227.jpg","type":"","width":"","height":""}],"twitter_card":"summary_large_image","twitter_misc":{"Tiempo de lectura":"3 minutos"},"schema":{"@context":"https:\/\/schema.org","@graph":[{"@type":"WebPage","@id":"https:\/\/www.rightbitedentures.biz\/dentist\/","url":"https:\/\/www.rightbitedentures.biz\/dentist\/","name":"Dentista - Pr\u00f3tesis dentales Rite Bite","isPartOf":{"@id":"https:\/\/www.rightbitedentures.biz\/#website"},"primaryImageOfPage":{"@id":"https:\/\/www.rightbitedentures.biz\/dentist\/#primaryimage"},"image":{"@id":"https:\/\/www.rightbitedentures.biz\/dentist\/#primaryimage"},"thumbnailUrl":"https:\/\/www.rightbitedentures.biz\/wp-content\/uploads\/sites\/709\/2024\/10\/shutterstock_2481862227.jpg","datePublished":"2024-10-06T14:22:29+00:00","dateModified":"2025-08-05T19:46:50+00:00","description":"En nuestro consultorio de Ontario, OR, vamos m\u00e1s all\u00e1 de los servicios dentales b\u00e1sicos para garantizar que su sonrisa est\u00e9 siempre en su mejor momento.","breadcrumb":{"@id":"https:\/\/www.rightbitedentures.biz\/dentist\/#breadcrumb"},"inLanguage":"es","potentialAction":[{"@type":"ReadAction","target":["https:\/\/www.rightbitedentures.biz\/dentist\/"]}]},{"@type":"ImageObject","inLanguage":"es","@id":"https:\/\/www.rightbitedentures.biz\/dentist\/#primaryimage","url":"https:\/\/www.rightbitedentures.biz\/wp-content\/uploads\/sites\/709\/2024\/10\/shutterstock_2481862227.jpg","contentUrl":"https:\/\/www.rightbitedentures.biz\/wp-content\/uploads\/sites\/709\/2024\/10\/shutterstock_2481862227.jpg"},{"@type":"BreadcrumbList","@id":"https:\/\/www.rightbitedentures.biz\/dentist\/#breadcrumb","itemListElement":[{"@type":"ListItem","position":1,"name":"Home","item":"https:\/\/www.rightbitedentures.biz\/"},{"@type":"ListItem","position":2,"name":"Dentist"}]},{"@type":"WebSite","@id":"https:\/\/www.rightbitedentures.biz\/#website","url":"https:\/\/www.rightbitedentures.biz\/","name":"Dentaduras postizas de mordida derecha","description":"Pr\u00f3tesis dentales con el respaldo de servicio, calidad y tecnolog\u00eda. Nos especializamos en recuperar la confianza.","publisher":{"@id":"https:\/\/www.rightbitedentures.biz\/#organization"},"potentialAction":[{"@type":"SearchAction","target":{"@type":"EntryPoint","urlTemplate":"https:\/\/www.rightbitedentures.biz\/?s={search_term_string}"},"query-input":{"@type":"PropertyValueSpecification","valueRequired":true,"valueName":"search_term_string"}}],"inLanguage":"es"},{"@type":"Organization","@id":"https:\/\/www.rightbitedentures.biz\/#organization","name":"Dentaduras postizas de mordida derecha","url":"https:\/\/www.rightbitedentures.biz\/","logo":{"@type":"ImageObject","inLanguage":"es","@id":"https:\/\/www.rightbitedentures.biz\/#\/schema\/logo\/image\/","url":"https:\/\/cdn.webnamesandnumbers.com\/wp-content\/uploads\/sites\/709\/2024\/01\/12121812\/cropped-image-2-1.png","contentUrl":"https:\/\/cdn.webnamesandnumbers.com\/wp-content\/uploads\/sites\/709\/2024\/01\/12121812\/cropped-image-2-1.png","width":439,"height":251,"caption":"Right Bite Dentures"},"image":{"@id":"https:\/\/www.rightbitedentures.biz\/#\/schema\/logo\/image\/"}}]}},"_links":{"self":[{"href":"https:\/\/www.rightbitedentures.biz\/es\/wp-json\/wp\/v2\/pages\/1131","targetHints":{"allow":["GET"]}}],"collection":[{"href":"https:\/\/www.rightbitedentures.biz\/es\/wp-json\/wp\/v2\/pages"}],"about":[{"href":"https:\/\/www.rightbitedentures.biz\/es\/wp-json\/wp\/v2\/types\/page"}],"author":[{"embeddable":true,"href":"https:\/\/www.rightbitedentures.biz\/es\/wp-json\/wp\/v2\/users\/13"}],"replies":[{"embeddable":true,"href":"https:\/\/www.rightbitedentures.biz\/es\/wp-json\/wp\/v2\/comments?post=1131"}],"version-history":[{"count":10,"href":"https:\/\/www.rightbitedentures.biz\/es\/wp-json\/wp\/v2\/pages\/1131\/revisions"}],"predecessor-version":[{"id":1216,"href":"https:\/\/www.rightbitedentures.biz\/es\/wp-json\/wp\/v2\/pages\/1131\/revisions\/1216"}],"wp:attachment":[{"href":"https:\/\/www.rightbitedentures.biz\/es\/wp-json\/wp\/v2\/media?parent=1131"}],"curies":[{"name":"gracias","href":"https:\/\/api.w.org\/{rel}","templated":true}]}}