{"id":1141,"date":"2024-10-06T14:26:34","date_gmt":"2024-10-06T14:26:34","guid":{"rendered":"https:\/\/www.rightbitedentures.biz\/?page_id=1141"},"modified":"2024-10-06T14:27:35","modified_gmt":"2024-10-06T14:27:35","slug":"denture-services-in-baker-city-or","status":"publish","type":"page","link":"https:\/\/www.rightbitedentures.biz\/es\/denture-services-in-baker-city-or\/","title":{"rendered":"Servicios de pr\u00f3tesis dentales en Baker City, OR"},"content":{"rendered":"<div data-elementor-type=\"wp-page\" data-elementor-id=\"1141\" class=\"elementor elementor-1141\" data-elementor-post-type=\"page\">\n\t\t\t\t<div class=\"elementor-element elementor-element-e95af26 e-flex e-con-boxed e-con e-parent\" data-id=\"e95af26\" data-element_type=\"container\" data-e-type=\"container\" data-settings=\"{&quot;background_background&quot;:&quot;classic&quot;}\">\n\t\t\t\t\t<div class=\"e-con-inner\">\n\t\t<div class=\"elementor-element elementor-element-1623151 e-con-full e-flex e-con e-child\" data-id=\"1623151\" data-element_type=\"container\" data-e-type=\"container\">\n\t\t\t\t<div class=\"elementor-element elementor-element-7f38e70 elementor-widget elementor-widget-heading\" data-id=\"7f38e70\" data-element_type=\"widget\" data-e-type=\"widget\" data-widget_type=\"heading.default\">\n\t\t\t\t<div class=\"elementor-widget-container\">\n\t\t\t\t\t<h1 class=\"elementor-heading-title elementor-size-default\">Conozca las dentaduras postizas con mordida correcta<\/h1>\t\t\t\t<\/div>\n\t\t\t\t<\/div>\n\t\t\t\t<div class=\"elementor-element elementor-element-3b6498a elementor-align-left elementor-widget elementor-widget-button\" data-id=\"3b6498a\" data-element_type=\"widget\" data-e-type=\"widget\" data-widget_type=\"button.default\">\n\t\t\t\t<div class=\"elementor-widget-container\">\n\t\t\t\t\t\t\t\t\t<div class=\"elementor-button-wrapper\">\n\t\t\t\t\t<a class=\"elementor-button elementor-button-link elementor-size-sm\" href=\"https:\/\/www.rightbitedentures.biz\/es\/contact\/\">\n\t\t\t\t\t\t<span class=\"elementor-button-content-wrapper\">\n\t\t\t\t\t\t\t\t\t<span class=\"elementor-button-text\">Cont\u00e1ctenos<\/span>\n\t\t\t\t\t<\/span>\n\t\t\t\t\t<\/a>\n\t\t\t\t<\/div>\n\t\t\t\t\t\t\t\t<\/div>\n\t\t\t\t<\/div>\n\t\t\t\t<\/div>\n\t\t<div class=\"elementor-element elementor-element-69b5ce5 e-con-full e-flex e-con e-child\" data-id=\"69b5ce5\" data-element_type=\"container\" data-e-type=\"container\">\n\t\t\t\t<\/div>\n\t\t\t\t\t<\/div>\n\t\t\t\t<\/div>\n\t\t<div class=\"elementor-element elementor-element-3c4dc6c e-flex e-con-boxed e-con e-parent\" data-id=\"3c4dc6c\" data-element_type=\"container\" data-e-type=\"container\" data-settings=\"{&quot;background_background&quot;:&quot;classic&quot;}\">\n\t\t\t\t\t<div class=\"e-con-inner\">\n\t\t\t\t<div class=\"elementor-element elementor-element-fc07e5e elementor-widget__width-initial elementor-widget elementor-widget-text-editor\" data-id=\"fc07e5e\" data-element_type=\"widget\" data-e-type=\"widget\" data-widget_type=\"text-editor.default\">\n\t\t\t\t<div class=\"elementor-widget-container\">\n\t\t\t\t\t\t\t\t\t<p>Bienvenido a Right Bite Dentures, donde sus dientes son m\u00e1s que una sonrisa\u00a0<em>\u2014 son tu estilo de vida<\/em>Ubicados en el coraz\u00f3n de Ontario y Baker City, Oregon, somos una empresa propiedad de veteranos que aporta m\u00e1s de 30 a\u00f1os de experiencia dental a sus necesidades de pr\u00f3tesis dentales. Nuestros valores fundamentales de empat\u00eda, excelencia e innovaci\u00f3n nos gu\u00edan para brindar soluciones de pr\u00f3tesis dentales personalizadas con un enfoque c\u00e1lido y comprensivo.<\/p>\t\t\t\t\t\t\t\t<\/div>\n\t\t\t\t<\/div>\n\t\t\t\t\t<\/div>\n\t\t\t\t<\/div>\n\t\t<div class=\"elementor-element elementor-element-b6ab2d8 e-flex e-con-boxed e-con e-parent\" data-id=\"b6ab2d8\" data-element_type=\"container\" data-e-type=\"container\" data-settings=\"{&quot;background_background&quot;:&quot;classic&quot;}\">\n\t\t\t\t\t<div class=\"e-con-inner\">\n\t\t<div class=\"elementor-element elementor-element-b753e11 e-con-full e-flex e-con e-child\" data-id=\"b753e11\" data-element_type=\"container\" data-e-type=\"container\" data-settings=\"{&quot;background_background&quot;:&quot;classic&quot;}\">\n\t\t\t\t<div class=\"elementor-element elementor-element-ec0a08b elementor-widget elementor-widget-text-editor\" data-id=\"ec0a08b\" data-element_type=\"widget\" data-e-type=\"widget\" data-widget_type=\"text-editor.default\">\n\t\t\t\t<div class=\"elementor-widget-container\">\n\t\t\t\t\t\t\t\t\t<h3 id=\"empathy-at-our-core\" tabindex=\"-1\"><strong>La empat\u00eda en nuestro n\u00facleo<\/strong>\u00a0<\/h3><p>Entendemos que el camino para encontrar la dentadura postiza perfecta puede estar lleno de sensibilidades y desaf\u00edos. Es por eso que nos dedicamos a escuchar sus necesidades y abordarlas con el mayor cuidado y respeto.<\/p><h3 id=\"pride-in-our-service-and-technology\" tabindex=\"-1\"><strong>Orgullo de nuestro servicio y tecnolog\u00eda<\/strong>\u00a0<\/h3><p>El servicio es nuestra principal prioridad, subrayada por nuestro compromiso con la tecnolog\u00eda de pr\u00f3tesis dentales digitales de \u00faltima generaci\u00f3n. Nuestro laboratorio en el lugar garantiza el control de calidad y una respuesta r\u00e1pida, lo que refleja nuestra dedicaci\u00f3n a su satisfacci\u00f3n.<\/p><p>En Right Bite Dentures, somos m\u00e1s que un centro de cuidado de pr\u00f3tesis dentales: somos sus socios para redescubrir la confianza necesaria para sonre\u00edr radiantemente. Perm\u00edtanos ayudarlo a resolver sus problemas relacionados con las pr\u00f3tesis dentales con experiencia, atenci\u00f3n y soluciones de vanguardia.<\/p><p><strong>Atenci\u00f3n compasiva al paciente<\/strong><\/p><p>Nuestro equipo en Right Bite Dentures comprende que las necesidades de cada paciente son \u00fanicas. Nos comprometemos a brindar una experiencia c\u00f3moda y sin estr\u00e9s, asegur\u00e1ndonos de que se sienta escuchado y valorado en cada etapa del tratamiento. Priorizamos la construcci\u00f3n de relaciones s\u00f3lidas basadas en la confianza, la transparencia y la comunicaci\u00f3n abierta.<\/p>\t\t\t\t\t\t\t\t<\/div>\n\t\t\t\t<\/div>\n\t\t\t\t<\/div>\n\t\t\t\t\t<\/div>\n\t\t\t\t<\/div>\n\t\t<div class=\"elementor-element elementor-element-069cbc5 e-flex e-con-boxed e-con e-parent\" data-id=\"069cbc5\" data-element_type=\"container\" data-e-type=\"container\">\n\t\t\t\t\t<div class=\"e-con-inner\">\n\t\t<div class=\"elementor-element elementor-element-866bf68 e-con-full e-flex e-con e-child\" data-id=\"866bf68\" data-element_type=\"container\" data-e-type=\"container\">\n\t\t\t\t<div class=\"elementor-element elementor-element-d6509ca elementor-widget elementor-widget-text-editor\" data-id=\"d6509ca\" data-element_type=\"widget\" data-e-type=\"widget\" data-widget_type=\"text-editor.default\">\n\t\t\t\t<div class=\"elementor-widget-container\">\n\t\t\t\t\t\t\t\t\t<h3 id=\"customized-treatment-plans\" tabindex=\"-1\">Planes de tratamiento personalizados\u00a0<\/h3><p>Creemos en brindar soluciones personalizadas para cada individuo. Durante su consulta, evaluaremos su salud bucal y analizaremos sus objetivos para desarrollar un plan de tratamiento personalizado que se adapte a sus necesidades y presupuesto espec\u00edficos.<\/p><h3 id=\"long-term-support-and-follow-up\" tabindex=\"-1\">Apoyo y seguimiento a largo plazo\u00a0<\/h3><p>Nuestro compromiso con su sonrisa no termina una vez que recibe su pr\u00f3tesis dental. Brindamos servicios de mantenimiento y soporte continuos para garantizar que su pr\u00f3tesis siga ajust\u00e1ndose c\u00f3modamente y funcione de manera \u00f3ptima. Puede contar con nosotros para realizar ajustes, reparaciones y rebases siempre que los necesite, asegur\u00e1ndonos de que su sonrisa siempre luzca lo mejor posible.<\/p>\t\t\t\t\t\t\t\t<\/div>\n\t\t\t\t<\/div>\n\t\t\t\t<\/div>\n\t\t<div class=\"elementor-element elementor-element-fb62ad5 e-con-full e-flex e-con e-child\" data-id=\"fb62ad5\" data-element_type=\"container\" data-e-type=\"container\">\n\t\t\t\t<div class=\"elementor-element elementor-element-6de35c8 elementor-widget elementor-widget-image\" data-id=\"6de35c8\" data-element_type=\"widget\" data-e-type=\"widget\" data-widget_type=\"image.default\">\n\t\t\t\t<div class=\"elementor-widget-container\">\n\t\t\t\t\t\t\t\t\t\t\t\t\t\t\t<img fetchpriority=\"high\" decoding=\"async\" width=\"800\" height=\"450\" src=\"https:\/\/cdn.webnamesandnumbers.com\/wp-content\/uploads\/sites\/709\/2024\/10\/06142249\/shutterstock_2457897885.jpg\" class=\"attachment-large size-large wp-image-1136\" alt=\"Denture options\" srcset=\"https:\/\/cdn.webnamesandnumbers.com\/wp-content\/uploads\/sites\/709\/2024\/10\/06142249\/shutterstock_2457897885.jpg 1000w, https:\/\/cdn.webnamesandnumbers.com\/wp-content\/uploads\/sites\/709\/2024\/10\/06142249\/shutterstock_2457897885-300x169.jpg 300w, https:\/\/cdn.webnamesandnumbers.com\/wp-content\/uploads\/sites\/709\/2024\/10\/06142249\/shutterstock_2457897885-768x432.jpg 768w, https:\/\/cdn.webnamesandnumbers.com\/wp-content\/uploads\/sites\/709\/2024\/10\/06142249\/shutterstock_2457897885-18x10.jpg 18w\" sizes=\"(max-width: 800px) 100vw, 800px\" \/>\t\t\t\t\t\t\t\t\t\t\t\t\t\t\t<\/div>\n\t\t\t\t<\/div>\n\t\t\t\t<\/div>\n\t\t\t\t\t<\/div>\n\t\t\t\t<\/div>\n\t\t<div class=\"elementor-element elementor-element-29732d1 e-flex e-con-boxed e-con e-parent\" data-id=\"29732d1\" data-element_type=\"container\" data-e-type=\"container\" data-settings=\"{&quot;background_background&quot;:&quot;classic&quot;}\">\n\t\t\t\t\t<div class=\"e-con-inner\">\n\t\t\t\t<div class=\"elementor-element elementor-element-04bfc3c elementor-widget elementor-widget-image\" data-id=\"04bfc3c\" data-element_type=\"widget\" data-e-type=\"widget\" data-widget_type=\"image.default\">\n\t\t\t\t<div class=\"elementor-widget-container\">\n\t\t\t\t\t\t\t\t\t\t\t\t\t\t\t<img decoding=\"async\" width=\"90\" height=\"91\" src=\"https:\/\/cdn.webnamesandnumbers.com\/wp-content\/uploads\/sites\/709\/2024\/01\/12121055\/vaadin_dental-chair.png\" class=\"attachment-large size-large wp-image-106\" alt=\"Dental Chair\" \/>\t\t\t\t\t\t\t\t\t\t\t\t\t\t\t<\/div>\n\t\t\t\t<\/div>\n\t\t\t\t<div class=\"elementor-element elementor-element-2fffb00 elementor-widget__width-initial elementor-widget elementor-widget-text-editor\" data-id=\"2fffb00\" data-element_type=\"widget\" data-e-type=\"widget\" data-widget_type=\"text-editor.default\">\n\t\t\t\t<div class=\"elementor-widget-container\">\n\t\t\t\t\t\t\t\t\t<h2 id=\"why-choose-right-bite-dentures\" tabindex=\"-1\"><strong>\u00bfPor qu\u00e9 elegir pr\u00f3tesis dentales con mordida adecuada?<\/strong>\u00a0<\/h2><p><strong>Servicio:<\/strong>\u00a0Desde la consulta hasta el seguimiento, ofrecemos servicios integrales para garantizar su completa satisfacci\u00f3n.<\/p><p><strong>Calidad:<\/strong>\u00a0Nuestra tecnolog\u00eda avanzada y laboratorio en el lugar garantizan el m\u00e1s alto est\u00e1ndar de atenci\u00f3n.<\/p><p><strong>Tecnolog\u00eda:<\/strong>\u00a0Utilizamos lo \u00faltimo en tecnolog\u00eda de pr\u00f3tesis dentales digitales para proporcionar pr\u00f3tesis dentales precisas y c\u00f3modas.<\/p>\t\t\t\t\t\t\t\t<\/div>\n\t\t\t\t<\/div>\n\t\t\t\t\t<\/div>\n\t\t\t\t<\/div>\n\t\t<div class=\"elementor-element elementor-element-4aeef11 e-flex e-con-boxed e-con e-parent\" data-id=\"4aeef11\" data-element_type=\"container\" data-e-type=\"container\" data-settings=\"{&quot;background_background&quot;:&quot;classic&quot;}\">\n\t\t\t\t\t<div class=\"e-con-inner\">\n\t\t\t\t<div class=\"elementor-element elementor-element-0a984f5 elementor-widget__width-initial elementor-widget elementor-widget-text-editor\" data-id=\"0a984f5\" data-element_type=\"widget\" data-e-type=\"widget\" data-widget_type=\"text-editor.default\">\n\t\t\t\t<div class=\"elementor-widget-container\">\n\t\t\t\t\t\t\t\t\t<h2><strong>Cont\u00e1ctenos <\/strong><\/h2><p>\u00bfEst\u00e1 listo para transformar su sonrisa? Comun\u00edquese con Right Bite Dentures hoy mismo para programar una consulta gratuita. Deje que nuestro equipo experimentado lo gu\u00ede a trav\u00e9s de sus opciones y cree una soluci\u00f3n personalizada que le devuelva la confianza y la comodidad. Con un enfoque en la calidad, la tecnolog\u00eda y la satisfacci\u00f3n del paciente, estamos dedicados a ayudarlo a lograr la sonrisa que siempre ha deseado. Experimente la diferencia de Right Bite y d\u00e9 el primer paso hacia un futuro m\u00e1s brillante y saludable. \u00a1Esperamos ser su socio de confianza en el cuidado de las pr\u00f3tesis dentales!<\/p><p><em>\u00a1Cont\u00e1ctenos para m\u00e1s informaci\u00f3n o para programar su consulta gratuita ahora!<\/em><\/p>\t\t\t\t\t\t\t\t<\/div>\n\t\t\t\t<\/div>\n\t\t\t\t\t<\/div>\n\t\t\t\t<\/div>\n\t\t\t\t<\/div>","protected":false},"excerpt":{"rendered":"<p>Meet Right Bite Dentures Contact Us Welcome to Right Bite Dentures, where your teeth are more than a smile\u00a0\u2014 they are your lifestyle. Nestled in the heart of Ontario and Baker City, Oregon, we\u2019re a veteran-owned business that brings over 30 years of dental expertise to your denture needs. Our core values of empathy, excellence, [&hellip;]<\/p>\n","protected":false},"author":13,"featured_media":0,"parent":0,"menu_order":0,"comment_status":"closed","ping_status":"closed","template":"elementor_header_footer","meta":{"footnotes":""},"class_list":["post-1141","page","type-page","status-publish","hentry"],"yoast_head":"<!-- This site is optimized with the Yoast SEO plugin v27.3 - https:\/\/yoast.com\/product\/yoast-seo-wordpress\/ -->\n<title>Denture Services in Baker City, OR \u2013 Quality Care by Right Bite Dentures<\/title>\n<meta name=\"description\" content=\"Discover top-notch denture services in Baker City, OR at Right Bite Dentures. Our veteran-owned clinic offers personalized, high-quality denture solutions backed by over 30 years of expertise. Schedule your free consultation today!\" \/>\n<meta name=\"robots\" content=\"index, follow, max-snippet:-1, max-image-preview:large, max-video-preview:-1\" \/>\n<link rel=\"canonical\" href=\"https:\/\/www.rightbitedentures.biz\/es\/denture-services-in-baker-city-or\/\" \/>\n<meta property=\"og:locale\" content=\"es_MX\" \/>\n<meta property=\"og:type\" content=\"article\" \/>\n<meta property=\"og:title\" content=\"Denture Services in Baker City, OR \u2013 Quality Care by Right Bite Dentures\" \/>\n<meta property=\"og:description\" content=\"Discover top-notch denture services in Baker City, OR at Right Bite Dentures. Our veteran-owned clinic offers personalized, high-quality denture solutions backed by over 30 years of expertise. Schedule your free consultation today!\" \/>\n<meta property=\"og:url\" content=\"https:\/\/www.rightbitedentures.biz\/es\/denture-services-in-baker-city-or\/\" \/>\n<meta property=\"og:site_name\" content=\"Right Bite Dentures\" \/>\n<meta property=\"article:modified_time\" content=\"2024-10-06T14:27:35+00:00\" \/>\n<meta property=\"og:image\" content=\"https:\/\/www.rightbitedentures.biz\/wp-content\/uploads\/sites\/709\/2024\/10\/shutterstock_2457897885.jpg\" \/>\n<meta name=\"twitter:card\" content=\"summary_large_image\" \/>\n<meta name=\"twitter:label1\" content=\"Tiempo de lectura\" \/>\n\t<meta name=\"twitter:data1\" content=\"3 minutos\" \/>\n<script type=\"application\/ld+json\" class=\"yoast-schema-graph\">{\"@context\":\"https:\\\/\\\/schema.org\",\"@graph\":[{\"@type\":\"WebPage\",\"@id\":\"https:\\\/\\\/www.rightbitedentures.biz\\\/denture-services-in-baker-city-or\\\/\",\"url\":\"https:\\\/\\\/www.rightbitedentures.biz\\\/denture-services-in-baker-city-or\\\/\",\"name\":\"Denture Services in Baker City, OR \u2013 Quality Care by Right Bite Dentures\",\"isPartOf\":{\"@id\":\"https:\\\/\\\/www.rightbitedentures.biz\\\/#website\"},\"primaryImageOfPage\":{\"@id\":\"https:\\\/\\\/www.rightbitedentures.biz\\\/denture-services-in-baker-city-or\\\/#primaryimage\"},\"image\":{\"@id\":\"https:\\\/\\\/www.rightbitedentures.biz\\\/denture-services-in-baker-city-or\\\/#primaryimage\"},\"thumbnailUrl\":\"https:\\\/\\\/www.rightbitedentures.biz\\\/wp-content\\\/uploads\\\/sites\\\/709\\\/2024\\\/10\\\/shutterstock_2457897885.jpg\",\"datePublished\":\"2024-10-06T14:26:34+00:00\",\"dateModified\":\"2024-10-06T14:27:35+00:00\",\"description\":\"Discover top-notch denture services in Baker City, OR at Right Bite Dentures. Our veteran-owned clinic offers personalized, high-quality denture solutions backed by over 30 years of expertise. Schedule your free consultation today!\",\"breadcrumb\":{\"@id\":\"https:\\\/\\\/www.rightbitedentures.biz\\\/denture-services-in-baker-city-or\\\/#breadcrumb\"},\"inLanguage\":\"es\",\"potentialAction\":[{\"@type\":\"ReadAction\",\"target\":[\"https:\\\/\\\/www.rightbitedentures.biz\\\/denture-services-in-baker-city-or\\\/\"]}]},{\"@type\":\"ImageObject\",\"inLanguage\":\"es\",\"@id\":\"https:\\\/\\\/www.rightbitedentures.biz\\\/denture-services-in-baker-city-or\\\/#primaryimage\",\"url\":\"https:\\\/\\\/www.rightbitedentures.biz\\\/wp-content\\\/uploads\\\/sites\\\/709\\\/2024\\\/10\\\/shutterstock_2457897885.jpg\",\"contentUrl\":\"https:\\\/\\\/www.rightbitedentures.biz\\\/wp-content\\\/uploads\\\/sites\\\/709\\\/2024\\\/10\\\/shutterstock_2457897885.jpg\"},{\"@type\":\"BreadcrumbList\",\"@id\":\"https:\\\/\\\/www.rightbitedentures.biz\\\/denture-services-in-baker-city-or\\\/#breadcrumb\",\"itemListElement\":[{\"@type\":\"ListItem\",\"position\":1,\"name\":\"Home\",\"item\":\"https:\\\/\\\/www.rightbitedentures.biz\\\/\"},{\"@type\":\"ListItem\",\"position\":2,\"name\":\"Denture Services in Baker City, OR\"}]},{\"@type\":\"WebSite\",\"@id\":\"https:\\\/\\\/www.rightbitedentures.biz\\\/#website\",\"url\":\"https:\\\/\\\/www.rightbitedentures.biz\\\/\",\"name\":\"Right Bite Dentures\",\"description\":\"Dentures backed by Service, Quality and Technology. We specialize in restoring confidence.\",\"publisher\":{\"@id\":\"https:\\\/\\\/www.rightbitedentures.biz\\\/#organization\"},\"potentialAction\":[{\"@type\":\"SearchAction\",\"target\":{\"@type\":\"EntryPoint\",\"urlTemplate\":\"https:\\\/\\\/www.rightbitedentures.biz\\\/?s={search_term_string}\"},\"query-input\":{\"@type\":\"PropertyValueSpecification\",\"valueRequired\":true,\"valueName\":\"search_term_string\"}}],\"inLanguage\":\"es\"},{\"@type\":\"Organization\",\"@id\":\"https:\\\/\\\/www.rightbitedentures.biz\\\/#organization\",\"name\":\"Right Bite Dentures\",\"url\":\"https:\\\/\\\/www.rightbitedentures.biz\\\/\",\"logo\":{\"@type\":\"ImageObject\",\"inLanguage\":\"es\",\"@id\":\"https:\\\/\\\/www.rightbitedentures.biz\\\/#\\\/schema\\\/logo\\\/image\\\/\",\"url\":\"https:\\\/\\\/cdn.webnamesandnumbers.com\\\/wp-content\\\/uploads\\\/sites\\\/709\\\/2024\\\/01\\\/12121812\\\/cropped-image-2-1.png\",\"contentUrl\":\"https:\\\/\\\/cdn.webnamesandnumbers.com\\\/wp-content\\\/uploads\\\/sites\\\/709\\\/2024\\\/01\\\/12121812\\\/cropped-image-2-1.png\",\"width\":439,\"height\":251,\"caption\":\"Right Bite Dentures\"},\"image\":{\"@id\":\"https:\\\/\\\/www.rightbitedentures.biz\\\/#\\\/schema\\\/logo\\\/image\\\/\"}}]}<\/script>\n<!-- \/ Yoast SEO plugin. -->","yoast_head_json":{"title":"Denture Services in Baker City, OR \u2013 Quality Care by Right Bite Dentures","description":"Discover top-notch denture services in Baker City, OR at Right Bite Dentures. Our veteran-owned clinic offers personalized, high-quality denture solutions backed by over 30 years of expertise. Schedule your free consultation today!","robots":{"index":"index","follow":"follow","max-snippet":"max-snippet:-1","max-image-preview":"max-image-preview:large","max-video-preview":"max-video-preview:-1"},"canonical":"https:\/\/www.rightbitedentures.biz\/es\/denture-services-in-baker-city-or\/","og_locale":"es_MX","og_type":"article","og_title":"Denture Services in Baker City, OR \u2013 Quality Care by Right Bite Dentures","og_description":"Discover top-notch denture services in Baker City, OR at Right Bite Dentures. Our veteran-owned clinic offers personalized, high-quality denture solutions backed by over 30 years of expertise. Schedule your free consultation today!","og_url":"https:\/\/www.rightbitedentures.biz\/es\/denture-services-in-baker-city-or\/","og_site_name":"Right Bite Dentures","article_modified_time":"2024-10-06T14:27:35+00:00","og_image":[{"url":"https:\/\/www.rightbitedentures.biz\/wp-content\/uploads\/sites\/709\/2024\/10\/shutterstock_2457897885.jpg","type":"","width":"","height":""}],"twitter_card":"summary_large_image","twitter_misc":{"Tiempo de lectura":"3 minutos"},"schema":{"@context":"https:\/\/schema.org","@graph":[{"@type":"WebPage","@id":"https:\/\/www.rightbitedentures.biz\/denture-services-in-baker-city-or\/","url":"https:\/\/www.rightbitedentures.biz\/denture-services-in-baker-city-or\/","name":"Denture Services in Baker City, OR \u2013 Quality Care by Right Bite Dentures","isPartOf":{"@id":"https:\/\/www.rightbitedentures.biz\/#website"},"primaryImageOfPage":{"@id":"https:\/\/www.rightbitedentures.biz\/denture-services-in-baker-city-or\/#primaryimage"},"image":{"@id":"https:\/\/www.rightbitedentures.biz\/denture-services-in-baker-city-or\/#primaryimage"},"thumbnailUrl":"https:\/\/www.rightbitedentures.biz\/wp-content\/uploads\/sites\/709\/2024\/10\/shutterstock_2457897885.jpg","datePublished":"2024-10-06T14:26:34+00:00","dateModified":"2024-10-06T14:27:35+00:00","description":"Discover top-notch denture services in Baker City, OR at Right Bite Dentures. Our veteran-owned clinic offers personalized, high-quality denture solutions backed by over 30 years of expertise. Schedule your free consultation today!","breadcrumb":{"@id":"https:\/\/www.rightbitedentures.biz\/denture-services-in-baker-city-or\/#breadcrumb"},"inLanguage":"es","potentialAction":[{"@type":"ReadAction","target":["https:\/\/www.rightbitedentures.biz\/denture-services-in-baker-city-or\/"]}]},{"@type":"ImageObject","inLanguage":"es","@id":"https:\/\/www.rightbitedentures.biz\/denture-services-in-baker-city-or\/#primaryimage","url":"https:\/\/www.rightbitedentures.biz\/wp-content\/uploads\/sites\/709\/2024\/10\/shutterstock_2457897885.jpg","contentUrl":"https:\/\/www.rightbitedentures.biz\/wp-content\/uploads\/sites\/709\/2024\/10\/shutterstock_2457897885.jpg"},{"@type":"BreadcrumbList","@id":"https:\/\/www.rightbitedentures.biz\/denture-services-in-baker-city-or\/#breadcrumb","itemListElement":[{"@type":"ListItem","position":1,"name":"Home","item":"https:\/\/www.rightbitedentures.biz\/"},{"@type":"ListItem","position":2,"name":"Denture Services in Baker City, OR"}]},{"@type":"WebSite","@id":"https:\/\/www.rightbitedentures.biz\/#website","url":"https:\/\/www.rightbitedentures.biz\/","name":"Dentaduras postizas de mordida derecha","description":"Pr\u00f3tesis dentales con el respaldo de servicio, calidad y tecnolog\u00eda. Nos especializamos en recuperar la confianza.","publisher":{"@id":"https:\/\/www.rightbitedentures.biz\/#organization"},"potentialAction":[{"@type":"SearchAction","target":{"@type":"EntryPoint","urlTemplate":"https:\/\/www.rightbitedentures.biz\/?s={search_term_string}"},"query-input":{"@type":"PropertyValueSpecification","valueRequired":true,"valueName":"search_term_string"}}],"inLanguage":"es"},{"@type":"Organization","@id":"https:\/\/www.rightbitedentures.biz\/#organization","name":"Dentaduras postizas de mordida derecha","url":"https:\/\/www.rightbitedentures.biz\/","logo":{"@type":"ImageObject","inLanguage":"es","@id":"https:\/\/www.rightbitedentures.biz\/#\/schema\/logo\/image\/","url":"https:\/\/cdn.webnamesandnumbers.com\/wp-content\/uploads\/sites\/709\/2024\/01\/12121812\/cropped-image-2-1.png","contentUrl":"https:\/\/cdn.webnamesandnumbers.com\/wp-content\/uploads\/sites\/709\/2024\/01\/12121812\/cropped-image-2-1.png","width":439,"height":251,"caption":"Right Bite Dentures"},"image":{"@id":"https:\/\/www.rightbitedentures.biz\/#\/schema\/logo\/image\/"}}]}},"_links":{"self":[{"href":"https:\/\/www.rightbitedentures.biz\/es\/wp-json\/wp\/v2\/pages\/1141","targetHints":{"allow":["GET"]}}],"collection":[{"href":"https:\/\/www.rightbitedentures.biz\/es\/wp-json\/wp\/v2\/pages"}],"about":[{"href":"https:\/\/www.rightbitedentures.biz\/es\/wp-json\/wp\/v2\/types\/page"}],"author":[{"embeddable":true,"href":"https:\/\/www.rightbitedentures.biz\/es\/wp-json\/wp\/v2\/users\/13"}],"replies":[{"embeddable":true,"href":"https:\/\/www.rightbitedentures.biz\/es\/wp-json\/wp\/v2\/comments?post=1141"}],"version-history":[{"count":4,"href":"https:\/\/www.rightbitedentures.biz\/es\/wp-json\/wp\/v2\/pages\/1141\/revisions"}],"predecessor-version":[{"id":1146,"href":"https:\/\/www.rightbitedentures.biz\/es\/wp-json\/wp\/v2\/pages\/1141\/revisions\/1146"}],"wp:attachment":[{"href":"https:\/\/www.rightbitedentures.biz\/es\/wp-json\/wp\/v2\/media?parent=1141"}],"curies":[{"name":"gracias","href":"https:\/\/api.w.org\/{rel}","templated":true}]}}