{"id":1151,"date":"2024-10-31T15:23:05","date_gmt":"2024-10-31T15:23:05","guid":{"rendered":"https:\/\/www.rightbitedentures.biz\/?page_id=1151"},"modified":"2025-08-05T20:15:18","modified_gmt":"2025-08-05T20:15:18","slug":"ontario-or-3","status":"publish","type":"page","link":"https:\/\/www.rightbitedentures.biz\/es\/ontario-or-3\/","title":{"rendered":"Ontario, Oreg\u00f3n"},"content":{"rendered":"<div data-elementor-type=\"wp-page\" data-elementor-id=\"1151\" class=\"elementor elementor-1151\" data-elementor-post-type=\"page\">\n\t\t\t\t<div class=\"elementor-element elementor-element-0431c40 e-flex e-con-boxed e-con e-parent\" data-id=\"0431c40\" data-element_type=\"container\" data-e-type=\"container\" data-settings=\"{&quot;background_background&quot;:&quot;classic&quot;}\">\n\t\t\t\t\t<div class=\"e-con-inner\">\n\t\t<div class=\"elementor-element elementor-element-9a4139c e-con-full e-flex e-con e-child\" data-id=\"9a4139c\" data-element_type=\"container\" data-e-type=\"container\">\n\t\t\t\t<div class=\"elementor-element elementor-element-45ac845 elementor-widget elementor-widget-heading\" data-id=\"45ac845\" data-element_type=\"widget\" data-e-type=\"widget\" data-widget_type=\"heading.default\">\n\t\t\t\t<div class=\"elementor-widget-container\">\n\t\t\t\t\t<h2 class=\"elementor-heading-title elementor-size-default\">Dentista en Ontario, OR - Pr\u00f3tesis dentales Right Bite <\/h2>\t\t\t\t<\/div>\n\t\t\t\t<\/div>\n\t\t\t\t<div class=\"elementor-element elementor-element-668fc39 elementor-align-left elementor-widget elementor-widget-button\" data-id=\"668fc39\" data-element_type=\"widget\" data-e-type=\"widget\" data-widget_type=\"button.default\">\n\t\t\t\t<div class=\"elementor-widget-container\">\n\t\t\t\t\t\t\t\t\t<div class=\"elementor-button-wrapper\">\n\t\t\t\t\t<a class=\"elementor-button elementor-button-link elementor-size-sm\" href=\"https:\/\/www.rightbitedentures.biz\/es\/contact\/\">\n\t\t\t\t\t\t<span class=\"elementor-button-content-wrapper\">\n\t\t\t\t\t\t\t\t\t<span class=\"elementor-button-text\">Cont\u00e1ctenos<\/span>\n\t\t\t\t\t<\/span>\n\t\t\t\t\t<\/a>\n\t\t\t\t<\/div>\n\t\t\t\t\t\t\t\t<\/div>\n\t\t\t\t<\/div>\n\t\t\t\t<\/div>\n\t\t<div class=\"elementor-element elementor-element-9282461 e-con-full e-flex e-con e-child\" data-id=\"9282461\" data-element_type=\"container\" data-e-type=\"container\">\n\t\t\t\t<\/div>\n\t\t\t\t\t<\/div>\n\t\t\t\t<\/div>\n\t\t<div class=\"elementor-element elementor-element-f434234 e-flex e-con-boxed e-con e-parent\" data-id=\"f434234\" data-element_type=\"container\" data-e-type=\"container\" data-settings=\"{&quot;background_background&quot;:&quot;classic&quot;}\">\n\t\t\t\t\t<div class=\"e-con-inner\">\n\t\t\t\t<div class=\"elementor-element elementor-element-fef94c6 elementor-widget__width-initial elementor-widget elementor-widget-text-editor\" data-id=\"fef94c6\" data-element_type=\"widget\" data-e-type=\"widget\" data-widget_type=\"text-editor.default\">\n\t\t\t\t<div class=\"elementor-widget-container\">\n\t\t\t\t\t\t\t\t\t<p data-pos=\"621\">En Right Bite Dentures en Ontario, OR, el equipo se dedica a aliviar las tensiones comunes asociadas con la salud dental. Su objetivo es hacer que el camino de cada cliente hacia una sonrisa segura sea lo m\u00e1s f\u00e1cil e impactante posible, centr\u00e1ndose en la atenci\u00f3n individualizada, la tecnolog\u00eda avanzada y una experiencia c\u00f3moda. Su enfoque garantiza que cada pr\u00f3tesis dental brinde funcionalidad, comodidad y un aspecto natural, lo que ayuda a los clientes a sentirse a gusto en su vida cotidiana y a concentrarse en lo que realmente les importa.<\/p>\t\t\t\t\t\t\t\t<\/div>\n\t\t\t\t<\/div>\n\t\t\t\t\t<\/div>\n\t\t\t\t<\/div>\n\t\t<div class=\"elementor-element elementor-element-4ae4caf e-flex e-con-boxed e-con e-parent\" data-id=\"4ae4caf\" data-element_type=\"container\" data-e-type=\"container\" data-settings=\"{&quot;background_background&quot;:&quot;classic&quot;}\">\n\t\t\t\t\t<div class=\"e-con-inner\">\n\t\t<div class=\"elementor-element elementor-element-1d2bb53 e-con-full e-flex e-con e-child\" data-id=\"1d2bb53\" data-element_type=\"container\" data-e-type=\"container\" data-settings=\"{&quot;background_background&quot;:&quot;classic&quot;}\">\n\t\t\t\t<div class=\"elementor-element elementor-element-46a6482 elementor-widget elementor-widget-heading\" data-id=\"46a6482\" data-element_type=\"widget\" data-e-type=\"widget\" data-widget_type=\"heading.default\">\n\t\t\t\t<div class=\"elementor-widget-container\">\n\t\t\t\t\t<h2 class=\"elementor-heading-title elementor-size-default\">\u00bfPor qu\u00e9 elegirnos? <\/h2>\t\t\t\t<\/div>\n\t\t\t\t<\/div>\n\t\t\t\t<div class=\"elementor-element elementor-element-6ebab86 elementor-widget elementor-widget-text-editor\" data-id=\"6ebab86\" data-element_type=\"widget\" data-e-type=\"widget\" data-widget_type=\"text-editor.default\">\n\t\t\t\t<div class=\"elementor-widget-container\">\n\t\t\t\t\t\t\t\t\t<p data-pos=\"1139\">Las pr\u00f3tesis dentales Right Bite se destacan por varias razones clave:<\/p><ol data-pos=\"1196\"><li data-pos=\"1196\"><strong data-pos=\"1201\">Experiencia confiable y propiedad de veteranos<\/strong>\u00a0\u2013 Con m\u00e1s de 30 a\u00f1os en la industria, Right Bite combina el profesionalismo con el compromiso de servir a los clientes con integridad.<\/li><li data-pos=\"1367\"><strong data-pos=\"1372\">Tecnolog\u00eda digital de vanguardia<\/strong>\u00a0\u2013 La tecnolog\u00eda avanzada garantiza precisi\u00f3n y comodidad, creando pr\u00f3tesis dentales de aspecto natural que se adaptan perfectamente a cada individuo.<\/li><li data-pos=\"1530\"><strong data-pos=\"1535\">Atenci\u00f3n personalizada<\/strong>\u00a0\u2013 El equipo prioriza la atenci\u00f3n centrada en el paciente, personalizando cada tratamiento para adaptarlo al estilo de vida, el presupuesto y los objetivos est\u00e9ticos.<\/li><li data-pos=\"1677\"><strong data-pos=\"1682\">Laboratorio en sitio<\/strong>\u00a0\u2013 Es posible obtener resultados m\u00e1s r\u00e1pidos y de alta calidad gracias a su laboratorio interno, donde cada paso es supervisado por prot\u00e9sicos dentales expertos para garantizar una calidad excepcional.<\/li><\/ol>\t\t\t\t\t\t\t\t<\/div>\n\t\t\t\t<\/div>\n\t\t\t\t<\/div>\n\t\t\t\t\t<\/div>\n\t\t\t\t<\/div>\n\t\t<div class=\"elementor-element elementor-element-0d9a582 e-flex e-con-boxed e-con e-parent\" data-id=\"0d9a582\" data-element_type=\"container\" data-e-type=\"container\" data-settings=\"{&quot;background_background&quot;:&quot;classic&quot;}\">\n\t\t\t\t\t<div class=\"e-con-inner\">\n\t\t<div class=\"elementor-element elementor-element-11a8a09 e-con-full e-flex e-con e-child\" data-id=\"11a8a09\" data-element_type=\"container\" data-e-type=\"container\">\n\t\t\t\t<div class=\"elementor-element elementor-element-7d442e1 elementor-widget elementor-widget-text-editor\" data-id=\"7d442e1\" data-element_type=\"widget\" data-e-type=\"widget\" data-widget_type=\"text-editor.default\">\n\t\t\t\t<div class=\"elementor-widget-container\">\n\t\t\t\t\t\t\t\t\t<h2 id=\"our-denturists\" tabindex=\"-1\" data-pos=\"2474\"><strong data-pos=\"2476\">Nuestros dentistas<\/strong>\u00a0<\/h2><ul data-pos=\"2494\"><li data-pos=\"2494\"><strong data-pos=\"2498\">Tysen Klafke<\/strong>, LD CDT<\/li><li data-pos=\"2523\"><strong data-pos=\"2527\">Cliff Robertson<\/strong>, LD CDT<br data-pos=\"2557\" \/>Como prot\u00e9sicos dentales certificados y t\u00e9cnicos dentales certificados, aportan un amplio conocimiento y a\u00f1os de experiencia pr\u00e1ctica a las necesidades \u00fanicas de cada cliente. Tysen y Cliff se dedican a crear pr\u00f3tesis dentales que no solo mejoran la est\u00e9tica, sino que tambi\u00e9n priorizan la comodidad y la funcionalidad, asegurando que cada cliente reciba un alto nivel de atenci\u00f3n a trav\u00e9s de atenci\u00f3n individualizada y t\u00e9cnicas de vanguardia.<\/li><\/ul><h2 id=\"ready-to-make-a-change\" tabindex=\"-1\" data-pos=\"2961\"><strong data-pos=\"2963\">\u00bfListo para hacer un cambio?<\/strong>\u00a0<\/h2><p data-pos=\"2990\">Right Bite Dentures ofrece un enfoque simple e individualizado para garantizar que los clientes se sientan seguros y cuidados durante todo el proceso de su dentadura:<\/p><ol data-pos=\"3135\"><li data-pos=\"3135\"><strong data-pos=\"3140\">Consulta inicial gratuita<\/strong>:Al principio, con\u00e9ctese con su equipo en Ontario o Baker City, Oregon, para discutir sus objetivos y necesidades sin ning\u00fan compromiso.<\/li><li data-pos=\"3297\"><strong data-pos=\"3302\">Plan de tratamiento personalizado<\/strong>:En base a sus preferencias y presupuesto, sus prot\u00e9sicos dentales experimentados desarrollan una soluci\u00f3n personalizada, equilibrando funcionalidad, est\u00e9tica y comodidad para un ajuste ideal.<\/li><li data-pos=\"3498\"><strong data-pos=\"3503\">Resultados transformadores y apoyo continuo<\/strong>:Despu\u00e9s de lograr una sonrisa natural y c\u00f3moda, el equipo de Right Bite contin\u00faa con un cuidado posterior integral, asegurando la satisfacci\u00f3n y confianza de los clientes a largo plazo.<\/li><\/ol>\t\t\t\t\t\t\t\t<\/div>\n\t\t\t\t<\/div>\n\t\t\t\t<\/div>\n\t\t<div class=\"elementor-element elementor-element-efd43be e-con-full e-flex e-con e-child\" data-id=\"efd43be\" data-element_type=\"container\" data-e-type=\"container\">\n\t\t\t\t<div class=\"elementor-element elementor-element-37a7c58 elementor-widget elementor-widget-image\" data-id=\"37a7c58\" data-element_type=\"widget\" data-e-type=\"widget\" data-widget_type=\"image.default\">\n\t\t\t\t<div class=\"elementor-widget-container\">\n\t\t\t\t\t\t\t\t\t\t\t\t\t\t\t<img fetchpriority=\"high\" decoding=\"async\" width=\"800\" height=\"376\" src=\"https:\/\/cdn.webnamesandnumbers.com\/wp-content\/uploads\/sites\/709\/2024\/10\/31152312\/shutterstock_2480125753.jpg\" class=\"attachment-large size-large wp-image-1154\" alt=\"Smiling senior woman holding dentures\" srcset=\"https:\/\/cdn.webnamesandnumbers.com\/wp-content\/uploads\/sites\/709\/2024\/10\/31152312\/shutterstock_2480125753.jpg 1000w, https:\/\/cdn.webnamesandnumbers.com\/wp-content\/uploads\/sites\/709\/2024\/10\/31152312\/shutterstock_2480125753-300x141.jpg 300w, https:\/\/cdn.webnamesandnumbers.com\/wp-content\/uploads\/sites\/709\/2024\/10\/31152312\/shutterstock_2480125753-768x361.jpg 768w, https:\/\/cdn.webnamesandnumbers.com\/wp-content\/uploads\/sites\/709\/2024\/10\/31152312\/shutterstock_2480125753-18x8.jpg 18w\" sizes=\"(max-width: 800px) 100vw, 800px\" \/>\t\t\t\t\t\t\t\t\t\t\t\t\t\t\t<\/div>\n\t\t\t\t<\/div>\n\t\t\t\t<div class=\"elementor-element elementor-element-2882938 elementor-widget elementor-widget-image\" data-id=\"2882938\" data-element_type=\"widget\" data-e-type=\"widget\" data-widget_type=\"image.default\">\n\t\t\t\t<div class=\"elementor-widget-container\">\n\t\t\t\t\t\t\t\t\t\t\t\t\t\t\t<img decoding=\"async\" width=\"800\" height=\"518\" src=\"https:\/\/cdn.webnamesandnumbers.com\/wp-content\/uploads\/sites\/709\/2024\/10\/31152314\/shutterstock_2491484923.jpg\" class=\"attachment-large size-large wp-image-1155\" alt=\"Smiling woman holding dentures and looking satisfied\" srcset=\"https:\/\/cdn.webnamesandnumbers.com\/wp-content\/uploads\/sites\/709\/2024\/10\/31152314\/shutterstock_2491484923.jpg 1000w, https:\/\/cdn.webnamesandnumbers.com\/wp-content\/uploads\/sites\/709\/2024\/10\/31152314\/shutterstock_2491484923-300x194.jpg 300w, https:\/\/cdn.webnamesandnumbers.com\/wp-content\/uploads\/sites\/709\/2024\/10\/31152314\/shutterstock_2491484923-768x498.jpg 768w, https:\/\/cdn.webnamesandnumbers.com\/wp-content\/uploads\/sites\/709\/2024\/10\/31152314\/shutterstock_2491484923-18x12.jpg 18w\" sizes=\"(max-width: 800px) 100vw, 800px\" \/>\t\t\t\t\t\t\t\t\t\t\t\t\t\t\t<\/div>\n\t\t\t\t<\/div>\n\t\t\t\t<\/div>\n\t\t\t\t\t<\/div>\n\t\t\t\t<\/div>\n\t\t<div class=\"elementor-element elementor-element-0bff18a e-flex e-con-boxed e-con e-parent\" data-id=\"0bff18a\" data-element_type=\"container\" data-e-type=\"container\" data-settings=\"{&quot;background_background&quot;:&quot;classic&quot;}\">\n\t\t\t\t\t<div class=\"e-con-inner\">\n\t\t\t\t<div class=\"elementor-element elementor-element-4d79344 elementor-widget elementor-widget-image\" data-id=\"4d79344\" data-element_type=\"widget\" data-e-type=\"widget\" data-widget_type=\"image.default\">\n\t\t\t\t<div class=\"elementor-widget-container\">\n\t\t\t\t\t\t\t\t\t\t\t\t\t\t\t<img decoding=\"async\" width=\"90\" height=\"91\" src=\"https:\/\/cdn.webnamesandnumbers.com\/wp-content\/uploads\/sites\/709\/2024\/01\/12121055\/vaadin_dental-chair.png\" class=\"attachment-large size-large wp-image-106\" alt=\"Dental Chair\" \/>\t\t\t\t\t\t\t\t\t\t\t\t\t\t\t<\/div>\n\t\t\t\t<\/div>\n\t\t\t\t<div class=\"elementor-element elementor-element-3d4f7cf elementor-widget__width-initial elementor-widget elementor-widget-text-editor\" data-id=\"3d4f7cf\" data-element_type=\"widget\" data-e-type=\"widget\" data-widget_type=\"text-editor.default\">\n\t\t\t\t<div class=\"elementor-widget-container\">\n\t\t\t\t\t\t\t\t\t<h2 data-pos=\"3711\"><strong data-pos=\"3713\">Beneficios exclusivos de elegir pr\u00f3tesis dentales con la mordida correcta<\/strong><\/h2><p data-pos=\"3767\">Right Bite Dentures ofrece ventajas \u00fanicas que lo distinguen. Su laboratorio en el lugar garantiza resultados r\u00e1pidos y de alta calidad al permitir un control preciso sobre el proceso de fabricaci\u00f3n de pr\u00f3tesis dentales, algo que muchas cl\u00ednicas no pueden igualar. Esta supervisi\u00f3n directa conduce a una experiencia de ajuste personalizado con tiempos de espera m\u00ednimos. Su uso de tecnolog\u00eda digital de \u00faltima generaci\u00f3n produce pr\u00f3tesis dentales de aspecto natural y altamente precisas, lo que brinda a los clientes un ajuste \u00f3ptimo y una apariencia realista. El equipo, propiedad de veteranos, combina d\u00e9cadas de experiencia con un compromiso con la empat\u00eda y la innovaci\u00f3n, lo que garantiza comodidad y confianza en cada sonrisa que crean.<\/p><h2 id=\"contact-us\" tabindex=\"-1\" data-pos=\"4378\"><strong data-pos=\"4380\">Cont\u00e1ctenos<\/strong>\u00a0<\/h2><p data-pos=\"4394\">Ilumine su sonrisa visitando Right Bite Dentures. Gracias por visitar nuestro sitio web. Ll\u00e1menos al\u00a0<strong data-pos=\"4506\">541-889-3750<\/strong>Esperamos poder servirle.<\/p>\t\t\t\t\t\t\t\t<\/div>\n\t\t\t\t<\/div>\n\t\t\t\t\t<\/div>\n\t\t\t\t<\/div>\n\t\t\t\t<\/div>","protected":false},"excerpt":{"rendered":"<p>Dentist in Ontario, OR &#8211; Right Bite Dentures Contact Us At Right Bite Dentures in Ontario, OR, the team is dedicated to alleviating the common stresses associated with dental health. They aim to make each client\u2019s journey to a confident smile as easy and impactful as possible, focusing on individualized care, advanced technology, and a [&hellip;]<\/p>\n","protected":false},"author":13,"featured_media":0,"parent":0,"menu_order":0,"comment_status":"closed","ping_status":"closed","template":"elementor_header_footer","meta":{"footnotes":""},"class_list":["post-1151","page","type-page","status-publish","hentry"],"yoast_head":"<!-- This site is optimized with the Yoast SEO plugin v27.3 - https:\/\/yoast.com\/product\/yoast-seo-wordpress\/ -->\n<title>Dentist in Ontario, OR - Right Bite Dentures<\/title>\n<meta name=\"description\" content=\"At Right Bite Dentures in Ontario, OR, the team is dedicated to alleviating the common stresses associated with dental health.\" \/>\n<meta name=\"robots\" content=\"index, follow, max-snippet:-1, max-image-preview:large, max-video-preview:-1\" \/>\n<link rel=\"canonical\" href=\"https:\/\/www.rightbitedentures.biz\/es\/ontario-or-3\/\" \/>\n<meta property=\"og:locale\" content=\"es_MX\" \/>\n<meta property=\"og:type\" content=\"article\" \/>\n<meta property=\"og:title\" content=\"Dentist in Ontario, OR - Right Bite Dentures\" \/>\n<meta property=\"og:description\" content=\"At Right Bite Dentures in Ontario, OR, the team is dedicated to alleviating the common stresses associated with dental health.\" \/>\n<meta property=\"og:url\" content=\"https:\/\/www.rightbitedentures.biz\/es\/ontario-or-3\/\" \/>\n<meta property=\"og:site_name\" content=\"Right Bite Dentures\" \/>\n<meta property=\"article:modified_time\" content=\"2025-08-05T20:15:18+00:00\" \/>\n<meta property=\"og:image\" content=\"https:\/\/www.rightbitedentures.biz\/wp-content\/uploads\/sites\/709\/2024\/10\/shutterstock_2480125753.jpg\" \/>\n<meta name=\"twitter:card\" content=\"summary_large_image\" \/>\n<meta name=\"twitter:label1\" content=\"Tiempo de lectura\" \/>\n\t<meta name=\"twitter:data1\" content=\"3 minutos\" \/>\n<script type=\"application\/ld+json\" class=\"yoast-schema-graph\">{\"@context\":\"https:\\\/\\\/schema.org\",\"@graph\":[{\"@type\":\"WebPage\",\"@id\":\"https:\\\/\\\/www.rightbitedentures.biz\\\/ontario-or-3\\\/\",\"url\":\"https:\\\/\\\/www.rightbitedentures.biz\\\/ontario-or-3\\\/\",\"name\":\"Dentist in Ontario, OR - Right Bite Dentures\",\"isPartOf\":{\"@id\":\"https:\\\/\\\/www.rightbitedentures.biz\\\/#website\"},\"primaryImageOfPage\":{\"@id\":\"https:\\\/\\\/www.rightbitedentures.biz\\\/ontario-or-3\\\/#primaryimage\"},\"image\":{\"@id\":\"https:\\\/\\\/www.rightbitedentures.biz\\\/ontario-or-3\\\/#primaryimage\"},\"thumbnailUrl\":\"https:\\\/\\\/www.rightbitedentures.biz\\\/wp-content\\\/uploads\\\/sites\\\/709\\\/2024\\\/10\\\/shutterstock_2480125753.jpg\",\"datePublished\":\"2024-10-31T15:23:05+00:00\",\"dateModified\":\"2025-08-05T20:15:18+00:00\",\"description\":\"At Right Bite Dentures in Ontario, OR, the team is dedicated to alleviating the common stresses associated with dental health.\",\"breadcrumb\":{\"@id\":\"https:\\\/\\\/www.rightbitedentures.biz\\\/ontario-or-3\\\/#breadcrumb\"},\"inLanguage\":\"es\",\"potentialAction\":[{\"@type\":\"ReadAction\",\"target\":[\"https:\\\/\\\/www.rightbitedentures.biz\\\/ontario-or-3\\\/\"]}]},{\"@type\":\"ImageObject\",\"inLanguage\":\"es\",\"@id\":\"https:\\\/\\\/www.rightbitedentures.biz\\\/ontario-or-3\\\/#primaryimage\",\"url\":\"https:\\\/\\\/www.rightbitedentures.biz\\\/wp-content\\\/uploads\\\/sites\\\/709\\\/2024\\\/10\\\/shutterstock_2480125753.jpg\",\"contentUrl\":\"https:\\\/\\\/www.rightbitedentures.biz\\\/wp-content\\\/uploads\\\/sites\\\/709\\\/2024\\\/10\\\/shutterstock_2480125753.jpg\"},{\"@type\":\"BreadcrumbList\",\"@id\":\"https:\\\/\\\/www.rightbitedentures.biz\\\/ontario-or-3\\\/#breadcrumb\",\"itemListElement\":[{\"@type\":\"ListItem\",\"position\":1,\"name\":\"Home\",\"item\":\"https:\\\/\\\/www.rightbitedentures.biz\\\/\"},{\"@type\":\"ListItem\",\"position\":2,\"name\":\"Ontario\u00a0OR\"}]},{\"@type\":\"WebSite\",\"@id\":\"https:\\\/\\\/www.rightbitedentures.biz\\\/#website\",\"url\":\"https:\\\/\\\/www.rightbitedentures.biz\\\/\",\"name\":\"Right Bite Dentures\",\"description\":\"Dentures backed by Service, Quality and Technology. We specialize in restoring confidence.\",\"publisher\":{\"@id\":\"https:\\\/\\\/www.rightbitedentures.biz\\\/#organization\"},\"potentialAction\":[{\"@type\":\"SearchAction\",\"target\":{\"@type\":\"EntryPoint\",\"urlTemplate\":\"https:\\\/\\\/www.rightbitedentures.biz\\\/?s={search_term_string}\"},\"query-input\":{\"@type\":\"PropertyValueSpecification\",\"valueRequired\":true,\"valueName\":\"search_term_string\"}}],\"inLanguage\":\"es\"},{\"@type\":\"Organization\",\"@id\":\"https:\\\/\\\/www.rightbitedentures.biz\\\/#organization\",\"name\":\"Right Bite Dentures\",\"url\":\"https:\\\/\\\/www.rightbitedentures.biz\\\/\",\"logo\":{\"@type\":\"ImageObject\",\"inLanguage\":\"es\",\"@id\":\"https:\\\/\\\/www.rightbitedentures.biz\\\/#\\\/schema\\\/logo\\\/image\\\/\",\"url\":\"https:\\\/\\\/cdn.webnamesandnumbers.com\\\/wp-content\\\/uploads\\\/sites\\\/709\\\/2024\\\/01\\\/12121812\\\/cropped-image-2-1.png\",\"contentUrl\":\"https:\\\/\\\/cdn.webnamesandnumbers.com\\\/wp-content\\\/uploads\\\/sites\\\/709\\\/2024\\\/01\\\/12121812\\\/cropped-image-2-1.png\",\"width\":439,\"height\":251,\"caption\":\"Right Bite Dentures\"},\"image\":{\"@id\":\"https:\\\/\\\/www.rightbitedentures.biz\\\/#\\\/schema\\\/logo\\\/image\\\/\"}}]}<\/script>\n<!-- \/ Yoast SEO plugin. -->","yoast_head_json":{"title":"Dentista en Ontario, OR - Pr\u00f3tesis dentales Right Bite","description":"En Right Bite Dentures en Ontario, OR, el equipo est\u00e1 dedicado a aliviar el estr\u00e9s com\u00fan asociado con la salud dental.","robots":{"index":"index","follow":"follow","max-snippet":"max-snippet:-1","max-image-preview":"max-image-preview:large","max-video-preview":"max-video-preview:-1"},"canonical":"https:\/\/www.rightbitedentures.biz\/es\/ontario-or-3\/","og_locale":"es_MX","og_type":"article","og_title":"Dentist in Ontario, OR - Right Bite Dentures","og_description":"At Right Bite Dentures in Ontario, OR, the team is dedicated to alleviating the common stresses associated with dental health.","og_url":"https:\/\/www.rightbitedentures.biz\/es\/ontario-or-3\/","og_site_name":"Right Bite Dentures","article_modified_time":"2025-08-05T20:15:18+00:00","og_image":[{"url":"https:\/\/www.rightbitedentures.biz\/wp-content\/uploads\/sites\/709\/2024\/10\/shutterstock_2480125753.jpg","type":"","width":"","height":""}],"twitter_card":"summary_large_image","twitter_misc":{"Tiempo de lectura":"3 minutos"},"schema":{"@context":"https:\/\/schema.org","@graph":[{"@type":"WebPage","@id":"https:\/\/www.rightbitedentures.biz\/ontario-or-3\/","url":"https:\/\/www.rightbitedentures.biz\/ontario-or-3\/","name":"Dentista en Ontario, OR - Pr\u00f3tesis dentales Right Bite","isPartOf":{"@id":"https:\/\/www.rightbitedentures.biz\/#website"},"primaryImageOfPage":{"@id":"https:\/\/www.rightbitedentures.biz\/ontario-or-3\/#primaryimage"},"image":{"@id":"https:\/\/www.rightbitedentures.biz\/ontario-or-3\/#primaryimage"},"thumbnailUrl":"https:\/\/www.rightbitedentures.biz\/wp-content\/uploads\/sites\/709\/2024\/10\/shutterstock_2480125753.jpg","datePublished":"2024-10-31T15:23:05+00:00","dateModified":"2025-08-05T20:15:18+00:00","description":"En Right Bite Dentures en Ontario, OR, el equipo est\u00e1 dedicado a aliviar el estr\u00e9s com\u00fan asociado con la salud dental.","breadcrumb":{"@id":"https:\/\/www.rightbitedentures.biz\/ontario-or-3\/#breadcrumb"},"inLanguage":"es","potentialAction":[{"@type":"ReadAction","target":["https:\/\/www.rightbitedentures.biz\/ontario-or-3\/"]}]},{"@type":"ImageObject","inLanguage":"es","@id":"https:\/\/www.rightbitedentures.biz\/ontario-or-3\/#primaryimage","url":"https:\/\/www.rightbitedentures.biz\/wp-content\/uploads\/sites\/709\/2024\/10\/shutterstock_2480125753.jpg","contentUrl":"https:\/\/www.rightbitedentures.biz\/wp-content\/uploads\/sites\/709\/2024\/10\/shutterstock_2480125753.jpg"},{"@type":"BreadcrumbList","@id":"https:\/\/www.rightbitedentures.biz\/ontario-or-3\/#breadcrumb","itemListElement":[{"@type":"ListItem","position":1,"name":"Home","item":"https:\/\/www.rightbitedentures.biz\/"},{"@type":"ListItem","position":2,"name":"Ontario\u00a0OR"}]},{"@type":"WebSite","@id":"https:\/\/www.rightbitedentures.biz\/#website","url":"https:\/\/www.rightbitedentures.biz\/","name":"Dentaduras postizas de mordida derecha","description":"Pr\u00f3tesis dentales con el respaldo de servicio, calidad y tecnolog\u00eda. Nos especializamos en recuperar la confianza.","publisher":{"@id":"https:\/\/www.rightbitedentures.biz\/#organization"},"potentialAction":[{"@type":"SearchAction","target":{"@type":"EntryPoint","urlTemplate":"https:\/\/www.rightbitedentures.biz\/?s={search_term_string}"},"query-input":{"@type":"PropertyValueSpecification","valueRequired":true,"valueName":"search_term_string"}}],"inLanguage":"es"},{"@type":"Organization","@id":"https:\/\/www.rightbitedentures.biz\/#organization","name":"Dentaduras postizas de mordida derecha","url":"https:\/\/www.rightbitedentures.biz\/","logo":{"@type":"ImageObject","inLanguage":"es","@id":"https:\/\/www.rightbitedentures.biz\/#\/schema\/logo\/image\/","url":"https:\/\/cdn.webnamesandnumbers.com\/wp-content\/uploads\/sites\/709\/2024\/01\/12121812\/cropped-image-2-1.png","contentUrl":"https:\/\/cdn.webnamesandnumbers.com\/wp-content\/uploads\/sites\/709\/2024\/01\/12121812\/cropped-image-2-1.png","width":439,"height":251,"caption":"Right Bite Dentures"},"image":{"@id":"https:\/\/www.rightbitedentures.biz\/#\/schema\/logo\/image\/"}}]}},"_links":{"self":[{"href":"https:\/\/www.rightbitedentures.biz\/es\/wp-json\/wp\/v2\/pages\/1151","targetHints":{"allow":["GET"]}}],"collection":[{"href":"https:\/\/www.rightbitedentures.biz\/es\/wp-json\/wp\/v2\/pages"}],"about":[{"href":"https:\/\/www.rightbitedentures.biz\/es\/wp-json\/wp\/v2\/types\/page"}],"author":[{"embeddable":true,"href":"https:\/\/www.rightbitedentures.biz\/es\/wp-json\/wp\/v2\/users\/13"}],"replies":[{"embeddable":true,"href":"https:\/\/www.rightbitedentures.biz\/es\/wp-json\/wp\/v2\/comments?post=1151"}],"version-history":[{"count":7,"href":"https:\/\/www.rightbitedentures.biz\/es\/wp-json\/wp\/v2\/pages\/1151\/revisions"}],"predecessor-version":[{"id":1162,"href":"https:\/\/www.rightbitedentures.biz\/es\/wp-json\/wp\/v2\/pages\/1151\/revisions\/1162"}],"wp:attachment":[{"href":"https:\/\/www.rightbitedentures.biz\/es\/wp-json\/wp\/v2\/media?parent=1151"}],"curies":[{"name":"gracias","href":"https:\/\/api.w.org\/{rel}","templated":true}]}}