{"id":1174,"date":"2025-03-13T16:03:16","date_gmt":"2025-03-13T16:03:16","guid":{"rendered":"https:\/\/www.rightbitedentures.biz\/?page_id=1174"},"modified":"2025-08-05T19:50:23","modified_gmt":"2025-08-05T19:50:23","slug":"family-dentist","status":"publish","type":"page","link":"https:\/\/www.rightbitedentures.biz\/es\/family-dentist\/","title":{"rendered":"Dentista familiar"},"content":{"rendered":"<div data-elementor-type=\"wp-page\" data-elementor-id=\"1174\" class=\"elementor elementor-1174\" data-elementor-post-type=\"page\">\n\t\t\t\t<div class=\"elementor-element elementor-element-4f375a8 e-flex e-con-boxed e-con e-parent\" data-id=\"4f375a8\" data-element_type=\"container\" data-e-type=\"container\" data-settings=\"{&quot;background_background&quot;:&quot;classic&quot;}\">\n\t\t\t\t\t<div class=\"e-con-inner\">\n\t\t<div class=\"elementor-element elementor-element-30d4283 e-con-full e-flex e-con e-child\" data-id=\"30d4283\" data-element_type=\"container\" data-e-type=\"container\" data-settings=\"{&quot;background_background&quot;:&quot;classic&quot;}\">\n\t\t\t\t<div class=\"elementor-element elementor-element-adac89a elementor-widget elementor-widget-heading\" data-id=\"adac89a\" data-element_type=\"widget\" data-e-type=\"widget\" data-widget_type=\"heading.default\">\n\t\t\t\t<div class=\"elementor-widget-container\">\n\t\t\t\t\t<h1 class=\"elementor-heading-title elementor-size-default\">Servicios dentales familiares<\/h1>\t\t\t\t<\/div>\n\t\t\t\t<\/div>\n\t\t\t\t<div class=\"elementor-element elementor-element-b7438a5 elementor-align-left elementor-widget elementor-widget-button\" data-id=\"b7438a5\" data-element_type=\"widget\" data-e-type=\"widget\" data-widget_type=\"button.default\">\n\t\t\t\t<div class=\"elementor-widget-container\">\n\t\t\t\t\t\t\t\t\t<div class=\"elementor-button-wrapper\">\n\t\t\t\t\t<a class=\"elementor-button elementor-button-link elementor-size-sm\" href=\"https:\/\/www.rightbitedentures.biz\/es\/contact\/\">\n\t\t\t\t\t\t<span class=\"elementor-button-content-wrapper\">\n\t\t\t\t\t\t\t\t\t<span class=\"elementor-button-text\">Cont\u00e1ctenos<\/span>\n\t\t\t\t\t<\/span>\n\t\t\t\t\t<\/a>\n\t\t\t\t<\/div>\n\t\t\t\t\t\t\t\t<\/div>\n\t\t\t\t<\/div>\n\t\t\t\t<\/div>\n\t\t<div class=\"elementor-element elementor-element-655f74f e-con-full e-flex e-con e-child\" data-id=\"655f74f\" data-element_type=\"container\" data-e-type=\"container\">\n\t\t\t\t<\/div>\n\t\t\t\t\t<\/div>\n\t\t\t\t<\/div>\n\t\t<div class=\"elementor-element elementor-element-2b2f101 e-flex e-con-boxed e-con e-parent\" data-id=\"2b2f101\" data-element_type=\"container\" data-e-type=\"container\" data-settings=\"{&quot;background_background&quot;:&quot;classic&quot;}\">\n\t\t\t\t\t<div class=\"e-con-inner\">\n\t\t\t\t<div class=\"elementor-element elementor-element-a0bbb59 elementor-widget__width-initial elementor-widget elementor-widget-text-editor\" data-id=\"a0bbb59\" data-element_type=\"widget\" data-e-type=\"widget\" data-widget_type=\"text-editor.default\">\n\t\t\t\t<div class=\"elementor-widget-container\">\n\t\t\t\t\t\t\t\t\t<p data-pos=\"491\">En Right Bite Dentures, creemos en brindar atenci\u00f3n dental integral a toda la familia. Nuestros servicios de odontolog\u00eda familiar est\u00e1n dise\u00f1ados para satisfacer las necesidades \u00fanicas de pacientes de todas las edades, desde ni\u00f1os hasta adultos mayores. Con un enfoque en la comodidad, la calidad y la atenci\u00f3n personalizada, nuestro equipo de expertos se dedica a mantener la sonrisa de su familia sana y radiante.<\/p>\t\t\t\t\t\t\t\t<\/div>\n\t\t\t\t<\/div>\n\t\t\t\t\t<\/div>\n\t\t\t\t<\/div>\n\t\t<div class=\"elementor-element elementor-element-4a5d3bc e-flex e-con-boxed e-con e-parent\" data-id=\"4a5d3bc\" data-element_type=\"container\" data-e-type=\"container\" data-settings=\"{&quot;background_background&quot;:&quot;classic&quot;}\">\n\t\t\t\t\t<div class=\"e-con-inner\">\n\t\t<div class=\"elementor-element elementor-element-3d1c082 e-con-full e-flex e-con e-child\" data-id=\"3d1c082\" data-element_type=\"container\" data-e-type=\"container\" data-settings=\"{&quot;background_background&quot;:&quot;classic&quot;}\">\n\t\t\t\t<div class=\"elementor-element elementor-element-9b8df5d elementor-widget elementor-widget-heading\" data-id=\"9b8df5d\" data-element_type=\"widget\" data-e-type=\"widget\" data-widget_type=\"heading.default\">\n\t\t\t\t<div class=\"elementor-widget-container\">\n\t\t\t\t\t<h2 class=\"elementor-heading-title elementor-size-default\">Nuestros servicios dentales familiares<\/h2>\t\t\t\t<\/div>\n\t\t\t\t<\/div>\n\t\t\t\t<div class=\"elementor-element elementor-element-1b8f1b7 elementor-widget elementor-widget-text-editor\" data-id=\"1b8f1b7\" data-element_type=\"widget\" data-e-type=\"widget\" data-widget_type=\"text-editor.default\">\n\t\t\t\t<div class=\"elementor-widget-container\">\n\t\t\t\t\t\t\t\t\t<ul><li data-start=\"941\" data-end=\"1060\"><strong data-start=\"943\" data-end=\"972\">Limpiezas y ex\u00e1menes de rutina<\/strong> \u2013 Los chequeos regulares ayudan a prevenir caries, enfermedades de las enc\u00edas y otros problemas de salud bucal.<\/li><li data-start=\"1061\" data-end=\"1180\"><strong data-start=\"1063\" data-end=\"1097\">Tratamientos y selladores con fl\u00faor<\/strong> \u2013 Proteja los dientes de su hijo de las caries con aplicaciones de fl\u00faor y selladores.<\/li><li data-start=\"1181\" data-end=\"1294\"><strong data-start=\"1183\" data-end=\"1206\">Odontolog\u00eda pedi\u00e1trica<\/strong> \u2013 Cuidado dental suave, divertido y sin estr\u00e9s para que los ni\u00f1os desarrollen h\u00e1bitos saludables para toda la vida.<\/li><li data-start=\"1295\" data-end=\"1413\"><strong data-start=\"1297\" data-end=\"1333\">Odontolog\u00eda cosm\u00e9tica y restauradora<\/strong> \u2013 Desde blanqueamiento dental hasta empastes y coronas, mejoramos y restauramos sonrisas.<\/li><li data-start=\"1414\" data-end=\"1533\"><strong data-start=\"1416\" data-end=\"1443\">Evaluaciones de ortodoncia<\/strong> \u2013 Monitoreamos el desarrollo dental y brindamos referencias para aparatos ortop\u00e9dicos o alineadores si es necesario.<\/li><li data-start=\"1534\" data-end=\"1638\"><strong data-start=\"1536\" data-end=\"1561\">Tratamiento de la enfermedad de las enc\u00edas<\/strong> \u2013 Prevenir y tratar la enfermedad de las enc\u00edas con limpiezas profundas y atenci\u00f3n personalizada.<\/li><li data-start=\"1639\" data-end=\"1763\"><strong data-start=\"1641\" data-end=\"1666\">Atenci\u00f3n dental de emergencia<\/strong> \u2013 Tratamiento r\u00e1pido y compasivo para dolores de muelas, dientes rotos y otros problemas dentales urgentes.<\/li><\/ul><h4 style=\"text-align: center;\" data-start=\"1765\" data-end=\"1812\"><strong data-start=\"1768\" data-end=\"1810\">Una experiencia sin estr\u00e9s para todas las edades<\/strong><\/h4><p style=\"text-align: center;\" data-start=\"1814\" data-end=\"2114\">Sabemos que ir al dentista a veces puede ser intimidante, especialmente para ni\u00f1os peque\u00f1os. Por eso, nuestro consultorio est\u00e1 dise\u00f1ado para ser un espacio c\u00f3modo y acogedor. Nuestro amable equipo se toma el tiempo para explicar los procedimientos, responder preguntas y garantizar que cada visita sea una experiencia positiva.<\/p>\t\t\t\t\t\t\t\t<\/div>\n\t\t\t\t<\/div>\n\t\t\t\t<\/div>\n\t\t\t\t\t<\/div>\n\t\t\t\t<\/div>\n\t\t<div class=\"elementor-element elementor-element-0353328 e-flex e-con-boxed e-con e-parent\" data-id=\"0353328\" data-element_type=\"container\" data-e-type=\"container\">\n\t\t\t\t\t<div class=\"e-con-inner\">\n\t\t<div class=\"elementor-element elementor-element-632238d e-con-full e-flex e-con e-child\" data-id=\"632238d\" data-element_type=\"container\" data-e-type=\"container\">\n\t\t\t\t<div class=\"elementor-element elementor-element-6ab9981 elementor-widget elementor-widget-text-editor\" data-id=\"6ab9981\" data-element_type=\"widget\" data-e-type=\"widget\" data-widget_type=\"text-editor.default\">\n\t\t\t\t<div class=\"elementor-widget-container\">\n\t\t\t\t\t\t\t\t\t<h2 data-start=\"2116\" data-end=\"2156\"><span style=\"color: #394368;\"><strong data-start=\"2119\" data-end=\"2154\">Construyendo una salud dental para toda la vida<\/strong><\/span><\/h2><p data-start=\"2158\" data-end=\"2518\">Una buena higiene bucal empieza en casa, pero el cuidado profesional es crucial para mantener unos dientes fuertes y sanos. Educamos a las familias sobre t\u00e9cnicas adecuadas de cepillado y uso de hilo dental, opciones diet\u00e9ticas y medidas preventivas para evitar problemas dentales comunes. Al priorizar el cuidado dental, sentamos las bases para una vida llena de sonrisas seguras y saludables.<\/p><h2 data-start=\"2520\" data-end=\"2564\">\u00a0<\/h2>\t\t\t\t\t\t\t\t<\/div>\n\t\t\t\t<\/div>\n\t\t\t\t<\/div>\n\t\t<div class=\"elementor-element elementor-element-9be4212 e-con-full e-flex e-con e-child\" data-id=\"9be4212\" data-element_type=\"container\" data-e-type=\"container\" data-settings=\"{&quot;background_background&quot;:&quot;classic&quot;}\">\n\t\t\t\t<div class=\"elementor-element elementor-element-2eca910 elementor-widget elementor-widget-spacer\" data-id=\"2eca910\" data-element_type=\"widget\" data-e-type=\"widget\" data-widget_type=\"spacer.default\">\n\t\t\t\t<div class=\"elementor-widget-container\">\n\t\t\t\t\t\t\t<div class=\"elementor-spacer\">\n\t\t\t<div class=\"elementor-spacer-inner\"><\/div>\n\t\t<\/div>\n\t\t\t\t\t\t<\/div>\n\t\t\t\t<\/div>\n\t\t\t\t<\/div>\n\t\t\t\t\t<\/div>\n\t\t\t\t<\/div>\n\t\t<div class=\"elementor-element elementor-element-60aa0d2 e-flex e-con-boxed e-con e-parent\" data-id=\"60aa0d2\" data-element_type=\"container\" data-e-type=\"container\" data-settings=\"{&quot;background_background&quot;:&quot;classic&quot;}\">\n\t\t\t\t\t<div class=\"e-con-inner\">\n\t\t\t\t<div class=\"elementor-element elementor-element-4cc219d elementor-widget__width-initial elementor-widget elementor-widget-text-editor\" data-id=\"4cc219d\" data-element_type=\"widget\" data-e-type=\"widget\" data-widget_type=\"text-editor.default\">\n\t\t\t\t<div class=\"elementor-widget-container\">\n\t\t\t\t\t\t\t\t\t<h2 data-start=\"0\" data-end=\"56\"><span style=\"color: #ffffff;\"><strong data-start=\"4\" data-end=\"54\">\u00a1Programe su cita dental familiar hoy!<\/strong><\/span><\/h2><p data-start=\"58\" data-end=\"450\">En Right Bite Dentures, nos comprometemos a brindar atenci\u00f3n dental de primera calidad a pacientes de todas las edades. Ya sea que necesite una revisi\u00f3n de rutina, atenci\u00f3n preventiva o tratamientos especializados, nuestro equipo de expertos est\u00e1 aqu\u00ed para garantizar que las sonrisas de su familia se mantengan sanas y brillantes. Nos enfocamos en la comodidad del paciente, el trato personalizado y la salud bucal a largo plazo, haciendo de cada visita una experiencia positiva.<\/p><p data-start=\"452\" data-end=\"804\" data-is-last-node=\"\" data-is-only-node=\"\">Cuidar sus dientes es esencial para la salud general, y las visitas regulares al dentista son clave para mantener una sonrisa fuerte y segura. \u00a1No espere, programe una cita con nosotros hoy mismo! Llame. <strong data-start=\"646\" data-end=\"664\">(541) 889-3750<\/strong> Para reservar una visita o conocer m\u00e1s sobre nuestros servicios de odontolog\u00eda familiar, \u00a1le damos la bienvenida a usted y a sus seres queridos!<\/p>\t\t\t\t\t\t\t\t<\/div>\n\t\t\t\t<\/div>\n\t\t\t\t\t<\/div>\n\t\t\t\t<\/div>\n\t\t\t\t<\/div>","protected":false},"excerpt":{"rendered":"<p>Family Dental Services Contact Us At Right Bite Dentures, we believe in providing comprehensive dental care for the entire family. Our family dentist services are designed to meet the unique needs of patients of all ages, from children to seniors. With a focus on comfort, quality, and personalized care, our experienced team is dedicated to [&hellip;]<\/p>\n","protected":false},"author":26,"featured_media":0,"parent":0,"menu_order":0,"comment_status":"closed","ping_status":"closed","template":"","meta":{"footnotes":""},"class_list":["post-1174","page","type-page","status-publish","hentry"],"yoast_head":"<!-- This site is optimized with the Yoast SEO plugin v27.3 - https:\/\/yoast.com\/product\/yoast-seo-wordpress\/ -->\n<title>Family Dental Services - Ontario &amp; Baker City, OR<\/title>\n<meta name=\"description\" content=\"Right Bite Dentures offers complete family dentist services in Ontario and Baker City, OR. From preventive care to dentures, we provide quality dental care for all ages.\" \/>\n<meta name=\"robots\" content=\"index, follow, max-snippet:-1, max-image-preview:large, max-video-preview:-1\" \/>\n<link rel=\"canonical\" href=\"https:\/\/www.rightbitedentures.biz\/es\/family-dentist\/\" \/>\n<meta property=\"og:locale\" content=\"es_MX\" \/>\n<meta property=\"og:type\" content=\"article\" \/>\n<meta property=\"og:title\" content=\"Family Dental Services - Ontario &amp; Baker City, OR\" \/>\n<meta property=\"og:description\" content=\"Right Bite Dentures offers complete family dentist services in Ontario and Baker City, OR. From preventive care to dentures, we provide quality dental care for all ages.\" \/>\n<meta property=\"og:url\" content=\"https:\/\/www.rightbitedentures.biz\/es\/family-dentist\/\" \/>\n<meta property=\"og:site_name\" content=\"Right Bite Dentures\" \/>\n<meta property=\"article:modified_time\" content=\"2025-08-05T19:50:23+00:00\" \/>\n<meta name=\"twitter:card\" content=\"summary_large_image\" \/>\n<meta name=\"twitter:label1\" content=\"Tiempo de lectura\" \/>\n\t<meta name=\"twitter:data1\" content=\"2 minutos\" \/>\n<script type=\"application\/ld+json\" class=\"yoast-schema-graph\">{\"@context\":\"https:\\\/\\\/schema.org\",\"@graph\":[{\"@type\":\"WebPage\",\"@id\":\"https:\\\/\\\/www.rightbitedentures.biz\\\/family-dentist\\\/\",\"url\":\"https:\\\/\\\/www.rightbitedentures.biz\\\/family-dentist\\\/\",\"name\":\"Family Dental Services - Ontario & Baker City, OR\",\"isPartOf\":{\"@id\":\"https:\\\/\\\/www.rightbitedentures.biz\\\/#website\"},\"datePublished\":\"2025-03-13T16:03:16+00:00\",\"dateModified\":\"2025-08-05T19:50:23+00:00\",\"description\":\"Right Bite Dentures offers complete family dentist services in Ontario and Baker City, OR. From preventive care to dentures, we provide quality dental care for all ages.\",\"breadcrumb\":{\"@id\":\"https:\\\/\\\/www.rightbitedentures.biz\\\/family-dentist\\\/#breadcrumb\"},\"inLanguage\":\"es\",\"potentialAction\":[{\"@type\":\"ReadAction\",\"target\":[\"https:\\\/\\\/www.rightbitedentures.biz\\\/family-dentist\\\/\"]}]},{\"@type\":\"BreadcrumbList\",\"@id\":\"https:\\\/\\\/www.rightbitedentures.biz\\\/family-dentist\\\/#breadcrumb\",\"itemListElement\":[{\"@type\":\"ListItem\",\"position\":1,\"name\":\"Home\",\"item\":\"https:\\\/\\\/www.rightbitedentures.biz\\\/\"},{\"@type\":\"ListItem\",\"position\":2,\"name\":\"Family Dentist\"}]},{\"@type\":\"WebSite\",\"@id\":\"https:\\\/\\\/www.rightbitedentures.biz\\\/#website\",\"url\":\"https:\\\/\\\/www.rightbitedentures.biz\\\/\",\"name\":\"Right Bite Dentures\",\"description\":\"Dentures backed by Service, Quality and Technology. We specialize in restoring confidence.\",\"publisher\":{\"@id\":\"https:\\\/\\\/www.rightbitedentures.biz\\\/#organization\"},\"potentialAction\":[{\"@type\":\"SearchAction\",\"target\":{\"@type\":\"EntryPoint\",\"urlTemplate\":\"https:\\\/\\\/www.rightbitedentures.biz\\\/?s={search_term_string}\"},\"query-input\":{\"@type\":\"PropertyValueSpecification\",\"valueRequired\":true,\"valueName\":\"search_term_string\"}}],\"inLanguage\":\"es\"},{\"@type\":\"Organization\",\"@id\":\"https:\\\/\\\/www.rightbitedentures.biz\\\/#organization\",\"name\":\"Right Bite Dentures\",\"url\":\"https:\\\/\\\/www.rightbitedentures.biz\\\/\",\"logo\":{\"@type\":\"ImageObject\",\"inLanguage\":\"es\",\"@id\":\"https:\\\/\\\/www.rightbitedentures.biz\\\/#\\\/schema\\\/logo\\\/image\\\/\",\"url\":\"https:\\\/\\\/cdn.webnamesandnumbers.com\\\/wp-content\\\/uploads\\\/sites\\\/709\\\/2024\\\/01\\\/12121812\\\/cropped-image-2-1.png\",\"contentUrl\":\"https:\\\/\\\/cdn.webnamesandnumbers.com\\\/wp-content\\\/uploads\\\/sites\\\/709\\\/2024\\\/01\\\/12121812\\\/cropped-image-2-1.png\",\"width\":439,\"height\":251,\"caption\":\"Right Bite Dentures\"},\"image\":{\"@id\":\"https:\\\/\\\/www.rightbitedentures.biz\\\/#\\\/schema\\\/logo\\\/image\\\/\"}}]}<\/script>\n<!-- \/ Yoast SEO plugin. -->","yoast_head_json":{"title":"Family Dental Services - Ontario & Baker City, OR","description":"Right Bite Dentures offers complete family dentist services in Ontario and Baker City, OR. From preventive care to dentures, we provide quality dental care for all ages.","robots":{"index":"index","follow":"follow","max-snippet":"max-snippet:-1","max-image-preview":"max-image-preview:large","max-video-preview":"max-video-preview:-1"},"canonical":"https:\/\/www.rightbitedentures.biz\/es\/family-dentist\/","og_locale":"es_MX","og_type":"article","og_title":"Family Dental Services - Ontario & Baker City, OR","og_description":"Right Bite Dentures offers complete family dentist services in Ontario and Baker City, OR. From preventive care to dentures, we provide quality dental care for all ages.","og_url":"https:\/\/www.rightbitedentures.biz\/es\/family-dentist\/","og_site_name":"Right Bite Dentures","article_modified_time":"2025-08-05T19:50:23+00:00","twitter_card":"summary_large_image","twitter_misc":{"Tiempo de lectura":"2 minutos"},"schema":{"@context":"https:\/\/schema.org","@graph":[{"@type":"WebPage","@id":"https:\/\/www.rightbitedentures.biz\/family-dentist\/","url":"https:\/\/www.rightbitedentures.biz\/family-dentist\/","name":"Family Dental Services - Ontario & Baker City, OR","isPartOf":{"@id":"https:\/\/www.rightbitedentures.biz\/#website"},"datePublished":"2025-03-13T16:03:16+00:00","dateModified":"2025-08-05T19:50:23+00:00","description":"Right Bite Dentures offers complete family dentist services in Ontario and Baker City, OR. From preventive care to dentures, we provide quality dental care for all ages.","breadcrumb":{"@id":"https:\/\/www.rightbitedentures.biz\/family-dentist\/#breadcrumb"},"inLanguage":"es","potentialAction":[{"@type":"ReadAction","target":["https:\/\/www.rightbitedentures.biz\/family-dentist\/"]}]},{"@type":"BreadcrumbList","@id":"https:\/\/www.rightbitedentures.biz\/family-dentist\/#breadcrumb","itemListElement":[{"@type":"ListItem","position":1,"name":"Home","item":"https:\/\/www.rightbitedentures.biz\/"},{"@type":"ListItem","position":2,"name":"Family Dentist"}]},{"@type":"WebSite","@id":"https:\/\/www.rightbitedentures.biz\/#website","url":"https:\/\/www.rightbitedentures.biz\/","name":"Dentaduras postizas de mordida derecha","description":"Pr\u00f3tesis dentales con el respaldo de servicio, calidad y tecnolog\u00eda. Nos especializamos en recuperar la confianza.","publisher":{"@id":"https:\/\/www.rightbitedentures.biz\/#organization"},"potentialAction":[{"@type":"SearchAction","target":{"@type":"EntryPoint","urlTemplate":"https:\/\/www.rightbitedentures.biz\/?s={search_term_string}"},"query-input":{"@type":"PropertyValueSpecification","valueRequired":true,"valueName":"search_term_string"}}],"inLanguage":"es"},{"@type":"Organization","@id":"https:\/\/www.rightbitedentures.biz\/#organization","name":"Dentaduras postizas de mordida derecha","url":"https:\/\/www.rightbitedentures.biz\/","logo":{"@type":"ImageObject","inLanguage":"es","@id":"https:\/\/www.rightbitedentures.biz\/#\/schema\/logo\/image\/","url":"https:\/\/cdn.webnamesandnumbers.com\/wp-content\/uploads\/sites\/709\/2024\/01\/12121812\/cropped-image-2-1.png","contentUrl":"https:\/\/cdn.webnamesandnumbers.com\/wp-content\/uploads\/sites\/709\/2024\/01\/12121812\/cropped-image-2-1.png","width":439,"height":251,"caption":"Right Bite Dentures"},"image":{"@id":"https:\/\/www.rightbitedentures.biz\/#\/schema\/logo\/image\/"}}]}},"_links":{"self":[{"href":"https:\/\/www.rightbitedentures.biz\/es\/wp-json\/wp\/v2\/pages\/1174","targetHints":{"allow":["GET"]}}],"collection":[{"href":"https:\/\/www.rightbitedentures.biz\/es\/wp-json\/wp\/v2\/pages"}],"about":[{"href":"https:\/\/www.rightbitedentures.biz\/es\/wp-json\/wp\/v2\/types\/page"}],"author":[{"embeddable":true,"href":"https:\/\/www.rightbitedentures.biz\/es\/wp-json\/wp\/v2\/users\/26"}],"replies":[{"embeddable":true,"href":"https:\/\/www.rightbitedentures.biz\/es\/wp-json\/wp\/v2\/comments?post=1174"}],"version-history":[{"count":19,"href":"https:\/\/www.rightbitedentures.biz\/es\/wp-json\/wp\/v2\/pages\/1174\/revisions"}],"predecessor-version":[{"id":1198,"href":"https:\/\/www.rightbitedentures.biz\/es\/wp-json\/wp\/v2\/pages\/1174\/revisions\/1198"}],"wp:attachment":[{"href":"https:\/\/www.rightbitedentures.biz\/es\/wp-json\/wp\/v2\/media?parent=1174"}],"curies":[{"name":"gracias","href":"https:\/\/api.w.org\/{rel}","templated":true}]}}