{"id":1205,"date":"2025-03-13T18:04:59","date_gmt":"2025-03-13T18:04:59","guid":{"rendered":"https:\/\/www.rightbitedentures.biz\/?page_id=1205"},"modified":"2025-03-13T20:59:07","modified_gmt":"2025-03-13T20:59:07","slug":"oral-exams-denture-consultations","status":"publish","type":"page","link":"https:\/\/www.rightbitedentures.biz\/es\/oral-exams-denture-consultations\/","title":{"rendered":"Ex\u00e1menes bucales y consultas sobre pr\u00f3tesis dentales"},"content":{"rendered":"<div data-elementor-type=\"wp-page\" data-elementor-id=\"1205\" class=\"elementor elementor-1205\" data-elementor-post-type=\"page\">\n\t\t\t\t<div class=\"elementor-element elementor-element-c1faf7f e-flex e-con-boxed e-con e-parent\" data-id=\"c1faf7f\" data-element_type=\"container\" data-e-type=\"container\" data-settings=\"{&quot;background_background&quot;:&quot;classic&quot;}\">\n\t\t\t\t\t<div class=\"e-con-inner\">\n\t\t<div class=\"elementor-element elementor-element-4b7e6d9 e-con-full e-flex e-con e-child\" data-id=\"4b7e6d9\" data-element_type=\"container\" data-e-type=\"container\">\n\t\t\t\t<div class=\"elementor-element elementor-element-731b49f elementor-widget elementor-widget-heading\" data-id=\"731b49f\" data-element_type=\"widget\" data-e-type=\"widget\" data-widget_type=\"heading.default\">\n\t\t\t\t<div class=\"elementor-widget-container\">\n\t\t\t\t\t<h1 class=\"elementor-heading-title elementor-size-default\">Ex\u00e1menes bucales y consultas sobre pr\u00f3tesis dentales<\/h1>\t\t\t\t<\/div>\n\t\t\t\t<\/div>\n\t\t\t\t<div class=\"elementor-element elementor-element-3640c01 elementor-align-left elementor-widget elementor-widget-button\" data-id=\"3640c01\" data-element_type=\"widget\" data-e-type=\"widget\" data-widget_type=\"button.default\">\n\t\t\t\t<div class=\"elementor-widget-container\">\n\t\t\t\t\t\t\t\t\t<div class=\"elementor-button-wrapper\">\n\t\t\t\t\t<a class=\"elementor-button elementor-button-link elementor-size-sm\" href=\"https:\/\/www.rightbitedentures.biz\/es\/contact\/\">\n\t\t\t\t\t\t<span class=\"elementor-button-content-wrapper\">\n\t\t\t\t\t\t\t\t\t<span class=\"elementor-button-text\">Cont\u00e1ctenos<\/span>\n\t\t\t\t\t<\/span>\n\t\t\t\t\t<\/a>\n\t\t\t\t<\/div>\n\t\t\t\t\t\t\t\t<\/div>\n\t\t\t\t<\/div>\n\t\t\t\t<\/div>\n\t\t<div class=\"elementor-element elementor-element-4b0c0e1 e-con-full e-flex e-con e-child\" data-id=\"4b0c0e1\" data-element_type=\"container\" data-e-type=\"container\">\n\t\t\t\t<\/div>\n\t\t\t\t\t<\/div>\n\t\t\t\t<\/div>\n\t\t<div class=\"elementor-element elementor-element-51a5937 e-flex e-con-boxed e-con e-parent\" data-id=\"51a5937\" data-element_type=\"container\" data-e-type=\"container\" data-settings=\"{&quot;background_background&quot;:&quot;classic&quot;}\">\n\t\t\t\t\t<div class=\"e-con-inner\">\n\t\t\t\t<div class=\"elementor-element elementor-element-34ac96d elementor-widget__width-initial elementor-widget elementor-widget-text-editor\" data-id=\"34ac96d\" data-element_type=\"widget\" data-e-type=\"widget\" data-widget_type=\"text-editor.default\">\n\t\t\t\t<div class=\"elementor-widget-container\">\n\t\t\t\t\t\t\t\t\t<p data-pm-slice=\"1 1 []\">En Right Bite Dentures, comprendemos la importancia de mantener una salud bucal \u00f3ptima en cada etapa de la vida. Nuestros ex\u00e1menes y consultas bucales est\u00e1n dise\u00f1ados para brindar evaluaciones personalizadas y exhaustivas que garanticen que sus dientes, enc\u00edas y pr\u00f3tesis dentales est\u00e9n en \u00f3ptimas condiciones. Ya sea su primera visita o una revisi\u00f3n de rutina, estamos aqu\u00ed para apoyarle en su camino hacia una salud bucal \u00f3ptima.<\/p>\t\t\t\t\t\t\t\t<\/div>\n\t\t\t\t<\/div>\n\t\t\t\t\t<\/div>\n\t\t\t\t<\/div>\n\t\t<div class=\"elementor-element elementor-element-dda5be4 e-flex e-con-boxed e-con e-parent\" data-id=\"dda5be4\" data-element_type=\"container\" data-e-type=\"container\" data-settings=\"{&quot;background_background&quot;:&quot;classic&quot;}\">\n\t\t\t\t\t<div class=\"e-con-inner\">\n\t\t<div class=\"elementor-element elementor-element-842b570 e-con-full e-flex e-con e-child\" data-id=\"842b570\" data-element_type=\"container\" data-e-type=\"container\" data-settings=\"{&quot;background_background&quot;:&quot;classic&quot;}\">\n\t\t\t\t<div class=\"elementor-element elementor-element-74a2765 elementor-widget elementor-widget-heading\" data-id=\"74a2765\" data-element_type=\"widget\" data-e-type=\"widget\" data-widget_type=\"heading.default\">\n\t\t\t\t<div class=\"elementor-widget-container\">\n\t\t\t\t\t<h2 class=\"elementor-heading-title elementor-size-default\">Ex\u00e1menes y consultas bucales para una sonrisa saludable<\/h2>\t\t\t\t<\/div>\n\t\t\t\t<\/div>\n\t\t\t\t<div class=\"elementor-element elementor-element-078ed5e elementor-widget elementor-widget-text-editor\" data-id=\"078ed5e\" data-element_type=\"widget\" data-e-type=\"widget\" data-widget_type=\"text-editor.default\">\n\t\t\t\t<div class=\"elementor-widget-container\">\n\t\t\t\t\t\t\t\t\t<h3 data-pm-slice=\"1 1 []\"><strong>Consultas sobre pr\u00f3tesis dentales<\/strong><\/h3><p data-pm-slice=\"1 1 []\">Elegir la pr\u00f3tesis dental adecuada es una decisi\u00f3n importante que afecta tanto la funci\u00f3n como la confianza. Nuestras consultas sobre pr\u00f3tesis dentales ofrecen asesoramiento experto para seleccionar, ajustar o reemplazar pr\u00f3tesis para garantizar un ajuste c\u00f3modo y natural. Ya sea que necesite pr\u00f3tesis dentales completas o parciales, reparaciones o rebases, estamos aqu\u00ed para ayudarle a lograr el mejor resultado posible para su sonrisa.<\/p><h3><strong>Una experiencia sin estr\u00e9s para cada paciente<\/strong><\/h3><p>Sabemos que las visitas al dentista a veces pueden resultar abrumadoras, por eso nos esforzamos por crear un ambiente acogedor y c\u00f3modo. Nuestro equipo de expertos se toma el tiempo para explicar los procedimientos, abordar inquietudes y garantizar una experiencia relajada y positiva en cada visita.<\/p><h2 data-pm-slice=\"1 3 []\"><strong>Nuestros servicios de examen oral y consulta<\/strong><\/h2><ul data-spread=\"false\"><li><p style=\"text-align: left;\"><strong>Ex\u00e1menes orales completos<\/strong> \u2013 Evaluaciones exhaustivas para evaluar la salud general de los dientes y las enc\u00edas.<\/p><\/li><li style=\"text-align: left;\"><p><strong>Evaluaciones de dentaduras postizas<\/strong> \u2013 Garantizar el ajuste, funcionamiento y comodidad adecuados de sus dentaduras postizas.<\/p><\/li><li style=\"text-align: left;\"><p><strong>Detecci\u00f3n de c\u00e1ncer bucal<\/strong> \u2013 Detecci\u00f3n temprana de anomal\u00edas para una intervenci\u00f3n oportuna.<\/p><\/li><li style=\"text-align: left;\"><p><strong>Rayos X digitales<\/strong> \u2013 Im\u00e1genes detalladas para descubrir problemas dentales ocultos.<\/p><\/li><li style=\"text-align: left;\"><p><strong>Control de mordida y alineaci\u00f3n de mand\u00edbula<\/strong> \u2013 Evaluaciones para mejorar la comodidad y la funci\u00f3n.<\/p><\/li><li><p style=\"text-align: left;\"><strong>Planes de tratamiento personalizados<\/strong> \u2013 Recomendaciones personalizadas para satisfacer sus necesidades dentales espec\u00edficas.<\/p><\/li><\/ul>\t\t\t\t\t\t\t\t<\/div>\n\t\t\t\t<\/div>\n\t\t\t\t<\/div>\n\t\t\t\t\t<\/div>\n\t\t\t\t<\/div>\n\t\t<div class=\"elementor-element elementor-element-300a5d1 e-flex e-con-boxed e-con e-parent\" data-id=\"300a5d1\" data-element_type=\"container\" data-e-type=\"container\" data-settings=\"{&quot;background_background&quot;:&quot;classic&quot;}\">\n\t\t\t\t\t<div class=\"e-con-inner\">\n\t\t\t\t<div class=\"elementor-element elementor-element-84c3e29 elementor-widget__width-initial elementor-widget elementor-widget-text-editor\" data-id=\"84c3e29\" data-element_type=\"widget\" data-e-type=\"widget\" data-widget_type=\"text-editor.default\">\n\t\t\t\t<div class=\"elementor-widget-container\">\n\t\t\t\t\t\t\t\t\t<h2><strong>Cont\u00e1ctenos hoy<\/strong><\/h2><p data-pm-slice=\"1 1 []\">En Right Bite Dentures, nos comprometemos a brindar atenci\u00f3n experta para todas sus necesidades de pr\u00f3tesis dentales. Si experimenta molestias o se le afloja la pr\u00f3tesis, no espere: \u00a1cont\u00e1ctenos hoy mismo para programar un ajuste y restaurar su ajuste perfecto!<\/p><p>Ll\u00e1manos al <a href=\"tel:541-889-3750\">(541) 889-3750<\/a> O programe su cita en l\u00ednea. \u00a1Esperamos que su sonrisa sea c\u00f3moda y segura!<\/p>\t\t\t\t\t\t\t\t<\/div>\n\t\t\t\t<\/div>\n\t\t\t\t\t<\/div>\n\t\t\t\t<\/div>\n\t\t\t\t<\/div>","protected":false},"excerpt":{"rendered":"<p>Oral Exams &amp; Denture Consultations Contact Us At Right Bite Dentures, we understand the importance of maintaining optimal oral health at every stage of life. Our oral exams and consultations are designed to provide personalized, thorough assessments to ensure your teeth, gums, and dentures are in the best condition possible. Whether it\u2019s your first visit [&hellip;]<\/p>\n","protected":false},"author":26,"featured_media":0,"parent":0,"menu_order":0,"comment_status":"closed","ping_status":"closed","template":"","meta":{"footnotes":""},"class_list":["post-1205","page","type-page","status-publish","hentry"],"yoast_head":"<!-- This site is optimized with the Yoast SEO plugin v27.3 - https:\/\/yoast.com\/product\/yoast-seo-wordpress\/ -->\n<title>Oral Exams &amp; Denture Consultations - Right Bite Dentures<\/title>\n<meta name=\"description\" content=\"Ensure your oral health with expert exams and consultations at Right Bite Dentures. Contact us today and schedule your appointment today!\" \/>\n<meta name=\"robots\" content=\"index, follow, max-snippet:-1, max-image-preview:large, max-video-preview:-1\" \/>\n<link rel=\"canonical\" href=\"https:\/\/www.rightbitedentures.biz\/es\/oral-exams-denture-consultations\/\" \/>\n<meta property=\"og:locale\" content=\"es_MX\" \/>\n<meta property=\"og:type\" content=\"article\" \/>\n<meta property=\"og:title\" content=\"Oral Exams &amp; Denture Consultations - Right Bite Dentures\" \/>\n<meta property=\"og:description\" content=\"Ensure your oral health with expert exams and consultations at Right Bite Dentures. Contact us today and schedule your appointment today!\" \/>\n<meta property=\"og:url\" content=\"https:\/\/www.rightbitedentures.biz\/es\/oral-exams-denture-consultations\/\" \/>\n<meta property=\"og:site_name\" content=\"Right Bite Dentures\" \/>\n<meta property=\"article:modified_time\" content=\"2025-03-13T20:59:07+00:00\" \/>\n<meta name=\"twitter:card\" content=\"summary_large_image\" \/>\n<meta name=\"twitter:label1\" content=\"Tiempo de lectura\" \/>\n\t<meta name=\"twitter:data1\" content=\"2 minutos\" \/>\n<script type=\"application\/ld+json\" class=\"yoast-schema-graph\">{\"@context\":\"https:\\\/\\\/schema.org\",\"@graph\":[{\"@type\":\"WebPage\",\"@id\":\"https:\\\/\\\/www.rightbitedentures.biz\\\/oral-exams-denture-consultations\\\/\",\"url\":\"https:\\\/\\\/www.rightbitedentures.biz\\\/oral-exams-denture-consultations\\\/\",\"name\":\"Oral Exams &amp; Denture Consultations - Right Bite Dentures\",\"isPartOf\":{\"@id\":\"https:\\\/\\\/www.rightbitedentures.biz\\\/#website\"},\"datePublished\":\"2025-03-13T18:04:59+00:00\",\"dateModified\":\"2025-03-13T20:59:07+00:00\",\"description\":\"Ensure your oral health with expert exams and consultations at Right Bite Dentures. Contact us today and schedule your appointment today!\",\"breadcrumb\":{\"@id\":\"https:\\\/\\\/www.rightbitedentures.biz\\\/oral-exams-denture-consultations\\\/#breadcrumb\"},\"inLanguage\":\"es\",\"potentialAction\":[{\"@type\":\"ReadAction\",\"target\":[\"https:\\\/\\\/www.rightbitedentures.biz\\\/oral-exams-denture-consultations\\\/\"]}]},{\"@type\":\"BreadcrumbList\",\"@id\":\"https:\\\/\\\/www.rightbitedentures.biz\\\/oral-exams-denture-consultations\\\/#breadcrumb\",\"itemListElement\":[{\"@type\":\"ListItem\",\"position\":1,\"name\":\"Home\",\"item\":\"https:\\\/\\\/www.rightbitedentures.biz\\\/\"},{\"@type\":\"ListItem\",\"position\":2,\"name\":\"Oral Exams &amp; Denture Consultations\"}]},{\"@type\":\"WebSite\",\"@id\":\"https:\\\/\\\/www.rightbitedentures.biz\\\/#website\",\"url\":\"https:\\\/\\\/www.rightbitedentures.biz\\\/\",\"name\":\"Right Bite Dentures\",\"description\":\"Dentures backed by Service, Quality and Technology. We specialize in restoring confidence.\",\"publisher\":{\"@id\":\"https:\\\/\\\/www.rightbitedentures.biz\\\/#organization\"},\"potentialAction\":[{\"@type\":\"SearchAction\",\"target\":{\"@type\":\"EntryPoint\",\"urlTemplate\":\"https:\\\/\\\/www.rightbitedentures.biz\\\/?s={search_term_string}\"},\"query-input\":{\"@type\":\"PropertyValueSpecification\",\"valueRequired\":true,\"valueName\":\"search_term_string\"}}],\"inLanguage\":\"es\"},{\"@type\":\"Organization\",\"@id\":\"https:\\\/\\\/www.rightbitedentures.biz\\\/#organization\",\"name\":\"Right Bite Dentures\",\"url\":\"https:\\\/\\\/www.rightbitedentures.biz\\\/\",\"logo\":{\"@type\":\"ImageObject\",\"inLanguage\":\"es\",\"@id\":\"https:\\\/\\\/www.rightbitedentures.biz\\\/#\\\/schema\\\/logo\\\/image\\\/\",\"url\":\"https:\\\/\\\/cdn.webnamesandnumbers.com\\\/wp-content\\\/uploads\\\/sites\\\/709\\\/2024\\\/01\\\/12121812\\\/cropped-image-2-1.png\",\"contentUrl\":\"https:\\\/\\\/cdn.webnamesandnumbers.com\\\/wp-content\\\/uploads\\\/sites\\\/709\\\/2024\\\/01\\\/12121812\\\/cropped-image-2-1.png\",\"width\":439,\"height\":251,\"caption\":\"Right Bite Dentures\"},\"image\":{\"@id\":\"https:\\\/\\\/www.rightbitedentures.biz\\\/#\\\/schema\\\/logo\\\/image\\\/\"}}]}<\/script>\n<!-- \/ Yoast SEO plugin. -->","yoast_head_json":{"title":"Oral Exams &amp; Denture Consultations - Right Bite Dentures","description":"Ensure your oral health with expert exams and consultations at Right Bite Dentures. Contact us today and schedule your appointment today!","robots":{"index":"index","follow":"follow","max-snippet":"max-snippet:-1","max-image-preview":"max-image-preview:large","max-video-preview":"max-video-preview:-1"},"canonical":"https:\/\/www.rightbitedentures.biz\/es\/oral-exams-denture-consultations\/","og_locale":"es_MX","og_type":"article","og_title":"Oral Exams &amp; Denture Consultations - Right Bite Dentures","og_description":"Ensure your oral health with expert exams and consultations at Right Bite Dentures. Contact us today and schedule your appointment today!","og_url":"https:\/\/www.rightbitedentures.biz\/es\/oral-exams-denture-consultations\/","og_site_name":"Right Bite Dentures","article_modified_time":"2025-03-13T20:59:07+00:00","twitter_card":"summary_large_image","twitter_misc":{"Tiempo de lectura":"2 minutos"},"schema":{"@context":"https:\/\/schema.org","@graph":[{"@type":"WebPage","@id":"https:\/\/www.rightbitedentures.biz\/oral-exams-denture-consultations\/","url":"https:\/\/www.rightbitedentures.biz\/oral-exams-denture-consultations\/","name":"Oral Exams &amp; Denture Consultations - Right Bite Dentures","isPartOf":{"@id":"https:\/\/www.rightbitedentures.biz\/#website"},"datePublished":"2025-03-13T18:04:59+00:00","dateModified":"2025-03-13T20:59:07+00:00","description":"Ensure your oral health with expert exams and consultations at Right Bite Dentures. Contact us today and schedule your appointment today!","breadcrumb":{"@id":"https:\/\/www.rightbitedentures.biz\/oral-exams-denture-consultations\/#breadcrumb"},"inLanguage":"es","potentialAction":[{"@type":"ReadAction","target":["https:\/\/www.rightbitedentures.biz\/oral-exams-denture-consultations\/"]}]},{"@type":"BreadcrumbList","@id":"https:\/\/www.rightbitedentures.biz\/oral-exams-denture-consultations\/#breadcrumb","itemListElement":[{"@type":"ListItem","position":1,"name":"Home","item":"https:\/\/www.rightbitedentures.biz\/"},{"@type":"ListItem","position":2,"name":"Oral Exams &amp; Denture Consultations"}]},{"@type":"WebSite","@id":"https:\/\/www.rightbitedentures.biz\/#website","url":"https:\/\/www.rightbitedentures.biz\/","name":"Dentaduras postizas de mordida derecha","description":"Pr\u00f3tesis dentales con el respaldo de servicio, calidad y tecnolog\u00eda. Nos especializamos en recuperar la confianza.","publisher":{"@id":"https:\/\/www.rightbitedentures.biz\/#organization"},"potentialAction":[{"@type":"SearchAction","target":{"@type":"EntryPoint","urlTemplate":"https:\/\/www.rightbitedentures.biz\/?s={search_term_string}"},"query-input":{"@type":"PropertyValueSpecification","valueRequired":true,"valueName":"search_term_string"}}],"inLanguage":"es"},{"@type":"Organization","@id":"https:\/\/www.rightbitedentures.biz\/#organization","name":"Dentaduras postizas de mordida derecha","url":"https:\/\/www.rightbitedentures.biz\/","logo":{"@type":"ImageObject","inLanguage":"es","@id":"https:\/\/www.rightbitedentures.biz\/#\/schema\/logo\/image\/","url":"https:\/\/cdn.webnamesandnumbers.com\/wp-content\/uploads\/sites\/709\/2024\/01\/12121812\/cropped-image-2-1.png","contentUrl":"https:\/\/cdn.webnamesandnumbers.com\/wp-content\/uploads\/sites\/709\/2024\/01\/12121812\/cropped-image-2-1.png","width":439,"height":251,"caption":"Right Bite Dentures"},"image":{"@id":"https:\/\/www.rightbitedentures.biz\/#\/schema\/logo\/image\/"}}]}},"_links":{"self":[{"href":"https:\/\/www.rightbitedentures.biz\/es\/wp-json\/wp\/v2\/pages\/1205","targetHints":{"allow":["GET"]}}],"collection":[{"href":"https:\/\/www.rightbitedentures.biz\/es\/wp-json\/wp\/v2\/pages"}],"about":[{"href":"https:\/\/www.rightbitedentures.biz\/es\/wp-json\/wp\/v2\/types\/page"}],"author":[{"embeddable":true,"href":"https:\/\/www.rightbitedentures.biz\/es\/wp-json\/wp\/v2\/users\/26"}],"replies":[{"embeddable":true,"href":"https:\/\/www.rightbitedentures.biz\/es\/wp-json\/wp\/v2\/comments?post=1205"}],"version-history":[{"count":20,"href":"https:\/\/www.rightbitedentures.biz\/es\/wp-json\/wp\/v2\/pages\/1205\/revisions"}],"predecessor-version":[{"id":1249,"href":"https:\/\/www.rightbitedentures.biz\/es\/wp-json\/wp\/v2\/pages\/1205\/revisions\/1249"}],"wp:attachment":[{"href":"https:\/\/www.rightbitedentures.biz\/es\/wp-json\/wp\/v2\/media?parent=1205"}],"curies":[{"name":"gracias","href":"https:\/\/api.w.org\/{rel}","templated":true}]}}