{"id":1233,"date":"2025-03-13T20:52:46","date_gmt":"2025-03-13T20:52:46","guid":{"rendered":"https:\/\/www.rightbitedentures.biz\/?page_id=1233"},"modified":"2025-03-13T21:04:34","modified_gmt":"2025-03-13T21:04:34","slug":"denture-adjustments","status":"publish","type":"page","link":"https:\/\/www.rightbitedentures.biz\/es\/denture-adjustments\/","title":{"rendered":"Ajustes de la dentadura postiza"},"content":{"rendered":"<div data-elementor-type=\"wp-page\" data-elementor-id=\"1233\" class=\"elementor elementor-1233\" data-elementor-post-type=\"page\">\n\t\t\t\t<div class=\"elementor-element elementor-element-5800a8b e-flex e-con-boxed e-con e-parent\" data-id=\"5800a8b\" data-element_type=\"container\" data-e-type=\"container\" data-settings=\"{&quot;background_background&quot;:&quot;classic&quot;}\">\n\t\t\t\t\t<div class=\"e-con-inner\">\n\t\t<div class=\"elementor-element elementor-element-a258616 e-con-full e-flex e-con e-child\" data-id=\"a258616\" data-element_type=\"container\" data-e-type=\"container\">\n\t\t\t\t<div class=\"elementor-element elementor-element-09f571e elementor-widget elementor-widget-heading\" data-id=\"09f571e\" data-element_type=\"widget\" data-e-type=\"widget\" data-widget_type=\"heading.default\">\n\t\t\t\t<div class=\"elementor-widget-container\">\n\t\t\t\t\t<h1 class=\"elementor-heading-title elementor-size-default\">Ajustes de la dentadura postiza<\/h1>\t\t\t\t<\/div>\n\t\t\t\t<\/div>\n\t\t\t\t<div class=\"elementor-element elementor-element-a3a9721 elementor-align-left elementor-widget elementor-widget-button\" data-id=\"a3a9721\" data-element_type=\"widget\" data-e-type=\"widget\" data-widget_type=\"button.default\">\n\t\t\t\t<div class=\"elementor-widget-container\">\n\t\t\t\t\t\t\t\t\t<div class=\"elementor-button-wrapper\">\n\t\t\t\t\t<a class=\"elementor-button elementor-button-link elementor-size-sm\" href=\"https:\/\/www.rightbitedentures.biz\/es\/contact\/\">\n\t\t\t\t\t\t<span class=\"elementor-button-content-wrapper\">\n\t\t\t\t\t\t\t\t\t<span class=\"elementor-button-text\">Cont\u00e1ctenos<\/span>\n\t\t\t\t\t<\/span>\n\t\t\t\t\t<\/a>\n\t\t\t\t<\/div>\n\t\t\t\t\t\t\t\t<\/div>\n\t\t\t\t<\/div>\n\t\t\t\t<\/div>\n\t\t<div class=\"elementor-element elementor-element-ff46f6a e-con-full e-flex e-con e-child\" data-id=\"ff46f6a\" data-element_type=\"container\" data-e-type=\"container\">\n\t\t\t\t<\/div>\n\t\t\t\t\t<\/div>\n\t\t\t\t<\/div>\n\t\t<div class=\"elementor-element elementor-element-d76abf5 e-flex e-con-boxed e-con e-parent\" data-id=\"d76abf5\" data-element_type=\"container\" data-e-type=\"container\" data-settings=\"{&quot;background_background&quot;:&quot;classic&quot;}\">\n\t\t\t\t\t<div class=\"e-con-inner\">\n\t\t\t\t<div class=\"elementor-element elementor-element-cc50b93 elementor-widget__width-initial elementor-widget elementor-widget-text-editor\" data-id=\"cc50b93\" data-element_type=\"widget\" data-e-type=\"widget\" data-widget_type=\"text-editor.default\">\n\t\t\t\t<div class=\"elementor-widget-container\">\n\t\t\t\t\t\t\t\t\t<p data-pm-slice=\"1 1 []\">En Right Bite Dentures, sabemos que unas pr\u00f3tesis dentales bien ajustadas son esenciales para la comodidad, la funci\u00f3n y la confianza. Con el tiempo, los cambios en la boca pueden hacer que las pr\u00f3tesis se aflojen o resulten inc\u00f3modas. Nuestros servicios de ajuste de pr\u00f3tesis garantizan un ajuste seguro y c\u00f3modo, permiti\u00e9ndole comer, hablar y sonre\u00edr con facilidad.<\/p>\t\t\t\t\t\t\t\t<\/div>\n\t\t\t\t<\/div>\n\t\t\t\t\t<\/div>\n\t\t\t\t<\/div>\n\t\t<div class=\"elementor-element elementor-element-aa71a58 e-flex e-con-boxed e-con e-parent\" data-id=\"aa71a58\" data-element_type=\"container\" data-e-type=\"container\" data-settings=\"{&quot;background_background&quot;:&quot;classic&quot;}\">\n\t\t\t\t\t<div class=\"e-con-inner\">\n\t\t<div class=\"elementor-element elementor-element-c4b7df9 e-con-full e-flex e-con e-child\" data-id=\"c4b7df9\" data-element_type=\"container\" data-e-type=\"container\" data-settings=\"{&quot;background_background&quot;:&quot;classic&quot;}\">\n\t\t\t\t<div class=\"elementor-element elementor-element-968cb3f elementor-widget elementor-widget-heading\" data-id=\"968cb3f\" data-element_type=\"widget\" data-e-type=\"widget\" data-widget_type=\"heading.default\">\n\t\t\t\t<div class=\"elementor-widget-container\">\n\t\t\t\t\t<h2 class=\"elementor-heading-title elementor-size-default\">Ajustes de la dentadura postiza para un ajuste c\u00f3modo y seguro<\/h2>\t\t\t\t<\/div>\n\t\t\t\t<\/div>\n\t\t\t\t<div class=\"elementor-element elementor-element-07fdf2a elementor-widget elementor-widget-text-editor\" data-id=\"07fdf2a\" data-element_type=\"widget\" data-e-type=\"widget\" data-widget_type=\"text-editor.default\">\n\t\t\t\t<div class=\"elementor-widget-container\">\n\t\t\t\t\t\t\t\t\t<p data-pm-slice=\"1 1 []\"><strong>Una experiencia c\u00f3moda y sin estr\u00e9s<\/strong><\/p><p data-pm-slice=\"1 1 []\">Entendemos que las pr\u00f3tesis dentales mal ajustadas pueden ser frustrantes e inc\u00f3modas. Por eso, ofrecemos ajustes suaves y eficientes en un ambiente acogedor. Nuestro equipo se toma el tiempo para escuchar sus inquietudes, evaluar su pr\u00f3tesis y realizar las modificaciones necesarias para garantizar una comodidad y funcionalidad \u00f3ptimas.<\/p><p><strong>Prolongando la vida de sus dentaduras postizas<\/strong><\/p><p>Los ajustes regulares ayudan a prolongar la vida \u00fatil de sus pr\u00f3tesis dentales, previniendo da\u00f1os causados por un ajuste inadecuado. Ofrecemos asesoramiento experto sobre el mantenimiento de sus pr\u00f3tesis para garantizar que sigan funcionando correctamente durante a\u00f1os.<\/p><p data-pm-slice=\"1 3 []\"><strong>Nuestros servicios de ajuste de dentaduras postizas<\/strong><\/p><ul data-spread=\"false\"><li><p style=\"text-align: left;\"><strong>Ajustes menores de ajuste<\/strong> \u2013 Peque\u00f1os refinamientos para eliminar puntos de presi\u00f3n y mejorar la comodidad.<\/p><\/li><li style=\"text-align: left;\"><p><strong>Correcciones de la alineaci\u00f3n de la mordida<\/strong> \u2013 Asegurarse de que su dentadura postiza permita una correcta masticaci\u00f3n y el funcionamiento de la mand\u00edbula.<\/p><\/li><li style=\"text-align: left;\"><p><strong>Alivio de puntos doloridos<\/strong> \u2013 Ajustes para reducir la irritaci\u00f3n y prevenir el dolor de enc\u00edas.<\/p><\/li><li style=\"text-align: left;\"><p><strong>Ajuste de dentaduras postizas<\/strong> \u2013 Modificaciones para mejorar la estabilidad y evitar resbalones.<\/p><\/li><li><p style=\"text-align: left;\"><strong>Evaluaciones de mantenimiento regulares<\/strong> \u2013 Revisiones peri\u00f3dicas para evaluar el ajuste y la funci\u00f3n.<\/p><\/li><\/ul>\t\t\t\t\t\t\t\t<\/div>\n\t\t\t\t<\/div>\n\t\t\t\t<\/div>\n\t\t\t\t\t<\/div>\n\t\t\t\t<\/div>\n\t\t<div class=\"elementor-element elementor-element-d859baf e-flex e-con-boxed e-con e-parent\" data-id=\"d859baf\" data-element_type=\"container\" data-e-type=\"container\" data-settings=\"{&quot;background_background&quot;:&quot;classic&quot;}\">\n\t\t\t\t\t<div class=\"e-con-inner\">\n\t\t\t\t<div class=\"elementor-element elementor-element-0fb22ee elementor-widget__width-initial elementor-widget elementor-widget-text-editor\" data-id=\"0fb22ee\" data-element_type=\"widget\" data-e-type=\"widget\" data-widget_type=\"text-editor.default\">\n\t\t\t\t<div class=\"elementor-widget-container\">\n\t\t\t\t\t\t\t\t\t<h2><span style=\"font-family: -apple-system, BlinkMacSystemFont, 'Segoe UI', Roboto, 'Helvetica Neue', Arial, 'Noto Sans', sans-serif, 'Apple Color Emoji', 'Segoe UI Emoji', 'Segoe UI Symbol', 'Noto Color Emoji';\">\u00a1Programe una cita hoy!<\/span><\/h2><p><span style=\"font-family: -apple-system, BlinkMacSystemFont, 'Segoe UI', Roboto, 'Helvetica Neue', Arial, 'Noto Sans', sans-serif, 'Apple Color Emoji', 'Segoe UI Emoji', 'Segoe UI Symbol', 'Noto Color Emoji'; font-size: 16px;\">En Right Bite Dentures, nos comprometemos a brindar atenci\u00f3n dental de la m\u00e1s alta calidad. Ya sea que necesite un examen de rutina o una consulta para una nueva pr\u00f3tesis dental, estamos aqu\u00ed para ayudarle. \u00a1Cont\u00e1ctenos hoy mismo para programar su cita y dar el primer paso hacia una salud bucal \u00f3ptima!<\/span><\/p><p>Ll\u00e1manos al <a href=\"tel:541-889-3750\">(541) 889-3750<\/a> O programe su cita en l\u00ednea. \u00a1Esperamos mantener su sonrisa en perfectas condiciones!<\/p>\t\t\t\t\t\t\t\t<\/div>\n\t\t\t\t<\/div>\n\t\t\t\t\t<\/div>\n\t\t\t\t<\/div>\n\t\t\t\t<\/div>","protected":false},"excerpt":{"rendered":"<p>Denture Adjustments Contact Us At Right Bite Dentures, we know that properly fitting dentures are essential for comfort, function, and confidence. Over time, changes in your mouth can cause dentures to become loose or uncomfortable. Our denture adjustment services ensure that your dentures fit securely and comfortably, allowing you to eat, speak, and smile with [&hellip;]<\/p>\n","protected":false},"author":26,"featured_media":0,"parent":0,"menu_order":0,"comment_status":"closed","ping_status":"closed","template":"","meta":{"footnotes":""},"class_list":["post-1233","page","type-page","status-publish","hentry"],"yoast_head":"<!-- This site is optimized with the Yoast SEO plugin v27.3 - https:\/\/yoast.com\/product\/yoast-seo-wordpress\/ -->\n<title>Denture Adjustments - Right Bite Dentures<\/title>\n<meta name=\"description\" content=\"Ensure a secure, comfortable denture fit with professional adjustments at Right Bite Dentures. Prevent soreness, slipping, and discomfort today!\" \/>\n<meta name=\"robots\" content=\"index, follow, max-snippet:-1, max-image-preview:large, max-video-preview:-1\" \/>\n<link rel=\"canonical\" href=\"https:\/\/www.rightbitedentures.biz\/es\/denture-adjustments\/\" \/>\n<meta property=\"og:locale\" content=\"es_MX\" \/>\n<meta property=\"og:type\" content=\"article\" \/>\n<meta property=\"og:title\" content=\"Denture Adjustments - Right Bite Dentures\" \/>\n<meta property=\"og:description\" content=\"Ensure a secure, comfortable denture fit with professional adjustments at Right Bite Dentures. Prevent soreness, slipping, and discomfort today!\" \/>\n<meta property=\"og:url\" content=\"https:\/\/www.rightbitedentures.biz\/es\/denture-adjustments\/\" \/>\n<meta property=\"og:site_name\" content=\"Right Bite Dentures\" \/>\n<meta property=\"article:modified_time\" content=\"2025-03-13T21:04:34+00:00\" \/>\n<meta name=\"twitter:card\" content=\"summary_large_image\" \/>\n<meta name=\"twitter:label1\" content=\"Tiempo de lectura\" \/>\n\t<meta name=\"twitter:data1\" content=\"2 minutos\" \/>\n<script type=\"application\/ld+json\" class=\"yoast-schema-graph\">{\"@context\":\"https:\\\/\\\/schema.org\",\"@graph\":[{\"@type\":\"WebPage\",\"@id\":\"https:\\\/\\\/www.rightbitedentures.biz\\\/denture-adjustments\\\/\",\"url\":\"https:\\\/\\\/www.rightbitedentures.biz\\\/denture-adjustments\\\/\",\"name\":\"Denture Adjustments - Right Bite Dentures\",\"isPartOf\":{\"@id\":\"https:\\\/\\\/www.rightbitedentures.biz\\\/#website\"},\"datePublished\":\"2025-03-13T20:52:46+00:00\",\"dateModified\":\"2025-03-13T21:04:34+00:00\",\"description\":\"Ensure a secure, comfortable denture fit with professional adjustments at Right Bite Dentures. Prevent soreness, slipping, and discomfort today!\",\"breadcrumb\":{\"@id\":\"https:\\\/\\\/www.rightbitedentures.biz\\\/denture-adjustments\\\/#breadcrumb\"},\"inLanguage\":\"es\",\"potentialAction\":[{\"@type\":\"ReadAction\",\"target\":[\"https:\\\/\\\/www.rightbitedentures.biz\\\/denture-adjustments\\\/\"]}]},{\"@type\":\"BreadcrumbList\",\"@id\":\"https:\\\/\\\/www.rightbitedentures.biz\\\/denture-adjustments\\\/#breadcrumb\",\"itemListElement\":[{\"@type\":\"ListItem\",\"position\":1,\"name\":\"Home\",\"item\":\"https:\\\/\\\/www.rightbitedentures.biz\\\/\"},{\"@type\":\"ListItem\",\"position\":2,\"name\":\"Denture Adjustments\"}]},{\"@type\":\"WebSite\",\"@id\":\"https:\\\/\\\/www.rightbitedentures.biz\\\/#website\",\"url\":\"https:\\\/\\\/www.rightbitedentures.biz\\\/\",\"name\":\"Right Bite Dentures\",\"description\":\"Dentures backed by Service, Quality and Technology. We specialize in restoring confidence.\",\"publisher\":{\"@id\":\"https:\\\/\\\/www.rightbitedentures.biz\\\/#organization\"},\"potentialAction\":[{\"@type\":\"SearchAction\",\"target\":{\"@type\":\"EntryPoint\",\"urlTemplate\":\"https:\\\/\\\/www.rightbitedentures.biz\\\/?s={search_term_string}\"},\"query-input\":{\"@type\":\"PropertyValueSpecification\",\"valueRequired\":true,\"valueName\":\"search_term_string\"}}],\"inLanguage\":\"es\"},{\"@type\":\"Organization\",\"@id\":\"https:\\\/\\\/www.rightbitedentures.biz\\\/#organization\",\"name\":\"Right Bite Dentures\",\"url\":\"https:\\\/\\\/www.rightbitedentures.biz\\\/\",\"logo\":{\"@type\":\"ImageObject\",\"inLanguage\":\"es\",\"@id\":\"https:\\\/\\\/www.rightbitedentures.biz\\\/#\\\/schema\\\/logo\\\/image\\\/\",\"url\":\"https:\\\/\\\/cdn.webnamesandnumbers.com\\\/wp-content\\\/uploads\\\/sites\\\/709\\\/2024\\\/01\\\/12121812\\\/cropped-image-2-1.png\",\"contentUrl\":\"https:\\\/\\\/cdn.webnamesandnumbers.com\\\/wp-content\\\/uploads\\\/sites\\\/709\\\/2024\\\/01\\\/12121812\\\/cropped-image-2-1.png\",\"width\":439,\"height\":251,\"caption\":\"Right Bite Dentures\"},\"image\":{\"@id\":\"https:\\\/\\\/www.rightbitedentures.biz\\\/#\\\/schema\\\/logo\\\/image\\\/\"}}]}<\/script>\n<!-- \/ Yoast SEO plugin. -->","yoast_head_json":{"title":"Ajustes de pr\u00f3tesis dentales: pr\u00f3tesis dentales con mordida correcta","description":"Aseg\u00farese de que su dentadura postiza se ajuste de forma segura y c\u00f3moda con ajustes profesionales en Right Bite Dentures. \u00a1Prevenga el dolor, los deslizamientos y las molestias hoy mismo!","robots":{"index":"index","follow":"follow","max-snippet":"max-snippet:-1","max-image-preview":"max-image-preview:large","max-video-preview":"max-video-preview:-1"},"canonical":"https:\/\/www.rightbitedentures.biz\/es\/denture-adjustments\/","og_locale":"es_MX","og_type":"article","og_title":"Denture Adjustments - Right Bite Dentures","og_description":"Ensure a secure, comfortable denture fit with professional adjustments at Right Bite Dentures. Prevent soreness, slipping, and discomfort today!","og_url":"https:\/\/www.rightbitedentures.biz\/es\/denture-adjustments\/","og_site_name":"Right Bite Dentures","article_modified_time":"2025-03-13T21:04:34+00:00","twitter_card":"summary_large_image","twitter_misc":{"Tiempo de lectura":"2 minutos"},"schema":{"@context":"https:\/\/schema.org","@graph":[{"@type":"WebPage","@id":"https:\/\/www.rightbitedentures.biz\/denture-adjustments\/","url":"https:\/\/www.rightbitedentures.biz\/denture-adjustments\/","name":"Ajustes de pr\u00f3tesis dentales: pr\u00f3tesis dentales con mordida correcta","isPartOf":{"@id":"https:\/\/www.rightbitedentures.biz\/#website"},"datePublished":"2025-03-13T20:52:46+00:00","dateModified":"2025-03-13T21:04:34+00:00","description":"Aseg\u00farese de que su dentadura postiza se ajuste de forma segura y c\u00f3moda con ajustes profesionales en Right Bite Dentures. \u00a1Prevenga el dolor, los deslizamientos y las molestias hoy mismo!","breadcrumb":{"@id":"https:\/\/www.rightbitedentures.biz\/denture-adjustments\/#breadcrumb"},"inLanguage":"es","potentialAction":[{"@type":"ReadAction","target":["https:\/\/www.rightbitedentures.biz\/denture-adjustments\/"]}]},{"@type":"BreadcrumbList","@id":"https:\/\/www.rightbitedentures.biz\/denture-adjustments\/#breadcrumb","itemListElement":[{"@type":"ListItem","position":1,"name":"Home","item":"https:\/\/www.rightbitedentures.biz\/"},{"@type":"ListItem","position":2,"name":"Denture Adjustments"}]},{"@type":"WebSite","@id":"https:\/\/www.rightbitedentures.biz\/#website","url":"https:\/\/www.rightbitedentures.biz\/","name":"Dentaduras postizas de mordida derecha","description":"Pr\u00f3tesis dentales con el respaldo de servicio, calidad y tecnolog\u00eda. Nos especializamos en recuperar la confianza.","publisher":{"@id":"https:\/\/www.rightbitedentures.biz\/#organization"},"potentialAction":[{"@type":"SearchAction","target":{"@type":"EntryPoint","urlTemplate":"https:\/\/www.rightbitedentures.biz\/?s={search_term_string}"},"query-input":{"@type":"PropertyValueSpecification","valueRequired":true,"valueName":"search_term_string"}}],"inLanguage":"es"},{"@type":"Organization","@id":"https:\/\/www.rightbitedentures.biz\/#organization","name":"Dentaduras postizas de mordida derecha","url":"https:\/\/www.rightbitedentures.biz\/","logo":{"@type":"ImageObject","inLanguage":"es","@id":"https:\/\/www.rightbitedentures.biz\/#\/schema\/logo\/image\/","url":"https:\/\/cdn.webnamesandnumbers.com\/wp-content\/uploads\/sites\/709\/2024\/01\/12121812\/cropped-image-2-1.png","contentUrl":"https:\/\/cdn.webnamesandnumbers.com\/wp-content\/uploads\/sites\/709\/2024\/01\/12121812\/cropped-image-2-1.png","width":439,"height":251,"caption":"Right Bite Dentures"},"image":{"@id":"https:\/\/www.rightbitedentures.biz\/#\/schema\/logo\/image\/"}}]}},"_links":{"self":[{"href":"https:\/\/www.rightbitedentures.biz\/es\/wp-json\/wp\/v2\/pages\/1233","targetHints":{"allow":["GET"]}}],"collection":[{"href":"https:\/\/www.rightbitedentures.biz\/es\/wp-json\/wp\/v2\/pages"}],"about":[{"href":"https:\/\/www.rightbitedentures.biz\/es\/wp-json\/wp\/v2\/types\/page"}],"author":[{"embeddable":true,"href":"https:\/\/www.rightbitedentures.biz\/es\/wp-json\/wp\/v2\/users\/26"}],"replies":[{"embeddable":true,"href":"https:\/\/www.rightbitedentures.biz\/es\/wp-json\/wp\/v2\/comments?post=1233"}],"version-history":[{"count":10,"href":"https:\/\/www.rightbitedentures.biz\/es\/wp-json\/wp\/v2\/pages\/1233\/revisions"}],"predecessor-version":[{"id":1252,"href":"https:\/\/www.rightbitedentures.biz\/es\/wp-json\/wp\/v2\/pages\/1233\/revisions\/1252"}],"wp:attachment":[{"href":"https:\/\/www.rightbitedentures.biz\/es\/wp-json\/wp\/v2\/media?parent=1233"}],"curies":[{"name":"gracias","href":"https:\/\/api.w.org\/{rel}","templated":true}]}}