{"id":1255,"date":"2025-04-14T20:50:44","date_gmt":"2025-04-14T20:50:44","guid":{"rendered":"https:\/\/www.rightbitedentures.biz\/?page_id=1255"},"modified":"2025-08-05T19:50:58","modified_gmt":"2025-08-05T19:50:58","slug":"family-dentist-ontario-oregon","status":"publish","type":"page","link":"https:\/\/www.rightbitedentures.biz\/es\/family-dentist-ontario-oregon\/","title":{"rendered":"Dentista familiar en Ontario, OR"},"content":{"rendered":"<div data-elementor-type=\"wp-page\" data-elementor-id=\"1255\" class=\"elementor elementor-1255\" data-elementor-post-type=\"page\">\n\t\t\t\t<div class=\"elementor-element elementor-element-0992ed5 e-flex e-con-boxed e-con e-parent\" data-id=\"0992ed5\" data-element_type=\"container\" data-e-type=\"container\" data-settings=\"{&quot;background_background&quot;:&quot;classic&quot;}\">\n\t\t\t\t\t<div class=\"e-con-inner\">\n\t\t<div class=\"elementor-element elementor-element-2001fd2 e-con-full e-flex e-con e-child\" data-id=\"2001fd2\" data-element_type=\"container\" data-e-type=\"container\" data-settings=\"{&quot;background_background&quot;:&quot;classic&quot;}\">\n\t\t\t\t<div class=\"elementor-element elementor-element-9e31056 elementor-widget elementor-widget-heading\" data-id=\"9e31056\" data-element_type=\"widget\" data-e-type=\"widget\" data-widget_type=\"heading.default\">\n\t\t\t\t<div class=\"elementor-widget-container\">\n\t\t\t\t\t<h1 class=\"elementor-heading-title elementor-size-default\">Servicios dentales familiares<br> en Ontario, Oreg\u00f3n<\/h1>\t\t\t\t<\/div>\n\t\t\t\t<\/div>\n\t\t\t\t<div class=\"elementor-element elementor-element-f6cbb89 elementor-align-left elementor-widget elementor-widget-button\" data-id=\"f6cbb89\" data-element_type=\"widget\" data-e-type=\"widget\" data-widget_type=\"button.default\">\n\t\t\t\t<div class=\"elementor-widget-container\">\n\t\t\t\t\t\t\t\t\t<div class=\"elementor-button-wrapper\">\n\t\t\t\t\t<a class=\"elementor-button elementor-button-link elementor-size-sm\" href=\"https:\/\/www.rightbitedentures.biz\/es\/contact\/\">\n\t\t\t\t\t\t<span class=\"elementor-button-content-wrapper\">\n\t\t\t\t\t\t\t\t\t<span class=\"elementor-button-text\">Cont\u00e1ctenos<\/span>\n\t\t\t\t\t<\/span>\n\t\t\t\t\t<\/a>\n\t\t\t\t<\/div>\n\t\t\t\t\t\t\t\t<\/div>\n\t\t\t\t<\/div>\n\t\t\t\t<\/div>\n\t\t<div class=\"elementor-element elementor-element-e8ca4f0 e-con-full e-flex e-con e-child\" data-id=\"e8ca4f0\" data-element_type=\"container\" data-e-type=\"container\">\n\t\t\t\t<\/div>\n\t\t\t\t\t<\/div>\n\t\t\t\t<\/div>\n\t\t<div class=\"elementor-element elementor-element-1a1a011 e-flex e-con-boxed e-con e-parent\" data-id=\"1a1a011\" data-element_type=\"container\" data-e-type=\"container\" data-settings=\"{&quot;background_background&quot;:&quot;classic&quot;}\">\n\t\t\t\t\t<div class=\"e-con-inner\">\n\t\t\t\t<div class=\"elementor-element elementor-element-d302b56 elementor-widget__width-initial elementor-widget elementor-widget-text-editor\" data-id=\"d302b56\" data-element_type=\"widget\" data-e-type=\"widget\" data-widget_type=\"text-editor.default\">\n\t\t\t\t<div class=\"elementor-widget-container\">\n\t\t\t\t\t\t\t\t\t<p data-pos=\"689\">En <strong>Dentaduras postizas de mordida derecha<\/strong>Creemos que tus dientes son m\u00e1s que una simple sonrisa; son parte integral de tu estilo de vida. Ubicado en el coraz\u00f3n de <strong>Ontario, Oreg\u00f3n<\/strong>Nuestra cl\u00ednica, propiedad de veteranos, cuenta con m\u00e1s de 30 a\u00f1os de experiencia dental, especializ\u00e1ndose en pr\u00f3tesis dentales que le har\u00e1n volver a amar su sonrisa. Nos comprometemos a ayudarle a recuperar la confianza gracias a nuestra dedicaci\u00f3n al servicio, la calidad y la tecnolog\u00eda.<\/p>\t\t\t\t\t\t\t\t<\/div>\n\t\t\t\t<\/div>\n\t\t\t\t\t<\/div>\n\t\t\t\t<\/div>\n\t\t<div class=\"elementor-element elementor-element-16331aa e-flex e-con-boxed e-con e-parent\" data-id=\"16331aa\" data-element_type=\"container\" data-e-type=\"container\" data-settings=\"{&quot;background_background&quot;:&quot;classic&quot;}\">\n\t\t\t\t\t<div class=\"e-con-inner\">\n\t\t<div class=\"elementor-element elementor-element-18c9013 e-con-full e-flex e-con e-child\" data-id=\"18c9013\" data-element_type=\"container\" data-e-type=\"container\" data-settings=\"{&quot;background_background&quot;:&quot;classic&quot;}\">\n\t\t\t\t<div class=\"elementor-element elementor-element-8bac510 elementor-widget elementor-widget-heading\" data-id=\"8bac510\" data-element_type=\"widget\" data-e-type=\"widget\" data-widget_type=\"heading.default\">\n\t\t\t\t<div class=\"elementor-widget-container\">\n\t\t\t\t\t<h2 class=\"elementor-heading-title elementor-size-default\">Nuestros servicios dentales familiares<\/h2>\t\t\t\t<\/div>\n\t\t\t\t<\/div>\n\t\t\t\t<div class=\"elementor-element elementor-element-586d999 elementor-widget elementor-widget-text-editor\" data-id=\"586d999\" data-element_type=\"widget\" data-e-type=\"widget\" data-widget_type=\"text-editor.default\">\n\t\t\t\t<div class=\"elementor-widget-container\">\n\t\t\t\t\t\t\t\t\t<ul><li data-pos=\"1610\">Cuidado preventivo: ex\u00e1menes, limpiezas, selladores y tratamientos con fl\u00faor.<\/li><li data-pos=\"1681\">Odontolog\u00eda pedi\u00e1trica para el crecimiento de sonrisas<\/li><li data-pos=\"1722\">Empastes, coronas y endodoncias<\/li><li data-pos=\"1758\">Tratamiento de la enfermedad de las enc\u00edas<\/li><li data-pos=\"1782\">Odontolog\u00eda cosm\u00e9tica para aumentar tu confianza<\/li><li data-pos=\"1828\">Dentaduras postizas y soluciones restauradoras para cada etapa de la vida<\/li><\/ul>\t\t\t\t\t\t\t\t<\/div>\n\t\t\t\t<\/div>\n\t\t\t\t<\/div>\n\t\t\t\t\t<\/div>\n\t\t\t\t<\/div>\n\t\t<div class=\"elementor-element elementor-element-3027826 e-flex e-con-boxed e-con e-parent\" data-id=\"3027826\" data-element_type=\"container\" data-e-type=\"container\">\n\t\t\t\t\t<div class=\"e-con-inner\">\n\t\t<div class=\"elementor-element elementor-element-b085a9b e-con-full e-flex e-con e-child\" data-id=\"b085a9b\" data-element_type=\"container\" data-e-type=\"container\">\n\t\t\t\t<div class=\"elementor-element elementor-element-5f37b1b elementor-widget elementor-widget-text-editor\" data-id=\"5f37b1b\" data-element_type=\"widget\" data-e-type=\"widget\" data-widget_type=\"text-editor.default\">\n\t\t\t\t<div class=\"elementor-widget-container\">\n\t\t\t\t\t\t\t\t\t<h4 id=\"your-familys-smile-deserves-the-best\" tabindex=\"-1\" data-pos=\"1104\"><span style=\"color: #394368;\"><strong>La sonrisa de tu familia merece lo mejor\u00a0<\/strong><\/span><\/h4><ul><li><strong data-pos=\"1147\">Atenci\u00f3n personalizada:<\/strong>\u00a0Trato amable, gentil y adaptado a cada miembro de la familia.<\/li><li><strong data-pos=\"1231\">Equipo experimentado:<\/strong>\u00a0Profesionales capacitados con a\u00f1os de experiencia en el cuidado dental familiar.<\/li><li><strong data-pos=\"1321\">Todas las edades son bienvenidas:<\/strong>\u00a0Desde ni\u00f1os hasta personas mayores: la sonrisa de todos es bienvenida aqu\u00ed.<\/li><li><strong data-pos=\"1402\">Odontolog\u00eda de servicio completo:<\/strong>\u00a0Limpiezas, empastes, dentaduras postizas y m\u00e1s, todo en un solo lugar.<\/li><li><strong data-pos=\"1492\">Tecnolog\u00eda moderna:<\/strong>\u00a0Herramientas avanzadas para una atenci\u00f3n r\u00e1pida, c\u00f3moda y precisa.<\/li><\/ul>\t\t\t\t\t\t\t\t<\/div>\n\t\t\t\t<\/div>\n\t\t\t\t<\/div>\n\t\t<div class=\"elementor-element elementor-element-638d691 e-con-full e-flex e-con e-child\" data-id=\"638d691\" data-element_type=\"container\" data-e-type=\"container\" data-settings=\"{&quot;background_background&quot;:&quot;classic&quot;}\">\n\t\t\t\t<div class=\"elementor-element elementor-element-e5370fb elementor-widget elementor-widget-spacer\" data-id=\"e5370fb\" data-element_type=\"widget\" data-e-type=\"widget\" data-widget_type=\"spacer.default\">\n\t\t\t\t<div class=\"elementor-widget-container\">\n\t\t\t\t\t\t\t<div class=\"elementor-spacer\">\n\t\t\t<div class=\"elementor-spacer-inner\"><\/div>\n\t\t<\/div>\n\t\t\t\t\t\t<\/div>\n\t\t\t\t<\/div>\n\t\t\t\t<\/div>\n\t\t\t\t\t<\/div>\n\t\t\t\t<\/div>\n\t\t<div class=\"elementor-element elementor-element-6911546 e-flex e-con-boxed e-con e-parent\" data-id=\"6911546\" data-element_type=\"container\" data-e-type=\"container\" data-settings=\"{&quot;background_background&quot;:&quot;classic&quot;}\">\n\t\t\t\t\t<div class=\"e-con-inner\">\n\t\t\t\t<div class=\"elementor-element elementor-element-43702f2 elementor-widget__width-initial elementor-widget elementor-widget-text-editor\" data-id=\"43702f2\" data-element_type=\"widget\" data-e-type=\"widget\" data-widget_type=\"text-editor.default\">\n\t\t\t\t<div class=\"elementor-widget-container\">\n\t\t\t\t\t\t\t\t\t<h4 id=\"start-your-familys-dental-journey-with-us\" tabindex=\"-1\" data-pos=\"1893\"><strong data-pos=\"1895\">Comience el viaje dental de su familia con nosotros<\/strong>\u00a0<\/h4><p data-pos=\"1941\">En Right Bite Dentures, somos m\u00e1s que un consultorio dental: somos sus aliados en la salud bucal de por vida. Con un legado de confianza, atenci\u00f3n experta y un compromiso con cada sonrisa, nos enorgullece servir a familias en todo Ontario, OR. Ya sea que necesite una simple revisi\u00f3n o un cambio de imagen completo, estamos aqu\u00ed para que su experiencia sea c\u00f3moda, pr\u00e1ctica y verdaderamente personalizada. \u00danase a las muchas familias locales que ya conf\u00edan en Right Bite y d\u00e9 el primer paso hacia una sonrisa m\u00e1s sana y feliz hoy mismo.<\/p><h4 id=\"schedule-your-family-appointment-today\" tabindex=\"-1\" data-pos=\"2446\"><strong data-pos=\"2448\">\u00a1Programe con nosotros hoy!<\/strong>\u00a0<\/h4><p data-pos=\"2490\">Elegir al dentista familiar adecuado significa encontrar a alguien que se preocupa tanto por la salud de su familia como usted. En Right Bite Dentures &amp; Dentistry, nos enorgullece ser su socio de confianza en su camino hacia la salud dental. Convenientemente ubicados en Ontario, OR, estamos listos para ayudar a su familia a lograr y mantener sonrisas saludables y felices.<\/p>\t\t\t\t\t\t\t\t<\/div>\n\t\t\t\t<\/div>\n\t\t\t\t\t<\/div>\n\t\t\t\t<\/div>\n\t\t\t\t<\/div>","protected":false},"excerpt":{"rendered":"<p>Family Dental Services in Ontario, OR Contact Us At Right Bite Dentures, we believe that your teeth are more than just a smile; they\u2019re an integral part of your lifestyle. Situated in the heart of Ontario, OR, our veteran-owned business boasts over 30 years of dental expertise, specializing in dentures that will make you love [&hellip;]<\/p>\n","protected":false},"author":26,"featured_media":0,"parent":0,"menu_order":0,"comment_status":"closed","ping_status":"closed","template":"","meta":{"footnotes":""},"class_list":["post-1255","page","type-page","status-publish","hentry"],"yoast_head":"<!-- This site is optimized with the Yoast SEO plugin v27.3 - https:\/\/yoast.com\/product\/yoast-seo-wordpress\/ -->\n<title>Family Dentist in Ontario, OR<\/title>\n<meta name=\"description\" content=\"Right Bite Dentures is your locally trusted family dentist in Ontario, OR. Contact us today and schedule an appointment with us.\" \/>\n<meta name=\"robots\" content=\"index, follow, max-snippet:-1, max-image-preview:large, max-video-preview:-1\" \/>\n<link rel=\"canonical\" href=\"https:\/\/www.rightbitedentures.biz\/es\/family-dentist-ontario-oregon\/\" \/>\n<meta property=\"og:locale\" content=\"es_MX\" \/>\n<meta property=\"og:type\" content=\"article\" \/>\n<meta property=\"og:title\" content=\"Family Dentist in Ontario, OR\" \/>\n<meta property=\"og:description\" content=\"Right Bite Dentures is your locally trusted family dentist in Ontario, OR. Contact us today and schedule an appointment with us.\" \/>\n<meta property=\"og:url\" content=\"https:\/\/www.rightbitedentures.biz\/es\/family-dentist-ontario-oregon\/\" \/>\n<meta property=\"og:site_name\" content=\"Right Bite Dentures\" \/>\n<meta property=\"article:modified_time\" content=\"2025-08-05T19:50:58+00:00\" \/>\n<meta name=\"twitter:card\" content=\"summary_large_image\" \/>\n<meta name=\"twitter:label1\" content=\"Tiempo de lectura\" \/>\n\t<meta name=\"twitter:data1\" content=\"2 minutos\" \/>\n<script type=\"application\/ld+json\" class=\"yoast-schema-graph\">{\"@context\":\"https:\\\/\\\/schema.org\",\"@graph\":[{\"@type\":\"WebPage\",\"@id\":\"https:\\\/\\\/www.rightbitedentures.biz\\\/family-dentist-ontario-oregon\\\/\",\"url\":\"https:\\\/\\\/www.rightbitedentures.biz\\\/family-dentist-ontario-oregon\\\/\",\"name\":\"Family Dentist in Ontario, OR\",\"isPartOf\":{\"@id\":\"https:\\\/\\\/www.rightbitedentures.biz\\\/#website\"},\"datePublished\":\"2025-04-14T20:50:44+00:00\",\"dateModified\":\"2025-08-05T19:50:58+00:00\",\"description\":\"Right Bite Dentures is your locally trusted family dentist in Ontario, OR. Contact us today and schedule an appointment with us.\",\"breadcrumb\":{\"@id\":\"https:\\\/\\\/www.rightbitedentures.biz\\\/family-dentist-ontario-oregon\\\/#breadcrumb\"},\"inLanguage\":\"es\",\"potentialAction\":[{\"@type\":\"ReadAction\",\"target\":[\"https:\\\/\\\/www.rightbitedentures.biz\\\/family-dentist-ontario-oregon\\\/\"]}]},{\"@type\":\"BreadcrumbList\",\"@id\":\"https:\\\/\\\/www.rightbitedentures.biz\\\/family-dentist-ontario-oregon\\\/#breadcrumb\",\"itemListElement\":[{\"@type\":\"ListItem\",\"position\":1,\"name\":\"Home\",\"item\":\"https:\\\/\\\/www.rightbitedentures.biz\\\/\"},{\"@type\":\"ListItem\",\"position\":2,\"name\":\"Family Dentist in Ontario, OR\"}]},{\"@type\":\"WebSite\",\"@id\":\"https:\\\/\\\/www.rightbitedentures.biz\\\/#website\",\"url\":\"https:\\\/\\\/www.rightbitedentures.biz\\\/\",\"name\":\"Right Bite Dentures\",\"description\":\"Dentures backed by Service, Quality and Technology. We specialize in restoring confidence.\",\"publisher\":{\"@id\":\"https:\\\/\\\/www.rightbitedentures.biz\\\/#organization\"},\"potentialAction\":[{\"@type\":\"SearchAction\",\"target\":{\"@type\":\"EntryPoint\",\"urlTemplate\":\"https:\\\/\\\/www.rightbitedentures.biz\\\/?s={search_term_string}\"},\"query-input\":{\"@type\":\"PropertyValueSpecification\",\"valueRequired\":true,\"valueName\":\"search_term_string\"}}],\"inLanguage\":\"es\"},{\"@type\":\"Organization\",\"@id\":\"https:\\\/\\\/www.rightbitedentures.biz\\\/#organization\",\"name\":\"Right Bite Dentures\",\"url\":\"https:\\\/\\\/www.rightbitedentures.biz\\\/\",\"logo\":{\"@type\":\"ImageObject\",\"inLanguage\":\"es\",\"@id\":\"https:\\\/\\\/www.rightbitedentures.biz\\\/#\\\/schema\\\/logo\\\/image\\\/\",\"url\":\"https:\\\/\\\/cdn.webnamesandnumbers.com\\\/wp-content\\\/uploads\\\/sites\\\/709\\\/2024\\\/01\\\/12121812\\\/cropped-image-2-1.png\",\"contentUrl\":\"https:\\\/\\\/cdn.webnamesandnumbers.com\\\/wp-content\\\/uploads\\\/sites\\\/709\\\/2024\\\/01\\\/12121812\\\/cropped-image-2-1.png\",\"width\":439,\"height\":251,\"caption\":\"Right Bite Dentures\"},\"image\":{\"@id\":\"https:\\\/\\\/www.rightbitedentures.biz\\\/#\\\/schema\\\/logo\\\/image\\\/\"}}]}<\/script>\n<!-- \/ Yoast SEO plugin. -->","yoast_head_json":{"title":"Dentista familiar en Ontario, OR","description":"Right Bite Dentures es su dentista familiar de confianza en Ontario, Oreg\u00f3n. Cont\u00e1ctenos hoy mismo y programe una cita.","robots":{"index":"index","follow":"follow","max-snippet":"max-snippet:-1","max-image-preview":"max-image-preview:large","max-video-preview":"max-video-preview:-1"},"canonical":"https:\/\/www.rightbitedentures.biz\/es\/family-dentist-ontario-oregon\/","og_locale":"es_MX","og_type":"article","og_title":"Family Dentist in Ontario, OR","og_description":"Right Bite Dentures is your locally trusted family dentist in Ontario, OR. Contact us today and schedule an appointment with us.","og_url":"https:\/\/www.rightbitedentures.biz\/es\/family-dentist-ontario-oregon\/","og_site_name":"Right Bite Dentures","article_modified_time":"2025-08-05T19:50:58+00:00","twitter_card":"summary_large_image","twitter_misc":{"Tiempo de lectura":"2 minutos"},"schema":{"@context":"https:\/\/schema.org","@graph":[{"@type":"WebPage","@id":"https:\/\/www.rightbitedentures.biz\/family-dentist-ontario-oregon\/","url":"https:\/\/www.rightbitedentures.biz\/family-dentist-ontario-oregon\/","name":"Dentista familiar en Ontario, OR","isPartOf":{"@id":"https:\/\/www.rightbitedentures.biz\/#website"},"datePublished":"2025-04-14T20:50:44+00:00","dateModified":"2025-08-05T19:50:58+00:00","description":"Right Bite Dentures es su dentista familiar de confianza en Ontario, Oreg\u00f3n. Cont\u00e1ctenos hoy mismo y programe una cita.","breadcrumb":{"@id":"https:\/\/www.rightbitedentures.biz\/family-dentist-ontario-oregon\/#breadcrumb"},"inLanguage":"es","potentialAction":[{"@type":"ReadAction","target":["https:\/\/www.rightbitedentures.biz\/family-dentist-ontario-oregon\/"]}]},{"@type":"BreadcrumbList","@id":"https:\/\/www.rightbitedentures.biz\/family-dentist-ontario-oregon\/#breadcrumb","itemListElement":[{"@type":"ListItem","position":1,"name":"Home","item":"https:\/\/www.rightbitedentures.biz\/"},{"@type":"ListItem","position":2,"name":"Family Dentist in Ontario, OR"}]},{"@type":"WebSite","@id":"https:\/\/www.rightbitedentures.biz\/#website","url":"https:\/\/www.rightbitedentures.biz\/","name":"Dentaduras postizas de mordida derecha","description":"Pr\u00f3tesis dentales con el respaldo de servicio, calidad y tecnolog\u00eda. Nos especializamos en recuperar la confianza.","publisher":{"@id":"https:\/\/www.rightbitedentures.biz\/#organization"},"potentialAction":[{"@type":"SearchAction","target":{"@type":"EntryPoint","urlTemplate":"https:\/\/www.rightbitedentures.biz\/?s={search_term_string}"},"query-input":{"@type":"PropertyValueSpecification","valueRequired":true,"valueName":"search_term_string"}}],"inLanguage":"es"},{"@type":"Organization","@id":"https:\/\/www.rightbitedentures.biz\/#organization","name":"Dentaduras postizas de mordida derecha","url":"https:\/\/www.rightbitedentures.biz\/","logo":{"@type":"ImageObject","inLanguage":"es","@id":"https:\/\/www.rightbitedentures.biz\/#\/schema\/logo\/image\/","url":"https:\/\/cdn.webnamesandnumbers.com\/wp-content\/uploads\/sites\/709\/2024\/01\/12121812\/cropped-image-2-1.png","contentUrl":"https:\/\/cdn.webnamesandnumbers.com\/wp-content\/uploads\/sites\/709\/2024\/01\/12121812\/cropped-image-2-1.png","width":439,"height":251,"caption":"Right Bite Dentures"},"image":{"@id":"https:\/\/www.rightbitedentures.biz\/#\/schema\/logo\/image\/"}}]}},"_links":{"self":[{"href":"https:\/\/www.rightbitedentures.biz\/es\/wp-json\/wp\/v2\/pages\/1255","targetHints":{"allow":["GET"]}}],"collection":[{"href":"https:\/\/www.rightbitedentures.biz\/es\/wp-json\/wp\/v2\/pages"}],"about":[{"href":"https:\/\/www.rightbitedentures.biz\/es\/wp-json\/wp\/v2\/types\/page"}],"author":[{"embeddable":true,"href":"https:\/\/www.rightbitedentures.biz\/es\/wp-json\/wp\/v2\/users\/26"}],"replies":[{"embeddable":true,"href":"https:\/\/www.rightbitedentures.biz\/es\/wp-json\/wp\/v2\/comments?post=1255"}],"version-history":[{"count":20,"href":"https:\/\/www.rightbitedentures.biz\/es\/wp-json\/wp\/v2\/pages\/1255\/revisions"}],"predecessor-version":[{"id":1280,"href":"https:\/\/www.rightbitedentures.biz\/es\/wp-json\/wp\/v2\/pages\/1255\/revisions\/1280"}],"wp:attachment":[{"href":"https:\/\/www.rightbitedentures.biz\/es\/wp-json\/wp\/v2\/media?parent=1255"}],"curies":[{"name":"gracias","href":"https:\/\/api.w.org\/{rel}","templated":true}]}}