{"id":1284,"date":"2025-05-09T14:51:07","date_gmt":"2025-05-09T14:51:07","guid":{"rendered":"https:\/\/www.rightbitedentures.biz\/?page_id=1284"},"modified":"2025-05-09T14:56:50","modified_gmt":"2025-05-09T14:56:50","slug":"denture-adjustments-ontario-or","status":"publish","type":"page","link":"https:\/\/www.rightbitedentures.biz\/es\/denture-adjustments-ontario-or\/","title":{"rendered":"Ajustes de dentaduras postizas en Ontario, OR"},"content":{"rendered":"<div data-elementor-type=\"wp-page\" data-elementor-id=\"1284\" class=\"elementor elementor-1284\" data-elementor-post-type=\"page\">\n\t\t\t\t<div class=\"elementor-element elementor-element-5800a8b e-flex e-con-boxed e-con e-parent\" data-id=\"5800a8b\" data-element_type=\"container\" data-e-type=\"container\" data-settings=\"{&quot;background_background&quot;:&quot;classic&quot;}\">\n\t\t\t\t\t<div class=\"e-con-inner\">\n\t\t<div class=\"elementor-element elementor-element-a258616 e-con-full e-flex e-con e-child\" data-id=\"a258616\" data-element_type=\"container\" data-e-type=\"container\">\n\t\t\t\t<div class=\"elementor-element elementor-element-09f571e elementor-widget elementor-widget-heading\" data-id=\"09f571e\" data-element_type=\"widget\" data-e-type=\"widget\" data-widget_type=\"heading.default\">\n\t\t\t\t<div class=\"elementor-widget-container\">\n\t\t\t\t\t<h1 class=\"elementor-heading-title elementor-size-default\">Ajustes de dentaduras postizas en Ontario, OR <\/h1>\t\t\t\t<\/div>\n\t\t\t\t<\/div>\n\t\t\t\t<div class=\"elementor-element elementor-element-a3a9721 elementor-align-left elementor-widget elementor-widget-button\" data-id=\"a3a9721\" data-element_type=\"widget\" data-e-type=\"widget\" data-widget_type=\"button.default\">\n\t\t\t\t<div class=\"elementor-widget-container\">\n\t\t\t\t\t\t\t\t\t<div class=\"elementor-button-wrapper\">\n\t\t\t\t\t<a class=\"elementor-button elementor-button-link elementor-size-sm\" href=\"https:\/\/www.rightbitedentures.biz\/es\/contact\/\">\n\t\t\t\t\t\t<span class=\"elementor-button-content-wrapper\">\n\t\t\t\t\t\t\t\t\t<span class=\"elementor-button-text\">Cont\u00e1ctenos<\/span>\n\t\t\t\t\t<\/span>\n\t\t\t\t\t<\/a>\n\t\t\t\t<\/div>\n\t\t\t\t\t\t\t\t<\/div>\n\t\t\t\t<\/div>\n\t\t\t\t<\/div>\n\t\t<div class=\"elementor-element elementor-element-ff46f6a e-con-full e-flex e-con e-child\" data-id=\"ff46f6a\" data-element_type=\"container\" data-e-type=\"container\">\n\t\t\t\t<\/div>\n\t\t\t\t\t<\/div>\n\t\t\t\t<\/div>\n\t\t<div class=\"elementor-element elementor-element-d76abf5 e-flex e-con-boxed e-con e-parent\" data-id=\"d76abf5\" data-element_type=\"container\" data-e-type=\"container\" data-settings=\"{&quot;background_background&quot;:&quot;classic&quot;}\">\n\t\t\t\t\t<div class=\"e-con-inner\">\n\t\t\t\t<div class=\"elementor-element elementor-element-cc50b93 elementor-widget__width-initial elementor-widget elementor-widget-text-editor\" data-id=\"cc50b93\" data-element_type=\"widget\" data-e-type=\"widget\" data-widget_type=\"text-editor.default\">\n\t\t\t\t<div class=\"elementor-widget-container\">\n\t\t\t\t\t\t\t\t\t<p data-pm-slice=\"1 1 []\">En Right Bite Dentures, creemos que la comodidad y la funcionalidad son esenciales para una sonrisa segura. Con el tiempo, incluso las mejores pr\u00f3tesis dentales pueden requerir ajustes para mantener su ajuste y rendimiento. Nuestro equipo de expertos en Ontario, OR, est\u00e1 aqu\u00ed para brindarle ajustes profesionales de pr\u00f3tesis dentales, garantizando que sus pr\u00f3tesis se sientan naturales y funcionen eficazmente.<\/p>\t\t\t\t\t\t\t\t<\/div>\n\t\t\t\t<\/div>\n\t\t\t\t\t<\/div>\n\t\t\t\t<\/div>\n\t\t<div class=\"elementor-element elementor-element-aa71a58 e-flex e-con-boxed e-con e-parent\" data-id=\"aa71a58\" data-element_type=\"container\" data-e-type=\"container\" data-settings=\"{&quot;background_background&quot;:&quot;classic&quot;}\">\n\t\t\t\t\t<div class=\"e-con-inner\">\n\t\t<div class=\"elementor-element elementor-element-c4b7df9 e-con-full e-flex e-con e-child\" data-id=\"c4b7df9\" data-element_type=\"container\" data-e-type=\"container\" data-settings=\"{&quot;background_background&quot;:&quot;classic&quot;}\">\n\t\t\t\t<div class=\"elementor-element elementor-element-968cb3f elementor-widget elementor-widget-heading\" data-id=\"968cb3f\" data-element_type=\"widget\" data-e-type=\"widget\" data-widget_type=\"heading.default\">\n\t\t\t\t<div class=\"elementor-widget-container\">\n\t\t\t\t\t<h2 class=\"elementor-heading-title elementor-size-default\">\u00bfPor qu\u00e9 son necesarios los ajustes de la dentadura postiza? <\/h2>\t\t\t\t<\/div>\n\t\t\t\t<\/div>\n\t\t\t\t<div class=\"elementor-element elementor-element-07fdf2a elementor-widget elementor-widget-text-editor\" data-id=\"07fdf2a\" data-element_type=\"widget\" data-e-type=\"widget\" data-widget_type=\"text-editor.default\">\n\t\t\t\t<div class=\"elementor-widget-container\">\n\t\t\t\t\t\t\t\t\t<p data-pos=\"1011\">Las dentaduras postizas est\u00e1n dise\u00f1adas para ajustarse perfectamente, pero los cambios en la estructura de las enc\u00edas y la mand\u00edbula con el tiempo pueden hacer que se aflojen o resulten inc\u00f3modas. Los ajustes regulares ayudan a:<\/p><ul data-pos=\"1182\"><li data-pos=\"1182\">Mejora la comodidad y el ajuste<\/li><li data-pos=\"1208\">Prevenir las zonas doloridas y la irritaci\u00f3n.<\/li><li data-pos=\"1244\">Mantener la eficiencia de la masticaci\u00f3n<\/li><li data-pos=\"1274\">Prolonga la vida de tus dentaduras postizas<\/li><li data-pos=\"1310\">Apoya la salud bucal previniendo una mayor p\u00e9rdida \u00f3sea<\/li><\/ul>\t\t\t\t\t\t\t\t<\/div>\n\t\t\t\t<\/div>\n\t\t\t\t<div class=\"elementor-element elementor-element-0b6894e elementor-widget elementor-widget-heading\" data-id=\"0b6894e\" data-element_type=\"widget\" data-e-type=\"widget\" data-widget_type=\"heading.default\">\n\t\t\t\t<div class=\"elementor-widget-container\">\n\t\t\t\t\t<h2 class=\"elementor-heading-title elementor-size-default\">Nuestros servicios de ajuste de dentaduras postizas <\/h2>\t\t\t\t<\/div>\n\t\t\t\t<\/div>\n\t\t\t\t<div class=\"elementor-element elementor-element-f356cde elementor-widget elementor-widget-text-editor\" data-id=\"f356cde\" data-element_type=\"widget\" data-e-type=\"widget\" data-widget_type=\"text-editor.default\">\n\t\t\t\t<div class=\"elementor-widget-container\">\n\t\t\t\t\t\t\t\t\t<ul data-pos=\"1401\"><li data-pos=\"1401\"><strong data-pos=\"1405\">Revestimiento y rebase:<\/strong>\u00a0Para remodelar sus dentaduras postizas para un mejor ajuste.<\/li><li data-pos=\"1473\"><strong data-pos=\"1477\">Reparaciones menores:<\/strong>\u00a0Reparaci\u00f3n de grietas, astillas u otros peque\u00f1os da\u00f1os durante el proceso de ajuste.<\/li><li data-pos=\"1570\"><strong data-pos=\"1574\">Correcci\u00f3n del punto de presi\u00f3n:<\/strong>\u00a0Eliminaci\u00f3n de zonas doloridas ajustando cuidadosamente la superficie de la dentadura.<\/li><li data-pos=\"1677\"><strong data-pos=\"1681\">Cuidado y mantenimiento continuo:<\/strong>\u00a0Revisiones peri\u00f3dicas para mantener tu dentadura postiza en \u00f3ptimas condiciones.<\/li><\/ul>\t\t\t\t\t\t\t\t<\/div>\n\t\t\t\t<\/div>\n\t\t\t\t<div class=\"elementor-element elementor-element-3caa35b elementor-widget elementor-widget-heading\" data-id=\"3caa35b\" data-element_type=\"widget\" data-e-type=\"widget\" data-widget_type=\"heading.default\">\n\t\t\t\t<div class=\"elementor-widget-container\">\n\t\t\t\t\t<h2 class=\"elementor-heading-title elementor-size-default\">Cuidado confiable de pr\u00f3tesis dentales en Ontario, OR <\/h2>\t\t\t\t<\/div>\n\t\t\t\t<\/div>\n\t\t\t\t<div class=\"elementor-element elementor-element-b0474c7 elementor-widget elementor-widget-text-editor\" data-id=\"b0474c7\" data-element_type=\"widget\" data-e-type=\"widget\" data-widget_type=\"text-editor.default\">\n\t\t\t\t<div class=\"elementor-widget-container\">\n\t\t\t\t\t\t\t\t\t<ul data-pos=\"1401\"><li data-pos=\"1815\"><strong data-pos=\"1819\">Especialistas experimentados:<\/strong>\u00a0Nuestro equipo aporta a\u00f1os de experiencia en la elaboraci\u00f3n, adaptaci\u00f3n y ajuste de dentaduras postizas con precisi\u00f3n y cuidado.<\/li><li data-pos=\"1951\"><strong data-pos=\"1955\">Atenci\u00f3n personalizada:<\/strong>\u00a0Escuchamos tus inquietudes y personalizamos cada ajuste para garantizar la m\u00e1xima comodidad.<\/li><li data-pos=\"2065\"><strong data-pos=\"2069\">Respuesta r\u00e1pida:<\/strong>\u00a0La mayor\u00eda de los ajustes se pueden completar el mismo d\u00eda, minimizando las interrupciones en su vida diaria.<\/li><li data-pos=\"2179\"><strong data-pos=\"2183\">Atenci\u00f3n compasiva:<\/strong>\u00a0Priorizamos su comodidad y satisfacci\u00f3n en cada paso del camino.<\/li><\/ul>\t\t\t\t\t\t\t\t<\/div>\n\t\t\t\t<\/div>\n\t\t\t\t<\/div>\n\t\t\t\t\t<\/div>\n\t\t\t\t<\/div>\n\t\t<div class=\"elementor-element elementor-element-d859baf e-flex e-con-boxed e-con e-parent\" data-id=\"d859baf\" data-element_type=\"container\" data-e-type=\"container\" data-settings=\"{&quot;background_background&quot;:&quot;classic&quot;}\">\n\t\t\t\t\t<div class=\"e-con-inner\">\n\t\t\t\t<div class=\"elementor-element elementor-element-0fb22ee elementor-widget__width-initial elementor-widget elementor-widget-text-editor\" data-id=\"0fb22ee\" data-element_type=\"widget\" data-e-type=\"widget\" data-widget_type=\"text-editor.default\">\n\t\t\t\t<div class=\"elementor-widget-container\">\n\t\t\t\t\t\t\t\t\t<h2><span style=\"font-family: -apple-system, BlinkMacSystemFont, 'Segoe UI', Roboto, 'Helvetica Neue', Arial, 'Noto Sans', sans-serif, 'Apple Color Emoji', 'Segoe UI Emoji', 'Segoe UI Symbol', 'Noto Color Emoji';\">\u00a1Programe una cita hoy!<\/span><\/h2><p>No permita que unas pr\u00f3tesis dentales mal ajustadas afecten su calidad de vida. Conf\u00ede en los expertos de Right Bite Dentures en Ontario, OR, para recuperar la comodidad y la confianza que merece.<\/p>\t\t\t\t\t\t\t\t<\/div>\n\t\t\t\t<\/div>\n\t\t\t\t\t<\/div>\n\t\t\t\t<\/div>\n\t\t\t\t<\/div>","protected":false},"excerpt":{"rendered":"<p>Denture Adjustments in Ontario, OR Contact Us At Right Bite Dentures, we believe that comfort and function are essential for a confident smile. Over time, even the best dentures can require adjustments to maintain their fit and performance. Our experienced team in Ontario, OR, is here to provide expert denture adjustments, ensuring your dentures continue [&hellip;]<\/p>\n","protected":false},"author":11,"featured_media":0,"parent":0,"menu_order":0,"comment_status":"closed","ping_status":"closed","template":"","meta":{"footnotes":""},"class_list":["post-1284","page","type-page","status-publish","hentry"],"yoast_head":"<!-- This site is optimized with the Yoast SEO plugin v27.3 - https:\/\/yoast.com\/product\/yoast-seo-wordpress\/ -->\n<title>Denture Adjustments in Ontario, OR | Right Bite Dentures<\/title>\n<meta name=\"description\" content=\"Discover exceptional denture adjustments in Ontario, OR with Right Bite Dentures. We specialize in restoring confidence with quality, service, and state-of-the-art technology. Contact us to transform your smile today!\" \/>\n<meta name=\"robots\" content=\"index, follow, max-snippet:-1, max-image-preview:large, max-video-preview:-1\" \/>\n<link rel=\"canonical\" href=\"https:\/\/www.rightbitedentures.biz\/es\/denture-adjustments-ontario-or\/\" \/>\n<meta property=\"og:locale\" content=\"es_MX\" \/>\n<meta property=\"og:type\" content=\"article\" \/>\n<meta property=\"og:title\" content=\"Denture Adjustments in Ontario, OR | Right Bite Dentures\" \/>\n<meta property=\"og:description\" content=\"Discover exceptional denture adjustments in Ontario, OR with Right Bite Dentures. We specialize in restoring confidence with quality, service, and state-of-the-art technology. Contact us to transform your smile today!\" \/>\n<meta property=\"og:url\" content=\"https:\/\/www.rightbitedentures.biz\/es\/denture-adjustments-ontario-or\/\" \/>\n<meta property=\"og:site_name\" content=\"Right Bite Dentures\" \/>\n<meta property=\"article:modified_time\" content=\"2025-05-09T14:56:50+00:00\" \/>\n<meta name=\"twitter:card\" content=\"summary_large_image\" \/>\n<meta name=\"twitter:label1\" content=\"Tiempo de lectura\" \/>\n\t<meta name=\"twitter:data1\" content=\"2 minutos\" \/>\n<script type=\"application\/ld+json\" class=\"yoast-schema-graph\">{\"@context\":\"https:\\\/\\\/schema.org\",\"@graph\":[{\"@type\":\"WebPage\",\"@id\":\"https:\\\/\\\/www.rightbitedentures.biz\\\/denture-adjustments-ontario-or\\\/\",\"url\":\"https:\\\/\\\/www.rightbitedentures.biz\\\/denture-adjustments-ontario-or\\\/\",\"name\":\"Denture Adjustments in Ontario, OR | Right Bite Dentures\",\"isPartOf\":{\"@id\":\"https:\\\/\\\/www.rightbitedentures.biz\\\/#website\"},\"datePublished\":\"2025-05-09T14:51:07+00:00\",\"dateModified\":\"2025-05-09T14:56:50+00:00\",\"description\":\"Discover exceptional denture adjustments in Ontario, OR with Right Bite Dentures. We specialize in restoring confidence with quality, service, and state-of-the-art technology. Contact us to transform your smile today!\",\"breadcrumb\":{\"@id\":\"https:\\\/\\\/www.rightbitedentures.biz\\\/denture-adjustments-ontario-or\\\/#breadcrumb\"},\"inLanguage\":\"es\",\"potentialAction\":[{\"@type\":\"ReadAction\",\"target\":[\"https:\\\/\\\/www.rightbitedentures.biz\\\/denture-adjustments-ontario-or\\\/\"]}]},{\"@type\":\"BreadcrumbList\",\"@id\":\"https:\\\/\\\/www.rightbitedentures.biz\\\/denture-adjustments-ontario-or\\\/#breadcrumb\",\"itemListElement\":[{\"@type\":\"ListItem\",\"position\":1,\"name\":\"Home\",\"item\":\"https:\\\/\\\/www.rightbitedentures.biz\\\/\"},{\"@type\":\"ListItem\",\"position\":2,\"name\":\"Denture Adjustments in Ontario, OR\"}]},{\"@type\":\"WebSite\",\"@id\":\"https:\\\/\\\/www.rightbitedentures.biz\\\/#website\",\"url\":\"https:\\\/\\\/www.rightbitedentures.biz\\\/\",\"name\":\"Right Bite Dentures\",\"description\":\"Dentures backed by Service, Quality and Technology. We specialize in restoring confidence.\",\"publisher\":{\"@id\":\"https:\\\/\\\/www.rightbitedentures.biz\\\/#organization\"},\"potentialAction\":[{\"@type\":\"SearchAction\",\"target\":{\"@type\":\"EntryPoint\",\"urlTemplate\":\"https:\\\/\\\/www.rightbitedentures.biz\\\/?s={search_term_string}\"},\"query-input\":{\"@type\":\"PropertyValueSpecification\",\"valueRequired\":true,\"valueName\":\"search_term_string\"}}],\"inLanguage\":\"es\"},{\"@type\":\"Organization\",\"@id\":\"https:\\\/\\\/www.rightbitedentures.biz\\\/#organization\",\"name\":\"Right Bite Dentures\",\"url\":\"https:\\\/\\\/www.rightbitedentures.biz\\\/\",\"logo\":{\"@type\":\"ImageObject\",\"inLanguage\":\"es\",\"@id\":\"https:\\\/\\\/www.rightbitedentures.biz\\\/#\\\/schema\\\/logo\\\/image\\\/\",\"url\":\"https:\\\/\\\/cdn.webnamesandnumbers.com\\\/wp-content\\\/uploads\\\/sites\\\/709\\\/2024\\\/01\\\/12121812\\\/cropped-image-2-1.png\",\"contentUrl\":\"https:\\\/\\\/cdn.webnamesandnumbers.com\\\/wp-content\\\/uploads\\\/sites\\\/709\\\/2024\\\/01\\\/12121812\\\/cropped-image-2-1.png\",\"width\":439,\"height\":251,\"caption\":\"Right Bite Dentures\"},\"image\":{\"@id\":\"https:\\\/\\\/www.rightbitedentures.biz\\\/#\\\/schema\\\/logo\\\/image\\\/\"}}]}<\/script>\n<!-- \/ Yoast SEO plugin. -->","yoast_head_json":{"title":"Ajustes de pr\u00f3tesis dentales en Ontario, OR | Pr\u00f3tesis dentales con mordida correcta","description":"Descubra ajustes excepcionales de pr\u00f3tesis dentales en Ontario, OR con Right Bite Dentures. Nos especializamos en recuperar la confianza con calidad, servicio y tecnolog\u00eda de vanguardia. \u00a1Cont\u00e1ctenos hoy mismo para transformar su sonrisa!","robots":{"index":"index","follow":"follow","max-snippet":"max-snippet:-1","max-image-preview":"max-image-preview:large","max-video-preview":"max-video-preview:-1"},"canonical":"https:\/\/www.rightbitedentures.biz\/es\/denture-adjustments-ontario-or\/","og_locale":"es_MX","og_type":"article","og_title":"Denture Adjustments in Ontario, OR | Right Bite Dentures","og_description":"Discover exceptional denture adjustments in Ontario, OR with Right Bite Dentures. We specialize in restoring confidence with quality, service, and state-of-the-art technology. Contact us to transform your smile today!","og_url":"https:\/\/www.rightbitedentures.biz\/es\/denture-adjustments-ontario-or\/","og_site_name":"Right Bite Dentures","article_modified_time":"2025-05-09T14:56:50+00:00","twitter_card":"summary_large_image","twitter_misc":{"Tiempo de lectura":"2 minutos"},"schema":{"@context":"https:\/\/schema.org","@graph":[{"@type":"WebPage","@id":"https:\/\/www.rightbitedentures.biz\/denture-adjustments-ontario-or\/","url":"https:\/\/www.rightbitedentures.biz\/denture-adjustments-ontario-or\/","name":"Ajustes de pr\u00f3tesis dentales en Ontario, OR | Pr\u00f3tesis dentales con mordida correcta","isPartOf":{"@id":"https:\/\/www.rightbitedentures.biz\/#website"},"datePublished":"2025-05-09T14:51:07+00:00","dateModified":"2025-05-09T14:56:50+00:00","description":"Descubra ajustes excepcionales de pr\u00f3tesis dentales en Ontario, OR con Right Bite Dentures. Nos especializamos en recuperar la confianza con calidad, servicio y tecnolog\u00eda de vanguardia. \u00a1Cont\u00e1ctenos hoy mismo para transformar su sonrisa!","breadcrumb":{"@id":"https:\/\/www.rightbitedentures.biz\/denture-adjustments-ontario-or\/#breadcrumb"},"inLanguage":"es","potentialAction":[{"@type":"ReadAction","target":["https:\/\/www.rightbitedentures.biz\/denture-adjustments-ontario-or\/"]}]},{"@type":"BreadcrumbList","@id":"https:\/\/www.rightbitedentures.biz\/denture-adjustments-ontario-or\/#breadcrumb","itemListElement":[{"@type":"ListItem","position":1,"name":"Home","item":"https:\/\/www.rightbitedentures.biz\/"},{"@type":"ListItem","position":2,"name":"Denture Adjustments in Ontario, OR"}]},{"@type":"WebSite","@id":"https:\/\/www.rightbitedentures.biz\/#website","url":"https:\/\/www.rightbitedentures.biz\/","name":"Dentaduras postizas de mordida derecha","description":"Pr\u00f3tesis dentales con el respaldo de servicio, calidad y tecnolog\u00eda. Nos especializamos en recuperar la confianza.","publisher":{"@id":"https:\/\/www.rightbitedentures.biz\/#organization"},"potentialAction":[{"@type":"SearchAction","target":{"@type":"EntryPoint","urlTemplate":"https:\/\/www.rightbitedentures.biz\/?s={search_term_string}"},"query-input":{"@type":"PropertyValueSpecification","valueRequired":true,"valueName":"search_term_string"}}],"inLanguage":"es"},{"@type":"Organization","@id":"https:\/\/www.rightbitedentures.biz\/#organization","name":"Dentaduras postizas de mordida derecha","url":"https:\/\/www.rightbitedentures.biz\/","logo":{"@type":"ImageObject","inLanguage":"es","@id":"https:\/\/www.rightbitedentures.biz\/#\/schema\/logo\/image\/","url":"https:\/\/cdn.webnamesandnumbers.com\/wp-content\/uploads\/sites\/709\/2024\/01\/12121812\/cropped-image-2-1.png","contentUrl":"https:\/\/cdn.webnamesandnumbers.com\/wp-content\/uploads\/sites\/709\/2024\/01\/12121812\/cropped-image-2-1.png","width":439,"height":251,"caption":"Right Bite Dentures"},"image":{"@id":"https:\/\/www.rightbitedentures.biz\/#\/schema\/logo\/image\/"}}]}},"_links":{"self":[{"href":"https:\/\/www.rightbitedentures.biz\/es\/wp-json\/wp\/v2\/pages\/1284","targetHints":{"allow":["GET"]}}],"collection":[{"href":"https:\/\/www.rightbitedentures.biz\/es\/wp-json\/wp\/v2\/pages"}],"about":[{"href":"https:\/\/www.rightbitedentures.biz\/es\/wp-json\/wp\/v2\/types\/page"}],"author":[{"embeddable":true,"href":"https:\/\/www.rightbitedentures.biz\/es\/wp-json\/wp\/v2\/users\/11"}],"replies":[{"embeddable":true,"href":"https:\/\/www.rightbitedentures.biz\/es\/wp-json\/wp\/v2\/comments?post=1284"}],"version-history":[{"count":10,"href":"https:\/\/www.rightbitedentures.biz\/es\/wp-json\/wp\/v2\/pages\/1284\/revisions"}],"predecessor-version":[{"id":1294,"href":"https:\/\/www.rightbitedentures.biz\/es\/wp-json\/wp\/v2\/pages\/1284\/revisions\/1294"}],"wp:attachment":[{"href":"https:\/\/www.rightbitedentures.biz\/es\/wp-json\/wp\/v2\/media?parent=1284"}],"curies":[{"name":"gracias","href":"https:\/\/api.w.org\/{rel}","templated":true}]}}