{"id":1297,"date":"2025-06-05T13:48:27","date_gmt":"2025-06-05T13:48:27","guid":{"rendered":"https:\/\/www.rightbitedentures.biz\/?page_id=1297"},"modified":"2025-08-05T18:19:58","modified_gmt":"2025-08-05T18:19:58","slug":"sleep-apnea-devices-ontario-or","status":"publish","type":"page","link":"https:\/\/www.rightbitedentures.biz\/es\/sleep-apnea-devices-ontario-or\/","title":{"rendered":"\u00a0Dispositivos para la apnea del sue\u00f1o en Ontario, OR"},"content":{"rendered":"<div data-elementor-type=\"wp-page\" data-elementor-id=\"1297\" class=\"elementor elementor-1297\" data-elementor-post-type=\"page\">\n\t\t\t\t<div class=\"elementor-element elementor-element-2968af8 e-flex e-con-boxed e-con e-parent\" data-id=\"2968af8\" data-element_type=\"container\" data-e-type=\"container\" data-settings=\"{&quot;background_background&quot;:&quot;classic&quot;}\">\n\t\t\t\t\t<div class=\"e-con-inner\">\n\t\t<div class=\"elementor-element elementor-element-218c38c4 e-con-full e-flex e-con e-child\" data-id=\"218c38c4\" data-element_type=\"container\" data-e-type=\"container\">\n\t\t\t\t<div class=\"elementor-element elementor-element-2f1cecd elementor-widget elementor-widget-heading\" data-id=\"2f1cecd\" data-element_type=\"widget\" data-e-type=\"widget\" data-widget_type=\"heading.default\">\n\t\t\t\t<div class=\"elementor-widget-container\">\n\t\t\t\t\t<h2 class=\"elementor-heading-title elementor-size-default\"><span style=\"font-family: var( --e-global-typography-primary-font-family ), Sans-serif;font-size: var( --e-global-typography-primary-font-size );font-weight: var( --e-global-typography-primary-font-weight )\">Dispositivos para la apnea del sue\u00f1o<\/span> en Ontario, Oreg\u00f3n<\/h2>\t\t\t\t<\/div>\n\t\t\t\t<\/div>\n\t\t\t\t<div class=\"elementor-element elementor-element-72b1661 elementor-align-left elementor-widget elementor-widget-button\" data-id=\"72b1661\" data-element_type=\"widget\" data-e-type=\"widget\" data-widget_type=\"button.default\">\n\t\t\t\t<div class=\"elementor-widget-container\">\n\t\t\t\t\t\t\t\t\t<div class=\"elementor-button-wrapper\">\n\t\t\t\t\t<a class=\"elementor-button elementor-button-link elementor-size-sm\" href=\"https:\/\/www.rightbitedentures.biz\/es\/contact\/\">\n\t\t\t\t\t\t<span class=\"elementor-button-content-wrapper\">\n\t\t\t\t\t\t\t\t\t<span class=\"elementor-button-text\">Cont\u00e1ctenos<\/span>\n\t\t\t\t\t<\/span>\n\t\t\t\t\t<\/a>\n\t\t\t\t<\/div>\n\t\t\t\t\t\t\t\t<\/div>\n\t\t\t\t<\/div>\n\t\t\t\t<\/div>\n\t\t<div class=\"elementor-element elementor-element-2ce7badf e-con-full e-flex e-con e-child\" data-id=\"2ce7badf\" data-element_type=\"container\" data-e-type=\"container\">\n\t\t\t\t<\/div>\n\t\t\t\t\t<\/div>\n\t\t\t\t<\/div>\n\t\t<div class=\"elementor-element elementor-element-1f54dd38 e-flex e-con-boxed e-con e-parent\" data-id=\"1f54dd38\" data-element_type=\"container\" data-e-type=\"container\" data-settings=\"{&quot;background_background&quot;:&quot;classic&quot;}\">\n\t\t\t\t\t<div class=\"e-con-inner\">\n\t\t\t\t<div class=\"elementor-element elementor-element-1785919b elementor-widget__width-initial elementor-widget elementor-widget-text-editor\" data-id=\"1785919b\" data-element_type=\"widget\" data-e-type=\"widget\" data-widget_type=\"text-editor.default\">\n\t\t\t\t<div class=\"elementor-widget-container\">\n\t\t\t\t\t\t\t\t\t<p data-start=\"416\" data-end=\"478\"><strong data-start=\"416\" data-end=\"478\">Soluciones c\u00f3modas y personalizadas de Right Bite Dentures<\/strong><\/p><p data-start=\"480\" data-end=\"910\">Si sufre de ronquidos fuertes, noches sin dormir o se despierta cansado a pesar de haber dormido bien, la apnea del sue\u00f1o podr\u00eda ser la causa. En Right Bite Dentures en Ontario, OR, ofrecemos dispositivos bucales a medida dise\u00f1ados para reducir los efectos de la apnea obstructiva del sue\u00f1o (AOS) sin necesidad de aparatos voluminosos de CPAP. Nuestro equipo le ofrece atenci\u00f3n personalizada y ajustes precisos para ayudarle a dormir pl\u00e1cidamente y respirar mejor.<\/p>\t\t\t\t\t\t\t\t<\/div>\n\t\t\t\t<\/div>\n\t\t\t\t\t<\/div>\n\t\t\t\t<\/div>\n\t\t<div class=\"elementor-element elementor-element-28c0bcd e-flex e-con-boxed e-con e-parent\" data-id=\"28c0bcd\" data-element_type=\"container\" data-e-type=\"container\" data-settings=\"{&quot;background_background&quot;:&quot;classic&quot;}\">\n\t\t\t\t\t<div class=\"e-con-inner\">\n\t\t<div class=\"elementor-element elementor-element-6e67bd8 e-con-full e-flex e-con e-child\" data-id=\"6e67bd8\" data-element_type=\"container\" data-e-type=\"container\" data-settings=\"{&quot;background_background&quot;:&quot;classic&quot;}\">\n\t\t\t\t<div class=\"elementor-element elementor-element-16f44a7 elementor-widget elementor-widget-heading\" data-id=\"16f44a7\" data-element_type=\"widget\" data-e-type=\"widget\" data-widget_type=\"heading.default\">\n\t\t\t\t<div class=\"elementor-widget-container\">\n\t\t\t\t\t<h2 class=\"elementor-heading-title elementor-size-default\">\u00bfQu\u00e9 es la apnea del sue\u00f1o?\n<\/h2>\t\t\t\t<\/div>\n\t\t\t\t<\/div>\n\t\t\t\t<div class=\"elementor-element elementor-element-5ddb024 elementor-widget elementor-widget-text-editor\" data-id=\"5ddb024\" data-element_type=\"widget\" data-e-type=\"widget\" data-widget_type=\"text-editor.default\">\n\t\t\t\t<div class=\"elementor-widget-container\">\n\t\t\t\t\t\t\t\t\t<p data-start=\"942\" data-end=\"1234\">La apnea obstructiva del sue\u00f1o es una afecci\u00f3n com\u00fan en la que los m\u00fasculos de la parte posterior de la garganta se relajan durante el sue\u00f1o, bloqueando las v\u00edas respiratorias y provocando pausas repetidas en la respiraci\u00f3n. Estas interrupciones no solo alteran el ciclo del sue\u00f1o, sino que tambi\u00e9n suponen un estr\u00e9s a largo plazo para el coraz\u00f3n y la salud en general.<\/p><p data-start=\"1236\" data-end=\"1257\">Los s\u00edntomas pueden incluir:<\/p>\t\t\t\t\t\t\t\t<\/div>\n\t\t\t\t<\/div>\n\t\t\t\t<div class=\"elementor-element elementor-element-d9d0555 elementor-widget elementor-widget-text-editor\" data-id=\"d9d0555\" data-element_type=\"widget\" data-e-type=\"widget\" data-widget_type=\"text-editor.default\">\n\t\t\t\t<div class=\"elementor-widget-container\">\n\t\t\t\t\t\t\t\t\t<ul><li data-start=\"1261\" data-end=\"1287\">Ronquidos fuertes y persistentes<\/li><li data-start=\"1290\" data-end=\"1317\">Despertar jadeando por aire<\/li><li data-start=\"1320\" data-end=\"1347\">Fatiga diurna excesiva<\/li><li data-start=\"1350\" data-end=\"1369\">Dolores de cabeza matutinos<\/li><li data-start=\"1372\" data-end=\"1398\">Dificultad para concentrarse<\/li><\/ul>\t\t\t\t\t\t\t\t<\/div>\n\t\t\t\t<\/div>\n\t\t\t\t<div class=\"elementor-element elementor-element-aa367f6 elementor-widget elementor-widget-text-editor\" data-id=\"aa367f6\" data-element_type=\"widget\" data-e-type=\"widget\" data-widget_type=\"text-editor.default\">\n\t\t\t\t<div class=\"elementor-widget-container\">\n\t\t\t\t\t\t\t\t\tSi usted o su pareja notan estos signos, es importante buscar tratamiento.\t\t\t\t\t\t\t\t<\/div>\n\t\t\t\t<\/div>\n\t\t\t\t<\/div>\n\t\t\t\t\t<\/div>\n\t\t\t\t<\/div>\n\t\t<div class=\"elementor-element elementor-element-6fd13d3 e-flex e-con-boxed e-con e-parent\" data-id=\"6fd13d3\" data-element_type=\"container\" data-e-type=\"container\">\n\t\t\t\t\t<div class=\"e-con-inner\">\n\t\t<div class=\"elementor-element elementor-element-938b1bd e-con-full e-flex e-con e-child\" data-id=\"938b1bd\" data-element_type=\"container\" data-e-type=\"container\" data-settings=\"{&quot;background_background&quot;:&quot;classic&quot;}\">\n\t\t\t\t<div class=\"elementor-element elementor-element-a0cdef2 elementor-widget elementor-widget-heading\" data-id=\"a0cdef2\" data-element_type=\"widget\" data-e-type=\"widget\" data-widget_type=\"heading.default\">\n\t\t\t\t<div class=\"elementor-widget-container\">\n\t\t\t\t\t<h2 class=\"elementor-heading-title elementor-size-default\">Dispositivos orales para la apnea del sue\u00f1o: una alternativa sencilla a la CPAP\n<\/h2>\t\t\t\t<\/div>\n\t\t\t\t<\/div>\n\t\t\t\t<div class=\"elementor-element elementor-element-4788df8 elementor-widget__width-initial elementor-widget elementor-widget-text-editor\" data-id=\"4788df8\" data-element_type=\"widget\" data-e-type=\"widget\" data-widget_type=\"text-editor.default\">\n\t\t\t\t<div class=\"elementor-widget-container\">\n\t\t\t\t\t\t\t\t\t<p data-start=\"1542\" data-end=\"1750\">Las m\u00e1quinas CPAP son una soluci\u00f3n est\u00e1ndar para la apnea del sue\u00f1o, pero no son para todos. Muchas personas las encuentran ruidosas, inc\u00f3modas o inc\u00f3modas de usar de forma constante. Ah\u00ed es donde entran en juego los dispositivos orales para el sue\u00f1o.<\/p><p data-start=\"1752\" data-end=\"1912\">En Right Bite Dentures, ofrecemos <strong data-start=\"1785\" data-end=\"1811\">aparatos bucales personalizados<\/strong> que reposicionan suavemente la mand\u00edbula y la lengua para mantener la v\u00eda respiratoria abierta durante el sue\u00f1o. Estos dispositivos son:<\/p><ul><li style=\"text-align: left;\" data-start=\"1916\" data-end=\"1950\"><strong data-start=\"1916\" data-end=\"1933\">Hecho a medida<\/strong> para tu boca<\/li><li style=\"text-align: left;\" data-start=\"1953\" data-end=\"1979\"><strong data-start=\"1953\" data-end=\"1977\">Compacto y port\u00e1til<\/strong><\/li><li style=\"text-align: left;\" data-start=\"1982\" data-end=\"2006\"><strong data-start=\"1982\" data-end=\"2004\">Tranquilo y discreto<\/strong><\/li><li style=\"text-align: left;\" data-start=\"2009\" data-end=\"2044\"><strong data-start=\"2009\" data-end=\"2042\">C\u00f3modo de llevar toda la noche.<\/strong><\/li><li style=\"text-align: left;\" data-start=\"2047\" data-end=\"2077\"><strong data-start=\"2047\" data-end=\"2077\">F\u00e1cil de limpiar y mantener.<\/strong><\/li><\/ul><p data-start=\"2079\" data-end=\"2172\">Son ideales para personas con AOS leve a moderada o que no pueden tolerar la terapia CPAP.<\/p>\t\t\t\t\t\t\t\t<\/div>\n\t\t\t\t<\/div>\n\t\t\t\t<\/div>\n\t\t\t\t\t<\/div>\n\t\t\t\t<\/div>\n\t\t<div class=\"elementor-element elementor-element-7da261a9 e-flex e-con-boxed e-con e-parent\" data-id=\"7da261a9\" data-element_type=\"container\" data-e-type=\"container\" data-settings=\"{&quot;background_background&quot;:&quot;classic&quot;}\">\n\t\t\t\t\t<div class=\"e-con-inner\">\n\t\t\t\t<div class=\"elementor-element elementor-element-3c85c189 elementor-widget elementor-widget-image\" data-id=\"3c85c189\" data-element_type=\"widget\" data-e-type=\"widget\" data-widget_type=\"image.default\">\n\t\t\t\t<div class=\"elementor-widget-container\">\n\t\t\t\t\t\t\t\t\t\t\t\t\t\t\t<img decoding=\"async\" width=\"90\" height=\"91\" src=\"https:\/\/cdn.webnamesandnumbers.com\/wp-content\/uploads\/sites\/709\/2024\/01\/12121055\/vaadin_dental-chair.png\" class=\"attachment-large size-large wp-image-106\" alt=\"Dental Chair\" \/>\t\t\t\t\t\t\t\t\t\t\t\t\t\t\t<\/div>\n\t\t\t\t<\/div>\n\t\t\t\t<div class=\"elementor-element elementor-element-20d1eac1 elementor-widget__width-initial elementor-widget elementor-widget-text-editor\" data-id=\"20d1eac1\" data-element_type=\"widget\" data-e-type=\"widget\" data-widget_type=\"text-editor.default\">\n\t\t\t\t<div class=\"elementor-widget-container\">\n\t\t\t\t\t\t\t\t\t<h2 data-start=\"3464\" data-end=\"3494\">Empieza a dormir mejor hoy<\/h2><p data-start=\"3496\" data-end=\"3705\">La apnea del sue\u00f1o no es solo un problema nocturno; afecta tu estado de \u00e1nimo, energ\u00eda y salud a diario. Si est\u00e1s listo para explorar una alternativa a la CPAP c\u00f3moda y eficaz, Right Bite Dentures est\u00e1 aqu\u00ed para ayudarte.<\/p><p data-start=\"3707\" data-end=\"3805\"><strong data-start=\"3707\" data-end=\"3727\">Cont\u00e1ctanos hoy<\/strong> para programar su consulta para un dispositivo de apnea del sue\u00f1o personalizado en Ontario, OR.<\/p>\t\t\t\t\t\t\t\t<\/div>\n\t\t\t\t<\/div>\n\t\t\t\t\t<\/div>\n\t\t\t\t<\/div>\n\t\t\t\t<\/div>","protected":false},"excerpt":{"rendered":"<p>Sleep Apnea Devices in Ontario, OR Contact Us Comfortable, Custom-Fit Solutions from Right Bite Dentures If you\u2019re struggling with loud snoring, restless nights, or waking up feeling tired despite a full night\u2019s sleep, sleep apnea could be the cause. At Right Bite Dentures in Ontario, OR, we offer custom-made oral devices designed to reduce the [&hellip;]<\/p>\n","protected":false},"author":26,"featured_media":0,"parent":0,"menu_order":0,"comment_status":"closed","ping_status":"closed","template":"elementor_header_footer","meta":{"footnotes":""},"class_list":["post-1297","page","type-page","status-publish","hentry"],"yoast_head":"<!-- This site is optimized with the Yoast SEO plugin v27.3 - https:\/\/yoast.com\/product\/yoast-seo-wordpress\/ -->\n<title>Sleep Apnea Devices in Ontario, OR<\/title>\n<meta name=\"description\" content=\"Custom oral sleep apnea appliances from Right Bite Dentures in Ontario, OR. Comfortable, non-CPAP solutions that help you sleep better.\" \/>\n<meta name=\"robots\" content=\"index, follow, max-snippet:-1, max-image-preview:large, max-video-preview:-1\" \/>\n<link rel=\"canonical\" href=\"https:\/\/www.rightbitedentures.biz\/es\/sleep-apnea-devices-ontario-or\/\" \/>\n<meta property=\"og:locale\" content=\"es_MX\" \/>\n<meta property=\"og:type\" content=\"article\" \/>\n<meta property=\"og:title\" content=\"Sleep Apnea Devices in Ontario, OR\" \/>\n<meta property=\"og:description\" content=\"Custom oral sleep apnea appliances from Right Bite Dentures in Ontario, OR. Comfortable, non-CPAP solutions that help you sleep better.\" \/>\n<meta property=\"og:url\" content=\"https:\/\/www.rightbitedentures.biz\/es\/sleep-apnea-devices-ontario-or\/\" \/>\n<meta property=\"og:site_name\" content=\"Right Bite Dentures\" \/>\n<meta property=\"article:modified_time\" content=\"2025-08-05T18:19:58+00:00\" \/>\n<meta property=\"og:image\" content=\"https:\/\/www.rightbitedentures.biz\/wp-content\/uploads\/sites\/709\/2024\/01\/vaadin_dental-chair.png\" \/>\n<meta name=\"twitter:card\" content=\"summary_large_image\" \/>\n<meta name=\"twitter:label1\" content=\"Tiempo de lectura\" \/>\n\t<meta name=\"twitter:data1\" content=\"2 minutos\" \/>\n<script type=\"application\/ld+json\" class=\"yoast-schema-graph\">{\"@context\":\"https:\\\/\\\/schema.org\",\"@graph\":[{\"@type\":\"WebPage\",\"@id\":\"https:\\\/\\\/www.rightbitedentures.biz\\\/sleep-apnea-devices-ontario-or\\\/\",\"url\":\"https:\\\/\\\/www.rightbitedentures.biz\\\/sleep-apnea-devices-ontario-or\\\/\",\"name\":\"Sleep Apnea Devices in Ontario, OR\",\"isPartOf\":{\"@id\":\"https:\\\/\\\/www.rightbitedentures.biz\\\/#website\"},\"primaryImageOfPage\":{\"@id\":\"https:\\\/\\\/www.rightbitedentures.biz\\\/sleep-apnea-devices-ontario-or\\\/#primaryimage\"},\"image\":{\"@id\":\"https:\\\/\\\/www.rightbitedentures.biz\\\/sleep-apnea-devices-ontario-or\\\/#primaryimage\"},\"thumbnailUrl\":\"https:\\\/\\\/www.rightbitedentures.biz\\\/wp-content\\\/uploads\\\/sites\\\/709\\\/2024\\\/01\\\/vaadin_dental-chair.png\",\"datePublished\":\"2025-06-05T13:48:27+00:00\",\"dateModified\":\"2025-08-05T18:19:58+00:00\",\"description\":\"Custom oral sleep apnea appliances from Right Bite Dentures in Ontario, OR. Comfortable, non-CPAP solutions that help you sleep better.\",\"breadcrumb\":{\"@id\":\"https:\\\/\\\/www.rightbitedentures.biz\\\/sleep-apnea-devices-ontario-or\\\/#breadcrumb\"},\"inLanguage\":\"es\",\"potentialAction\":[{\"@type\":\"ReadAction\",\"target\":[\"https:\\\/\\\/www.rightbitedentures.biz\\\/sleep-apnea-devices-ontario-or\\\/\"]}]},{\"@type\":\"ImageObject\",\"inLanguage\":\"es\",\"@id\":\"https:\\\/\\\/www.rightbitedentures.biz\\\/sleep-apnea-devices-ontario-or\\\/#primaryimage\",\"url\":\"https:\\\/\\\/www.rightbitedentures.biz\\\/wp-content\\\/uploads\\\/sites\\\/709\\\/2024\\\/01\\\/vaadin_dental-chair.png\",\"contentUrl\":\"https:\\\/\\\/www.rightbitedentures.biz\\\/wp-content\\\/uploads\\\/sites\\\/709\\\/2024\\\/01\\\/vaadin_dental-chair.png\"},{\"@type\":\"BreadcrumbList\",\"@id\":\"https:\\\/\\\/www.rightbitedentures.biz\\\/sleep-apnea-devices-ontario-or\\\/#breadcrumb\",\"itemListElement\":[{\"@type\":\"ListItem\",\"position\":1,\"name\":\"Home\",\"item\":\"https:\\\/\\\/www.rightbitedentures.biz\\\/\"},{\"@type\":\"ListItem\",\"position\":2,\"name\":\"\u00a0Sleep Apnea Devices in Ontario, OR\"}]},{\"@type\":\"WebSite\",\"@id\":\"https:\\\/\\\/www.rightbitedentures.biz\\\/#website\",\"url\":\"https:\\\/\\\/www.rightbitedentures.biz\\\/\",\"name\":\"Right Bite Dentures\",\"description\":\"Dentures backed by Service, Quality and Technology. We specialize in restoring confidence.\",\"publisher\":{\"@id\":\"https:\\\/\\\/www.rightbitedentures.biz\\\/#organization\"},\"potentialAction\":[{\"@type\":\"SearchAction\",\"target\":{\"@type\":\"EntryPoint\",\"urlTemplate\":\"https:\\\/\\\/www.rightbitedentures.biz\\\/?s={search_term_string}\"},\"query-input\":{\"@type\":\"PropertyValueSpecification\",\"valueRequired\":true,\"valueName\":\"search_term_string\"}}],\"inLanguage\":\"es\"},{\"@type\":\"Organization\",\"@id\":\"https:\\\/\\\/www.rightbitedentures.biz\\\/#organization\",\"name\":\"Right Bite Dentures\",\"url\":\"https:\\\/\\\/www.rightbitedentures.biz\\\/\",\"logo\":{\"@type\":\"ImageObject\",\"inLanguage\":\"es\",\"@id\":\"https:\\\/\\\/www.rightbitedentures.biz\\\/#\\\/schema\\\/logo\\\/image\\\/\",\"url\":\"https:\\\/\\\/cdn.webnamesandnumbers.com\\\/wp-content\\\/uploads\\\/sites\\\/709\\\/2024\\\/01\\\/12121812\\\/cropped-image-2-1.png\",\"contentUrl\":\"https:\\\/\\\/cdn.webnamesandnumbers.com\\\/wp-content\\\/uploads\\\/sites\\\/709\\\/2024\\\/01\\\/12121812\\\/cropped-image-2-1.png\",\"width\":439,\"height\":251,\"caption\":\"Right Bite Dentures\"},\"image\":{\"@id\":\"https:\\\/\\\/www.rightbitedentures.biz\\\/#\\\/schema\\\/logo\\\/image\\\/\"}}]}<\/script>\n<!-- \/ Yoast SEO plugin. -->","yoast_head_json":{"title":"Dispositivos para la apnea del sue\u00f1o en Ontario, OR","description":"Dispositivos orales personalizados para la apnea del sue\u00f1o de Right Bite Dentures en Ontario, OR. Soluciones c\u00f3modas sin CPAP que le ayudan a dormir mejor.","robots":{"index":"index","follow":"follow","max-snippet":"max-snippet:-1","max-image-preview":"max-image-preview:large","max-video-preview":"max-video-preview:-1"},"canonical":"https:\/\/www.rightbitedentures.biz\/es\/sleep-apnea-devices-ontario-or\/","og_locale":"es_MX","og_type":"article","og_title":"Sleep Apnea Devices in Ontario, OR","og_description":"Custom oral sleep apnea appliances from Right Bite Dentures in Ontario, OR. Comfortable, non-CPAP solutions that help you sleep better.","og_url":"https:\/\/www.rightbitedentures.biz\/es\/sleep-apnea-devices-ontario-or\/","og_site_name":"Right Bite Dentures","article_modified_time":"2025-08-05T18:19:58+00:00","og_image":[{"url":"https:\/\/www.rightbitedentures.biz\/wp-content\/uploads\/sites\/709\/2024\/01\/vaadin_dental-chair.png","type":"","width":"","height":""}],"twitter_card":"summary_large_image","twitter_misc":{"Tiempo de lectura":"2 minutos"},"schema":{"@context":"https:\/\/schema.org","@graph":[{"@type":"WebPage","@id":"https:\/\/www.rightbitedentures.biz\/sleep-apnea-devices-ontario-or\/","url":"https:\/\/www.rightbitedentures.biz\/sleep-apnea-devices-ontario-or\/","name":"Dispositivos para la apnea del sue\u00f1o en Ontario, OR","isPartOf":{"@id":"https:\/\/www.rightbitedentures.biz\/#website"},"primaryImageOfPage":{"@id":"https:\/\/www.rightbitedentures.biz\/sleep-apnea-devices-ontario-or\/#primaryimage"},"image":{"@id":"https:\/\/www.rightbitedentures.biz\/sleep-apnea-devices-ontario-or\/#primaryimage"},"thumbnailUrl":"https:\/\/www.rightbitedentures.biz\/wp-content\/uploads\/sites\/709\/2024\/01\/vaadin_dental-chair.png","datePublished":"2025-06-05T13:48:27+00:00","dateModified":"2025-08-05T18:19:58+00:00","description":"Dispositivos orales personalizados para la apnea del sue\u00f1o de Right Bite Dentures en Ontario, OR. Soluciones c\u00f3modas sin CPAP que le ayudan a dormir mejor.","breadcrumb":{"@id":"https:\/\/www.rightbitedentures.biz\/sleep-apnea-devices-ontario-or\/#breadcrumb"},"inLanguage":"es","potentialAction":[{"@type":"ReadAction","target":["https:\/\/www.rightbitedentures.biz\/sleep-apnea-devices-ontario-or\/"]}]},{"@type":"ImageObject","inLanguage":"es","@id":"https:\/\/www.rightbitedentures.biz\/sleep-apnea-devices-ontario-or\/#primaryimage","url":"https:\/\/www.rightbitedentures.biz\/wp-content\/uploads\/sites\/709\/2024\/01\/vaadin_dental-chair.png","contentUrl":"https:\/\/www.rightbitedentures.biz\/wp-content\/uploads\/sites\/709\/2024\/01\/vaadin_dental-chair.png"},{"@type":"BreadcrumbList","@id":"https:\/\/www.rightbitedentures.biz\/sleep-apnea-devices-ontario-or\/#breadcrumb","itemListElement":[{"@type":"ListItem","position":1,"name":"Home","item":"https:\/\/www.rightbitedentures.biz\/"},{"@type":"ListItem","position":2,"name":"\u00a0Sleep Apnea Devices in Ontario, OR"}]},{"@type":"WebSite","@id":"https:\/\/www.rightbitedentures.biz\/#website","url":"https:\/\/www.rightbitedentures.biz\/","name":"Dentaduras postizas de mordida derecha","description":"Pr\u00f3tesis dentales con el respaldo de servicio, calidad y tecnolog\u00eda. Nos especializamos en recuperar la confianza.","publisher":{"@id":"https:\/\/www.rightbitedentures.biz\/#organization"},"potentialAction":[{"@type":"SearchAction","target":{"@type":"EntryPoint","urlTemplate":"https:\/\/www.rightbitedentures.biz\/?s={search_term_string}"},"query-input":{"@type":"PropertyValueSpecification","valueRequired":true,"valueName":"search_term_string"}}],"inLanguage":"es"},{"@type":"Organization","@id":"https:\/\/www.rightbitedentures.biz\/#organization","name":"Dentaduras postizas de mordida derecha","url":"https:\/\/www.rightbitedentures.biz\/","logo":{"@type":"ImageObject","inLanguage":"es","@id":"https:\/\/www.rightbitedentures.biz\/#\/schema\/logo\/image\/","url":"https:\/\/cdn.webnamesandnumbers.com\/wp-content\/uploads\/sites\/709\/2024\/01\/12121812\/cropped-image-2-1.png","contentUrl":"https:\/\/cdn.webnamesandnumbers.com\/wp-content\/uploads\/sites\/709\/2024\/01\/12121812\/cropped-image-2-1.png","width":439,"height":251,"caption":"Right Bite Dentures"},"image":{"@id":"https:\/\/www.rightbitedentures.biz\/#\/schema\/logo\/image\/"}}]}},"_links":{"self":[{"href":"https:\/\/www.rightbitedentures.biz\/es\/wp-json\/wp\/v2\/pages\/1297","targetHints":{"allow":["GET"]}}],"collection":[{"href":"https:\/\/www.rightbitedentures.biz\/es\/wp-json\/wp\/v2\/pages"}],"about":[{"href":"https:\/\/www.rightbitedentures.biz\/es\/wp-json\/wp\/v2\/types\/page"}],"author":[{"embeddable":true,"href":"https:\/\/www.rightbitedentures.biz\/es\/wp-json\/wp\/v2\/users\/26"}],"replies":[{"embeddable":true,"href":"https:\/\/www.rightbitedentures.biz\/es\/wp-json\/wp\/v2\/comments?post=1297"}],"version-history":[{"count":10,"href":"https:\/\/www.rightbitedentures.biz\/es\/wp-json\/wp\/v2\/pages\/1297\/revisions"}],"predecessor-version":[{"id":1308,"href":"https:\/\/www.rightbitedentures.biz\/es\/wp-json\/wp\/v2\/pages\/1297\/revisions\/1308"}],"wp:attachment":[{"href":"https:\/\/www.rightbitedentures.biz\/es\/wp-json\/wp\/v2\/media?parent=1297"}],"curies":[{"name":"gracias","href":"https:\/\/api.w.org\/{rel}","templated":true}]}}