{"id":13,"date":"2024-01-12T11:59:10","date_gmt":"2024-01-12T11:59:10","guid":{"rendered":"https:\/\/rightbitedentures.webnamesandnumbers.com\/?page_id=13"},"modified":"2025-08-05T18:26:25","modified_gmt":"2025-08-05T18:26:25","slug":"complete-dentures","status":"publish","type":"page","link":"https:\/\/www.rightbitedentures.biz\/es\/complete-dentures\/","title":{"rendered":"Dentaduras postizas completas"},"content":{"rendered":"<div data-elementor-type=\"wp-page\" data-elementor-id=\"13\" class=\"elementor elementor-13\" data-elementor-post-type=\"page\">\n\t\t\t\t<div class=\"elementor-element elementor-element-a2d839c e-flex e-con-boxed e-con e-parent\" data-id=\"a2d839c\" data-element_type=\"container\" data-e-type=\"container\" data-settings=\"{&quot;background_background&quot;:&quot;classic&quot;}\">\n\t\t\t\t\t<div class=\"e-con-inner\">\n\t\t<div class=\"elementor-element elementor-element-18efd96 e-con-full e-flex e-con e-child\" data-id=\"18efd96\" data-element_type=\"container\" data-e-type=\"container\">\n\t\t\t\t<div class=\"elementor-element elementor-element-4ddd392 elementor-widget elementor-widget-heading\" data-id=\"4ddd392\" data-element_type=\"widget\" data-e-type=\"widget\" data-widget_type=\"heading.default\">\n\t\t\t\t<div class=\"elementor-widget-container\">\n\t\t\t\t\t<h2 class=\"elementor-heading-title elementor-size-default\">Mejore su vida con nuestras dentaduras postizas completas premium<\/h2>\t\t\t\t<\/div>\n\t\t\t\t<\/div>\n\t\t\t\t<div class=\"elementor-element elementor-element-2390f51 elementor-align-left elementor-widget elementor-widget-button\" data-id=\"2390f51\" data-element_type=\"widget\" data-e-type=\"widget\" data-widget_type=\"button.default\">\n\t\t\t\t<div class=\"elementor-widget-container\">\n\t\t\t\t\t\t\t\t\t<div class=\"elementor-button-wrapper\">\n\t\t\t\t\t<a class=\"elementor-button elementor-button-link elementor-size-sm\" href=\"https:\/\/www.rightbitedentures.biz\/es\/contact\/\">\n\t\t\t\t\t\t<span class=\"elementor-button-content-wrapper\">\n\t\t\t\t\t\t\t\t\t<span class=\"elementor-button-text\">Cont\u00e1ctenos<\/span>\n\t\t\t\t\t<\/span>\n\t\t\t\t\t<\/a>\n\t\t\t\t<\/div>\n\t\t\t\t\t\t\t\t<\/div>\n\t\t\t\t<\/div>\n\t\t\t\t<\/div>\n\t\t<div class=\"elementor-element elementor-element-d72fbde e-con-full e-flex e-con e-child\" data-id=\"d72fbde\" data-element_type=\"container\" data-e-type=\"container\">\n\t\t\t\t<\/div>\n\t\t\t\t\t<\/div>\n\t\t\t\t<\/div>\n\t\t<div class=\"elementor-element elementor-element-b0b7af2 e-flex e-con-boxed e-con e-parent\" data-id=\"b0b7af2\" data-element_type=\"container\" data-e-type=\"container\" data-settings=\"{&quot;background_background&quot;:&quot;classic&quot;}\">\n\t\t\t\t\t<div class=\"e-con-inner\">\n\t\t\t\t<div class=\"elementor-element elementor-element-9a05583 elementor-widget__width-initial elementor-widget elementor-widget-text-editor\" data-id=\"9a05583\" data-element_type=\"widget\" data-e-type=\"widget\" data-widget_type=\"text-editor.default\">\n\t\t\t\t<div class=\"elementor-widget-container\">\n\t\t\t\t\t\t\t\t\t<p>En Right Bite Dentures, ubicado en Ontario y Baker City, OR, nos especializamos en elaborar dentaduras postizas completas de alta calidad que son tan \u00fanicas como usted. Nuestra tecnolog\u00eda de pr\u00f3tesis dentales digitales de \u00faltima generaci\u00f3n garantiza un ajuste perfecto y una apariencia natural, brind\u00e1ndole la confianza para sonre\u00edr brillantemente.<\/p><p><strong>Transforma completamente tu sonrisa<br><\/strong>Experimente un cambio total de sonrisa con nuestros juegos de pr\u00f3tesis completas hechos a medida. Dise\u00f1ados para brindar comodidad y est\u00e9tica, restauran la belleza natural y la funcionalidad de su sonrisa.<br><\/p>\t\t\t\t\t\t\t\t<\/div>\n\t\t\t\t<\/div>\n\t\t\t\t\t<\/div>\n\t\t\t\t<\/div>\n\t\t<div class=\"elementor-element elementor-element-e1b36be e-flex e-con-boxed e-con e-parent\" data-id=\"e1b36be\" data-element_type=\"container\" data-e-type=\"container\" data-settings=\"{&quot;background_background&quot;:&quot;classic&quot;}\">\n\t\t\t\t\t<div class=\"e-con-inner\">\n\t\t<div class=\"elementor-element elementor-element-ff726ff e-con-full e-flex e-con e-child\" data-id=\"ff726ff\" data-element_type=\"container\" data-e-type=\"container\" data-settings=\"{&quot;background_background&quot;:&quot;classic&quot;}\">\n\t\t\t\t<div class=\"elementor-element elementor-element-804621a elementor-widget elementor-widget-heading\" data-id=\"804621a\" data-element_type=\"widget\" data-e-type=\"widget\" data-widget_type=\"heading.default\">\n\t\t\t\t<div class=\"elementor-widget-container\">\n\t\t\t\t\t<h2 class=\"elementor-heading-title elementor-size-default\">\u00bfEst\u00e1s tratando con:\n<\/h2>\t\t\t\t<\/div>\n\t\t\t\t<\/div>\n\t\t\t\t<div class=\"elementor-element elementor-element-f735d11 elementor-widget elementor-widget-text-editor\" data-id=\"f735d11\" data-element_type=\"widget\" data-e-type=\"widget\" data-widget_type=\"text-editor.default\">\n\t\t\t\t<div class=\"elementor-widget-container\">\n\t\t\t\t\t\t\t\t\t<p><span style=\"font-weight: 400;\">\u00bfDificultad para masticar la comida? \u00bfDolor? \u00bfPr\u00f3tesis rota? \u00bfDientes que faltan? \u00bfManchas que no desaparecen? \u00bfEvitar ciertos alimentos? \u00bfProblemas para hablar? \u00bfDolor de mandibula?\u00a0<\/span><\/p><p><span style=\"font-weight: 400;\">\u00bfPor qu\u00e9 permites que tus dientes te hagan sentir abrumado?<\/span><\/p><p><span style=\"font-weight: 400;\">Deja de permitir que tus dientes controlen tu estilo de vida.<\/span><\/p>\t\t\t\t\t\t\t\t<\/div>\n\t\t\t\t<\/div>\n\t\t\t\t<\/div>\n\t\t\t\t\t<\/div>\n\t\t\t\t<\/div>\n\t\t<div class=\"elementor-element elementor-element-d17f2a4 e-flex e-con-boxed e-con e-parent\" data-id=\"d17f2a4\" data-element_type=\"container\" data-e-type=\"container\">\n\t\t\t\t\t<div class=\"e-con-inner\">\n\t\t<div class=\"elementor-element elementor-element-1f200d2 e-con-full e-flex e-con e-child\" data-id=\"1f200d2\" data-element_type=\"container\" data-e-type=\"container\" data-settings=\"{&quot;background_background&quot;:&quot;classic&quot;}\">\n\t\t\t\t<div class=\"elementor-element elementor-element-3fc4933 elementor-widget elementor-widget-heading\" data-id=\"3fc4933\" data-element_type=\"widget\" data-e-type=\"widget\" data-widget_type=\"heading.default\">\n\t\t\t\t<div class=\"elementor-widget-container\">\n\t\t\t\t\t<h2 class=\"elementor-heading-title elementor-size-default\">Mejora tu vida.<br>Tenemos tres sencillos pasos.<\/h2>\t\t\t\t<\/div>\n\t\t\t\t<\/div>\n\t\t<div class=\"elementor-element elementor-element-32659e2 e-flex e-con-boxed e-con e-child\" data-id=\"32659e2\" data-element_type=\"container\" data-e-type=\"container\">\n\t\t\t\t\t<div class=\"e-con-inner\">\n\t\t<div class=\"elementor-element elementor-element-6a31e4c e-con-full e-flex e-con e-child\" data-id=\"6a31e4c\" data-element_type=\"container\" data-e-type=\"container\" data-settings=\"{&quot;background_background&quot;:&quot;classic&quot;}\">\n\t\t\t\t<div class=\"elementor-element elementor-element-8ba923a elementor-view-default elementor-widget elementor-widget-icon\" data-id=\"8ba923a\" data-element_type=\"widget\" data-e-type=\"widget\" data-widget_type=\"icon.default\">\n\t\t\t\t<div class=\"elementor-widget-container\">\n\t\t\t\t\t\t\t<div class=\"elementor-icon-wrapper\">\n\t\t\t<a class=\"elementor-icon\" href=\"https:\/\/www.rightbitedentures.biz\/es\/contact\/\">\n\t\t\t<svg aria-hidden=\"true\" class=\"e-font-icon-svg e-fas-phone-square-alt\" viewbox=\"0 0 448 512\" xmlns=\"http:\/\/www.w3.org\/2000\/svg\"><path d=\"M400 32H48A48 48 0 0 0 0 80v352a48 48 0 0 0 48 48h352a48 48 0 0 0 48-48V80a48 48 0 0 0-48-48zm-16.39 307.37l-15 65A15 15 0 0 1 354 416C194 416 64 286.29 64 126a15.7 15.7 0 0 1 11.63-14.61l65-15A18.23 18.23 0 0 1 144 96a16.27 16.27 0 0 1 13.79 9.09l30 70A17.9 17.9 0 0 1 189 181a17 17 0 0 1-5.5 11.61l-37.89 31a231.91 231.91 0 0 0 110.78 110.78l31-37.89A17 17 0 0 1 299 291a17.85 17.85 0 0 1 5.91 1.21l70 30A16.25 16.25 0 0 1 384 336a17.41 17.41 0 0 1-.39 3.37z\"><\/path><\/svg>\t\t\t<\/a>\n\t\t<\/div>\n\t\t\t\t\t\t<\/div>\n\t\t\t\t<\/div>\n\t\t\t\t<div class=\"elementor-element elementor-element-ead6a81 elementor-widget elementor-widget-heading\" data-id=\"ead6a81\" data-element_type=\"widget\" data-e-type=\"widget\" data-widget_type=\"heading.default\">\n\t\t\t\t<div class=\"elementor-widget-container\">\n\t\t\t\t\t<h2 class=\"elementor-heading-title elementor-size-default\"><a href=\"https:\/\/www.rightbitedentures.biz\/es\/contact\/\">Paso 1:\u00a0<\/a><\/h2>\t\t\t\t<\/div>\n\t\t\t\t<\/div>\n\t\t\t\t<div class=\"elementor-element elementor-element-8d09c9d elementor-widget elementor-widget-text-editor\" data-id=\"8d09c9d\" data-element_type=\"widget\" data-e-type=\"widget\" data-widget_type=\"text-editor.default\">\n\t\t\t\t<div class=\"elementor-widget-container\">\n\t\t\t\t\t\t\t\t\t<p>Cont\u00e1ctenos para una consulta gratuita en Ontario, Oregon o Baker City, Oregon.<\/p>\t\t\t\t\t\t\t\t<\/div>\n\t\t\t\t<\/div>\n\t\t\t\t<\/div>\n\t\t<div class=\"elementor-element elementor-element-166306e e-con-full e-flex e-con e-child\" data-id=\"166306e\" data-element_type=\"container\" data-e-type=\"container\" data-settings=\"{&quot;background_background&quot;:&quot;classic&quot;}\">\n\t\t\t\t<div class=\"elementor-element elementor-element-dfc2668 elementor-view-default elementor-widget elementor-widget-icon\" data-id=\"dfc2668\" data-element_type=\"widget\" data-e-type=\"widget\" data-widget_type=\"icon.default\">\n\t\t\t\t<div class=\"elementor-widget-container\">\n\t\t\t\t\t\t\t<div class=\"elementor-icon-wrapper\">\n\t\t\t<a class=\"elementor-icon\" href=\"https:\/\/www.rightbitedentures.biz\/es\/contact\/\">\n\t\t\t<svg aria-hidden=\"true\" class=\"e-font-icon-svg e-far-file-alt\" viewbox=\"0 0 384 512\" xmlns=\"http:\/\/www.w3.org\/2000\/svg\"><path d=\"M288 248v28c0 6.6-5.4 12-12 12H108c-6.6 0-12-5.4-12-12v-28c0-6.6 5.4-12 12-12h168c6.6 0 12 5.4 12 12zm-12 72H108c-6.6 0-12 5.4-12 12v28c0 6.6 5.4 12 12 12h168c6.6 0 12-5.4 12-12v-28c0-6.6-5.4-12-12-12zm108-188.1V464c0 26.5-21.5 48-48 48H48c-26.5 0-48-21.5-48-48V48C0 21.5 21.5 0 48 0h204.1C264.8 0 277 5.1 286 14.1L369.9 98c9 8.9 14.1 21.2 14.1 33.9zm-128-80V128h76.1L256 51.9zM336 464V176H232c-13.3 0-24-10.7-24-24V48H48v416h288z\"><\/path><\/svg>\t\t\t<\/a>\n\t\t<\/div>\n\t\t\t\t\t\t<\/div>\n\t\t\t\t<\/div>\n\t\t\t\t<div class=\"elementor-element elementor-element-3d119be elementor-widget elementor-widget-heading\" data-id=\"3d119be\" data-element_type=\"widget\" data-e-type=\"widget\" data-widget_type=\"heading.default\">\n\t\t\t\t<div class=\"elementor-widget-container\">\n\t\t\t\t\t<h2 class=\"elementor-heading-title elementor-size-default\"><a href=\"https:\/\/www.rightbitedentures.biz\/es\/contact\/\">Paso 2:<\/a><\/h2>\t\t\t\t<\/div>\n\t\t\t\t<\/div>\n\t\t\t\t<div class=\"elementor-element elementor-element-3a5dc5b elementor-widget elementor-widget-text-editor\" data-id=\"3a5dc5b\" data-element_type=\"widget\" data-e-type=\"widget\" data-widget_type=\"text-editor.default\">\n\t\t\t\t<div class=\"elementor-widget-container\">\n\t\t\t\t\t\t\t\t\t<p>Nuestros dentistas escuchar\u00e1n sus inquietudes y le ayudar\u00e1n a establecer un plan de tratamiento personalizado y espec\u00edfico para sus necesidades y presupuesto.<\/p>\t\t\t\t\t\t\t\t<\/div>\n\t\t\t\t<\/div>\n\t\t\t\t<\/div>\n\t\t<div class=\"elementor-element elementor-element-d5714fa e-con-full e-flex e-con e-child\" data-id=\"d5714fa\" data-element_type=\"container\" data-e-type=\"container\" data-settings=\"{&quot;background_background&quot;:&quot;classic&quot;}\">\n\t\t\t\t<div class=\"elementor-element elementor-element-f746a23 elementor-view-default elementor-widget elementor-widget-icon\" data-id=\"f746a23\" data-element_type=\"widget\" data-e-type=\"widget\" data-widget_type=\"icon.default\">\n\t\t\t\t<div class=\"elementor-widget-container\">\n\t\t\t\t\t\t\t<div class=\"elementor-icon-wrapper\">\n\t\t\t<a class=\"elementor-icon\" href=\"https:\/\/www.rightbitedentures.biz\/es\/contact\/\">\n\t\t\t<svg aria-hidden=\"true\" class=\"e-font-icon-svg e-fas-tooth\" viewbox=\"0 0 448 512\" xmlns=\"http:\/\/www.w3.org\/2000\/svg\"><path d=\"M443.98 96.25c-11.01-45.22-47.11-82.06-92.01-93.72-32.19-8.36-63 5.1-89.14 24.33-3.25 2.39-6.96 3.73-10.5 5.48l28.32 18.21c7.42 4.77 9.58 14.67 4.8 22.11-4.46 6.95-14.27 9.86-22.11 4.8L162.83 12.84c-20.7-10.85-43.38-16.4-66.81-10.31-44.9 11.67-81 48.5-92.01 93.72-10.13 41.62-.42 80.81 21.5 110.43 23.36 31.57 32.68 68.66 36.29 107.35 4.4 47.16 10.33 94.16 20.94 140.32l7.8 33.95c3.19 13.87 15.49 23.7 29.67 23.7 13.97 0 26.15-9.55 29.54-23.16l34.47-138.42c4.56-18.32 20.96-31.16 39.76-31.16s35.2 12.85 39.76 31.16l34.47 138.42c3.39 13.61 15.57 23.16 29.54 23.16 14.18 0 26.48-9.83 29.67-23.7l7.8-33.95c10.61-46.15 16.53-93.16 20.94-140.32 3.61-38.7 12.93-75.78 36.29-107.35 21.95-29.61 31.66-68.8 21.53-110.43z\"><\/path><\/svg>\t\t\t<\/a>\n\t\t<\/div>\n\t\t\t\t\t\t<\/div>\n\t\t\t\t<\/div>\n\t\t\t\t<div class=\"elementor-element elementor-element-e140098 elementor-widget elementor-widget-heading\" data-id=\"e140098\" data-element_type=\"widget\" data-e-type=\"widget\" data-widget_type=\"heading.default\">\n\t\t\t\t<div class=\"elementor-widget-container\">\n\t\t\t\t\t<h2 class=\"elementor-heading-title elementor-size-default\"><a href=\"https:\/\/www.rightbitedentures.biz\/es\/contact\/\">Paso 3:\u00a0<\/a><\/h2>\t\t\t\t<\/div>\n\t\t\t\t<\/div>\n\t\t\t\t<div class=\"elementor-element elementor-element-36e8e84 elementor-widget elementor-widget-text-editor\" data-id=\"36e8e84\" data-element_type=\"widget\" data-e-type=\"widget\" data-widget_type=\"text-editor.default\">\n\t\t\t\t<div class=\"elementor-widget-container\">\n\t\t\t\t\t\t\t\t\t<p>Resultados que cambian la vida y siempre \u201cte respaldaremos\u201d.<\/p>\t\t\t\t\t\t\t\t<\/div>\n\t\t\t\t<\/div>\n\t\t\t\t<\/div>\n\t\t\t\t\t<\/div>\n\t\t\t\t<\/div>\n\t\t\t\t<\/div>\n\t\t\t\t\t<\/div>\n\t\t\t\t<\/div>\n\t\t<div class=\"elementor-element elementor-element-6593b3c e-flex e-con-boxed e-con e-parent\" data-id=\"6593b3c\" data-element_type=\"container\" data-e-type=\"container\" data-settings=\"{&quot;background_background&quot;:&quot;classic&quot;}\">\n\t\t\t\t\t<div class=\"e-con-inner\">\n\t\t\t\t<div class=\"elementor-element elementor-element-ccfd73a elementor-widget elementor-widget-image\" data-id=\"ccfd73a\" data-element_type=\"widget\" data-e-type=\"widget\" data-widget_type=\"image.default\">\n\t\t\t\t<div class=\"elementor-widget-container\">\n\t\t\t\t\t\t\t\t\t\t\t\t\t\t\t<img decoding=\"async\" width=\"90\" height=\"91\" src=\"https:\/\/cdn.webnamesandnumbers.com\/wp-content\/uploads\/sites\/709\/2024\/01\/12121055\/vaadin_dental-chair.png\" class=\"attachment-large size-large wp-image-106\" alt=\"Dental Chair\" \/>\t\t\t\t\t\t\t\t\t\t\t\t\t\t\t<\/div>\n\t\t\t\t<\/div>\n\t\t\t\t<div class=\"elementor-element elementor-element-99fcb1f elementor-widget__width-initial elementor-widget elementor-widget-text-editor\" data-id=\"99fcb1f\" data-element_type=\"widget\" data-e-type=\"widget\" data-widget_type=\"text-editor.default\">\n\t\t\t\t<div class=\"elementor-widget-container\">\n\t\t\t\t\t\t\t\t\t<h1>\u00bfListo para un cambio?<\/h1><p><span style=\"color: #ffffff;\">No esperes para recuperar tu sonrisa. Programe su cita para pr\u00f3tesis completa con Right Bite Dentures en Ontario o Baker City, Oregon, hoy. Nuestro equipo est\u00e1 ansioso por ayudarlo a embarcarse en un viaje hacia una sonrisa m\u00e1s brillante y segura.<\/span><\/p>\t\t\t\t\t\t\t\t<\/div>\n\t\t\t\t<\/div>\n\t\t\t\t\t<\/div>\n\t\t\t\t<\/div>\n\t\t\t\t<\/div>","protected":false},"excerpt":{"rendered":"<p>Improve Your Life with Our Premium Complete Dentures Contact Us At Right Bite Dentures, located in Ontario and Baker City, OR, we specialize in crafting high-quality complete dentures that are as unique as you are. Our state-of-the-art digital denture technology ensures a perfect fit and a natural look, giving you the confidence to smile brightly. [&hellip;]<\/p>\n","protected":false},"author":13,"featured_media":0,"parent":0,"menu_order":0,"comment_status":"closed","ping_status":"closed","template":"elementor_header_footer","meta":{"footnotes":""},"class_list":["post-13","page","type-page","status-publish","hentry"],"yoast_head":"<!-- This site is optimized with the Yoast SEO plugin v27.3 - https:\/\/yoast.com\/product\/yoast-seo-wordpress\/ -->\n<title>Complete Dentures - Ontario &amp; Baker City OR<\/title>\n<meta name=\"description\" content=\"At Right Bite Dentures, located in Ontario and Baker City, OR, we specialize in crafting high-quality complete dentures that are as unique as you are.\" \/>\n<meta name=\"robots\" content=\"index, follow, max-snippet:-1, max-image-preview:large, max-video-preview:-1\" \/>\n<link rel=\"canonical\" href=\"https:\/\/www.rightbitedentures.biz\/es\/complete-dentures\/\" \/>\n<meta property=\"og:locale\" content=\"es_MX\" \/>\n<meta property=\"og:type\" content=\"article\" \/>\n<meta property=\"og:title\" content=\"Complete Dentures - Ontario &amp; Baker City OR\" \/>\n<meta property=\"og:description\" content=\"At Right Bite Dentures, located in Ontario and Baker City, OR, we specialize in crafting high-quality complete dentures that are as unique as you are.\" \/>\n<meta property=\"og:url\" content=\"https:\/\/www.rightbitedentures.biz\/es\/complete-dentures\/\" \/>\n<meta property=\"og:site_name\" content=\"Right Bite Dentures\" \/>\n<meta property=\"article:modified_time\" content=\"2025-08-05T18:26:25+00:00\" \/>\n<meta property=\"og:image\" content=\"https:\/\/rightbitedentures.webnamesandnumbers.com\/wp-content\/uploads\/sites\/709\/2024\/01\/vaadin_dental-chair.png\" \/>\n<meta name=\"twitter:card\" content=\"summary_large_image\" \/>\n<meta name=\"twitter:label1\" content=\"Tiempo de lectura\" \/>\n\t<meta name=\"twitter:data1\" content=\"2 minutos\" \/>\n<script type=\"application\/ld+json\" class=\"yoast-schema-graph\">{\"@context\":\"https:\\\/\\\/schema.org\",\"@graph\":[{\"@type\":\"WebPage\",\"@id\":\"https:\\\/\\\/www.rightbitedentures.biz\\\/complete-dentures\\\/\",\"url\":\"https:\\\/\\\/www.rightbitedentures.biz\\\/complete-dentures\\\/\",\"name\":\"Complete Dentures - Ontario & Baker City OR\",\"isPartOf\":{\"@id\":\"https:\\\/\\\/www.rightbitedentures.biz\\\/#website\"},\"primaryImageOfPage\":{\"@id\":\"https:\\\/\\\/www.rightbitedentures.biz\\\/complete-dentures\\\/#primaryimage\"},\"image\":{\"@id\":\"https:\\\/\\\/www.rightbitedentures.biz\\\/complete-dentures\\\/#primaryimage\"},\"thumbnailUrl\":\"https:\\\/\\\/rightbitedentures.webnamesandnumbers.com\\\/wp-content\\\/uploads\\\/sites\\\/709\\\/2024\\\/01\\\/vaadin_dental-chair.png\",\"datePublished\":\"2024-01-12T11:59:10+00:00\",\"dateModified\":\"2025-08-05T18:26:25+00:00\",\"description\":\"At Right Bite Dentures, located in Ontario and Baker City, OR, we specialize in crafting high-quality complete dentures that are as unique as you are.\",\"breadcrumb\":{\"@id\":\"https:\\\/\\\/www.rightbitedentures.biz\\\/complete-dentures\\\/#breadcrumb\"},\"inLanguage\":\"es\",\"potentialAction\":[{\"@type\":\"ReadAction\",\"target\":[\"https:\\\/\\\/www.rightbitedentures.biz\\\/complete-dentures\\\/\"]}]},{\"@type\":\"ImageObject\",\"inLanguage\":\"es\",\"@id\":\"https:\\\/\\\/www.rightbitedentures.biz\\\/complete-dentures\\\/#primaryimage\",\"url\":\"https:\\\/\\\/rightbitedentures.webnamesandnumbers.com\\\/wp-content\\\/uploads\\\/sites\\\/709\\\/2024\\\/01\\\/vaadin_dental-chair.png\",\"contentUrl\":\"https:\\\/\\\/rightbitedentures.webnamesandnumbers.com\\\/wp-content\\\/uploads\\\/sites\\\/709\\\/2024\\\/01\\\/vaadin_dental-chair.png\"},{\"@type\":\"BreadcrumbList\",\"@id\":\"https:\\\/\\\/www.rightbitedentures.biz\\\/complete-dentures\\\/#breadcrumb\",\"itemListElement\":[{\"@type\":\"ListItem\",\"position\":1,\"name\":\"Home\",\"item\":\"https:\\\/\\\/www.rightbitedentures.biz\\\/\"},{\"@type\":\"ListItem\",\"position\":2,\"name\":\"Complete Dentures\"}]},{\"@type\":\"WebSite\",\"@id\":\"https:\\\/\\\/www.rightbitedentures.biz\\\/#website\",\"url\":\"https:\\\/\\\/www.rightbitedentures.biz\\\/\",\"name\":\"Right Bite Dentures\",\"description\":\"Dentures backed by Service, Quality and Technology. We specialize in restoring confidence.\",\"publisher\":{\"@id\":\"https:\\\/\\\/www.rightbitedentures.biz\\\/#organization\"},\"potentialAction\":[{\"@type\":\"SearchAction\",\"target\":{\"@type\":\"EntryPoint\",\"urlTemplate\":\"https:\\\/\\\/www.rightbitedentures.biz\\\/?s={search_term_string}\"},\"query-input\":{\"@type\":\"PropertyValueSpecification\",\"valueRequired\":true,\"valueName\":\"search_term_string\"}}],\"inLanguage\":\"es\"},{\"@type\":\"Organization\",\"@id\":\"https:\\\/\\\/www.rightbitedentures.biz\\\/#organization\",\"name\":\"Right Bite Dentures\",\"url\":\"https:\\\/\\\/www.rightbitedentures.biz\\\/\",\"logo\":{\"@type\":\"ImageObject\",\"inLanguage\":\"es\",\"@id\":\"https:\\\/\\\/www.rightbitedentures.biz\\\/#\\\/schema\\\/logo\\\/image\\\/\",\"url\":\"https:\\\/\\\/cdn.webnamesandnumbers.com\\\/wp-content\\\/uploads\\\/sites\\\/709\\\/2024\\\/01\\\/12121812\\\/cropped-image-2-1.png\",\"contentUrl\":\"https:\\\/\\\/cdn.webnamesandnumbers.com\\\/wp-content\\\/uploads\\\/sites\\\/709\\\/2024\\\/01\\\/12121812\\\/cropped-image-2-1.png\",\"width\":439,\"height\":251,\"caption\":\"Right Bite Dentures\"},\"image\":{\"@id\":\"https:\\\/\\\/www.rightbitedentures.biz\\\/#\\\/schema\\\/logo\\\/image\\\/\"}}]}<\/script>\n<!-- \/ Yoast SEO plugin. -->","yoast_head_json":{"title":"Pr\u00f3tesis dentales completas - Ontario y Baker City, OR","description":"En Right Bite Dentures, ubicado en Ontario y Baker City, OR, nos especializamos en la elaboraci\u00f3n de dentaduras postizas completas de alta calidad que son tan \u00fanicas como usted.","robots":{"index":"index","follow":"follow","max-snippet":"max-snippet:-1","max-image-preview":"max-image-preview:large","max-video-preview":"max-video-preview:-1"},"canonical":"https:\/\/www.rightbitedentures.biz\/es\/complete-dentures\/","og_locale":"es_MX","og_type":"article","og_title":"Complete Dentures - Ontario & Baker City OR","og_description":"At Right Bite Dentures, located in Ontario and Baker City, OR, we specialize in crafting high-quality complete dentures that are as unique as you are.","og_url":"https:\/\/www.rightbitedentures.biz\/es\/complete-dentures\/","og_site_name":"Right Bite Dentures","article_modified_time":"2025-08-05T18:26:25+00:00","og_image":[{"url":"https:\/\/rightbitedentures.webnamesandnumbers.com\/wp-content\/uploads\/sites\/709\/2024\/01\/vaadin_dental-chair.png","type":"","width":"","height":""}],"twitter_card":"summary_large_image","twitter_misc":{"Tiempo de lectura":"2 minutos"},"schema":{"@context":"https:\/\/schema.org","@graph":[{"@type":"WebPage","@id":"https:\/\/www.rightbitedentures.biz\/complete-dentures\/","url":"https:\/\/www.rightbitedentures.biz\/complete-dentures\/","name":"Pr\u00f3tesis dentales completas - Ontario y Baker City, OR","isPartOf":{"@id":"https:\/\/www.rightbitedentures.biz\/#website"},"primaryImageOfPage":{"@id":"https:\/\/www.rightbitedentures.biz\/complete-dentures\/#primaryimage"},"image":{"@id":"https:\/\/www.rightbitedentures.biz\/complete-dentures\/#primaryimage"},"thumbnailUrl":"https:\/\/rightbitedentures.webnamesandnumbers.com\/wp-content\/uploads\/sites\/709\/2024\/01\/vaadin_dental-chair.png","datePublished":"2024-01-12T11:59:10+00:00","dateModified":"2025-08-05T18:26:25+00:00","description":"En Right Bite Dentures, ubicado en Ontario y Baker City, OR, nos especializamos en la elaboraci\u00f3n de dentaduras postizas completas de alta calidad que son tan \u00fanicas como usted.","breadcrumb":{"@id":"https:\/\/www.rightbitedentures.biz\/complete-dentures\/#breadcrumb"},"inLanguage":"es","potentialAction":[{"@type":"ReadAction","target":["https:\/\/www.rightbitedentures.biz\/complete-dentures\/"]}]},{"@type":"ImageObject","inLanguage":"es","@id":"https:\/\/www.rightbitedentures.biz\/complete-dentures\/#primaryimage","url":"https:\/\/rightbitedentures.webnamesandnumbers.com\/wp-content\/uploads\/sites\/709\/2024\/01\/vaadin_dental-chair.png","contentUrl":"https:\/\/rightbitedentures.webnamesandnumbers.com\/wp-content\/uploads\/sites\/709\/2024\/01\/vaadin_dental-chair.png"},{"@type":"BreadcrumbList","@id":"https:\/\/www.rightbitedentures.biz\/complete-dentures\/#breadcrumb","itemListElement":[{"@type":"ListItem","position":1,"name":"Home","item":"https:\/\/www.rightbitedentures.biz\/"},{"@type":"ListItem","position":2,"name":"Complete Dentures"}]},{"@type":"WebSite","@id":"https:\/\/www.rightbitedentures.biz\/#website","url":"https:\/\/www.rightbitedentures.biz\/","name":"Dentaduras postizas de mordida derecha","description":"Pr\u00f3tesis dentales con el respaldo de servicio, calidad y tecnolog\u00eda. Nos especializamos en recuperar la confianza.","publisher":{"@id":"https:\/\/www.rightbitedentures.biz\/#organization"},"potentialAction":[{"@type":"SearchAction","target":{"@type":"EntryPoint","urlTemplate":"https:\/\/www.rightbitedentures.biz\/?s={search_term_string}"},"query-input":{"@type":"PropertyValueSpecification","valueRequired":true,"valueName":"search_term_string"}}],"inLanguage":"es"},{"@type":"Organization","@id":"https:\/\/www.rightbitedentures.biz\/#organization","name":"Dentaduras postizas de mordida derecha","url":"https:\/\/www.rightbitedentures.biz\/","logo":{"@type":"ImageObject","inLanguage":"es","@id":"https:\/\/www.rightbitedentures.biz\/#\/schema\/logo\/image\/","url":"https:\/\/cdn.webnamesandnumbers.com\/wp-content\/uploads\/sites\/709\/2024\/01\/12121812\/cropped-image-2-1.png","contentUrl":"https:\/\/cdn.webnamesandnumbers.com\/wp-content\/uploads\/sites\/709\/2024\/01\/12121812\/cropped-image-2-1.png","width":439,"height":251,"caption":"Right Bite Dentures"},"image":{"@id":"https:\/\/www.rightbitedentures.biz\/#\/schema\/logo\/image\/"}}]}},"_links":{"self":[{"href":"https:\/\/www.rightbitedentures.biz\/es\/wp-json\/wp\/v2\/pages\/13","targetHints":{"allow":["GET"]}}],"collection":[{"href":"https:\/\/www.rightbitedentures.biz\/es\/wp-json\/wp\/v2\/pages"}],"about":[{"href":"https:\/\/www.rightbitedentures.biz\/es\/wp-json\/wp\/v2\/types\/page"}],"author":[{"embeddable":true,"href":"https:\/\/www.rightbitedentures.biz\/es\/wp-json\/wp\/v2\/users\/13"}],"replies":[{"embeddable":true,"href":"https:\/\/www.rightbitedentures.biz\/es\/wp-json\/wp\/v2\/comments?post=13"}],"version-history":[{"count":76,"href":"https:\/\/www.rightbitedentures.biz\/es\/wp-json\/wp\/v2\/pages\/13\/revisions"}],"predecessor-version":[{"id":1045,"href":"https:\/\/www.rightbitedentures.biz\/es\/wp-json\/wp\/v2\/pages\/13\/revisions\/1045"}],"wp:attachment":[{"href":"https:\/\/www.rightbitedentures.biz\/es\/wp-json\/wp\/v2\/media?parent=13"}],"curies":[{"name":"gracias","href":"https:\/\/api.w.org\/{rel}","templated":true}]}}