{"id":1311,"date":"2025-07-11T20:11:15","date_gmt":"2025-07-11T20:11:15","guid":{"rendered":"https:\/\/www.rightbitedentures.biz\/?page_id=1311"},"modified":"2025-07-11T20:23:35","modified_gmt":"2025-07-11T20:23:35","slug":"teeth-bleaching-ontario-or","status":"publish","type":"page","link":"https:\/\/www.rightbitedentures.biz\/es\/teeth-bleaching-ontario-or\/","title":{"rendered":"Blanqueamiento dental en Ontario, OR"},"content":{"rendered":"<div data-elementor-type=\"wp-page\" data-elementor-id=\"1311\" class=\"elementor elementor-1311\" data-elementor-post-type=\"page\">\n\t\t\t\t<div class=\"elementor-element elementor-element-f25c9d2 e-flex e-con-boxed e-con e-parent\" data-id=\"f25c9d2\" data-element_type=\"container\" data-e-type=\"container\" data-settings=\"{&quot;background_background&quot;:&quot;classic&quot;}\">\n\t\t\t\t\t<div class=\"e-con-inner\">\n\t\t<div class=\"elementor-element elementor-element-3cebf06 e-con-full e-flex e-con e-child\" data-id=\"3cebf06\" data-element_type=\"container\" data-e-type=\"container\">\n\t\t\t\t<div class=\"elementor-element elementor-element-5c7d9b2 elementor-widget elementor-widget-heading\" data-id=\"5c7d9b2\" data-element_type=\"widget\" data-e-type=\"widget\" data-widget_type=\"heading.default\">\n\t\t\t\t<div class=\"elementor-widget-container\">\n\t\t\t\t\t<h2 class=\"elementor-heading-title elementor-size-default\">Blanqueamiento dental en Ontario, OR<\/h2>\t\t\t\t<\/div>\n\t\t\t\t<\/div>\n\t\t\t\t<div class=\"elementor-element elementor-element-73d7ec2 elementor-align-left elementor-widget elementor-widget-button\" data-id=\"73d7ec2\" data-element_type=\"widget\" data-e-type=\"widget\" data-widget_type=\"button.default\">\n\t\t\t\t<div class=\"elementor-widget-container\">\n\t\t\t\t\t\t\t\t\t<div class=\"elementor-button-wrapper\">\n\t\t\t\t\t<a class=\"elementor-button elementor-button-link elementor-size-sm\" href=\"https:\/\/www.rightbitedentures.biz\/es\/contact\/\">\n\t\t\t\t\t\t<span class=\"elementor-button-content-wrapper\">\n\t\t\t\t\t\t\t\t\t<span class=\"elementor-button-text\">Cont\u00e1ctenos<\/span>\n\t\t\t\t\t<\/span>\n\t\t\t\t\t<\/a>\n\t\t\t\t<\/div>\n\t\t\t\t\t\t\t\t<\/div>\n\t\t\t\t<\/div>\n\t\t\t\t<\/div>\n\t\t<div class=\"elementor-element elementor-element-d32309f e-con-full e-flex e-con e-child\" data-id=\"d32309f\" data-element_type=\"container\" data-e-type=\"container\">\n\t\t\t\t<\/div>\n\t\t\t\t\t<\/div>\n\t\t\t\t<\/div>\n\t\t<div class=\"elementor-element elementor-element-22e3b53 e-flex e-con-boxed e-con e-parent\" data-id=\"22e3b53\" data-element_type=\"container\" data-e-type=\"container\" data-settings=\"{&quot;background_background&quot;:&quot;classic&quot;}\">\n\t\t\t\t\t<div class=\"e-con-inner\">\n\t\t\t\t<div class=\"elementor-element elementor-element-a60f091 elementor-widget__width-initial elementor-widget elementor-widget-text-editor\" data-id=\"a60f091\" data-element_type=\"widget\" data-e-type=\"widget\" data-widget_type=\"text-editor.default\">\n\t\t\t\t<div class=\"elementor-widget-container\">\n\t\t\t\t\t\t\t\t\t<p data-pos=\"595\">Su sonrisa es m\u00e1s que una simple expresi\u00f3n: es una parte fundamental de su estilo de vida. En Right Bite Dentures, comprendemos el profundo impacto que una sonrisa radiante y segura puede tener en su vida diaria. Ubicados en Ontario, Oreg\u00f3n, nos enorgullece ofrecer servicios de blanqueamiento dental de primera calidad que pueden transformar su sonrisa y devolverle la confianza.<\/p>\t\t\t\t\t\t\t\t<\/div>\n\t\t\t\t<\/div>\n\t\t\t\t\t<\/div>\n\t\t\t\t<\/div>\n\t\t<div class=\"elementor-element elementor-element-ba7c52d e-flex e-con-boxed e-con e-parent\" data-id=\"ba7c52d\" data-element_type=\"container\" data-e-type=\"container\" data-settings=\"{&quot;background_background&quot;:&quot;classic&quot;}\">\n\t\t\t\t\t<div class=\"e-con-inner\">\n\t\t<div class=\"elementor-element elementor-element-2db2b1b e-con-full e-flex e-con e-child\" data-id=\"2db2b1b\" data-element_type=\"container\" data-e-type=\"container\" data-settings=\"{&quot;background_background&quot;:&quot;classic&quot;}\">\n\t\t\t\t<div class=\"elementor-element elementor-element-af0f281 elementor-widget elementor-widget-heading\" data-id=\"af0f281\" data-element_type=\"widget\" data-e-type=\"widget\" data-widget_type=\"heading.default\">\n\t\t\t\t<div class=\"elementor-widget-container\">\n\t\t\t\t\t<h2 class=\"elementor-heading-title elementor-size-default\">\u00bfPor qu\u00e9 elegir nuestros servicios de blanqueamiento dental? <\/h2>\t\t\t\t<\/div>\n\t\t\t\t<\/div>\n\t\t\t\t<div class=\"elementor-element elementor-element-8558520 elementor-widget elementor-widget-text-editor\" data-id=\"8558520\" data-element_type=\"widget\" data-e-type=\"widget\" data-widget_type=\"text-editor.default\">\n\t\t\t\t<div class=\"elementor-widget-container\">\n\t\t\t\t\t\t\t\t\t<ul data-pos=\"982\"><li data-pos=\"982\"><strong data-pos=\"986\">Proteistas dentales experimentados:<\/strong>\u00a0Con m\u00e1s de 30 a\u00f1os de experiencia, nuestro equipo de veteranos brinda servicios de blanqueamiento dental profesionales y confiables adaptados a sus necesidades.<\/li><li data-pos=\"1152\"><strong data-pos=\"1156\">Tecnolog\u00eda de punta:<\/strong>\u00a0Utilizamos tecnolog\u00eda de pr\u00f3tesis digitales de \u00faltima generaci\u00f3n para garantizar resultados precisos, seguros y efectivos.<\/li><li data-pos=\"1283\"><strong data-pos=\"1287\">Atenci\u00f3n personalizada:<\/strong>\u00a0Creemos en un enfoque personalizado, garantizando que cada plan de tratamiento est\u00e9 dise\u00f1ado exclusivamente para satisfacer sus objetivos individuales de salud bucal.<\/li><li data-pos=\"1440\"><strong data-pos=\"1444\">Resultados r\u00e1pidos:<\/strong>\u00a0Nuestro laboratorio en el lugar nos permite entregar resultados r\u00e1pidamente, para que usted pueda disfrutar de su nueva sonrisa antes.<\/li><\/ul>\t\t\t\t\t\t\t\t<\/div>\n\t\t\t\t<\/div>\n\t\t\t\t<\/div>\n\t\t\t\t\t<\/div>\n\t\t\t\t<\/div>\n\t\t<div class=\"elementor-element elementor-element-c8b94c7 e-flex e-con-boxed e-con e-parent\" data-id=\"c8b94c7\" data-element_type=\"container\" data-e-type=\"container\">\n\t\t\t\t\t<div class=\"e-con-inner\">\n\t\t<div class=\"elementor-element elementor-element-af43fb7 e-con-full e-flex e-con e-child\" data-id=\"af43fb7\" data-element_type=\"container\" data-e-type=\"container\" data-settings=\"{&quot;background_background&quot;:&quot;classic&quot;}\">\n\t\t\t\t<div class=\"elementor-element elementor-element-4e7a92e elementor-widget elementor-widget-heading\" data-id=\"4e7a92e\" data-element_type=\"widget\" data-e-type=\"widget\" data-widget_type=\"heading.default\">\n\t\t\t\t<div class=\"elementor-widget-container\">\n\t\t\t\t\t<h2 class=\"elementor-heading-title elementor-size-default\">Nuestro procedimiento de blanqueamiento dental <\/h2>\t\t\t\t<\/div>\n\t\t\t\t<\/div>\n\t\t\t\t<div class=\"elementor-element elementor-element-8129916 elementor-widget__width-initial elementor-widget elementor-widget-text-editor\" data-id=\"8129916\" data-element_type=\"widget\" data-e-type=\"widget\" data-widget_type=\"text-editor.default\">\n\t\t\t\t<div class=\"elementor-widget-container\">\n\t\t\t\t\t\t\t\t\t<p data-pos=\"1602\"><strong data-pos=\"1604\">Paso 1: Consulta gratuita:<\/strong>\u00a0Re\u00fanase con nuestro prot\u00e9sico dental para analizar sus objetivos de blanqueamiento y evaluar su sonrisa.<\/p><p data-pos=\"1715\"><strong data-pos=\"1717\">Paso 2: Plan de tratamiento personalizado:<\/strong>\u00a0Crearemos un plan de blanqueamiento personalizado que se ajuste a tus necesidades y presupuesto.<\/p><p data-pos=\"1831\"><strong data-pos=\"1833\">Paso 3: Blanqueamiento dental profesional:<\/strong>\u00a0Reciba un tratamiento seguro y efectivo utilizando tecnolog\u00eda de blanqueamiento avanzada.<\/p><p data-pos=\"1945\"><strong data-pos=\"1947\">Paso 4: Disfruta de tu sonrisa radiante:<\/strong>\u00a0Salga con una sonrisa notablemente m\u00e1s brillante y segura.<\/p>\t\t\t\t\t\t\t\t<\/div>\n\t\t\t\t<\/div>\n\t\t\t\t<\/div>\n\t\t\t\t\t<\/div>\n\t\t\t\t<\/div>\n\t\t<div class=\"elementor-element elementor-element-da775f6 e-flex e-con-boxed e-con e-parent\" data-id=\"da775f6\" data-element_type=\"container\" data-e-type=\"container\" data-settings=\"{&quot;background_background&quot;:&quot;classic&quot;}\">\n\t\t\t\t\t<div class=\"e-con-inner\">\n\t\t\t\t<div class=\"elementor-element elementor-element-ad5ab2b elementor-widget elementor-widget-image\" data-id=\"ad5ab2b\" data-element_type=\"widget\" data-e-type=\"widget\" data-widget_type=\"image.default\">\n\t\t\t\t<div class=\"elementor-widget-container\">\n\t\t\t\t\t\t\t\t\t\t\t\t\t\t\t<img decoding=\"async\" width=\"90\" height=\"91\" src=\"https:\/\/cdn.webnamesandnumbers.com\/wp-content\/uploads\/sites\/709\/2024\/01\/12121055\/vaadin_dental-chair.png\" class=\"attachment-large size-large wp-image-106\" alt=\"Dental Chair\" \/>\t\t\t\t\t\t\t\t\t\t\t\t\t\t\t<\/div>\n\t\t\t\t<\/div>\n\t\t\t\t<div class=\"elementor-element elementor-element-fda5e97 elementor-widget__width-initial elementor-widget elementor-widget-text-editor\" data-id=\"fda5e97\" data-element_type=\"widget\" data-e-type=\"widget\" data-widget_type=\"text-editor.default\">\n\t\t\t\t<div class=\"elementor-widget-container\">\n\t\t\t\t\t\t\t\t\t<h3 id=\"benefits-of-teeth-bleaching\" tabindex=\"-1\" data-pos=\"2046\"><span style=\"color: #ffffff;\">Beneficios del blanqueamiento dental\u00a0<\/span><\/h3><ul data-pos=\"2075\"><li style=\"text-align: left;\" data-pos=\"2075\"><strong data-pos=\"2079\">Sonrisa m\u00e1s brillante al instante:<\/strong>\u00a0El blanqueamiento elimina a\u00f1os de manchas y decoloraci\u00f3n, a menudo en una sola sesi\u00f3n.<\/li><li style=\"text-align: left;\" data-pos=\"2187\"><strong data-pos=\"2191\">Aumento de la confianza:<\/strong>\u00a0Una sonrisa m\u00e1s blanca puede mejorar la autoestima y ayudarle a sentirse m\u00e1s seguro en entornos sociales y profesionales.<\/li><li style=\"text-align: left;\" data-pos=\"2323\"><strong data-pos=\"2327\">Tratamiento no invasivo:<\/strong>\u00a0El blanqueamiento dental es sencillo, indoloro y no requiere taladros ni anestesia.<\/li><li style=\"text-align: left;\" data-pos=\"2434\"><strong data-pos=\"2438\">Seguro y supervisado:<\/strong>\u00a0Cuando lo realizan profesionales dentales, el blanqueamiento es seguro y se adapta a su salud bucal.<\/li><li style=\"text-align: left;\" data-pos=\"2551\"><strong data-pos=\"2555\">Efectos duraderos:<\/strong>\u00a0Con el cuidado adecuado y retoques ocasionales, los resultados pueden durar meses o incluso a\u00f1os.<\/li><\/ul><h4 id=\"contact-right-bite-dentures-in-ontario-or-today\" tabindex=\"-1\" data-pos=\"2670\"><strong>\u00a1P\u00f3ngase en contacto con Right Bite Dentures en Ontario, OR hoy mismo!\u00a0<\/strong><\/h4><p data-pos=\"2725\">Cont\u00e1ctanos hoy en\u00a0<strong data-pos=\"2747\">541-889-3750<\/strong>\u00a0Para una consulta, o utilice el formulario en nuestra p\u00e1gina web para contactarnos. Perm\u00edtanos ayudarle a disfrutar de su sonrisa nuevamente con nuestros servicios profesionales de blanqueamiento dental en Ontario, Oreg\u00f3n. Finalmente, logre la confianza que merece con la atenci\u00f3n, el servicio y la tecnolog\u00eda de calidad que caracterizan a Right Bite Dentures.<\/p>\t\t\t\t\t\t\t\t<\/div>\n\t\t\t\t<\/div>\n\t\t\t\t\t<\/div>\n\t\t\t\t<\/div>\n\t\t\t\t<\/div>","protected":false},"excerpt":{"rendered":"<p>Teeth Bleaching in Ontario, OR Contact Us Your smile is more than just an expression\u2014it&#8217;s a key part of your lifestyle. At Right Bite Dentures, we understand the profound impact a bright, confident smile can have on your daily life. Located in Ontario, Oregon, we are proud to offer top-of-the-line teeth bleaching services that can [&hellip;]<\/p>\n","protected":false},"author":26,"featured_media":0,"parent":0,"menu_order":0,"comment_status":"closed","ping_status":"closed","template":"","meta":{"footnotes":""},"class_list":["post-1311","page","type-page","status-publish","hentry"],"yoast_head":"<!-- This site is optimized with the Yoast SEO plugin v27.3 - https:\/\/yoast.com\/product\/yoast-seo-wordpress\/ -->\n<title>Teeth Bleaching in Ontario, OR - Right Bite Dentures<\/title>\n<meta name=\"description\" content=\"Discover professional teeth bleaching services provided by Right Bite Dentures. Contact us now and brighten your smile today!\" \/>\n<meta name=\"robots\" content=\"index, follow, max-snippet:-1, max-image-preview:large, max-video-preview:-1\" \/>\n<link rel=\"canonical\" href=\"https:\/\/www.rightbitedentures.biz\/es\/teeth-bleaching-ontario-or\/\" \/>\n<meta property=\"og:locale\" content=\"es_MX\" \/>\n<meta property=\"og:type\" content=\"article\" \/>\n<meta property=\"og:title\" content=\"Teeth Bleaching in Ontario, OR - Right Bite Dentures\" \/>\n<meta property=\"og:description\" content=\"Discover professional teeth bleaching services provided by Right Bite Dentures. Contact us now and brighten your smile today!\" \/>\n<meta property=\"og:url\" content=\"https:\/\/www.rightbitedentures.biz\/es\/teeth-bleaching-ontario-or\/\" \/>\n<meta property=\"og:site_name\" content=\"Right Bite Dentures\" \/>\n<meta property=\"article:modified_time\" content=\"2025-07-11T20:23:35+00:00\" \/>\n<meta property=\"og:image\" content=\"https:\/\/www.rightbitedentures.biz\/wp-content\/uploads\/sites\/709\/2024\/01\/vaadin_dental-chair.png\" \/>\n<meta name=\"twitter:card\" content=\"summary_large_image\" \/>\n<meta name=\"twitter:label1\" content=\"Tiempo de lectura\" \/>\n\t<meta name=\"twitter:data1\" content=\"2 minutos\" \/>\n<script type=\"application\/ld+json\" class=\"yoast-schema-graph\">{\"@context\":\"https:\\\/\\\/schema.org\",\"@graph\":[{\"@type\":\"WebPage\",\"@id\":\"https:\\\/\\\/www.rightbitedentures.biz\\\/teeth-bleaching-ontario-or\\\/\",\"url\":\"https:\\\/\\\/www.rightbitedentures.biz\\\/teeth-bleaching-ontario-or\\\/\",\"name\":\"Teeth Bleaching in Ontario, OR - Right Bite Dentures\",\"isPartOf\":{\"@id\":\"https:\\\/\\\/www.rightbitedentures.biz\\\/#website\"},\"primaryImageOfPage\":{\"@id\":\"https:\\\/\\\/www.rightbitedentures.biz\\\/teeth-bleaching-ontario-or\\\/#primaryimage\"},\"image\":{\"@id\":\"https:\\\/\\\/www.rightbitedentures.biz\\\/teeth-bleaching-ontario-or\\\/#primaryimage\"},\"thumbnailUrl\":\"https:\\\/\\\/www.rightbitedentures.biz\\\/wp-content\\\/uploads\\\/sites\\\/709\\\/2024\\\/01\\\/vaadin_dental-chair.png\",\"datePublished\":\"2025-07-11T20:11:15+00:00\",\"dateModified\":\"2025-07-11T20:23:35+00:00\",\"description\":\"Discover professional teeth bleaching services provided by Right Bite Dentures. Contact us now and brighten your smile today!\",\"breadcrumb\":{\"@id\":\"https:\\\/\\\/www.rightbitedentures.biz\\\/teeth-bleaching-ontario-or\\\/#breadcrumb\"},\"inLanguage\":\"es\",\"potentialAction\":[{\"@type\":\"ReadAction\",\"target\":[\"https:\\\/\\\/www.rightbitedentures.biz\\\/teeth-bleaching-ontario-or\\\/\"]}]},{\"@type\":\"ImageObject\",\"inLanguage\":\"es\",\"@id\":\"https:\\\/\\\/www.rightbitedentures.biz\\\/teeth-bleaching-ontario-or\\\/#primaryimage\",\"url\":\"https:\\\/\\\/www.rightbitedentures.biz\\\/wp-content\\\/uploads\\\/sites\\\/709\\\/2024\\\/01\\\/vaadin_dental-chair.png\",\"contentUrl\":\"https:\\\/\\\/www.rightbitedentures.biz\\\/wp-content\\\/uploads\\\/sites\\\/709\\\/2024\\\/01\\\/vaadin_dental-chair.png\"},{\"@type\":\"BreadcrumbList\",\"@id\":\"https:\\\/\\\/www.rightbitedentures.biz\\\/teeth-bleaching-ontario-or\\\/#breadcrumb\",\"itemListElement\":[{\"@type\":\"ListItem\",\"position\":1,\"name\":\"Home\",\"item\":\"https:\\\/\\\/www.rightbitedentures.biz\\\/\"},{\"@type\":\"ListItem\",\"position\":2,\"name\":\"Teeth Bleaching in Ontario, OR\"}]},{\"@type\":\"WebSite\",\"@id\":\"https:\\\/\\\/www.rightbitedentures.biz\\\/#website\",\"url\":\"https:\\\/\\\/www.rightbitedentures.biz\\\/\",\"name\":\"Right Bite Dentures\",\"description\":\"Dentures backed by Service, Quality and Technology. We specialize in restoring confidence.\",\"publisher\":{\"@id\":\"https:\\\/\\\/www.rightbitedentures.biz\\\/#organization\"},\"potentialAction\":[{\"@type\":\"SearchAction\",\"target\":{\"@type\":\"EntryPoint\",\"urlTemplate\":\"https:\\\/\\\/www.rightbitedentures.biz\\\/?s={search_term_string}\"},\"query-input\":{\"@type\":\"PropertyValueSpecification\",\"valueRequired\":true,\"valueName\":\"search_term_string\"}}],\"inLanguage\":\"es\"},{\"@type\":\"Organization\",\"@id\":\"https:\\\/\\\/www.rightbitedentures.biz\\\/#organization\",\"name\":\"Right Bite Dentures\",\"url\":\"https:\\\/\\\/www.rightbitedentures.biz\\\/\",\"logo\":{\"@type\":\"ImageObject\",\"inLanguage\":\"es\",\"@id\":\"https:\\\/\\\/www.rightbitedentures.biz\\\/#\\\/schema\\\/logo\\\/image\\\/\",\"url\":\"https:\\\/\\\/cdn.webnamesandnumbers.com\\\/wp-content\\\/uploads\\\/sites\\\/709\\\/2024\\\/01\\\/12121812\\\/cropped-image-2-1.png\",\"contentUrl\":\"https:\\\/\\\/cdn.webnamesandnumbers.com\\\/wp-content\\\/uploads\\\/sites\\\/709\\\/2024\\\/01\\\/12121812\\\/cropped-image-2-1.png\",\"width\":439,\"height\":251,\"caption\":\"Right Bite Dentures\"},\"image\":{\"@id\":\"https:\\\/\\\/www.rightbitedentures.biz\\\/#\\\/schema\\\/logo\\\/image\\\/\"}}]}<\/script>\n<!-- \/ Yoast SEO plugin. -->","yoast_head_json":{"title":"Teeth Bleaching in Ontario, OR - Right Bite Dentures","description":"Discover professional teeth bleaching services provided by Right Bite Dentures. Contact us now and brighten your smile today!","robots":{"index":"index","follow":"follow","max-snippet":"max-snippet:-1","max-image-preview":"max-image-preview:large","max-video-preview":"max-video-preview:-1"},"canonical":"https:\/\/www.rightbitedentures.biz\/es\/teeth-bleaching-ontario-or\/","og_locale":"es_MX","og_type":"article","og_title":"Teeth Bleaching in Ontario, OR - Right Bite Dentures","og_description":"Discover professional teeth bleaching services provided by Right Bite Dentures. Contact us now and brighten your smile today!","og_url":"https:\/\/www.rightbitedentures.biz\/es\/teeth-bleaching-ontario-or\/","og_site_name":"Right Bite Dentures","article_modified_time":"2025-07-11T20:23:35+00:00","og_image":[{"url":"https:\/\/www.rightbitedentures.biz\/wp-content\/uploads\/sites\/709\/2024\/01\/vaadin_dental-chair.png","type":"","width":"","height":""}],"twitter_card":"summary_large_image","twitter_misc":{"Tiempo de lectura":"2 minutos"},"schema":{"@context":"https:\/\/schema.org","@graph":[{"@type":"WebPage","@id":"https:\/\/www.rightbitedentures.biz\/teeth-bleaching-ontario-or\/","url":"https:\/\/www.rightbitedentures.biz\/teeth-bleaching-ontario-or\/","name":"Teeth Bleaching in Ontario, OR - Right Bite Dentures","isPartOf":{"@id":"https:\/\/www.rightbitedentures.biz\/#website"},"primaryImageOfPage":{"@id":"https:\/\/www.rightbitedentures.biz\/teeth-bleaching-ontario-or\/#primaryimage"},"image":{"@id":"https:\/\/www.rightbitedentures.biz\/teeth-bleaching-ontario-or\/#primaryimage"},"thumbnailUrl":"https:\/\/www.rightbitedentures.biz\/wp-content\/uploads\/sites\/709\/2024\/01\/vaadin_dental-chair.png","datePublished":"2025-07-11T20:11:15+00:00","dateModified":"2025-07-11T20:23:35+00:00","description":"Discover professional teeth bleaching services provided by Right Bite Dentures. Contact us now and brighten your smile today!","breadcrumb":{"@id":"https:\/\/www.rightbitedentures.biz\/teeth-bleaching-ontario-or\/#breadcrumb"},"inLanguage":"es","potentialAction":[{"@type":"ReadAction","target":["https:\/\/www.rightbitedentures.biz\/teeth-bleaching-ontario-or\/"]}]},{"@type":"ImageObject","inLanguage":"es","@id":"https:\/\/www.rightbitedentures.biz\/teeth-bleaching-ontario-or\/#primaryimage","url":"https:\/\/www.rightbitedentures.biz\/wp-content\/uploads\/sites\/709\/2024\/01\/vaadin_dental-chair.png","contentUrl":"https:\/\/www.rightbitedentures.biz\/wp-content\/uploads\/sites\/709\/2024\/01\/vaadin_dental-chair.png"},{"@type":"BreadcrumbList","@id":"https:\/\/www.rightbitedentures.biz\/teeth-bleaching-ontario-or\/#breadcrumb","itemListElement":[{"@type":"ListItem","position":1,"name":"Home","item":"https:\/\/www.rightbitedentures.biz\/"},{"@type":"ListItem","position":2,"name":"Teeth Bleaching in Ontario, OR"}]},{"@type":"WebSite","@id":"https:\/\/www.rightbitedentures.biz\/#website","url":"https:\/\/www.rightbitedentures.biz\/","name":"Dentaduras postizas de mordida derecha","description":"Pr\u00f3tesis dentales con el respaldo de servicio, calidad y tecnolog\u00eda. Nos especializamos en recuperar la confianza.","publisher":{"@id":"https:\/\/www.rightbitedentures.biz\/#organization"},"potentialAction":[{"@type":"SearchAction","target":{"@type":"EntryPoint","urlTemplate":"https:\/\/www.rightbitedentures.biz\/?s={search_term_string}"},"query-input":{"@type":"PropertyValueSpecification","valueRequired":true,"valueName":"search_term_string"}}],"inLanguage":"es"},{"@type":"Organization","@id":"https:\/\/www.rightbitedentures.biz\/#organization","name":"Dentaduras postizas de mordida derecha","url":"https:\/\/www.rightbitedentures.biz\/","logo":{"@type":"ImageObject","inLanguage":"es","@id":"https:\/\/www.rightbitedentures.biz\/#\/schema\/logo\/image\/","url":"https:\/\/cdn.webnamesandnumbers.com\/wp-content\/uploads\/sites\/709\/2024\/01\/12121812\/cropped-image-2-1.png","contentUrl":"https:\/\/cdn.webnamesandnumbers.com\/wp-content\/uploads\/sites\/709\/2024\/01\/12121812\/cropped-image-2-1.png","width":439,"height":251,"caption":"Right Bite Dentures"},"image":{"@id":"https:\/\/www.rightbitedentures.biz\/#\/schema\/logo\/image\/"}}]}},"_links":{"self":[{"href":"https:\/\/www.rightbitedentures.biz\/es\/wp-json\/wp\/v2\/pages\/1311","targetHints":{"allow":["GET"]}}],"collection":[{"href":"https:\/\/www.rightbitedentures.biz\/es\/wp-json\/wp\/v2\/pages"}],"about":[{"href":"https:\/\/www.rightbitedentures.biz\/es\/wp-json\/wp\/v2\/types\/page"}],"author":[{"embeddable":true,"href":"https:\/\/www.rightbitedentures.biz\/es\/wp-json\/wp\/v2\/users\/26"}],"replies":[{"embeddable":true,"href":"https:\/\/www.rightbitedentures.biz\/es\/wp-json\/wp\/v2\/comments?post=1311"}],"version-history":[{"count":13,"href":"https:\/\/www.rightbitedentures.biz\/es\/wp-json\/wp\/v2\/pages\/1311\/revisions"}],"predecessor-version":[{"id":1326,"href":"https:\/\/www.rightbitedentures.biz\/es\/wp-json\/wp\/v2\/pages\/1311\/revisions\/1326"}],"wp:attachment":[{"href":"https:\/\/www.rightbitedentures.biz\/es\/wp-json\/wp\/v2\/media?parent=1311"}],"curies":[{"name":"gracias","href":"https:\/\/api.w.org\/{rel}","templated":true}]}}