{"id":1359,"date":"2025-08-08T18:08:49","date_gmt":"2025-08-08T18:08:49","guid":{"rendered":"https:\/\/www.rightbitedentures.biz\/?page_id=1359"},"modified":"2025-08-08T18:11:43","modified_gmt":"2025-08-08T18:11:43","slug":"denture-adjustments-baker-city-or","status":"publish","type":"page","link":"https:\/\/www.rightbitedentures.biz\/es\/denture-adjustments-baker-city-or\/","title":{"rendered":"Ajustes de dentaduras postizas en Baker City, OR"},"content":{"rendered":"<div data-elementor-type=\"wp-page\" data-elementor-id=\"1359\" class=\"elementor elementor-1359\" data-elementor-post-type=\"page\">\n\t\t\t\t<div class=\"elementor-element elementor-element-5800a8b e-flex e-con-boxed e-con e-parent\" data-id=\"5800a8b\" data-element_type=\"container\" data-e-type=\"container\" data-settings=\"{&quot;background_background&quot;:&quot;classic&quot;}\">\n\t\t\t\t\t<div class=\"e-con-inner\">\n\t\t<div class=\"elementor-element elementor-element-a258616 e-con-full e-flex e-con e-child\" data-id=\"a258616\" data-element_type=\"container\" data-e-type=\"container\">\n\t\t\t\t<div class=\"elementor-element elementor-element-09f571e elementor-widget elementor-widget-heading\" data-id=\"09f571e\" data-element_type=\"widget\" data-e-type=\"widget\" data-widget_type=\"heading.default\">\n\t\t\t\t<div class=\"elementor-widget-container\">\n\t\t\t\t\t<h1 class=\"elementor-heading-title elementor-size-default\">Ajustes de dentaduras postizas en Baker City, OR <\/h1>\t\t\t\t<\/div>\n\t\t\t\t<\/div>\n\t\t\t\t<div class=\"elementor-element elementor-element-a3a9721 elementor-align-left elementor-widget elementor-widget-button\" data-id=\"a3a9721\" data-element_type=\"widget\" data-e-type=\"widget\" data-widget_type=\"button.default\">\n\t\t\t\t<div class=\"elementor-widget-container\">\n\t\t\t\t\t\t\t\t\t<div class=\"elementor-button-wrapper\">\n\t\t\t\t\t<a class=\"elementor-button elementor-button-link elementor-size-sm\" href=\"https:\/\/www.rightbitedentures.biz\/es\/contact\/\">\n\t\t\t\t\t\t<span class=\"elementor-button-content-wrapper\">\n\t\t\t\t\t\t\t\t\t<span class=\"elementor-button-text\">Cont\u00e1ctenos<\/span>\n\t\t\t\t\t<\/span>\n\t\t\t\t\t<\/a>\n\t\t\t\t<\/div>\n\t\t\t\t\t\t\t\t<\/div>\n\t\t\t\t<\/div>\n\t\t\t\t<\/div>\n\t\t<div class=\"elementor-element elementor-element-ff46f6a e-con-full e-flex e-con e-child\" data-id=\"ff46f6a\" data-element_type=\"container\" data-e-type=\"container\">\n\t\t\t\t<\/div>\n\t\t\t\t\t<\/div>\n\t\t\t\t<\/div>\n\t\t<div class=\"elementor-element elementor-element-d76abf5 e-flex e-con-boxed e-con e-parent\" data-id=\"d76abf5\" data-element_type=\"container\" data-e-type=\"container\" data-settings=\"{&quot;background_background&quot;:&quot;classic&quot;}\">\n\t\t\t\t\t<div class=\"e-con-inner\">\n\t\t\t\t<div class=\"elementor-element elementor-element-cc50b93 elementor-widget__width-initial elementor-widget elementor-widget-text-editor\" data-id=\"cc50b93\" data-element_type=\"widget\" data-e-type=\"widget\" data-widget_type=\"text-editor.default\">\n\t\t\t\t<div class=\"elementor-widget-container\">\n\t\t\t\t\t\t\t\t\t<h3><em><span style=\"color: #ffffff;\"><strong data-start=\"207\" data-end=\"295\">Su gu\u00eda confiable para sonrisas c\u00f3modas y seguras<\/strong><\/span><\/em><\/h3><p>Ubicado en Baker City, Oreg\u00f3n, Right Bite Dentures es una cl\u00ednica propiedad de veteranos, dedicada a restaurar la comodidad y la confianza, con m\u00e1s de 30 a\u00f1os de experiencia combinada en pr\u00f3tesis dentales. En nuestra esencia, la empat\u00eda, la excelencia y la innovaci\u00f3n definen cada experiencia que ofrecemos.<\/p>\t\t\t\t\t\t\t\t<\/div>\n\t\t\t\t<\/div>\n\t\t\t\t\t<\/div>\n\t\t\t\t<\/div>\n\t\t<div class=\"elementor-element elementor-element-aa71a58 e-flex e-con-boxed e-con e-parent\" data-id=\"aa71a58\" data-element_type=\"container\" data-e-type=\"container\" data-settings=\"{&quot;background_background&quot;:&quot;classic&quot;}\">\n\t\t\t\t\t<div class=\"e-con-inner\">\n\t\t<div class=\"elementor-element elementor-element-c4b7df9 e-con-full e-flex e-con e-child\" data-id=\"c4b7df9\" data-element_type=\"container\" data-e-type=\"container\" data-settings=\"{&quot;background_background&quot;:&quot;classic&quot;}\">\n\t\t\t\t<div class=\"elementor-element elementor-element-968cb3f elementor-widget elementor-widget-heading\" data-id=\"968cb3f\" data-element_type=\"widget\" data-e-type=\"widget\" data-widget_type=\"heading.default\">\n\t\t\t\t<div class=\"elementor-widget-container\">\n\t\t\t\t\t<h2 class=\"elementor-heading-title elementor-size-default\">Entendiendo por qu\u00e9 son importantes los ajustes\n<\/h2>\t\t\t\t<\/div>\n\t\t\t\t<\/div>\n\t\t\t\t<div class=\"elementor-element elementor-element-07fdf2a elementor-widget elementor-widget-text-editor\" data-id=\"07fdf2a\" data-element_type=\"widget\" data-e-type=\"widget\" data-widget_type=\"text-editor.default\">\n\t\t\t\t<div class=\"elementor-widget-container\">\n\t\t\t\t\t\t\t\t\t<p data-start=\"613\" data-end=\"844\">Los cambios en la boca, como la reabsorci\u00f3n gingival o el desplazamiento de la mand\u00edbula, pueden provocar que las dentaduras postizas se aflojen o causen molestias con el tiempo. Right Bite Dentures se especializa en ajustes oportunos de pr\u00f3tesis dentales que restauran la comodidad, la funci\u00f3n y la tranquilidad.<\/p>\t\t\t\t\t\t\t\t<\/div>\n\t\t\t\t<\/div>\n\t\t\t\t<div class=\"elementor-element elementor-element-0b6894e elementor-widget elementor-widget-heading\" data-id=\"0b6894e\" data-element_type=\"widget\" data-e-type=\"widget\" data-widget_type=\"heading.default\">\n\t\t\t\t<div class=\"elementor-widget-container\">\n\t\t\t\t\t<h2 class=\"elementor-heading-title elementor-size-default\">Nuestros servicios de ajuste de dentaduras postizas\n<\/h2>\t\t\t\t<\/div>\n\t\t\t\t<\/div>\n\t\t\t\t<div class=\"elementor-element elementor-element-f356cde elementor-widget elementor-widget-text-editor\" data-id=\"f356cde\" data-element_type=\"widget\" data-e-type=\"widget\" data-widget_type=\"text-editor.default\">\n\t\t\t\t<div class=\"elementor-widget-container\">\n\t\t\t\t\t\t\t\t\t<p data-start=\"893\" data-end=\"992\">Ofrecemos un espectro completo de opciones de ajuste para garantizar que el ajuste de su dentadura sea perfecto y confiable:<\/p><ul><li data-start=\"996\" data-end=\"1074\"><strong data-start=\"996\" data-end=\"1021\">Ajustes menores de ajuste<\/strong> \u2014 Suaviza los puntos de presi\u00f3n para una comodidad diaria.<\/li><li data-start=\"1077\" data-end=\"1167\"><strong data-start=\"1077\" data-end=\"1107\">Correcciones de la alineaci\u00f3n de la mordida<\/strong> \u2014 Afine su mordida para masticar y hablar con confianza.<\/li><li data-start=\"1170\" data-end=\"1256\"><strong data-start=\"1170\" data-end=\"1190\">Alivio de puntos doloridos<\/strong> \u2014 Elimina la irritaci\u00f3n dolorosa y protege el delicado tejido de las enc\u00edas.<\/li><li data-start=\"1259\" data-end=\"1336\"><strong data-start=\"1259\" data-end=\"1281\">Ajuste de dentaduras postizas<\/strong> \u2014 Mejora la estabilidad para evitar resbalones o movimientos.<\/li><li data-start=\"1339\" data-end=\"1440\"><strong data-start=\"1339\" data-end=\"1366\">Evaluaciones de mantenimiento<\/strong> \u2014 Controles peri\u00f3dicos para detectar problemas a tiempo y preservar la longevidad de la dentadura.<\/li><\/ul><p data-start=\"1442\" data-end=\"1551\">Nuestro laboratorio en el lugar y la tecnolog\u00eda de pr\u00f3tesis dentales digitales garantizan calidad superior, respuesta r\u00e1pida y atenci\u00f3n enfocada.<\/p>\t\t\t\t\t\t\t\t<\/div>\n\t\t\t\t<\/div>\n\t\t\t\t<div class=\"elementor-element elementor-element-3caa35b elementor-widget elementor-widget-heading\" data-id=\"3caa35b\" data-element_type=\"widget\" data-e-type=\"widget\" data-widget_type=\"heading.default\">\n\t\t\t\t<div class=\"elementor-widget-container\">\n\t\t\t\t\t<h2 class=\"elementor-heading-title elementor-size-default\">Nuestro enfoque: Empat\u00eda, Calidad, Apoyo\n<\/h2>\t\t\t\t<\/div>\n\t\t\t\t<\/div>\n\t\t\t\t<div class=\"elementor-element elementor-element-b0474c7 elementor-widget elementor-widget-text-editor\" data-id=\"b0474c7\" data-element_type=\"widget\" data-e-type=\"widget\" data-widget_type=\"text-editor.default\">\n\t\t\t\t<div class=\"elementor-widget-container\">\n\t\t\t\t\t\t\t\t\t<p data-start=\"1608\" data-end=\"1792\">Su comodidad nos importa, tanto f\u00edsica como personalmente. Nos esmeramos en escuchar y evaluar sus inquietudes en un ambiente acogedor, dise\u00f1ado para comprender y aliviar sus frustraciones.<\/p><p data-start=\"1794\" data-end=\"1936\">Porque las buenas relaciones generan excelentes resultados, ofrecemos planes de tratamiento personalizados y siempre buscamos la comodidad y el rendimiento de las pr\u00f3tesis a largo plazo.<\/p>\t\t\t\t\t\t\t\t<\/div>\n\t\t\t\t<\/div>\n\t\t\t\t<\/div>\n\t\t\t\t\t<\/div>\n\t\t\t\t<\/div>\n\t\t<div class=\"elementor-element elementor-element-d859baf e-flex e-con-boxed e-con e-parent\" data-id=\"d859baf\" data-element_type=\"container\" data-e-type=\"container\" data-settings=\"{&quot;background_background&quot;:&quot;classic&quot;}\">\n\t\t\t\t\t<div class=\"e-con-inner\">\n\t\t\t\t<div class=\"elementor-element elementor-element-0fb22ee elementor-widget__width-initial elementor-widget elementor-widget-text-editor\" data-id=\"0fb22ee\" data-element_type=\"widget\" data-e-type=\"widget\" data-widget_type=\"text-editor.default\">\n\t\t\t\t<div class=\"elementor-widget-container\">\n\t\t\t\t\t\t\t\t\t<h3 data-start=\"2860\" data-end=\"2907\"><span style=\"color: #ffffff;\"><strong data-start=\"2864\" data-end=\"2905\">Tu pr\u00f3ximo paso hacia una sonrisa c\u00f3moda<\/strong><\/span><\/h3><p data-start=\"2908\" data-end=\"3100\">No permita que las molestias de la dentadura postiza le impidan seguir adelante. Visite <strong data-start=\"2958\" data-end=\"2992\">Pr\u00f3tesis dentales con mordida correcta\u2014Baker City<\/strong> en <strong data-start=\"2996\" data-end=\"3036\">2194 Court Ave, Baker City, OR 97814<\/strong>, o llama <strong data-start=\"3046\" data-end=\"3064\">(541) 406-3146<\/strong> para una consulta de ajuste gratuita.<\/p><p data-start=\"3102\" data-end=\"3224\"><strong data-start=\"3102\" data-end=\"3224\">Redescubra la alegr\u00eda de comer, hablar y sonre\u00edr sin dolor. Perm\u00edtanos mantener su dentadura postiza con un ajuste perfecto, de por vida.<\/strong><\/p>\t\t\t\t\t\t\t\t<\/div>\n\t\t\t\t<\/div>\n\t\t\t\t\t<\/div>\n\t\t\t\t<\/div>\n\t\t\t\t<\/div>","protected":false},"excerpt":{"rendered":"<p>Denture Adjustments in Baker City, OR Contact Us Your Trusted Guide to Comfortable, Confident Smiles Located in Baker City, Oregon, Right Bite Dentures is a veteran-owned practice devoted to restoring comfort and confidence with more than 30 years of combined denture expertise. At our core, empathy, excellence, and innovation shape every experience we provide. Understanding [&hellip;]<\/p>\n","protected":false},"author":26,"featured_media":0,"parent":0,"menu_order":0,"comment_status":"closed","ping_status":"closed","template":"","meta":{"footnotes":""},"class_list":["post-1359","page","type-page","status-publish","hentry"],"yoast_head":"<!-- This site is optimized with the Yoast SEO plugin v27.3 - https:\/\/yoast.com\/product\/yoast-seo-wordpress\/ -->\n<title>Denture Adjustments in Baker City, OR | Right Bite Dentures<\/title>\n<meta name=\"description\" content=\"Discover professional denture adjustment services offered by Right Bite Dentures in Baker City, OR. Schedule an appointment with us today.\" \/>\n<meta name=\"robots\" content=\"index, follow, max-snippet:-1, max-image-preview:large, max-video-preview:-1\" \/>\n<link rel=\"canonical\" href=\"https:\/\/www.rightbitedentures.biz\/es\/denture-adjustments-baker-city-or\/\" \/>\n<meta property=\"og:locale\" content=\"es_MX\" \/>\n<meta property=\"og:type\" content=\"article\" \/>\n<meta property=\"og:title\" content=\"Denture Adjustments in Baker City, OR | Right Bite Dentures\" \/>\n<meta property=\"og:description\" content=\"Discover professional denture adjustment services offered by Right Bite Dentures in Baker City, OR. Schedule an appointment with us today.\" \/>\n<meta property=\"og:url\" content=\"https:\/\/www.rightbitedentures.biz\/es\/denture-adjustments-baker-city-or\/\" \/>\n<meta property=\"og:site_name\" content=\"Right Bite Dentures\" \/>\n<meta property=\"article:modified_time\" content=\"2025-08-08T18:11:43+00:00\" \/>\n<meta name=\"twitter:card\" content=\"summary_large_image\" \/>\n<meta name=\"twitter:label1\" content=\"Tiempo de lectura\" \/>\n\t<meta name=\"twitter:data1\" content=\"2 minutos\" \/>\n<script type=\"application\/ld+json\" class=\"yoast-schema-graph\">{\"@context\":\"https:\\\/\\\/schema.org\",\"@graph\":[{\"@type\":\"WebPage\",\"@id\":\"https:\\\/\\\/www.rightbitedentures.biz\\\/denture-adjustments-baker-city-or\\\/\",\"url\":\"https:\\\/\\\/www.rightbitedentures.biz\\\/denture-adjustments-baker-city-or\\\/\",\"name\":\"Denture Adjustments in Baker City, OR | Right Bite Dentures\",\"isPartOf\":{\"@id\":\"https:\\\/\\\/www.rightbitedentures.biz\\\/#website\"},\"datePublished\":\"2025-08-08T18:08:49+00:00\",\"dateModified\":\"2025-08-08T18:11:43+00:00\",\"description\":\"Discover professional denture adjustment services offered by Right Bite Dentures in Baker City, OR. Schedule an appointment with us today.\",\"breadcrumb\":{\"@id\":\"https:\\\/\\\/www.rightbitedentures.biz\\\/denture-adjustments-baker-city-or\\\/#breadcrumb\"},\"inLanguage\":\"es\",\"potentialAction\":[{\"@type\":\"ReadAction\",\"target\":[\"https:\\\/\\\/www.rightbitedentures.biz\\\/denture-adjustments-baker-city-or\\\/\"]}]},{\"@type\":\"BreadcrumbList\",\"@id\":\"https:\\\/\\\/www.rightbitedentures.biz\\\/denture-adjustments-baker-city-or\\\/#breadcrumb\",\"itemListElement\":[{\"@type\":\"ListItem\",\"position\":1,\"name\":\"Home\",\"item\":\"https:\\\/\\\/www.rightbitedentures.biz\\\/\"},{\"@type\":\"ListItem\",\"position\":2,\"name\":\"Denture Adjustments in Baker City, OR\"}]},{\"@type\":\"WebSite\",\"@id\":\"https:\\\/\\\/www.rightbitedentures.biz\\\/#website\",\"url\":\"https:\\\/\\\/www.rightbitedentures.biz\\\/\",\"name\":\"Right Bite Dentures\",\"description\":\"Dentures backed by Service, Quality and Technology. We specialize in restoring confidence.\",\"publisher\":{\"@id\":\"https:\\\/\\\/www.rightbitedentures.biz\\\/#organization\"},\"potentialAction\":[{\"@type\":\"SearchAction\",\"target\":{\"@type\":\"EntryPoint\",\"urlTemplate\":\"https:\\\/\\\/www.rightbitedentures.biz\\\/?s={search_term_string}\"},\"query-input\":{\"@type\":\"PropertyValueSpecification\",\"valueRequired\":true,\"valueName\":\"search_term_string\"}}],\"inLanguage\":\"es\"},{\"@type\":\"Organization\",\"@id\":\"https:\\\/\\\/www.rightbitedentures.biz\\\/#organization\",\"name\":\"Right Bite Dentures\",\"url\":\"https:\\\/\\\/www.rightbitedentures.biz\\\/\",\"logo\":{\"@type\":\"ImageObject\",\"inLanguage\":\"es\",\"@id\":\"https:\\\/\\\/www.rightbitedentures.biz\\\/#\\\/schema\\\/logo\\\/image\\\/\",\"url\":\"https:\\\/\\\/cdn.webnamesandnumbers.com\\\/wp-content\\\/uploads\\\/sites\\\/709\\\/2024\\\/01\\\/12121812\\\/cropped-image-2-1.png\",\"contentUrl\":\"https:\\\/\\\/cdn.webnamesandnumbers.com\\\/wp-content\\\/uploads\\\/sites\\\/709\\\/2024\\\/01\\\/12121812\\\/cropped-image-2-1.png\",\"width\":439,\"height\":251,\"caption\":\"Right Bite Dentures\"},\"image\":{\"@id\":\"https:\\\/\\\/www.rightbitedentures.biz\\\/#\\\/schema\\\/logo\\\/image\\\/\"}}]}<\/script>\n<!-- \/ Yoast SEO plugin. -->","yoast_head_json":{"title":"Denture Adjustments in Baker City, OR | Right Bite Dentures","description":"Discover professional denture adjustment services offered by Right Bite Dentures in Baker City, OR. Schedule an appointment with us today.","robots":{"index":"index","follow":"follow","max-snippet":"max-snippet:-1","max-image-preview":"max-image-preview:large","max-video-preview":"max-video-preview:-1"},"canonical":"https:\/\/www.rightbitedentures.biz\/es\/denture-adjustments-baker-city-or\/","og_locale":"es_MX","og_type":"article","og_title":"Denture Adjustments in Baker City, OR | Right Bite Dentures","og_description":"Discover professional denture adjustment services offered by Right Bite Dentures in Baker City, OR. Schedule an appointment with us today.","og_url":"https:\/\/www.rightbitedentures.biz\/es\/denture-adjustments-baker-city-or\/","og_site_name":"Right Bite Dentures","article_modified_time":"2025-08-08T18:11:43+00:00","twitter_card":"summary_large_image","twitter_misc":{"Tiempo de lectura":"2 minutos"},"schema":{"@context":"https:\/\/schema.org","@graph":[{"@type":"WebPage","@id":"https:\/\/www.rightbitedentures.biz\/denture-adjustments-baker-city-or\/","url":"https:\/\/www.rightbitedentures.biz\/denture-adjustments-baker-city-or\/","name":"Denture Adjustments in Baker City, OR | Right Bite Dentures","isPartOf":{"@id":"https:\/\/www.rightbitedentures.biz\/#website"},"datePublished":"2025-08-08T18:08:49+00:00","dateModified":"2025-08-08T18:11:43+00:00","description":"Discover professional denture adjustment services offered by Right Bite Dentures in Baker City, OR. Schedule an appointment with us today.","breadcrumb":{"@id":"https:\/\/www.rightbitedentures.biz\/denture-adjustments-baker-city-or\/#breadcrumb"},"inLanguage":"es","potentialAction":[{"@type":"ReadAction","target":["https:\/\/www.rightbitedentures.biz\/denture-adjustments-baker-city-or\/"]}]},{"@type":"BreadcrumbList","@id":"https:\/\/www.rightbitedentures.biz\/denture-adjustments-baker-city-or\/#breadcrumb","itemListElement":[{"@type":"ListItem","position":1,"name":"Home","item":"https:\/\/www.rightbitedentures.biz\/"},{"@type":"ListItem","position":2,"name":"Denture Adjustments in Baker City, OR"}]},{"@type":"WebSite","@id":"https:\/\/www.rightbitedentures.biz\/#website","url":"https:\/\/www.rightbitedentures.biz\/","name":"Dentaduras postizas de mordida derecha","description":"Pr\u00f3tesis dentales con el respaldo de servicio, calidad y tecnolog\u00eda. Nos especializamos en recuperar la confianza.","publisher":{"@id":"https:\/\/www.rightbitedentures.biz\/#organization"},"potentialAction":[{"@type":"SearchAction","target":{"@type":"EntryPoint","urlTemplate":"https:\/\/www.rightbitedentures.biz\/?s={search_term_string}"},"query-input":{"@type":"PropertyValueSpecification","valueRequired":true,"valueName":"search_term_string"}}],"inLanguage":"es"},{"@type":"Organization","@id":"https:\/\/www.rightbitedentures.biz\/#organization","name":"Dentaduras postizas de mordida derecha","url":"https:\/\/www.rightbitedentures.biz\/","logo":{"@type":"ImageObject","inLanguage":"es","@id":"https:\/\/www.rightbitedentures.biz\/#\/schema\/logo\/image\/","url":"https:\/\/cdn.webnamesandnumbers.com\/wp-content\/uploads\/sites\/709\/2024\/01\/12121812\/cropped-image-2-1.png","contentUrl":"https:\/\/cdn.webnamesandnumbers.com\/wp-content\/uploads\/sites\/709\/2024\/01\/12121812\/cropped-image-2-1.png","width":439,"height":251,"caption":"Right Bite Dentures"},"image":{"@id":"https:\/\/www.rightbitedentures.biz\/#\/schema\/logo\/image\/"}}]}},"_links":{"self":[{"href":"https:\/\/www.rightbitedentures.biz\/es\/wp-json\/wp\/v2\/pages\/1359","targetHints":{"allow":["GET"]}}],"collection":[{"href":"https:\/\/www.rightbitedentures.biz\/es\/wp-json\/wp\/v2\/pages"}],"about":[{"href":"https:\/\/www.rightbitedentures.biz\/es\/wp-json\/wp\/v2\/types\/page"}],"author":[{"embeddable":true,"href":"https:\/\/www.rightbitedentures.biz\/es\/wp-json\/wp\/v2\/users\/26"}],"replies":[{"embeddable":true,"href":"https:\/\/www.rightbitedentures.biz\/es\/wp-json\/wp\/v2\/comments?post=1359"}],"version-history":[{"count":4,"href":"https:\/\/www.rightbitedentures.biz\/es\/wp-json\/wp\/v2\/pages\/1359\/revisions"}],"predecessor-version":[{"id":1363,"href":"https:\/\/www.rightbitedentures.biz\/es\/wp-json\/wp\/v2\/pages\/1359\/revisions\/1363"}],"wp:attachment":[{"href":"https:\/\/www.rightbitedentures.biz\/es\/wp-json\/wp\/v2\/media?parent=1359"}],"curies":[{"name":"gracias","href":"https:\/\/api.w.org\/{rel}","templated":true}]}}