{"id":1367,"date":"2025-09-16T14:20:50","date_gmt":"2025-09-16T14:20:50","guid":{"rendered":"https:\/\/www.rightbitedentures.biz\/?page_id=1367"},"modified":"2025-09-16T14:24:11","modified_gmt":"2025-09-16T14:24:11","slug":"ontario-or-5","status":"publish","type":"page","link":"https:\/\/www.rightbitedentures.biz\/es\/ontario-or-5\/","title":{"rendered":"Ontario, Oreg\u00f3n"},"content":{"rendered":"<div data-elementor-type=\"wp-page\" data-elementor-id=\"1367\" class=\"elementor elementor-1367\" data-elementor-post-type=\"page\">\n\t\t\t\t<div class=\"elementor-element elementor-element-7cad737 e-flex e-con-boxed e-con e-parent\" data-id=\"7cad737\" data-element_type=\"container\" data-e-type=\"container\" data-settings=\"{&quot;background_background&quot;:&quot;classic&quot;}\">\n\t\t\t\t\t<div class=\"e-con-inner\">\n\t\t<div class=\"elementor-element elementor-element-eb35ab9 e-con-full e-flex e-con e-child\" data-id=\"eb35ab9\" data-element_type=\"container\" data-e-type=\"container\">\n\t\t\t\t<div class=\"elementor-element elementor-element-a052b06 elementor-widget elementor-widget-heading\" data-id=\"a052b06\" data-element_type=\"widget\" data-e-type=\"widget\" data-widget_type=\"heading.default\">\n\t\t\t\t<div class=\"elementor-widget-container\">\n\t\t\t\t\t<h2 class=\"elementor-heading-title elementor-size-default\">Ex\u00e1menes bucales y consultas sobre pr\u00f3tesis dentales en Ontario, OR<\/h2>\t\t\t\t<\/div>\n\t\t\t\t<\/div>\n\t\t\t\t<div class=\"elementor-element elementor-element-7685087 elementor-align-left elementor-widget elementor-widget-button\" data-id=\"7685087\" data-element_type=\"widget\" data-e-type=\"widget\" data-widget_type=\"button.default\">\n\t\t\t\t<div class=\"elementor-widget-container\">\n\t\t\t\t\t\t\t\t\t<div class=\"elementor-button-wrapper\">\n\t\t\t\t\t<a class=\"elementor-button elementor-button-link elementor-size-sm\" href=\"https:\/\/www.rightbitedentures.biz\/es\/contact\/\">\n\t\t\t\t\t\t<span class=\"elementor-button-content-wrapper\">\n\t\t\t\t\t\t\t\t\t<span class=\"elementor-button-text\">Cont\u00e1ctenos<\/span>\n\t\t\t\t\t<\/span>\n\t\t\t\t\t<\/a>\n\t\t\t\t<\/div>\n\t\t\t\t\t\t\t\t<\/div>\n\t\t\t\t<\/div>\n\t\t\t\t<\/div>\n\t\t<div class=\"elementor-element elementor-element-1355ff8 e-con-full e-flex e-con e-child\" data-id=\"1355ff8\" data-element_type=\"container\" data-e-type=\"container\">\n\t\t\t\t<\/div>\n\t\t\t\t\t<\/div>\n\t\t\t\t<\/div>\n\t\t<div class=\"elementor-element elementor-element-c237866 e-flex e-con-boxed e-con e-parent\" data-id=\"c237866\" data-element_type=\"container\" data-e-type=\"container\" data-settings=\"{&quot;background_background&quot;:&quot;classic&quot;}\">\n\t\t\t\t\t<div class=\"e-con-inner\">\n\t\t\t\t<div class=\"elementor-element elementor-element-70a33ca elementor-widget__width-initial elementor-widget elementor-widget-text-editor\" data-id=\"70a33ca\" data-element_type=\"widget\" data-e-type=\"widget\" data-widget_type=\"text-editor.default\">\n\t\t\t\t<div class=\"elementor-widget-container\">\n\t\t\t\t\t\t\t\t\t<p>En\u00a0<strong data-pos=\"711\">Dentaduras postizas de mordida derecha<\/strong>Entendemos lo transformadora que puede ser una sonrisa segura. Nuestra misi\u00f3n es brindarle soluciones dentales personalizadas y de alta calidad que realmente redefinan su vida. Ubicados convenientemente en Ontario, OR, y con el respaldo de d\u00e9cadas de experiencia, nos especializamos en\u00a0<em data-pos=\"996\">ex\u00e1menes orales<\/em>\u00a0y\u00a0<em data-pos=\"1013\">consultas sobre pr\u00f3tesis dentales<\/em>\u00a0Dise\u00f1ado para abordar sus necesidades individuales.<\/p>\t\t\t\t\t\t\t\t<\/div>\n\t\t\t\t<\/div>\n\t\t\t\t\t<\/div>\n\t\t\t\t<\/div>\n\t\t<div class=\"elementor-element elementor-element-cf0f43e e-flex e-con-boxed e-con e-parent\" data-id=\"cf0f43e\" data-element_type=\"container\" data-e-type=\"container\" data-settings=\"{&quot;background_background&quot;:&quot;classic&quot;}\">\n\t\t\t\t\t<div class=\"e-con-inner\">\n\t\t<div class=\"elementor-element elementor-element-2357494 e-con-full e-flex e-con e-child\" data-id=\"2357494\" data-element_type=\"container\" data-e-type=\"container\" data-settings=\"{&quot;background_background&quot;:&quot;classic&quot;}\">\n\t\t\t\t<div class=\"elementor-element elementor-element-514d1f7 elementor-widget elementor-widget-heading\" data-id=\"514d1f7\" data-element_type=\"widget\" data-e-type=\"widget\" data-widget_type=\"heading.default\">\n\t\t\t\t<div class=\"elementor-widget-container\">\n\t\t\t\t\t<h2 class=\"elementor-heading-title elementor-size-default\">Ex\u00e1menes orales completos<\/h2>\t\t\t\t<\/div>\n\t\t\t\t<\/div>\n\t\t\t\t<div class=\"elementor-element elementor-element-e042272 elementor-widget elementor-widget-text-editor\" data-id=\"e042272\" data-element_type=\"widget\" data-e-type=\"widget\" data-widget_type=\"text-editor.default\">\n\t\t\t\t<div class=\"elementor-widget-container\">\n\t\t\t\t\t\t\t\t\t<p data-pos=\"1109\">Tu viaje hacia una sonrisa radiante comienza con nuestro minucioso\u00a0<strong data-pos=\"1168\">ex\u00e1menes orales<\/strong>Nuestro equipo de expertos utiliza tecnolog\u00eda de vanguardia para evaluar su salud bucal e identificar cualquier problema subyacente que pueda afectar su bienestar dental. Este paso es crucial para garantizar que sus pr\u00f3tesis dentales se ajusten perfectamente y funcionen eficazmente.<\/p><ul data-pos=\"1431\"><li data-pos=\"1431\">Entendiendo su salud bucal: Analizamos su historial dental y sus condiciones bucales actuales para formular el mejor plan de tratamiento para usted.<\/li><li data-pos=\"1565\">Tecnolog\u00eda avanzada: Nuestras capacidades digitales en el sitio nos permiten brindar diagn\u00f3sticos precisos de manera r\u00e1pida y eficiente.<\/li><li data-pos=\"1686\">Atenci\u00f3n personalizada: Cada examen bucal est\u00e1 adaptado para abordar su situaci\u00f3n dental \u00fanica y allanar el camino para una colocaci\u00f3n exitosa de la pr\u00f3tesis.<\/li><\/ul>\t\t\t\t\t\t\t\t<\/div>\n\t\t\t\t<\/div>\n\t\t\t\t<\/div>\n\t\t\t\t\t<\/div>\n\t\t\t\t<\/div>\n\t\t<div class=\"elementor-element elementor-element-bcfefc6 e-flex e-con-boxed e-con e-parent\" data-id=\"bcfefc6\" data-element_type=\"container\" data-e-type=\"container\" data-settings=\"{&quot;background_background&quot;:&quot;classic&quot;}\">\n\t\t\t\t\t<div class=\"e-con-inner\">\n\t\t\t\t<div class=\"elementor-element elementor-element-d5ddf54 elementor-widget__width-initial elementor-widget elementor-widget-text-editor\" data-id=\"d5ddf54\" data-element_type=\"widget\" data-e-type=\"widget\" data-widget_type=\"text-editor.default\">\n\t\t\t\t<div class=\"elementor-widget-container\">\n\t\t\t\t\t\t\t\t\t<h2 id=\"personalized-denture-consultations\" tabindex=\"-1\" data-pos=\"1833\">Consultas personalizadas sobre pr\u00f3tesis dentales\u00a0<\/h2><p data-pos=\"1869\">Con un firme compromiso con la calidad y la innovaci\u00f3n, nuestras consultas sobre pr\u00f3tesis dentales se adaptan a las necesidades de su estilo de vida. Tanto si es un paciente nuevo como si busca pr\u00f3tesis dentales que se ajusten mejor, estamos aqu\u00ed para ayudarle en cada paso.<\/p>\t\t\t\t\t\t\t\t<\/div>\n\t\t\t\t<\/div>\n\t\t\t\t\t<\/div>\n\t\t\t\t<\/div>\n\t\t<div class=\"elementor-element elementor-element-a617bf9 e-flex e-con-boxed e-con e-parent\" data-id=\"a617bf9\" data-element_type=\"container\" data-e-type=\"container\">\n\t\t\t\t\t<div class=\"e-con-inner\">\n\t\t<div class=\"elementor-element elementor-element-6c2b823 e-con-full e-flex e-con e-child\" data-id=\"6c2b823\" data-element_type=\"container\" data-e-type=\"container\">\n\t\t\t\t<div class=\"elementor-element elementor-element-4926323 elementor-widget elementor-widget-text-editor\" data-id=\"4926323\" data-element_type=\"widget\" data-e-type=\"widget\" data-widget_type=\"text-editor.default\">\n\t\t\t\t<div class=\"elementor-widget-container\">\n\t\t\t\t\t\t\t\t\t<h2 id=\"our-denture-consultation-process\" tabindex=\"-1\" data-pos=\"2097\"><strong data-pos=\"2099\">Nuestro proceso de consulta sobre pr\u00f3tesis dentales<\/strong>\u00a0<\/h2><ol data-pos=\"2135\"><li data-pos=\"2135\"><strong data-pos=\"2140\">Contacto inicial:<\/strong>\u00a0Organice una consulta gratuita en nuestra oficina de Ontario, OR.<\/li><li data-pos=\"2214\"><strong data-pos=\"2219\">Escuchar y planificar:<\/strong>\u00a0Nuestros prot\u00e9sicos dentales experimentados escuchar\u00e1n atentamente sus inquietudes y le ayudar\u00e1n a dise\u00f1ar un plan de tratamiento personalizado que se adapte a sus necesidades y presupuesto.<\/li><li data-pos=\"2383\"><strong data-pos=\"2388\">Logrando sus objetivos de sonrisa:<\/strong>\u00a0Experimente resultados que cambiar\u00e1n su vida con dentaduras postizas que le devuelven la capacidad de sonre\u00edr y comer con confianza.<\/li><\/ol>\t\t\t\t\t\t\t\t<\/div>\n\t\t\t\t<\/div>\n\t\t\t\t<\/div>\n\t\t<div class=\"elementor-element elementor-element-b6aaf2f e-con-full e-flex e-con e-child\" data-id=\"b6aaf2f\" data-element_type=\"container\" data-e-type=\"container\">\n\t\t\t\t<div class=\"elementor-element elementor-element-2d6a228 elementor-widget elementor-widget-image\" data-id=\"2d6a228\" data-element_type=\"widget\" data-e-type=\"widget\" data-widget_type=\"image.default\">\n\t\t\t\t<div class=\"elementor-widget-container\">\n\t\t\t\t\t\t\t\t\t\t\t\t\t\t\t<img fetchpriority=\"high\" decoding=\"async\" width=\"800\" height=\"534\" src=\"https:\/\/cdn.webnamesandnumbers.com\/wp-content\/uploads\/sites\/709\/2024\/10\/06142245\/shutterstock_2234919825.jpg\" class=\"attachment-large size-large wp-image-1133\" alt=\"Woman smiling and showing her new dentures\" srcset=\"https:\/\/cdn.webnamesandnumbers.com\/wp-content\/uploads\/sites\/709\/2024\/10\/06142245\/shutterstock_2234919825.jpg 1000w, https:\/\/cdn.webnamesandnumbers.com\/wp-content\/uploads\/sites\/709\/2024\/10\/06142245\/shutterstock_2234919825-300x200.jpg 300w, https:\/\/cdn.webnamesandnumbers.com\/wp-content\/uploads\/sites\/709\/2024\/10\/06142245\/shutterstock_2234919825-768x512.jpg 768w, https:\/\/cdn.webnamesandnumbers.com\/wp-content\/uploads\/sites\/709\/2024\/10\/06142245\/shutterstock_2234919825-18x12.jpg 18w\" sizes=\"(max-width: 800px) 100vw, 800px\" \/>\t\t\t\t\t\t\t\t\t\t\t\t\t\t\t<\/div>\n\t\t\t\t<\/div>\n\t\t\t\t<\/div>\n\t\t\t\t\t<\/div>\n\t\t\t\t<\/div>\n\t\t<div class=\"elementor-element elementor-element-9c803ca e-flex e-con-boxed e-con e-parent\" data-id=\"9c803ca\" data-element_type=\"container\" data-e-type=\"container\">\n\t\t\t\t\t<div class=\"e-con-inner\">\n\t\t<div class=\"elementor-element elementor-element-236e6b0 e-con-full e-flex e-con e-child\" data-id=\"236e6b0\" data-element_type=\"container\" data-e-type=\"container\">\n\t\t\t\t<div class=\"elementor-element elementor-element-1a6f419 elementor-widget elementor-widget-image\" data-id=\"1a6f419\" data-element_type=\"widget\" data-e-type=\"widget\" data-widget_type=\"image.default\">\n\t\t\t\t<div class=\"elementor-widget-container\">\n\t\t\t\t\t\t\t\t\t\t\t\t\t\t\t<img decoding=\"async\" width=\"800\" height=\"534\" src=\"https:\/\/cdn.webnamesandnumbers.com\/wp-content\/uploads\/sites\/709\/2024\/08\/01101236\/shutterstock_490406887.jpg\" class=\"attachment-large size-large wp-image-1110\" alt=\"A smiling woman holding her dentures and looking satisfied\" srcset=\"https:\/\/cdn.webnamesandnumbers.com\/wp-content\/uploads\/sites\/709\/2024\/08\/01101236\/shutterstock_490406887.jpg 1000w, https:\/\/cdn.webnamesandnumbers.com\/wp-content\/uploads\/sites\/709\/2024\/08\/01101236\/shutterstock_490406887-300x200.jpg 300w, https:\/\/cdn.webnamesandnumbers.com\/wp-content\/uploads\/sites\/709\/2024\/08\/01101236\/shutterstock_490406887-768x512.jpg 768w, https:\/\/cdn.webnamesandnumbers.com\/wp-content\/uploads\/sites\/709\/2024\/08\/01101236\/shutterstock_490406887-18x12.jpg 18w\" sizes=\"(max-width: 800px) 100vw, 800px\" \/>\t\t\t\t\t\t\t\t\t\t\t\t\t\t\t<\/div>\n\t\t\t\t<\/div>\n\t\t\t\t<\/div>\n\t\t<div class=\"elementor-element elementor-element-5456d8a e-con-full e-flex e-con e-child\" data-id=\"5456d8a\" data-element_type=\"container\" data-e-type=\"container\">\n\t\t\t\t<div class=\"elementor-element elementor-element-f486aa3 elementor-widget elementor-widget-text-editor\" data-id=\"f486aa3\" data-element_type=\"widget\" data-e-type=\"widget\" data-widget_type=\"text-editor.default\">\n\t\t\t\t<div class=\"elementor-widget-container\">\n\t\t\t\t\t\t\t\t\t<h2 id=\"what-sets-us-apart\" tabindex=\"-1\" data-pos=\"2529\">Lo que nos distingue\u00a0<\/h2><ul data-pos=\"2549\"><li data-pos=\"2549\"><strong data-pos=\"2553\">Pericia:<\/strong>\u00a0M\u00e1s de 60 a\u00f1os de experiencia combinada en el cuidado dental significan un servicio excepcional.<\/li><li data-pos=\"2645\"><strong data-pos=\"2649\">Tecnolog\u00eda:<\/strong>\u00a0Tecnolog\u00eda de pr\u00f3tesis dentales digitales de \u00faltima generaci\u00f3n y un laboratorio en el lugar para obtener resultados r\u00e1pidos y con control de calidad.<\/li><li data-pos=\"2772\"><strong data-pos=\"2776\">Atenci\u00f3n personalizada:<\/strong>\u00a0Un enfoque en la comunicaci\u00f3n clara y la comprensi\u00f3n para garantizar que se satisfagan todas las necesidades.<\/li><li data-pos=\"2880\"><strong data-pos=\"2884\">Propiedad de veteranos:<\/strong>\u00a0La integridad, la lealtad y el compromiso de servir a los dem\u00e1s son el n\u00facleo de lo que hacemos.<\/li><\/ul>\t\t\t\t\t\t\t\t<\/div>\n\t\t\t\t<\/div>\n\t\t\t\t<\/div>\n\t\t\t\t\t<\/div>\n\t\t\t\t<\/div>\n\t\t<div class=\"elementor-element elementor-element-390f01f e-flex e-con-boxed e-con e-parent\" data-id=\"390f01f\" data-element_type=\"container\" data-e-type=\"container\" data-settings=\"{&quot;background_background&quot;:&quot;classic&quot;}\">\n\t\t\t\t\t<div class=\"e-con-inner\">\n\t\t\t\t<div class=\"elementor-element elementor-element-45f172a elementor-widget elementor-widget-image\" data-id=\"45f172a\" data-element_type=\"widget\" data-e-type=\"widget\" data-widget_type=\"image.default\">\n\t\t\t\t<div class=\"elementor-widget-container\">\n\t\t\t\t\t\t\t\t\t\t\t\t\t\t\t<img decoding=\"async\" width=\"90\" height=\"91\" src=\"https:\/\/cdn.webnamesandnumbers.com\/wp-content\/uploads\/sites\/709\/2024\/01\/12121055\/vaadin_dental-chair.png\" class=\"attachment-large size-large wp-image-106\" alt=\"Dental Chair\" \/>\t\t\t\t\t\t\t\t\t\t\t\t\t\t\t<\/div>\n\t\t\t\t<\/div>\n\t\t\t\t<div class=\"elementor-element elementor-element-1e3fe8c elementor-widget__width-initial elementor-widget elementor-widget-text-editor\" data-id=\"1e3fe8c\" data-element_type=\"widget\" data-e-type=\"widget\" data-widget_type=\"text-editor.default\">\n\t\t\t\t<div class=\"elementor-widget-container\">\n\t\t\t\t\t\t\t\t\t<h2 id=\"contact-us-today\" tabindex=\"-1\" data-pos=\"2992\">\u00a1Cont\u00e1ctanos hoy!\u00a0<\/h2><p data-pos=\"3011\">Para obtener m\u00e1s informaci\u00f3n sobre ex\u00e1menes orales y consultas sobre pr\u00f3tesis dentales, o para reservar una cita, por favor\u00a0<a class=\"ring-ui-link_f850\" href=\"https:\/\/www.cossd.com\/admin\/shared\/mondayboard\/?by_date_filter=0&amp;by_digital_product=spk_unlimited&amp;person=Serhii+Andrushchenko#contact\" target=\"_blank\" rel=\"noopener noreferrer nofollow\" data-pos=\"3107\">Cont\u00e1ctanos<\/a>\u00a0Utilizando el formulario de nuestra web o ll\u00e1manos al\u00a0<strong data-pos=\"3164\">541-889-3750<\/strong>Nos enorgullece servir a Ontario y Baker City, OR, ofreciendo soluciones de cuidado dental de alta calidad, adaptadas a sus necesidades.<\/p>\t\t\t\t\t\t\t\t<\/div>\n\t\t\t\t<\/div>\n\t\t\t\t\t<\/div>\n\t\t\t\t<\/div>\n\t\t\t\t<\/div>","protected":false},"excerpt":{"rendered":"<p>Oral Exams &amp; Denture Consultations in Ontario, OR Contact Us At\u00a0Right Bite Dentures, we understand how transformative a confident smile can be. Our mission is to provide you with high-quality, personalized denture solutions that truly redefine your life. Nestled conveniently in Ontario, OR, and backed by decades of experience, we specialize in\u00a0oral exams\u00a0and\u00a0denture consultations\u00a0designed to [&hellip;]<\/p>\n","protected":false},"author":13,"featured_media":0,"parent":0,"menu_order":0,"comment_status":"closed","ping_status":"closed","template":"elementor_header_footer","meta":{"footnotes":""},"class_list":["post-1367","page","type-page","status-publish","hentry"],"yoast_head":"<!-- This site is optimized with the Yoast SEO plugin v27.3 - https:\/\/yoast.com\/product\/yoast-seo-wordpress\/ -->\n<title>Oral Exams and Denture Consultations in Ontario, OR | Right Bite Dentures<\/title>\n<meta name=\"description\" content=\"Discover top-tier oral exams and denture consultations at Right Bite Dentures in Ontario, OR. Restore your confidence with customized denture solutions led by experienced professionals. Contact us today!\" \/>\n<meta name=\"robots\" content=\"index, follow, max-snippet:-1, max-image-preview:large, max-video-preview:-1\" \/>\n<link rel=\"canonical\" href=\"https:\/\/www.rightbitedentures.biz\/es\/ontario-or-5\/\" \/>\n<meta property=\"og:locale\" content=\"es_MX\" \/>\n<meta property=\"og:type\" content=\"article\" \/>\n<meta property=\"og:title\" content=\"Oral Exams and Denture Consultations in Ontario, OR | Right Bite Dentures\" \/>\n<meta property=\"og:description\" content=\"Discover top-tier oral exams and denture consultations at Right Bite Dentures in Ontario, OR. Restore your confidence with customized denture solutions led by experienced professionals. Contact us today!\" \/>\n<meta property=\"og:url\" content=\"https:\/\/www.rightbitedentures.biz\/es\/ontario-or-5\/\" \/>\n<meta property=\"og:site_name\" content=\"Right Bite Dentures\" \/>\n<meta property=\"article:modified_time\" content=\"2025-09-16T14:24:11+00:00\" \/>\n<meta property=\"og:image\" content=\"https:\/\/www.rightbitedentures.biz\/wp-content\/uploads\/sites\/709\/2024\/10\/shutterstock_2234919825.jpg\" \/>\n<meta name=\"twitter:card\" content=\"summary_large_image\" \/>\n<meta name=\"twitter:label1\" content=\"Tiempo de lectura\" \/>\n\t<meta name=\"twitter:data1\" content=\"3 minutos\" \/>\n<script type=\"application\/ld+json\" class=\"yoast-schema-graph\">{\"@context\":\"https:\\\/\\\/schema.org\",\"@graph\":[{\"@type\":\"WebPage\",\"@id\":\"https:\\\/\\\/www.rightbitedentures.biz\\\/ontario-or-5\\\/\",\"url\":\"https:\\\/\\\/www.rightbitedentures.biz\\\/ontario-or-5\\\/\",\"name\":\"Oral Exams and Denture Consultations in Ontario, OR | Right Bite Dentures\",\"isPartOf\":{\"@id\":\"https:\\\/\\\/www.rightbitedentures.biz\\\/#website\"},\"primaryImageOfPage\":{\"@id\":\"https:\\\/\\\/www.rightbitedentures.biz\\\/ontario-or-5\\\/#primaryimage\"},\"image\":{\"@id\":\"https:\\\/\\\/www.rightbitedentures.biz\\\/ontario-or-5\\\/#primaryimage\"},\"thumbnailUrl\":\"https:\\\/\\\/www.rightbitedentures.biz\\\/wp-content\\\/uploads\\\/sites\\\/709\\\/2024\\\/10\\\/shutterstock_2234919825.jpg\",\"datePublished\":\"2025-09-16T14:20:50+00:00\",\"dateModified\":\"2025-09-16T14:24:11+00:00\",\"description\":\"Discover top-tier oral exams and denture consultations at Right Bite Dentures in Ontario, OR. Restore your confidence with customized denture solutions led by experienced professionals. Contact us today!\",\"breadcrumb\":{\"@id\":\"https:\\\/\\\/www.rightbitedentures.biz\\\/ontario-or-5\\\/#breadcrumb\"},\"inLanguage\":\"es\",\"potentialAction\":[{\"@type\":\"ReadAction\",\"target\":[\"https:\\\/\\\/www.rightbitedentures.biz\\\/ontario-or-5\\\/\"]}]},{\"@type\":\"ImageObject\",\"inLanguage\":\"es\",\"@id\":\"https:\\\/\\\/www.rightbitedentures.biz\\\/ontario-or-5\\\/#primaryimage\",\"url\":\"https:\\\/\\\/www.rightbitedentures.biz\\\/wp-content\\\/uploads\\\/sites\\\/709\\\/2024\\\/10\\\/shutterstock_2234919825.jpg\",\"contentUrl\":\"https:\\\/\\\/www.rightbitedentures.biz\\\/wp-content\\\/uploads\\\/sites\\\/709\\\/2024\\\/10\\\/shutterstock_2234919825.jpg\"},{\"@type\":\"BreadcrumbList\",\"@id\":\"https:\\\/\\\/www.rightbitedentures.biz\\\/ontario-or-5\\\/#breadcrumb\",\"itemListElement\":[{\"@type\":\"ListItem\",\"position\":1,\"name\":\"Home\",\"item\":\"https:\\\/\\\/www.rightbitedentures.biz\\\/\"},{\"@type\":\"ListItem\",\"position\":2,\"name\":\"Ontario, OR\"}]},{\"@type\":\"WebSite\",\"@id\":\"https:\\\/\\\/www.rightbitedentures.biz\\\/#website\",\"url\":\"https:\\\/\\\/www.rightbitedentures.biz\\\/\",\"name\":\"Right Bite Dentures\",\"description\":\"Dentures backed by Service, Quality and Technology. We specialize in restoring confidence.\",\"publisher\":{\"@id\":\"https:\\\/\\\/www.rightbitedentures.biz\\\/#organization\"},\"potentialAction\":[{\"@type\":\"SearchAction\",\"target\":{\"@type\":\"EntryPoint\",\"urlTemplate\":\"https:\\\/\\\/www.rightbitedentures.biz\\\/?s={search_term_string}\"},\"query-input\":{\"@type\":\"PropertyValueSpecification\",\"valueRequired\":true,\"valueName\":\"search_term_string\"}}],\"inLanguage\":\"es\"},{\"@type\":\"Organization\",\"@id\":\"https:\\\/\\\/www.rightbitedentures.biz\\\/#organization\",\"name\":\"Right Bite Dentures\",\"url\":\"https:\\\/\\\/www.rightbitedentures.biz\\\/\",\"logo\":{\"@type\":\"ImageObject\",\"inLanguage\":\"es\",\"@id\":\"https:\\\/\\\/www.rightbitedentures.biz\\\/#\\\/schema\\\/logo\\\/image\\\/\",\"url\":\"https:\\\/\\\/cdn.webnamesandnumbers.com\\\/wp-content\\\/uploads\\\/sites\\\/709\\\/2024\\\/01\\\/12121812\\\/cropped-image-2-1.png\",\"contentUrl\":\"https:\\\/\\\/cdn.webnamesandnumbers.com\\\/wp-content\\\/uploads\\\/sites\\\/709\\\/2024\\\/01\\\/12121812\\\/cropped-image-2-1.png\",\"width\":439,\"height\":251,\"caption\":\"Right Bite Dentures\"},\"image\":{\"@id\":\"https:\\\/\\\/www.rightbitedentures.biz\\\/#\\\/schema\\\/logo\\\/image\\\/\"}}]}<\/script>\n<!-- \/ Yoast SEO plugin. -->","yoast_head_json":{"title":"Ex\u00e1menes bucales y consultas sobre pr\u00f3tesis dentales en Ontario, OR | Pr\u00f3tesis dentales con mordida correcta","description":"Descubra ex\u00e1menes orales y consultas de pr\u00f3tesis dentales de primer nivel en Right Bite Dentures en Ontario, OR. Recupere su confianza con soluciones de pr\u00f3tesis dentales personalizadas impartidas por profesionales con amplia experiencia. \u00a1Cont\u00e1ctenos hoy mismo!","robots":{"index":"index","follow":"follow","max-snippet":"max-snippet:-1","max-image-preview":"max-image-preview:large","max-video-preview":"max-video-preview:-1"},"canonical":"https:\/\/www.rightbitedentures.biz\/es\/ontario-or-5\/","og_locale":"es_MX","og_type":"article","og_title":"Oral Exams and Denture Consultations in Ontario, OR | Right Bite Dentures","og_description":"Discover top-tier oral exams and denture consultations at Right Bite Dentures in Ontario, OR. Restore your confidence with customized denture solutions led by experienced professionals. Contact us today!","og_url":"https:\/\/www.rightbitedentures.biz\/es\/ontario-or-5\/","og_site_name":"Right Bite Dentures","article_modified_time":"2025-09-16T14:24:11+00:00","og_image":[{"url":"https:\/\/www.rightbitedentures.biz\/wp-content\/uploads\/sites\/709\/2024\/10\/shutterstock_2234919825.jpg","type":"","width":"","height":""}],"twitter_card":"summary_large_image","twitter_misc":{"Tiempo de lectura":"3 minutos"},"schema":{"@context":"https:\/\/schema.org","@graph":[{"@type":"WebPage","@id":"https:\/\/www.rightbitedentures.biz\/ontario-or-5\/","url":"https:\/\/www.rightbitedentures.biz\/ontario-or-5\/","name":"Ex\u00e1menes bucales y consultas sobre pr\u00f3tesis dentales en Ontario, OR | Pr\u00f3tesis dentales con mordida correcta","isPartOf":{"@id":"https:\/\/www.rightbitedentures.biz\/#website"},"primaryImageOfPage":{"@id":"https:\/\/www.rightbitedentures.biz\/ontario-or-5\/#primaryimage"},"image":{"@id":"https:\/\/www.rightbitedentures.biz\/ontario-or-5\/#primaryimage"},"thumbnailUrl":"https:\/\/www.rightbitedentures.biz\/wp-content\/uploads\/sites\/709\/2024\/10\/shutterstock_2234919825.jpg","datePublished":"2025-09-16T14:20:50+00:00","dateModified":"2025-09-16T14:24:11+00:00","description":"Descubra ex\u00e1menes orales y consultas de pr\u00f3tesis dentales de primer nivel en Right Bite Dentures en Ontario, OR. Recupere su confianza con soluciones de pr\u00f3tesis dentales personalizadas impartidas por profesionales con amplia experiencia. \u00a1Cont\u00e1ctenos hoy mismo!","breadcrumb":{"@id":"https:\/\/www.rightbitedentures.biz\/ontario-or-5\/#breadcrumb"},"inLanguage":"es","potentialAction":[{"@type":"ReadAction","target":["https:\/\/www.rightbitedentures.biz\/ontario-or-5\/"]}]},{"@type":"ImageObject","inLanguage":"es","@id":"https:\/\/www.rightbitedentures.biz\/ontario-or-5\/#primaryimage","url":"https:\/\/www.rightbitedentures.biz\/wp-content\/uploads\/sites\/709\/2024\/10\/shutterstock_2234919825.jpg","contentUrl":"https:\/\/www.rightbitedentures.biz\/wp-content\/uploads\/sites\/709\/2024\/10\/shutterstock_2234919825.jpg"},{"@type":"BreadcrumbList","@id":"https:\/\/www.rightbitedentures.biz\/ontario-or-5\/#breadcrumb","itemListElement":[{"@type":"ListItem","position":1,"name":"Home","item":"https:\/\/www.rightbitedentures.biz\/"},{"@type":"ListItem","position":2,"name":"Ontario, OR"}]},{"@type":"WebSite","@id":"https:\/\/www.rightbitedentures.biz\/#website","url":"https:\/\/www.rightbitedentures.biz\/","name":"Dentaduras postizas de mordida derecha","description":"Pr\u00f3tesis dentales con el respaldo de servicio, calidad y tecnolog\u00eda. Nos especializamos en recuperar la confianza.","publisher":{"@id":"https:\/\/www.rightbitedentures.biz\/#organization"},"potentialAction":[{"@type":"SearchAction","target":{"@type":"EntryPoint","urlTemplate":"https:\/\/www.rightbitedentures.biz\/?s={search_term_string}"},"query-input":{"@type":"PropertyValueSpecification","valueRequired":true,"valueName":"search_term_string"}}],"inLanguage":"es"},{"@type":"Organization","@id":"https:\/\/www.rightbitedentures.biz\/#organization","name":"Dentaduras postizas de mordida derecha","url":"https:\/\/www.rightbitedentures.biz\/","logo":{"@type":"ImageObject","inLanguage":"es","@id":"https:\/\/www.rightbitedentures.biz\/#\/schema\/logo\/image\/","url":"https:\/\/cdn.webnamesandnumbers.com\/wp-content\/uploads\/sites\/709\/2024\/01\/12121812\/cropped-image-2-1.png","contentUrl":"https:\/\/cdn.webnamesandnumbers.com\/wp-content\/uploads\/sites\/709\/2024\/01\/12121812\/cropped-image-2-1.png","width":439,"height":251,"caption":"Right Bite Dentures"},"image":{"@id":"https:\/\/www.rightbitedentures.biz\/#\/schema\/logo\/image\/"}}]}},"_links":{"self":[{"href":"https:\/\/www.rightbitedentures.biz\/es\/wp-json\/wp\/v2\/pages\/1367","targetHints":{"allow":["GET"]}}],"collection":[{"href":"https:\/\/www.rightbitedentures.biz\/es\/wp-json\/wp\/v2\/pages"}],"about":[{"href":"https:\/\/www.rightbitedentures.biz\/es\/wp-json\/wp\/v2\/types\/page"}],"author":[{"embeddable":true,"href":"https:\/\/www.rightbitedentures.biz\/es\/wp-json\/wp\/v2\/users\/13"}],"replies":[{"embeddable":true,"href":"https:\/\/www.rightbitedentures.biz\/es\/wp-json\/wp\/v2\/comments?post=1367"}],"version-history":[{"count":7,"href":"https:\/\/www.rightbitedentures.biz\/es\/wp-json\/wp\/v2\/pages\/1367\/revisions"}],"predecessor-version":[{"id":1376,"href":"https:\/\/www.rightbitedentures.biz\/es\/wp-json\/wp\/v2\/pages\/1367\/revisions\/1376"}],"wp:attachment":[{"href":"https:\/\/www.rightbitedentures.biz\/es\/wp-json\/wp\/v2\/media?parent=1367"}],"curies":[{"name":"gracias","href":"https:\/\/api.w.org\/{rel}","templated":true}]}}