{"id":1392,"date":"2025-11-13T19:32:36","date_gmt":"2025-11-13T19:32:36","guid":{"rendered":"https:\/\/www.rightbitedentures.biz\/?page_id=1392"},"modified":"2025-11-13T19:37:43","modified_gmt":"2025-11-13T19:37:43","slug":"dental-lab-services-in-ontario-or","status":"publish","type":"page","link":"https:\/\/www.rightbitedentures.biz\/es\/dental-lab-services-in-ontario-or\/","title":{"rendered":"Servicios de laboratorio dental en Ontario, Oreg\u00f3n"},"content":{"rendered":"<div data-elementor-type=\"wp-page\" data-elementor-id=\"1392\" class=\"elementor elementor-1392\" data-elementor-post-type=\"page\">\n\t\t\t\t<div class=\"elementor-element elementor-element-4356760 e-flex e-con-boxed e-con e-parent\" data-id=\"4356760\" data-element_type=\"container\" data-settings=\"{&quot;background_background&quot;:&quot;classic&quot;}\">\n\t\t\t\t\t<div class=\"e-con-inner\">\n\t\t<div class=\"elementor-element elementor-element-1a766c1 e-con-full e-flex e-con e-child\" data-id=\"1a766c1\" data-element_type=\"container\">\n\t\t\t\t<div class=\"elementor-element elementor-element-280438e elementor-widget elementor-widget-heading\" data-id=\"280438e\" data-element_type=\"widget\" data-widget_type=\"heading.default\">\n\t\t\t\t<div class=\"elementor-widget-container\">\n\t\t\t\t\t<h2 class=\"elementor-heading-title elementor-size-default\">Servicios de laboratorio dental en Ontario, Oreg\u00f3n<\/h2>\t\t\t\t<\/div>\n\t\t\t\t<\/div>\n\t\t\t\t<div class=\"elementor-element elementor-element-fb3cef9 elementor-align-left elementor-widget elementor-widget-button\" data-id=\"fb3cef9\" data-element_type=\"widget\" data-widget_type=\"button.default\">\n\t\t\t\t<div class=\"elementor-widget-container\">\n\t\t\t\t\t\t\t\t\t<div class=\"elementor-button-wrapper\">\n\t\t\t\t\t<a class=\"elementor-button elementor-button-link elementor-size-sm\" href=\"https:\/\/www.rightbitedentures.biz\/es\/contact\/\">\n\t\t\t\t\t\t<span class=\"elementor-button-content-wrapper\">\n\t\t\t\t\t\t\t\t\t<span class=\"elementor-button-text\">Cont\u00e1ctenos<\/span>\n\t\t\t\t\t<\/span>\n\t\t\t\t\t<\/a>\n\t\t\t\t<\/div>\n\t\t\t\t\t\t\t\t<\/div>\n\t\t\t\t<\/div>\n\t\t\t\t<\/div>\n\t\t<div class=\"elementor-element elementor-element-103c3b8 e-con-full e-flex e-con e-child\" data-id=\"103c3b8\" data-element_type=\"container\">\n\t\t\t\t<\/div>\n\t\t\t\t\t<\/div>\n\t\t\t\t<\/div>\n\t\t<div class=\"elementor-element elementor-element-c558bda e-flex e-con-boxed e-con e-parent\" data-id=\"c558bda\" data-element_type=\"container\" data-settings=\"{&quot;background_background&quot;:&quot;classic&quot;}\">\n\t\t\t\t\t<div class=\"e-con-inner\">\n\t\t\t\t<div class=\"elementor-element elementor-element-4a4e571 elementor-widget__width-initial elementor-widget elementor-widget-text-editor\" data-id=\"4a4e571\" data-element_type=\"widget\" data-widget_type=\"text-editor.default\">\n\t\t\t\t<div class=\"elementor-widget-container\">\n\t\t\t\t\t\t\t\t\t<p>En\u00a0<strong data-pos=\"608\">Dentaduras postizas de mordida derecha<\/strong>Nos especializamos en brindar servicios de laboratorio dental confiables y precisos a cl\u00ednicas dentales en Ontario, Oreg\u00f3n y alrededores. Con a\u00f1os de experiencia y un compromiso con la calidad, nuestro laboratorio ofrece restauraciones personalizadas que cumplen con los m\u00e1s altos est\u00e1ndares cl\u00ednicos y est\u00e9ticos. Cada caso se maneja con atenci\u00f3n al detalle para garantizar un ajuste, una funci\u00f3n y un rendimiento a largo plazo \u00f3ptimos.<\/p>\t\t\t\t\t\t\t\t<\/div>\n\t\t\t\t<\/div>\n\t\t\t\t\t<\/div>\n\t\t\t\t<\/div>\n\t\t<div class=\"elementor-element elementor-element-3413177 e-flex e-con-boxed e-con e-parent\" data-id=\"3413177\" data-element_type=\"container\" data-settings=\"{&quot;background_background&quot;:&quot;classic&quot;}\">\n\t\t\t\t\t<div class=\"e-con-inner\">\n\t\t<div class=\"elementor-element elementor-element-27d061a e-con-full e-flex e-con e-child\" data-id=\"27d061a\" data-element_type=\"container\" data-settings=\"{&quot;background_background&quot;:&quot;classic&quot;}\">\n\t\t\t\t<div class=\"elementor-element elementor-element-2a3db67 elementor-widget elementor-widget-heading\" data-id=\"2a3db67\" data-element_type=\"widget\" data-widget_type=\"heading.default\">\n\t\t\t\t<div class=\"elementor-widget-container\">\n\t\t\t\t\t<h2 class=\"elementor-heading-title elementor-size-default\">Lo que nos distingue <\/h2>\t\t\t\t<\/div>\n\t\t\t\t<\/div>\n\t\t\t\t<div class=\"elementor-element elementor-element-7dc642e elementor-widget elementor-widget-text-editor\" data-id=\"7dc642e\" data-element_type=\"widget\" data-widget_type=\"text-editor.default\">\n\t\t\t\t<div class=\"elementor-widget-container\">\n\t\t\t\t\t\t\t\t\t<p data-pos=\"1047\">Combinamos tecnolog\u00eda avanzada, mano de obra especializada y un servicio confiable para satisfacer las demandas de las cl\u00ednicas dentales modernas.<\/p><ul data-pos=\"1174\"><li style=\"text-align: left;\" data-pos=\"1174\"><strong data-pos=\"1178\">Laboratorio dental de servicio completo<\/strong>Fabricamos coronas, puentes, pr\u00f3tesis dentales completas y parciales, restauraciones sobre implantes y mucho m\u00e1s.<\/li><li style=\"text-align: left;\" data-pos=\"1294\"><strong data-pos=\"1298\">Capacidades digitales avanzadas<\/strong>Utilizando tecnolog\u00eda CAD\/CAM e impresi\u00f3n 3D, optimizamos la producci\u00f3n al tiempo que mejoramos la precisi\u00f3n y la eficiencia.<\/li><li style=\"text-align: left;\" data-pos=\"1440\"><strong data-pos=\"1444\">T\u00e9cnicos experimentados<\/strong>Nuestro equipo especializado garantiza que cada caso cumpla con sus especificaciones exactas en cuanto a ajuste, funcionalidad y est\u00e9tica.<\/li><li style=\"text-align: left;\" data-pos=\"1573\"><strong data-pos=\"1577\">Cambio constante<\/strong>Entendemos la importancia del tiempo en odontolog\u00eda. Nuestro equipo se compromete a cumplir siempre con los plazos establecidos.<\/li><li style=\"text-align: left;\" data-pos=\"1715\"><strong data-pos=\"1719\">Apoyo personalizado<\/strong>Ofrecemos comunicaci\u00f3n directa con nuestros t\u00e9cnicos y soluciones personalizadas basadas en sus necesidades cl\u00ednicas.<\/li><\/ul>\t\t\t\t\t\t\t\t<\/div>\n\t\t\t\t<\/div>\n\t\t\t\t<\/div>\n\t\t\t\t\t<\/div>\n\t\t\t\t<\/div>\n\t\t<div class=\"elementor-element elementor-element-e3a5fc7 e-flex e-con-boxed e-con e-parent\" data-id=\"e3a5fc7\" data-element_type=\"container\" data-settings=\"{&quot;background_background&quot;:&quot;classic&quot;}\">\n\t\t\t\t\t<div class=\"e-con-inner\">\n\t\t\t\t<div class=\"elementor-element elementor-element-c879c51 elementor-widget__width-initial elementor-widget elementor-widget-text-editor\" data-id=\"c879c51\" data-element_type=\"widget\" data-widget_type=\"text-editor.default\">\n\t\t\t\t<div class=\"elementor-widget-container\">\n\t\t\t\t\t\t\t\t\t<h2 id=\"solutions-we-offer\" tabindex=\"-1\" data-pos=\"1853\">Soluciones que ofrecemos\u00a0<\/h2><p data-pos=\"1873\">Desde coronas individuales hasta restauraciones de arcada completa, nuestro laboratorio ofrece productos de precisi\u00f3n adaptados a las necesidades de sus pacientes.<\/p><ul data-pos=\"1995\"><li style=\"text-align: left;\" data-pos=\"1995\"><strong data-pos=\"1999\">Coronas y puentes:<\/strong>\u00a0Restauraciones duraderas y est\u00e9ticas dise\u00f1adas para ofrecer resistencia, longevidad y una apariencia natural.<\/li><li style=\"text-align: left;\" data-pos=\"2110\"><strong data-pos=\"2114\">Pr\u00f3tesis dentales completas y parciales:<\/strong>\u00a0Pr\u00f3tesis removibles c\u00f3modas, funcionales y de aspecto natural, incluyendo opciones tradicionales y soportadas por implantes.<\/li><li style=\"text-align: left;\" data-pos=\"2255\"><strong data-pos=\"2259\">Restauraciones con implantes:<\/strong>\u00a0Componentes fabricados con precisi\u00f3n para implantes unitarios, pr\u00f3tesis h\u00edbridas y soluciones de arcada completa.<\/li><li style=\"text-align: left;\" data-pos=\"2380\"><strong data-pos=\"2384\">Restauraciones est\u00e9ticas y sin metal:<\/strong>\u00a0Materiales totalmente cer\u00e1micos, de zirconia y de alta translucidez para una apariencia y biocompatibilidad \u00f3ptimas.<\/li><li style=\"text-align: left;\" data-pos=\"2522\"><strong data-pos=\"2526\">Soporte de casos digitales:<\/strong>\u00a0Aceptamos tanto impresiones tradicionales como escaneos digitales para un proceso de env\u00edo y seguimiento de casos sin contratiempos.<\/li><\/ul>\t\t\t\t\t\t\t\t<\/div>\n\t\t\t\t<\/div>\n\t\t\t\t\t<\/div>\n\t\t\t\t<\/div>\n\t\t<div class=\"elementor-element elementor-element-16a662f e-flex e-con-boxed e-con e-parent\" data-id=\"16a662f\" data-element_type=\"container\">\n\t\t\t\t\t<div class=\"e-con-inner\">\n\t\t<div class=\"elementor-element elementor-element-7196a18 e-con-full e-flex e-con e-child\" data-id=\"7196a18\" data-element_type=\"container\">\n\t\t\t\t<div class=\"elementor-element elementor-element-151192e elementor-widget elementor-widget-image\" data-id=\"151192e\" data-element_type=\"widget\" data-widget_type=\"image.default\">\n\t\t\t\t<div class=\"elementor-widget-container\">\n\t\t\t\t\t\t\t\t\t\t\t\t\t\t\t<img fetchpriority=\"high\" decoding=\"async\" width=\"800\" height=\"534\" src=\"https:\/\/cdn.webnamesandnumbers.com\/wp-content\/uploads\/sites\/709\/2024\/10\/06142245\/shutterstock_2234919825.jpg\" class=\"attachment-large size-large wp-image-1133\" alt=\"Woman smiling and showing her new dentures\" srcset=\"https:\/\/cdn.webnamesandnumbers.com\/wp-content\/uploads\/sites\/709\/2024\/10\/06142245\/shutterstock_2234919825.jpg 1000w, https:\/\/cdn.webnamesandnumbers.com\/wp-content\/uploads\/sites\/709\/2024\/10\/06142245\/shutterstock_2234919825-300x200.jpg 300w, https:\/\/cdn.webnamesandnumbers.com\/wp-content\/uploads\/sites\/709\/2024\/10\/06142245\/shutterstock_2234919825-768x512.jpg 768w, https:\/\/cdn.webnamesandnumbers.com\/wp-content\/uploads\/sites\/709\/2024\/10\/06142245\/shutterstock_2234919825-18x12.jpg 18w\" sizes=\"(max-width: 800px) 100vw, 800px\" \/>\t\t\t\t\t\t\t\t\t\t\t\t\t\t\t<\/div>\n\t\t\t\t<\/div>\n\t\t\t\t<\/div>\n\t\t<div class=\"elementor-element elementor-element-d0f9336 e-con-full e-flex e-con e-child\" data-id=\"d0f9336\" data-element_type=\"container\">\n\t\t\t\t<div class=\"elementor-element elementor-element-e15be64 elementor-widget elementor-widget-text-editor\" data-id=\"e15be64\" data-element_type=\"widget\" data-widget_type=\"text-editor.default\">\n\t\t\t\t<div class=\"elementor-widget-container\">\n\t\t\t\t\t\t\t\t\t<h2 id=\"who-we-work-with\" tabindex=\"-1\" data-pos=\"2664\">Con qui\u00e9nes trabajamos\u00a0<\/h2><p data-pos=\"2682\">Right Bite Dentures apoya a los profesionales de la odontolog\u00eda en Ontario, Oreg\u00f3n, que valoran la precisi\u00f3n, la confiabilidad y la comunicaci\u00f3n clara. Trabajamos con cl\u00ednicas tanto tradicionales como digitales, ofreciendo soluciones expertas para coronas, pr\u00f3tesis dentales, implantes y restauraciones est\u00e9ticas. Ya sea usted odont\u00f3logo general o especialista, le brindamos resultados consistentes que respaldan su \u00e9xito cl\u00ednico. Nuestro equipo se integra a su pr\u00e1ctica, enfoc\u00e1ndose en la calidad de los resultados y la satisfacci\u00f3n del paciente.<\/p>\t\t\t\t\t\t\t\t<\/div>\n\t\t\t\t<\/div>\n\t\t\t\t<\/div>\n\t\t\t\t\t<\/div>\n\t\t\t\t<\/div>\n\t\t<div class=\"elementor-element elementor-element-6e88cd1 e-flex e-con-boxed e-con e-parent\" data-id=\"6e88cd1\" data-element_type=\"container\" data-settings=\"{&quot;background_background&quot;:&quot;classic&quot;}\">\n\t\t\t\t\t<div class=\"e-con-inner\">\n\t\t\t\t<div class=\"elementor-element elementor-element-cdc7414 elementor-widget elementor-widget-image\" data-id=\"cdc7414\" data-element_type=\"widget\" data-widget_type=\"image.default\">\n\t\t\t\t<div class=\"elementor-widget-container\">\n\t\t\t\t\t\t\t\t\t\t\t\t\t\t\t<img decoding=\"async\" width=\"90\" height=\"91\" src=\"https:\/\/cdn.webnamesandnumbers.com\/wp-content\/uploads\/sites\/709\/2024\/01\/12121055\/vaadin_dental-chair.png\" class=\"attachment-large size-large wp-image-106\" alt=\"Dental Chair\" \/>\t\t\t\t\t\t\t\t\t\t\t\t\t\t\t<\/div>\n\t\t\t\t<\/div>\n\t\t\t\t<div class=\"elementor-element elementor-element-9c9ce67 elementor-widget__width-initial elementor-widget elementor-widget-text-editor\" data-id=\"9c9ce67\" data-element_type=\"widget\" data-widget_type=\"text-editor.default\">\n\t\t\t\t<div class=\"elementor-widget-container\">\n\t\t\t\t\t\t\t\t\t<h2 id=\"lets-work-together\" tabindex=\"-1\" data-pos=\"3161\">Trabajemos juntos\u00a0<\/h2><p data-pos=\"3182\">Si busca un laboratorio dental de confianza en Ontario, Oreg\u00f3n, Right Bite Dentures es su mejor opci\u00f3n. Cont\u00e1ctenos hoy mismo para descubrir c\u00f3mo podemos ayudarle con sus restauraciones dentales con precisi\u00f3n, rapidez y un servicio excepcional.<\/p>\t\t\t\t\t\t\t\t<\/div>\n\t\t\t\t<\/div>\n\t\t\t\t\t<\/div>\n\t\t\t\t<\/div>\n\t\t\t\t<\/div>","protected":false},"excerpt":{"rendered":"<p>Servicios de laboratorio dental en Ontario, Oreg\u00f3n. Cont\u00e1ctenos. En Right Bite Dentures, nos especializamos en brindar servicios de laboratorio dental confiables y precisos a consultorios dentales en Ontario, Oreg\u00f3n y alrededores. Con a\u00f1os de experiencia y un compromiso con la calidad, nuestro laboratorio ofrece restauraciones personalizadas que cumplen con los m\u00e1s altos est\u00e1ndares cl\u00ednicos y est\u00e9ticos. Cada caso es [\u2026]<\/p>","protected":false},"author":13,"featured_media":0,"parent":0,"menu_order":0,"comment_status":"closed","ping_status":"closed","template":"elementor_header_footer","meta":{"footnotes":""},"class_list":["post-1392","page","type-page","status-publish","hentry"],"yoast_head":"<!-- This site is optimized with the Yoast SEO plugin v26.7 - https:\/\/yoast.com\/wordpress\/plugins\/seo\/ -->\n<title>Dental Lab Services in Ontario, OR \u2013 Precision Restorations by Right Bite Dentures<\/title>\n<meta name=\"description\" content=\"Right Bite Dentures in Ontario, OR offers expert dental lab services including crowns, bridges, dentures, and implant restorations. Fast turnaround, digital workflow, and unmatched craftsmanship for your dental practice.\" \/>\n<meta name=\"robots\" content=\"index, follow, max-snippet:-1, max-image-preview:large, max-video-preview:-1\" \/>\n<link rel=\"canonical\" href=\"https:\/\/www.rightbitedentures.biz\/es\/dental-lab-services-in-ontario-or\/\" \/>\n<meta property=\"og:locale\" content=\"es_MX\" \/>\n<meta property=\"og:type\" content=\"article\" \/>\n<meta property=\"og:title\" content=\"Dental Lab Services in Ontario, OR \u2013 Precision Restorations by Right Bite Dentures\" \/>\n<meta property=\"og:description\" content=\"Right Bite Dentures in Ontario, OR offers expert dental lab services including crowns, bridges, dentures, and implant restorations. Fast turnaround, digital workflow, and unmatched craftsmanship for your dental practice.\" \/>\n<meta property=\"og:url\" content=\"https:\/\/www.rightbitedentures.biz\/es\/dental-lab-services-in-ontario-or\/\" \/>\n<meta property=\"og:site_name\" content=\"Right Bite Dentures\" \/>\n<meta property=\"article:modified_time\" content=\"2025-11-13T19:37:43+00:00\" \/>\n<meta property=\"og:image\" content=\"https:\/\/www.rightbitedentures.biz\/wp-content\/uploads\/sites\/709\/2024\/10\/shutterstock_2234919825.jpg\" \/>\n<meta name=\"twitter:card\" content=\"summary_large_image\" \/>\n<meta name=\"twitter:label1\" content=\"Tiempo de lectura\" \/>\n\t<meta name=\"twitter:data1\" content=\"3 minutos\" \/>\n<script type=\"application\/ld+json\" class=\"yoast-schema-graph\">{\"@context\":\"https:\/\/schema.org\",\"@graph\":[{\"@type\":\"WebPage\",\"@id\":\"https:\/\/www.rightbitedentures.biz\/dental-lab-services-in-ontario-or\/\",\"url\":\"https:\/\/www.rightbitedentures.biz\/dental-lab-services-in-ontario-or\/\",\"name\":\"Dental Lab Services in Ontario, OR \u2013 Precision Restorations by Right Bite Dentures\",\"isPartOf\":{\"@id\":\"https:\/\/www.rightbitedentures.biz\/#website\"},\"primaryImageOfPage\":{\"@id\":\"https:\/\/www.rightbitedentures.biz\/dental-lab-services-in-ontario-or\/#primaryimage\"},\"image\":{\"@id\":\"https:\/\/www.rightbitedentures.biz\/dental-lab-services-in-ontario-or\/#primaryimage\"},\"thumbnailUrl\":\"https:\/\/www.rightbitedentures.biz\/wp-content\/uploads\/sites\/709\/2024\/10\/shutterstock_2234919825.jpg\",\"datePublished\":\"2025-11-13T19:32:36+00:00\",\"dateModified\":\"2025-11-13T19:37:43+00:00\",\"description\":\"Right Bite Dentures in Ontario, OR offers expert dental lab services including crowns, bridges, dentures, and implant restorations. Fast turnaround, digital workflow, and unmatched craftsmanship for your dental practice.\",\"breadcrumb\":{\"@id\":\"https:\/\/www.rightbitedentures.biz\/dental-lab-services-in-ontario-or\/#breadcrumb\"},\"inLanguage\":\"es\",\"potentialAction\":[{\"@type\":\"ReadAction\",\"target\":[\"https:\/\/www.rightbitedentures.biz\/dental-lab-services-in-ontario-or\/\"]}]},{\"@type\":\"ImageObject\",\"inLanguage\":\"es\",\"@id\":\"https:\/\/www.rightbitedentures.biz\/dental-lab-services-in-ontario-or\/#primaryimage\",\"url\":\"https:\/\/www.rightbitedentures.biz\/wp-content\/uploads\/sites\/709\/2024\/10\/shutterstock_2234919825.jpg\",\"contentUrl\":\"https:\/\/www.rightbitedentures.biz\/wp-content\/uploads\/sites\/709\/2024\/10\/shutterstock_2234919825.jpg\"},{\"@type\":\"BreadcrumbList\",\"@id\":\"https:\/\/www.rightbitedentures.biz\/dental-lab-services-in-ontario-or\/#breadcrumb\",\"itemListElement\":[{\"@type\":\"ListItem\",\"position\":1,\"name\":\"Home\",\"item\":\"https:\/\/www.rightbitedentures.biz\/\"},{\"@type\":\"ListItem\",\"position\":2,\"name\":\"Dental Lab Services in Ontario, OR\"}]},{\"@type\":\"WebSite\",\"@id\":\"https:\/\/www.rightbitedentures.biz\/#website\",\"url\":\"https:\/\/www.rightbitedentures.biz\/\",\"name\":\"Right Bite Dentures\",\"description\":\"Dentures backed by Service, Quality and Technology. We specialize in restoring confidence.\",\"publisher\":{\"@id\":\"https:\/\/www.rightbitedentures.biz\/#organization\"},\"potentialAction\":[{\"@type\":\"SearchAction\",\"target\":{\"@type\":\"EntryPoint\",\"urlTemplate\":\"https:\/\/www.rightbitedentures.biz\/?s={search_term_string}\"},\"query-input\":{\"@type\":\"PropertyValueSpecification\",\"valueRequired\":true,\"valueName\":\"search_term_string\"}}],\"inLanguage\":\"es\"},{\"@type\":\"Organization\",\"@id\":\"https:\/\/www.rightbitedentures.biz\/#organization\",\"name\":\"Right Bite Dentures\",\"url\":\"https:\/\/www.rightbitedentures.biz\/\",\"logo\":{\"@type\":\"ImageObject\",\"inLanguage\":\"es\",\"@id\":\"https:\/\/www.rightbitedentures.biz\/#\/schema\/logo\/image\/\",\"url\":\"https:\/\/cdn.webnamesandnumbers.com\/wp-content\/uploads\/sites\/709\/2024\/01\/12121812\/cropped-image-2-1.png\",\"contentUrl\":\"https:\/\/cdn.webnamesandnumbers.com\/wp-content\/uploads\/sites\/709\/2024\/01\/12121812\/cropped-image-2-1.png\",\"width\":439,\"height\":251,\"caption\":\"Right Bite Dentures\"},\"image\":{\"@id\":\"https:\/\/www.rightbitedentures.biz\/#\/schema\/logo\/image\/\"}}]}<\/script>\n<!-- \/ Yoast SEO plugin. -->","yoast_head_json":{"title":"Servicios de laboratorio dental en Ontario, OR: Restauraciones de precisi\u00f3n de Right Bite Dentures","description":"Right Bite Dentures en Ontario, OR, ofrece servicios de laboratorio dental especializados que incluyen coronas, puentes, pr\u00f3tesis dentales y restauraciones con implantes. Entrega r\u00e1pida, flujo de trabajo digital y una artesan\u00eda inigualable para su consultorio dental.","robots":{"index":"index","follow":"follow","max-snippet":"max-snippet:-1","max-image-preview":"max-image-preview:large","max-video-preview":"max-video-preview:-1"},"canonical":"https:\/\/www.rightbitedentures.biz\/es\/dental-lab-services-in-ontario-or\/","og_locale":"es_MX","og_type":"article","og_title":"Dental Lab Services in Ontario, OR \u2013 Precision Restorations by Right Bite Dentures","og_description":"Right Bite Dentures in Ontario, OR offers expert dental lab services including crowns, bridges, dentures, and implant restorations. Fast turnaround, digital workflow, and unmatched craftsmanship for your dental practice.","og_url":"https:\/\/www.rightbitedentures.biz\/es\/dental-lab-services-in-ontario-or\/","og_site_name":"Right Bite Dentures","article_modified_time":"2025-11-13T19:37:43+00:00","og_image":[{"url":"https:\/\/www.rightbitedentures.biz\/wp-content\/uploads\/sites\/709\/2024\/10\/shutterstock_2234919825.jpg","type":"","width":"","height":""}],"twitter_card":"summary_large_image","twitter_misc":{"Tiempo de lectura":"3 minutos"},"schema":{"@context":"https:\/\/schema.org","@graph":[{"@type":"WebPage","@id":"https:\/\/www.rightbitedentures.biz\/dental-lab-services-in-ontario-or\/","url":"https:\/\/www.rightbitedentures.biz\/dental-lab-services-in-ontario-or\/","name":"Servicios de laboratorio dental en Ontario, OR: Restauraciones de precisi\u00f3n de Right Bite Dentures","isPartOf":{"@id":"https:\/\/www.rightbitedentures.biz\/#website"},"primaryImageOfPage":{"@id":"https:\/\/www.rightbitedentures.biz\/dental-lab-services-in-ontario-or\/#primaryimage"},"image":{"@id":"https:\/\/www.rightbitedentures.biz\/dental-lab-services-in-ontario-or\/#primaryimage"},"thumbnailUrl":"https:\/\/www.rightbitedentures.biz\/wp-content\/uploads\/sites\/709\/2024\/10\/shutterstock_2234919825.jpg","datePublished":"2025-11-13T19:32:36+00:00","dateModified":"2025-11-13T19:37:43+00:00","description":"Right Bite Dentures en Ontario, OR, ofrece servicios de laboratorio dental especializados que incluyen coronas, puentes, pr\u00f3tesis dentales y restauraciones con implantes. Entrega r\u00e1pida, flujo de trabajo digital y una artesan\u00eda inigualable para su consultorio dental.","breadcrumb":{"@id":"https:\/\/www.rightbitedentures.biz\/dental-lab-services-in-ontario-or\/#breadcrumb"},"inLanguage":"es","potentialAction":[{"@type":"ReadAction","target":["https:\/\/www.rightbitedentures.biz\/dental-lab-services-in-ontario-or\/"]}]},{"@type":"ImageObject","inLanguage":"es","@id":"https:\/\/www.rightbitedentures.biz\/dental-lab-services-in-ontario-or\/#primaryimage","url":"https:\/\/www.rightbitedentures.biz\/wp-content\/uploads\/sites\/709\/2024\/10\/shutterstock_2234919825.jpg","contentUrl":"https:\/\/www.rightbitedentures.biz\/wp-content\/uploads\/sites\/709\/2024\/10\/shutterstock_2234919825.jpg"},{"@type":"BreadcrumbList","@id":"https:\/\/www.rightbitedentures.biz\/dental-lab-services-in-ontario-or\/#breadcrumb","itemListElement":[{"@type":"ListItem","position":1,"name":"Home","item":"https:\/\/www.rightbitedentures.biz\/"},{"@type":"ListItem","position":2,"name":"Dental Lab Services in Ontario, OR"}]},{"@type":"WebSite","@id":"https:\/\/www.rightbitedentures.biz\/#website","url":"https:\/\/www.rightbitedentures.biz\/","name":"Dentaduras postizas de mordida derecha","description":"Pr\u00f3tesis dentales con el respaldo de servicio, calidad y tecnolog\u00eda. Nos especializamos en recuperar la confianza.","publisher":{"@id":"https:\/\/www.rightbitedentures.biz\/#organization"},"potentialAction":[{"@type":"SearchAction","target":{"@type":"EntryPoint","urlTemplate":"https:\/\/www.rightbitedentures.biz\/?s={search_term_string}"},"query-input":{"@type":"PropertyValueSpecification","valueRequired":true,"valueName":"search_term_string"}}],"inLanguage":"es"},{"@type":"Organization","@id":"https:\/\/www.rightbitedentures.biz\/#organization","name":"Dentaduras postizas de mordida derecha","url":"https:\/\/www.rightbitedentures.biz\/","logo":{"@type":"ImageObject","inLanguage":"es","@id":"https:\/\/www.rightbitedentures.biz\/#\/schema\/logo\/image\/","url":"https:\/\/cdn.webnamesandnumbers.com\/wp-content\/uploads\/sites\/709\/2024\/01\/12121812\/cropped-image-2-1.png","contentUrl":"https:\/\/cdn.webnamesandnumbers.com\/wp-content\/uploads\/sites\/709\/2024\/01\/12121812\/cropped-image-2-1.png","width":439,"height":251,"caption":"Right Bite Dentures"},"image":{"@id":"https:\/\/www.rightbitedentures.biz\/#\/schema\/logo\/image\/"}}]}},"_links":{"self":[{"href":"https:\/\/www.rightbitedentures.biz\/es\/wp-json\/wp\/v2\/pages\/1392","targetHints":{"allow":["GET"]}}],"collection":[{"href":"https:\/\/www.rightbitedentures.biz\/es\/wp-json\/wp\/v2\/pages"}],"about":[{"href":"https:\/\/www.rightbitedentures.biz\/es\/wp-json\/wp\/v2\/types\/page"}],"author":[{"embeddable":true,"href":"https:\/\/www.rightbitedentures.biz\/es\/wp-json\/wp\/v2\/users\/13"}],"replies":[{"embeddable":true,"href":"https:\/\/www.rightbitedentures.biz\/es\/wp-json\/wp\/v2\/comments?post=1392"}],"version-history":[{"count":7,"href":"https:\/\/www.rightbitedentures.biz\/es\/wp-json\/wp\/v2\/pages\/1392\/revisions"}],"predecessor-version":[{"id":1402,"href":"https:\/\/www.rightbitedentures.biz\/es\/wp-json\/wp\/v2\/pages\/1392\/revisions\/1402"}],"wp:attachment":[{"href":"https:\/\/www.rightbitedentures.biz\/es\/wp-json\/wp\/v2\/media?parent=1392"}],"curies":[{"name":"gracias","href":"https:\/\/api.w.org\/{rel}","templated":true}]}}