{"id":1404,"date":"2025-12-11T20:23:17","date_gmt":"2025-12-11T20:23:17","guid":{"rendered":"https:\/\/www.rightbitedentures.biz\/?page_id=1404"},"modified":"2025-12-12T17:08:02","modified_gmt":"2025-12-12T17:08:02","slug":"teeth-bleaching-in-baker-city-or","status":"publish","type":"page","link":"https:\/\/www.rightbitedentures.biz\/es\/teeth-bleaching-in-baker-city-or\/","title":{"rendered":"Blanqueamiento dental en Baker City, OR\u00a0"},"content":{"rendered":"<div data-elementor-type=\"wp-page\" data-elementor-id=\"1404\" class=\"elementor elementor-1404\" data-elementor-post-type=\"page\">\n\t\t\t\t<div class=\"elementor-element elementor-element-2b4c7d7 e-flex e-con-boxed e-con e-parent\" data-id=\"2b4c7d7\" data-element_type=\"container\" data-e-type=\"container\" data-settings=\"{&quot;background_background&quot;:&quot;classic&quot;}\">\n\t\t\t\t\t<div class=\"e-con-inner\">\n\t\t<div class=\"elementor-element elementor-element-6afdad6 e-con-full e-flex e-con e-child\" data-id=\"6afdad6\" data-element_type=\"container\" data-e-type=\"container\">\n\t\t\t\t<div class=\"elementor-element elementor-element-0e32de9 elementor-widget elementor-widget-heading\" data-id=\"0e32de9\" data-element_type=\"widget\" data-e-type=\"widget\" data-widget_type=\"heading.default\">\n\t\t\t\t<div class=\"elementor-widget-container\">\n\t\t\t\t\t<h1 class=\"elementor-heading-title elementor-size-default\">Blanqueamiento dental en Baker City, OR<\/h1>\t\t\t\t<\/div>\n\t\t\t\t<\/div>\n\t\t\t\t<div class=\"elementor-element elementor-element-4cfaa65 elementor-align-left elementor-widget elementor-widget-button\" data-id=\"4cfaa65\" data-element_type=\"widget\" data-e-type=\"widget\" data-widget_type=\"button.default\">\n\t\t\t\t<div class=\"elementor-widget-container\">\n\t\t\t\t\t\t\t\t\t<div class=\"elementor-button-wrapper\">\n\t\t\t\t\t<a class=\"elementor-button elementor-button-link elementor-size-sm\" href=\"https:\/\/www.rightbitedentures.biz\/es\/contact\/\">\n\t\t\t\t\t\t<span class=\"elementor-button-content-wrapper\">\n\t\t\t\t\t\t\t\t\t<span class=\"elementor-button-text\">Cont\u00e1ctenos<\/span>\n\t\t\t\t\t<\/span>\n\t\t\t\t\t<\/a>\n\t\t\t\t<\/div>\n\t\t\t\t\t\t\t\t<\/div>\n\t\t\t\t<\/div>\n\t\t\t\t<\/div>\n\t\t<div class=\"elementor-element elementor-element-35976ae e-con-full e-flex e-con e-child\" data-id=\"35976ae\" data-element_type=\"container\" data-e-type=\"container\">\n\t\t\t\t<\/div>\n\t\t\t\t\t<\/div>\n\t\t\t\t<\/div>\n\t\t<div class=\"elementor-element elementor-element-2780184 e-flex e-con-boxed e-con e-parent\" data-id=\"2780184\" data-element_type=\"container\" data-e-type=\"container\" data-settings=\"{&quot;background_background&quot;:&quot;classic&quot;}\">\n\t\t\t\t\t<div class=\"e-con-inner\">\n\t\t\t\t<div class=\"elementor-element elementor-element-bb74a35 elementor-widget__width-initial elementor-widget elementor-widget-text-editor\" data-id=\"bb74a35\" data-element_type=\"widget\" data-e-type=\"widget\" data-widget_type=\"text-editor.default\">\n\t\t\t\t<div class=\"elementor-widget-container\">\n\t\t\t\t\t\t\t\t\t<p>Bienvenido a Right Bite Dentures, donde su sonrisa es nuestra prioridad. Ubicados en el coraz\u00f3n de Baker City, Oreg\u00f3n, nos especializamos en\u00a0<strong data-pos=\"729\">blanqueamiento dental<\/strong>\u00a0Que le ayuda a recuperar la confianza de una sonrisa radiante. Nuestro equipo de expertos combina tecnolog\u00eda avanzada y atenci\u00f3n personalizada para brindar soluciones dentales excepcionales.<\/p>\t\t\t\t\t\t\t\t<\/div>\n\t\t\t\t<\/div>\n\t\t\t\t\t<\/div>\n\t\t\t\t<\/div>\n\t\t<div class=\"elementor-element elementor-element-22a723c e-flex e-con-boxed e-con e-parent\" data-id=\"22a723c\" data-element_type=\"container\" data-e-type=\"container\" data-settings=\"{&quot;background_background&quot;:&quot;classic&quot;}\">\n\t\t\t\t\t<div class=\"e-con-inner\">\n\t\t<div class=\"elementor-element elementor-element-4171ce3 e-con-full e-flex e-con e-child\" data-id=\"4171ce3\" data-element_type=\"container\" data-e-type=\"container\" data-settings=\"{&quot;background_background&quot;:&quot;classic&quot;}\">\n\t\t\t\t<div class=\"elementor-element elementor-element-adedc79 elementor-widget elementor-widget-heading\" data-id=\"adedc79\" data-element_type=\"widget\" data-e-type=\"widget\" data-widget_type=\"heading.default\">\n\t\t\t\t<div class=\"elementor-widget-container\">\n\t\t\t\t\t<h2 class=\"elementor-heading-title elementor-size-default\">\u00bfPor qu\u00e9 elegir el blanqueamiento dental? <\/h2>\t\t\t\t<\/div>\n\t\t\t\t<\/div>\n\t\t\t\t<div class=\"elementor-element elementor-element-db31dc6 elementor-widget elementor-widget-text-editor\" data-id=\"db31dc6\" data-element_type=\"widget\" data-e-type=\"widget\" data-widget_type=\"text-editor.default\">\n\t\t\t\t<div class=\"elementor-widget-container\">\n\t\t\t\t\t\t\t\t\t<p data-pos=\"950\">Con el tiempo, muchos factores pueden provocar la decoloraci\u00f3n dental, como la dieta, el estilo de vida y el envejecimiento. El blanqueamiento dental profesional es una forma muy eficaz de restaurar el brillo natural de sus dientes. Al elegir Right Bite Dentures para sus necesidades de blanqueamiento dental, se asegura de:<\/p><ul data-pos=\"1226\"><li style=\"text-align: left;\" data-pos=\"1226\"><strong data-pos=\"1230\">Atenci\u00f3n experta:<\/strong>\u00a0Nuestro equipo de profesionales dentales experimentados utiliza tecnolog\u00eda de \u00faltima generaci\u00f3n para blanquear sus dientes de forma segura y eficaz.<\/li><li style=\"text-align: left;\" data-pos=\"1365\"><strong data-pos=\"1369\">Trato personalizado:<\/strong>\u00a0Personalizamos nuestros servicios de blanqueamiento dental para satisfacer sus necesidades y deseos espec\u00edficos.<\/li><li style=\"text-align: left;\" data-pos=\"1478\"><strong data-pos=\"1482\">Resultados r\u00e1pidos y notables:<\/strong>\u00a0Experimente una mejora significativa en la blancura de sus dientes, a menudo en una sola visita.<\/li><\/ul>\t\t\t\t\t\t\t\t<\/div>\n\t\t\t\t<\/div>\n\t\t\t\t<\/div>\n\t\t\t\t\t<\/div>\n\t\t\t\t<\/div>\n\t\t<div class=\"elementor-element elementor-element-b66245d e-flex e-con-boxed e-con e-parent\" data-id=\"b66245d\" data-element_type=\"container\" data-e-type=\"container\">\n\t\t\t\t\t<div class=\"e-con-inner\">\n\t\t<div class=\"elementor-element elementor-element-a4c3812 e-con-full e-flex e-con e-child\" data-id=\"a4c3812\" data-element_type=\"container\" data-e-type=\"container\">\n\t\t\t\t<div class=\"elementor-element elementor-element-f69e37c elementor-widget elementor-widget-text-editor\" data-id=\"f69e37c\" data-element_type=\"widget\" data-e-type=\"widget\" data-widget_type=\"text-editor.default\">\n\t\t\t\t<div class=\"elementor-widget-container\">\n\t\t\t\t\t\t\t\t\t<h2 id=\"what-to-expect-from-our-service\" tabindex=\"-1\" data-pos=\"1614\">Qu\u00e9 esperar de nuestro servicio\u00a0<\/h2><ul data-pos=\"1647\"><li data-pos=\"1647\"><strong data-pos=\"1651\">Consulta personalizada:<\/strong>\u00a0Nuestro personal experimentado evaluar\u00e1 su salud dental y le explicar\u00e1 sus opciones, garantizando que el proceso de blanqueamiento sea seguro y adecuado para sus dientes.<\/li><li data-pos=\"1824\"><strong data-pos=\"1828\">Tratamiento confortable:<\/strong>\u00a0Utilizamos sistemas de blanqueamiento de alta calidad, de grado odontol\u00f3gico, en un entorno de consultorio c\u00f3modo y relajante, sin desorden ni complicaciones.<\/li><li data-pos=\"1972\"><strong data-pos=\"1976\">Resultados visibles r\u00e1pidos:<\/strong>\u00a0La mayor\u00eda de los pacientes disfrutan de una sonrisa visiblemente m\u00e1s blanca despu\u00e9s de una sola visita. Para manchas m\u00e1s profundas, podemos recomendar tratamientos de seguimiento o kits de mantenimiento en casa.<\/li><li data-pos=\"2151\"><strong data-pos=\"2155\">Brillo duradero:<\/strong>\u00a0Con un cuidado adecuado y una higiene dental de rutina, su sonrisa m\u00e1s brillante puede durar muchos meses, a menudo con solo un retoque recomendado una o dos veces al a\u00f1o.<\/li><\/ul>\t\t\t\t\t\t\t\t<\/div>\n\t\t\t\t<\/div>\n\t\t\t\t<\/div>\n\t\t<div class=\"elementor-element elementor-element-3b24cad e-con-full e-flex e-con e-child\" data-id=\"3b24cad\" data-element_type=\"container\" data-e-type=\"container\">\n\t\t\t\t<div class=\"elementor-element elementor-element-10525fb elementor-widget elementor-widget-image\" data-id=\"10525fb\" data-element_type=\"widget\" data-e-type=\"widget\" data-widget_type=\"image.default\">\n\t\t\t\t<div class=\"elementor-widget-container\">\n\t\t\t\t\t\t\t\t\t\t\t\t\t\t\t<img fetchpriority=\"high\" decoding=\"async\" width=\"800\" height=\"351\" src=\"https:\/\/cdn.webnamesandnumbers.com\/wp-content\/uploads\/sites\/709\/2025\/12\/11202533\/shutterstock_1777075880.jpg\" class=\"attachment-large size-large wp-image-1409\" alt=\"\" srcset=\"https:\/\/cdn.webnamesandnumbers.com\/wp-content\/uploads\/sites\/709\/2025\/12\/11202533\/shutterstock_1777075880.jpg 1000w, https:\/\/cdn.webnamesandnumbers.com\/wp-content\/uploads\/sites\/709\/2025\/12\/11202533\/shutterstock_1777075880-300x132.jpg 300w, https:\/\/cdn.webnamesandnumbers.com\/wp-content\/uploads\/sites\/709\/2025\/12\/11202533\/shutterstock_1777075880-768x337.jpg 768w, https:\/\/cdn.webnamesandnumbers.com\/wp-content\/uploads\/sites\/709\/2025\/12\/11202533\/shutterstock_1777075880-18x8.jpg 18w\" sizes=\"(max-width: 800px) 100vw, 800px\" \/>\t\t\t\t\t\t\t\t\t\t\t\t\t\t\t<\/div>\n\t\t\t\t<\/div>\n\t\t\t\t<\/div>\n\t\t\t\t\t<\/div>\n\t\t\t\t<\/div>\n\t\t<div class=\"elementor-element elementor-element-f743cc7 e-flex e-con-boxed e-con e-parent\" data-id=\"f743cc7\" data-element_type=\"container\" data-e-type=\"container\" data-settings=\"{&quot;background_background&quot;:&quot;classic&quot;}\">\n\t\t\t\t\t<div class=\"e-con-inner\">\n\t\t\t\t<div class=\"elementor-element elementor-element-c026bdd elementor-widget elementor-widget-image\" data-id=\"c026bdd\" data-element_type=\"widget\" data-e-type=\"widget\" data-widget_type=\"image.default\">\n\t\t\t\t<div class=\"elementor-widget-container\">\n\t\t\t\t\t\t\t\t\t\t\t\t\t\t\t<img decoding=\"async\" width=\"90\" height=\"91\" src=\"https:\/\/cdn.webnamesandnumbers.com\/wp-content\/uploads\/sites\/709\/2024\/01\/12121055\/vaadin_dental-chair.png\" class=\"attachment-large size-large wp-image-106\" alt=\"Dental Chair\" \/>\t\t\t\t\t\t\t\t\t\t\t\t\t\t\t<\/div>\n\t\t\t\t<\/div>\n\t\t\t\t<div class=\"elementor-element elementor-element-443e64e elementor-widget__width-initial elementor-widget elementor-widget-text-editor\" data-id=\"443e64e\" data-element_type=\"widget\" data-e-type=\"widget\" data-widget_type=\"text-editor.default\">\n\t\t\t\t<div class=\"elementor-widget-container\">\n\t\t\t\t\t\t\t\t\t<h2 id=\"your-trusted-local-whitening-experts\" tabindex=\"-1\" data-pos=\"2334\">Sus expertos locales de confianza en blanqueamiento\u00a0<\/h2><p data-pos=\"2372\">En Right Bite Dentures, nos enorgullecemos de ofrecer mucho m\u00e1s que solo servicios dentales. Nuestra misi\u00f3n es restaurar la confianza mediante un servicio, calidad y tecnolog\u00eda superiores. Estas son algunas razones para elegirnos para sus necesidades dentales:<\/p><ul data-pos=\"2606\"><li data-pos=\"2606\"><strong data-pos=\"2610\">Empresa propiedad de veteranos:<\/strong>\u00a0Aportamos m\u00e1s de 30 a\u00f1os de experiencia en odontolog\u00eda, impulsada por un compromiso con la excelencia y la innovaci\u00f3n.<\/li><li data-pos=\"2733\"><strong data-pos=\"2737\">Tecnolog\u00eda de vanguardia:<\/strong>\u00a0Nuestro laboratorio en sitio y tecnolog\u00eda digital garantizan precisi\u00f3n y rapidez en cada procedimiento.<\/li><li data-pos=\"2857\"><strong data-pos=\"2861\">Enfocado en la comunidad:<\/strong>\u00a0Como miembros activos de nuestra comunidad, creemos en construir relaciones a largo plazo con nuestros clientes basadas en la confianza y una atenci\u00f3n excepcional.<\/li><\/ul>\t\t\t\t\t\t\t\t<\/div>\n\t\t\t\t<\/div>\n\t\t\t\t\t<\/div>\n\t\t\t\t<\/div>\n\t\t<div class=\"elementor-element elementor-element-3ebba81 e-flex e-con-boxed e-con e-parent\" data-id=\"3ebba81\" data-element_type=\"container\" data-e-type=\"container\" data-settings=\"{&quot;background_background&quot;:&quot;classic&quot;}\">\n\t\t\t\t\t<div class=\"e-con-inner\">\n\t\t\t\t<div class=\"elementor-element elementor-element-3b49cee elementor-widget__width-initial elementor-widget elementor-widget-text-editor\" data-id=\"3b49cee\" data-element_type=\"widget\" data-e-type=\"widget\" data-widget_type=\"text-editor.default\">\n\t\t\t\t<div class=\"elementor-widget-container\">\n\t\t\t\t\t\t\t\t\t<h2 id=\"contact-us-for-teeth-bleaching\" tabindex=\"-1\" data-pos=\"3023\">Cont\u00e1ctenos para blanqueamiento dental\u00a0<\/h2><p data-pos=\"3055\">\u00bfListo para transformar tu sonrisa con un blanqueamiento dental profesional? Contacta con Right Bite Dentures hoy mismo para programar tu consulta gratuita. Ll\u00e1manos al 541-889-3750 o usa el formulario de nuestra p\u00e1gina de contacto. Esperamos ayudarte a lograr una sonrisa que ilumine tu rostro y te anime.<\/p>\t\t\t\t\t\t\t\t<\/div>\n\t\t\t\t<\/div>\n\t\t\t\t\t<\/div>\n\t\t\t\t<\/div>\n\t\t\t\t<\/div>","protected":false},"excerpt":{"rendered":"<p>Teeth Bleaching in Baker City, OR Contact Us Welcome to Right Bite Dentures, where your smile is our priority. Located in the heart of Baker City, Oregon, we specialize in\u00a0teeth bleaching\u00a0that helps you regain the confidence of a radiant smile. Our experienced team combines advanced technology and personalized care to provide exceptional dental solutions. Why [&hellip;]<\/p>\n","protected":false},"author":13,"featured_media":0,"parent":0,"menu_order":0,"comment_status":"closed","ping_status":"closed","template":"elementor_header_footer","meta":{"footnotes":""},"class_list":["post-1404","page","type-page","status-publish","hentry"],"yoast_head":"<!-- This site is optimized with the Yoast SEO plugin v27.3 - https:\/\/yoast.com\/product\/yoast-seo-wordpress\/ -->\n<title>Teeth Bleaching in Baker City, OR\u00a0 - Right Bite Dentures<\/title>\n<meta name=\"description\" content=\"Transform your smile with expert teeth bleaching at Right Bite Dentures. Veteran-owned, community focused, and powered by advanced dental technology.\" \/>\n<meta name=\"robots\" content=\"index, follow, max-snippet:-1, max-image-preview:large, max-video-preview:-1\" \/>\n<link rel=\"canonical\" href=\"https:\/\/www.rightbitedentures.biz\/es\/teeth-bleaching-in-baker-city-or\/\" \/>\n<meta property=\"og:locale\" content=\"es_MX\" \/>\n<meta property=\"og:type\" content=\"article\" \/>\n<meta property=\"og:title\" content=\"Teeth Bleaching in Baker City, OR\u00a0 - Right Bite Dentures\" \/>\n<meta property=\"og:description\" content=\"Transform your smile with expert teeth bleaching at Right Bite Dentures. Veteran-owned, community focused, and powered by advanced dental technology.\" \/>\n<meta property=\"og:url\" content=\"https:\/\/www.rightbitedentures.biz\/es\/teeth-bleaching-in-baker-city-or\/\" \/>\n<meta property=\"og:site_name\" content=\"Right Bite Dentures\" \/>\n<meta property=\"article:modified_time\" content=\"2025-12-12T17:08:02+00:00\" \/>\n<meta property=\"og:image\" content=\"https:\/\/www.rightbitedentures.biz\/wp-content\/uploads\/sites\/709\/2025\/12\/shutterstock_1777075880.jpg\" \/>\n<meta name=\"twitter:card\" content=\"summary_large_image\" \/>\n<meta name=\"twitter:label1\" content=\"Tiempo de lectura\" \/>\n\t<meta name=\"twitter:data1\" content=\"3 minutos\" \/>\n<script type=\"application\/ld+json\" class=\"yoast-schema-graph\">{\"@context\":\"https:\\\/\\\/schema.org\",\"@graph\":[{\"@type\":\"WebPage\",\"@id\":\"https:\\\/\\\/www.rightbitedentures.biz\\\/teeth-bleaching-in-baker-city-or\\\/\",\"url\":\"https:\\\/\\\/www.rightbitedentures.biz\\\/teeth-bleaching-in-baker-city-or\\\/\",\"name\":\"Teeth Bleaching in Baker City, OR\u00a0 - Right Bite Dentures\",\"isPartOf\":{\"@id\":\"https:\\\/\\\/www.rightbitedentures.biz\\\/#website\"},\"primaryImageOfPage\":{\"@id\":\"https:\\\/\\\/www.rightbitedentures.biz\\\/teeth-bleaching-in-baker-city-or\\\/#primaryimage\"},\"image\":{\"@id\":\"https:\\\/\\\/www.rightbitedentures.biz\\\/teeth-bleaching-in-baker-city-or\\\/#primaryimage\"},\"thumbnailUrl\":\"https:\\\/\\\/www.rightbitedentures.biz\\\/wp-content\\\/uploads\\\/sites\\\/709\\\/2025\\\/12\\\/shutterstock_1777075880.jpg\",\"datePublished\":\"2025-12-11T20:23:17+00:00\",\"dateModified\":\"2025-12-12T17:08:02+00:00\",\"description\":\"Transform your smile with expert teeth bleaching at Right Bite Dentures. Veteran-owned, community focused, and powered by advanced dental technology.\",\"breadcrumb\":{\"@id\":\"https:\\\/\\\/www.rightbitedentures.biz\\\/teeth-bleaching-in-baker-city-or\\\/#breadcrumb\"},\"inLanguage\":\"es\",\"potentialAction\":[{\"@type\":\"ReadAction\",\"target\":[\"https:\\\/\\\/www.rightbitedentures.biz\\\/teeth-bleaching-in-baker-city-or\\\/\"]}]},{\"@type\":\"ImageObject\",\"inLanguage\":\"es\",\"@id\":\"https:\\\/\\\/www.rightbitedentures.biz\\\/teeth-bleaching-in-baker-city-or\\\/#primaryimage\",\"url\":\"https:\\\/\\\/www.rightbitedentures.biz\\\/wp-content\\\/uploads\\\/sites\\\/709\\\/2025\\\/12\\\/shutterstock_1777075880.jpg\",\"contentUrl\":\"https:\\\/\\\/www.rightbitedentures.biz\\\/wp-content\\\/uploads\\\/sites\\\/709\\\/2025\\\/12\\\/shutterstock_1777075880.jpg\"},{\"@type\":\"BreadcrumbList\",\"@id\":\"https:\\\/\\\/www.rightbitedentures.biz\\\/teeth-bleaching-in-baker-city-or\\\/#breadcrumb\",\"itemListElement\":[{\"@type\":\"ListItem\",\"position\":1,\"name\":\"Home\",\"item\":\"https:\\\/\\\/www.rightbitedentures.biz\\\/\"},{\"@type\":\"ListItem\",\"position\":2,\"name\":\"Teeth Bleaching in Baker City, OR\u00a0\"}]},{\"@type\":\"WebSite\",\"@id\":\"https:\\\/\\\/www.rightbitedentures.biz\\\/#website\",\"url\":\"https:\\\/\\\/www.rightbitedentures.biz\\\/\",\"name\":\"Right Bite Dentures\",\"description\":\"Dentures backed by Service, Quality and Technology. We specialize in restoring confidence.\",\"publisher\":{\"@id\":\"https:\\\/\\\/www.rightbitedentures.biz\\\/#organization\"},\"potentialAction\":[{\"@type\":\"SearchAction\",\"target\":{\"@type\":\"EntryPoint\",\"urlTemplate\":\"https:\\\/\\\/www.rightbitedentures.biz\\\/?s={search_term_string}\"},\"query-input\":{\"@type\":\"PropertyValueSpecification\",\"valueRequired\":true,\"valueName\":\"search_term_string\"}}],\"inLanguage\":\"es\"},{\"@type\":\"Organization\",\"@id\":\"https:\\\/\\\/www.rightbitedentures.biz\\\/#organization\",\"name\":\"Right Bite Dentures\",\"url\":\"https:\\\/\\\/www.rightbitedentures.biz\\\/\",\"logo\":{\"@type\":\"ImageObject\",\"inLanguage\":\"es\",\"@id\":\"https:\\\/\\\/www.rightbitedentures.biz\\\/#\\\/schema\\\/logo\\\/image\\\/\",\"url\":\"https:\\\/\\\/cdn.webnamesandnumbers.com\\\/wp-content\\\/uploads\\\/sites\\\/709\\\/2024\\\/01\\\/12121812\\\/cropped-image-2-1.png\",\"contentUrl\":\"https:\\\/\\\/cdn.webnamesandnumbers.com\\\/wp-content\\\/uploads\\\/sites\\\/709\\\/2024\\\/01\\\/12121812\\\/cropped-image-2-1.png\",\"width\":439,\"height\":251,\"caption\":\"Right Bite Dentures\"},\"image\":{\"@id\":\"https:\\\/\\\/www.rightbitedentures.biz\\\/#\\\/schema\\\/logo\\\/image\\\/\"}}]}<\/script>\n<!-- \/ Yoast SEO plugin. -->","yoast_head_json":{"title":"Teeth Bleaching in Baker City, OR\u00a0 - Right Bite Dentures","description":"Transform your smile with expert teeth bleaching at Right Bite Dentures. Veteran-owned, community focused, and powered by advanced dental technology.","robots":{"index":"index","follow":"follow","max-snippet":"max-snippet:-1","max-image-preview":"max-image-preview:large","max-video-preview":"max-video-preview:-1"},"canonical":"https:\/\/www.rightbitedentures.biz\/es\/teeth-bleaching-in-baker-city-or\/","og_locale":"es_MX","og_type":"article","og_title":"Teeth Bleaching in Baker City, OR\u00a0 - Right Bite Dentures","og_description":"Transform your smile with expert teeth bleaching at Right Bite Dentures. Veteran-owned, community focused, and powered by advanced dental technology.","og_url":"https:\/\/www.rightbitedentures.biz\/es\/teeth-bleaching-in-baker-city-or\/","og_site_name":"Right Bite Dentures","article_modified_time":"2025-12-12T17:08:02+00:00","og_image":[{"url":"https:\/\/www.rightbitedentures.biz\/wp-content\/uploads\/sites\/709\/2025\/12\/shutterstock_1777075880.jpg","type":"","width":"","height":""}],"twitter_card":"summary_large_image","twitter_misc":{"Tiempo de lectura":"3 minutos"},"schema":{"@context":"https:\/\/schema.org","@graph":[{"@type":"WebPage","@id":"https:\/\/www.rightbitedentures.biz\/teeth-bleaching-in-baker-city-or\/","url":"https:\/\/www.rightbitedentures.biz\/teeth-bleaching-in-baker-city-or\/","name":"Teeth Bleaching in Baker City, OR\u00a0 - Right Bite Dentures","isPartOf":{"@id":"https:\/\/www.rightbitedentures.biz\/#website"},"primaryImageOfPage":{"@id":"https:\/\/www.rightbitedentures.biz\/teeth-bleaching-in-baker-city-or\/#primaryimage"},"image":{"@id":"https:\/\/www.rightbitedentures.biz\/teeth-bleaching-in-baker-city-or\/#primaryimage"},"thumbnailUrl":"https:\/\/www.rightbitedentures.biz\/wp-content\/uploads\/sites\/709\/2025\/12\/shutterstock_1777075880.jpg","datePublished":"2025-12-11T20:23:17+00:00","dateModified":"2025-12-12T17:08:02+00:00","description":"Transform your smile with expert teeth bleaching at Right Bite Dentures. Veteran-owned, community focused, and powered by advanced dental technology.","breadcrumb":{"@id":"https:\/\/www.rightbitedentures.biz\/teeth-bleaching-in-baker-city-or\/#breadcrumb"},"inLanguage":"es","potentialAction":[{"@type":"ReadAction","target":["https:\/\/www.rightbitedentures.biz\/teeth-bleaching-in-baker-city-or\/"]}]},{"@type":"ImageObject","inLanguage":"es","@id":"https:\/\/www.rightbitedentures.biz\/teeth-bleaching-in-baker-city-or\/#primaryimage","url":"https:\/\/www.rightbitedentures.biz\/wp-content\/uploads\/sites\/709\/2025\/12\/shutterstock_1777075880.jpg","contentUrl":"https:\/\/www.rightbitedentures.biz\/wp-content\/uploads\/sites\/709\/2025\/12\/shutterstock_1777075880.jpg"},{"@type":"BreadcrumbList","@id":"https:\/\/www.rightbitedentures.biz\/teeth-bleaching-in-baker-city-or\/#breadcrumb","itemListElement":[{"@type":"ListItem","position":1,"name":"Home","item":"https:\/\/www.rightbitedentures.biz\/"},{"@type":"ListItem","position":2,"name":"Teeth Bleaching in Baker City, OR\u00a0"}]},{"@type":"WebSite","@id":"https:\/\/www.rightbitedentures.biz\/#website","url":"https:\/\/www.rightbitedentures.biz\/","name":"Dentaduras postizas de mordida derecha","description":"Pr\u00f3tesis dentales con el respaldo de servicio, calidad y tecnolog\u00eda. Nos especializamos en recuperar la confianza.","publisher":{"@id":"https:\/\/www.rightbitedentures.biz\/#organization"},"potentialAction":[{"@type":"SearchAction","target":{"@type":"EntryPoint","urlTemplate":"https:\/\/www.rightbitedentures.biz\/?s={search_term_string}"},"query-input":{"@type":"PropertyValueSpecification","valueRequired":true,"valueName":"search_term_string"}}],"inLanguage":"es"},{"@type":"Organization","@id":"https:\/\/www.rightbitedentures.biz\/#organization","name":"Dentaduras postizas de mordida derecha","url":"https:\/\/www.rightbitedentures.biz\/","logo":{"@type":"ImageObject","inLanguage":"es","@id":"https:\/\/www.rightbitedentures.biz\/#\/schema\/logo\/image\/","url":"https:\/\/cdn.webnamesandnumbers.com\/wp-content\/uploads\/sites\/709\/2024\/01\/12121812\/cropped-image-2-1.png","contentUrl":"https:\/\/cdn.webnamesandnumbers.com\/wp-content\/uploads\/sites\/709\/2024\/01\/12121812\/cropped-image-2-1.png","width":439,"height":251,"caption":"Right Bite Dentures"},"image":{"@id":"https:\/\/www.rightbitedentures.biz\/#\/schema\/logo\/image\/"}}]}},"_links":{"self":[{"href":"https:\/\/www.rightbitedentures.biz\/es\/wp-json\/wp\/v2\/pages\/1404","targetHints":{"allow":["GET"]}}],"collection":[{"href":"https:\/\/www.rightbitedentures.biz\/es\/wp-json\/wp\/v2\/pages"}],"about":[{"href":"https:\/\/www.rightbitedentures.biz\/es\/wp-json\/wp\/v2\/types\/page"}],"author":[{"embeddable":true,"href":"https:\/\/www.rightbitedentures.biz\/es\/wp-json\/wp\/v2\/users\/13"}],"replies":[{"embeddable":true,"href":"https:\/\/www.rightbitedentures.biz\/es\/wp-json\/wp\/v2\/comments?post=1404"}],"version-history":[{"count":4,"href":"https:\/\/www.rightbitedentures.biz\/es\/wp-json\/wp\/v2\/pages\/1404\/revisions"}],"predecessor-version":[{"id":1413,"href":"https:\/\/www.rightbitedentures.biz\/es\/wp-json\/wp\/v2\/pages\/1404\/revisions\/1413"}],"wp:attachment":[{"href":"https:\/\/www.rightbitedentures.biz\/es\/wp-json\/wp\/v2\/media?parent=1404"}],"curies":[{"name":"gracias","href":"https:\/\/api.w.org\/{rel}","templated":true}]}}