{"id":1415,"date":"2026-01-19T13:05:25","date_gmt":"2026-01-19T13:05:25","guid":{"rendered":"https:\/\/www.rightbitedentures.biz\/?page_id=1415"},"modified":"2026-01-19T13:08:43","modified_gmt":"2026-01-19T13:08:43","slug":"dental-implants-in-baker-city-or","status":"publish","type":"page","link":"https:\/\/www.rightbitedentures.biz\/es\/dental-implants-in-baker-city-or\/","title":{"rendered":"Implantes dentales en Baker City, OR\u00a0"},"content":{"rendered":"<div data-elementor-type=\"wp-page\" data-elementor-id=\"1415\" class=\"elementor elementor-1415\" data-elementor-post-type=\"page\">\n\t\t\t\t<div class=\"elementor-element elementor-element-9764530 e-flex e-con-boxed e-con e-parent\" data-id=\"9764530\" data-element_type=\"container\" data-e-type=\"container\" data-settings=\"{&quot;background_background&quot;:&quot;classic&quot;}\">\n\t\t\t\t\t<div class=\"e-con-inner\">\n\t\t<div class=\"elementor-element elementor-element-1c89c22 e-con-full e-flex e-con e-child\" data-id=\"1c89c22\" data-element_type=\"container\" data-e-type=\"container\">\n\t\t\t\t<div class=\"elementor-element elementor-element-c29dd69 elementor-widget elementor-widget-heading\" data-id=\"c29dd69\" data-element_type=\"widget\" data-e-type=\"widget\" data-widget_type=\"heading.default\">\n\t\t\t\t<div class=\"elementor-widget-container\">\n\t\t\t\t\t<h1 class=\"elementor-heading-title elementor-size-default\">Implantes dentales en Baker City, OR<\/h1>\t\t\t\t<\/div>\n\t\t\t\t<\/div>\n\t\t\t\t<div class=\"elementor-element elementor-element-044125b elementor-align-left elementor-widget elementor-widget-button\" data-id=\"044125b\" data-element_type=\"widget\" data-e-type=\"widget\" data-widget_type=\"button.default\">\n\t\t\t\t<div class=\"elementor-widget-container\">\n\t\t\t\t\t\t\t\t\t<div class=\"elementor-button-wrapper\">\n\t\t\t\t\t<a class=\"elementor-button elementor-button-link elementor-size-sm\" href=\"https:\/\/www.rightbitedentures.biz\/es\/contact\/\">\n\t\t\t\t\t\t<span class=\"elementor-button-content-wrapper\">\n\t\t\t\t\t\t\t\t\t<span class=\"elementor-button-text\">Cont\u00e1ctenos<\/span>\n\t\t\t\t\t<\/span>\n\t\t\t\t\t<\/a>\n\t\t\t\t<\/div>\n\t\t\t\t\t\t\t\t<\/div>\n\t\t\t\t<\/div>\n\t\t\t\t<\/div>\n\t\t<div class=\"elementor-element elementor-element-a005bac e-con-full e-flex e-con e-child\" data-id=\"a005bac\" data-element_type=\"container\" data-e-type=\"container\">\n\t\t\t\t<\/div>\n\t\t\t\t\t<\/div>\n\t\t\t\t<\/div>\n\t\t<div class=\"elementor-element elementor-element-99cdeb7 e-flex e-con-boxed e-con e-parent\" data-id=\"99cdeb7\" data-element_type=\"container\" data-e-type=\"container\" data-settings=\"{&quot;background_background&quot;:&quot;classic&quot;}\">\n\t\t\t\t\t<div class=\"e-con-inner\">\n\t\t\t\t<div class=\"elementor-element elementor-element-9aca6f0 elementor-widget__width-initial elementor-widget elementor-widget-text-editor\" data-id=\"9aca6f0\" data-element_type=\"widget\" data-e-type=\"widget\" data-widget_type=\"text-editor.default\">\n\t\t\t\t<div class=\"elementor-widget-container\">\n\t\t\t\t\t\t\t\t\t<p data-pm-slice=\"1 1 []\">En Right Bite Dentures, nos especializamos en implantes dentales en Baker City, OR, dise\u00f1ados para ayudarle a sonre\u00edr, comer y hablar con confianza. Los implantes dentales son soluciones avanzadas de reemplazo dental que imitan los dientes naturales al anclar ra\u00edces artificiales en el hueso maxilar y colocar restauraciones personalizadas para una funci\u00f3n y est\u00e9tica duraderas.<\/p>\t\t\t\t\t\t\t\t<\/div>\n\t\t\t\t<\/div>\n\t\t\t\t\t<\/div>\n\t\t\t\t<\/div>\n\t\t<div class=\"elementor-element elementor-element-bb5efd6 e-flex e-con-boxed e-con e-parent\" data-id=\"bb5efd6\" data-element_type=\"container\" data-e-type=\"container\" data-settings=\"{&quot;background_background&quot;:&quot;classic&quot;}\">\n\t\t\t\t\t<div class=\"e-con-inner\">\n\t\t<div class=\"elementor-element elementor-element-b226773 e-con-full e-flex e-con e-child\" data-id=\"b226773\" data-element_type=\"container\" data-e-type=\"container\" data-settings=\"{&quot;background_background&quot;:&quot;classic&quot;}\">\n\t\t\t\t<div class=\"elementor-element elementor-element-402df89 elementor-widget elementor-widget-heading\" data-id=\"402df89\" data-element_type=\"widget\" data-e-type=\"widget\" data-widget_type=\"heading.default\">\n\t\t\t\t<div class=\"elementor-widget-container\">\n\t\t\t\t\t<h2 class=\"elementor-heading-title elementor-size-default\">Beneficios de elegir implantes dentales<\/h2>\t\t\t\t<\/div>\n\t\t\t\t<\/div>\n\t\t\t\t<div class=\"elementor-element elementor-element-c66ef86 elementor-widget elementor-widget-text-editor\" data-id=\"c66ef86\" data-element_type=\"widget\" data-e-type=\"widget\" data-widget_type=\"text-editor.default\">\n\t\t\t\t<div class=\"elementor-widget-container\">\n\t\t\t\t\t\t\t\t\t<p data-pos=\"873\">Los implantes dentales ofrecen una soluci\u00f3n duradera y de aspecto natural que restaura tanto la funci\u00f3n como la confianza. He aqu\u00ed por qu\u00e9 son la opci\u00f3n preferida para el reemplazo de dientes:<\/p><ul data-pos=\"1043\"><li data-pos=\"1043\"><strong data-pos=\"1047\">Aspecto y tacto naturales:<\/strong>\u00a0Los implantes dentales est\u00e1n dise\u00f1ados para parecerse a los dientes reales en apariencia y funci\u00f3n, ayud\u00e1ndole a recuperar la confianza en su sonrisa.<\/li><li data-pos=\"1194\"><strong data-pos=\"1198\">Masticaci\u00f3n y habla mejoradas:<\/strong>\u00a0Al restaurar la capacidad de masticar por completo y el habla clara, los implantes hacen que las actividades cotidianas sean m\u00e1s c\u00f3modas.<\/li><li data-pos=\"1331\"><strong data-pos=\"1335\">Salud de la mand\u00edbula:<\/strong>\u00a0Los implantes estimulan la mand\u00edbula y ayudan a prevenir la p\u00e9rdida \u00f3sea que puede ocurrir despu\u00e9s de la p\u00e9rdida de un diente.<\/li><li data-pos=\"1444\"><strong data-pos=\"1448\">Duradero y a largo plazo:<\/strong>\u00a0Con el cuidado adecuado, los implantes pueden durar muchos a\u00f1os, a menudo toda la vida, lo que los convierte en una soluci\u00f3n rentable.<\/li><li data-pos=\"1582\"><strong data-pos=\"1586\">Admite otras restauraciones:<\/strong>\u00a0Los implantes pueden anclar dientes individuales, puentes o dentaduras postizas completas soportadas por implantes.<\/li><\/ul><p data-pos=\"1011\">Las dentaduras postizas est\u00e1n dise\u00f1adas para ajustarse perfectamente, pero los cambios en la estructura de las enc\u00edas y la mand\u00edbula con el tiempo pueden hacer que se aflojen o resulten inc\u00f3modas. Los ajustes regulares ayudan a:<\/p><ul data-pos=\"1182\"><li data-pos=\"1182\">Mejora la comodidad y el ajuste<\/li><li data-pos=\"1208\">Prevenir las zonas doloridas y la irritaci\u00f3n.<\/li><li data-pos=\"1244\">Mantener la eficiencia de la masticaci\u00f3n<\/li><li data-pos=\"1274\">Prolonga la vida de tus dentaduras postizas<\/li><li data-pos=\"1310\">Apoya la salud bucal previniendo una mayor p\u00e9rdida \u00f3sea<\/li><\/ul>\t\t\t\t\t\t\t\t<\/div>\n\t\t\t\t<\/div>\n\t\t\t\t<div class=\"elementor-element elementor-element-ff6f1ef elementor-widget elementor-widget-heading\" data-id=\"ff6f1ef\" data-element_type=\"widget\" data-e-type=\"widget\" data-widget_type=\"heading.default\">\n\t\t\t\t<div class=\"elementor-widget-container\">\n\t\t\t\t\t<h2 class=\"elementor-heading-title elementor-size-default\">Nuestros servicios de implantes dentales <\/h2>\t\t\t\t<\/div>\n\t\t\t\t<\/div>\n\t\t\t\t<div class=\"elementor-element elementor-element-9675c35 elementor-widget elementor-widget-text-editor\" data-id=\"9675c35\" data-element_type=\"widget\" data-e-type=\"widget\" data-widget_type=\"text-editor.default\">\n\t\t\t\t<div class=\"elementor-widget-container\">\n\t\t\t\t\t\t\t\t\t<p data-pos=\"1729\">En Right Bite Dentures, brindamos atenci\u00f3n integral sobre implantes adaptada a sus necesidades:<\/p><ul data-pos=\"1816\"><li data-pos=\"1816\"><strong data-pos=\"1820\">Consulta y planificaci\u00f3n del tratamiento:<\/strong>\u00a0Comenzamos con un examen exhaustivo para determinar si los implantes dentales son adecuados para usted y desarrollar un plan de tratamiento personalizado.<\/li><li data-pos=\"1985\"><strong data-pos=\"1989\">Colocaci\u00f3n del implante:<\/strong>\u00a0Utilizando t\u00e9cnicas precisas y materiales de alta calidad, colocamos quir\u00fargicamente implantes dentales en su mand\u00edbula para brindarle un soporte seguro y duradero.<\/li><li data-pos=\"2151\"><strong data-pos=\"2155\">Pr\u00f3tesis restauradoras:<\/strong>\u00a0Una vez que sus implantes hayan cicatrizado, colocamos coronas, puentes o dentaduras postizas soportadas por implantes elaborados por expertos para completar su sonrisa.<\/li><li data-pos=\"2312\"><strong data-pos=\"2316\">Reparaci\u00f3n de emergencia de pr\u00f3tesis dentales:<\/strong>\u00a0Servicios r\u00e1pidos de reparaci\u00f3n de dentaduras postizas el mismo d\u00eda en Baker City y Ontario, OR para restaurar su sonrisa sin demora.<\/li><li data-pos=\"2450\"><strong data-pos=\"2454\">Reemplazo de dentadura postiza:<\/strong>\u00a0Reemplazo de dentaduras postizas viejas, desgastadas o rotas por pr\u00f3tesis actualizadas y de mejor ajuste para mejorar la comodidad y la funci\u00f3n.<\/li><\/ul>\t\t\t\t\t\t\t\t<\/div>\n\t\t\t\t<\/div>\n\t\t\t\t<div class=\"elementor-element elementor-element-6450b41 elementor-widget elementor-widget-heading\" data-id=\"6450b41\" data-element_type=\"widget\" data-e-type=\"widget\" data-widget_type=\"heading.default\">\n\t\t\t\t<div class=\"elementor-widget-container\">\n\t\t\t\t\t<h2 class=\"elementor-heading-title elementor-size-default\">\u00bfQu\u00e9 diferencia a las pr\u00f3tesis Right Bite de los implantes dentales?<\/h2>\t\t\t\t<\/div>\n\t\t\t\t<\/div>\n\t\t\t\t<div class=\"elementor-element elementor-element-5b4b2f5 elementor-widget elementor-widget-text-editor\" data-id=\"5b4b2f5\" data-element_type=\"widget\" data-e-type=\"widget\" data-widget_type=\"text-editor.default\">\n\t\t\t\t<div class=\"elementor-widget-container\">\n\t\t\t\t\t\t\t\t\t<p>El \u00e9xito de sus implantes dentales depende de la experiencia y el cuidado de su profesional, y ah\u00ed es donde Right Bite Dentures destaca. Combinamos experiencia cl\u00ednica, tratamiento personalizado y un servicio compasivo para ofrecer resultados confiables y duraderos. Con t\u00e9cnicas avanzadas y un compromiso con su comodidad, garantizamos que cada implante se adapte perfectamente a su sonrisa. Ya sea que le falten uno o varios dientes, nuestro equipo est\u00e1 aqu\u00ed para apoyarle en cada paso de su proceso de restauraci\u00f3n.<\/p>\t\t\t\t\t\t\t\t<\/div>\n\t\t\t\t<\/div>\n\t\t\t\t<\/div>\n\t\t\t\t\t<\/div>\n\t\t\t\t<\/div>\n\t\t<div class=\"elementor-element elementor-element-0ba5a13 e-flex e-con-boxed e-con e-parent\" data-id=\"0ba5a13\" data-element_type=\"container\" data-e-type=\"container\" data-settings=\"{&quot;background_background&quot;:&quot;classic&quot;}\">\n\t\t\t\t\t<div class=\"e-con-inner\">\n\t\t\t\t<div class=\"elementor-element elementor-element-da5af03 elementor-widget__width-initial elementor-widget elementor-widget-text-editor\" data-id=\"da5af03\" data-element_type=\"widget\" data-e-type=\"widget\" data-widget_type=\"text-editor.default\">\n\t\t\t\t<div class=\"elementor-widget-container\">\n\t\t\t\t\t\t\t\t\t<h2 id=\"restore-your-smile-with-confidence\" tabindex=\"-1\" data-pos=\"3168\">Restaure su sonrisa con confianza\u00a0<\/h2><p data-pos=\"3204\">La falta de dientes no deber\u00eda ser un impedimento. Con implantes dentales en Baker City, OR, puede recuperar su sonrisa y disfrutar de la comodidad y la funcionalidad de unos dientes con una sensaci\u00f3n natural. Contacte con Right Bite Dentures hoy mismo para programar su consulta de implantes y descubrir c\u00f3mo podemos ayudarle a lograr una salud dental duradera.<\/p>\t\t\t\t\t\t\t\t<\/div>\n\t\t\t\t<\/div>\n\t\t\t\t\t<\/div>\n\t\t\t\t<\/div>\n\t\t\t\t<\/div>","protected":false},"excerpt":{"rendered":"<p>Dental Implants in Baker City, OR Contact Us At Right Bite Dentures, we specialize in dental implants in Baker City, OR designed to help you smile, eat, and speak with confidence. Dental implants are advanced tooth replacement solutions that mimic natural teeth by anchoring artificial roots into the jawbone and attaching custom restorations for long\u2011lasting [&hellip;]<\/p>\n","protected":false},"author":13,"featured_media":0,"parent":0,"menu_order":0,"comment_status":"closed","ping_status":"closed","template":"elementor_header_footer","meta":{"footnotes":""},"class_list":["post-1415","page","type-page","status-publish","hentry"],"yoast_head":"<!-- This site is optimized with the Yoast SEO plugin v27.3 - https:\/\/yoast.com\/product\/yoast-seo-wordpress\/ -->\n<title>Dental Implants in Baker City, OR \u2502 Right Bite Dentures<\/title>\n<meta name=\"description\" content=\"Get high\u2011quality dental implants in Baker City, OR at Right Bite Dentures \u2014 permanent tooth replacement solutions that restore function, comfort &amp; confidence.\" \/>\n<meta name=\"robots\" content=\"index, follow, max-snippet:-1, max-image-preview:large, max-video-preview:-1\" \/>\n<link rel=\"canonical\" href=\"https:\/\/www.rightbitedentures.biz\/es\/dental-implants-in-baker-city-or\/\" \/>\n<meta property=\"og:locale\" content=\"es_MX\" \/>\n<meta property=\"og:type\" content=\"article\" \/>\n<meta property=\"og:title\" content=\"Dental Implants in Baker City, OR \u2502 Right Bite Dentures\" \/>\n<meta property=\"og:description\" content=\"Get high\u2011quality dental implants in Baker City, OR at Right Bite Dentures \u2014 permanent tooth replacement solutions that restore function, comfort &amp; confidence.\" \/>\n<meta property=\"og:url\" content=\"https:\/\/www.rightbitedentures.biz\/es\/dental-implants-in-baker-city-or\/\" \/>\n<meta property=\"og:site_name\" content=\"Right Bite Dentures\" \/>\n<meta property=\"article:modified_time\" content=\"2026-01-19T13:08:43+00:00\" \/>\n<meta name=\"twitter:card\" content=\"summary_large_image\" \/>\n<meta name=\"twitter:label1\" content=\"Tiempo de lectura\" \/>\n\t<meta name=\"twitter:data1\" content=\"3 minutos\" \/>\n<script type=\"application\/ld+json\" class=\"yoast-schema-graph\">{\"@context\":\"https:\\\/\\\/schema.org\",\"@graph\":[{\"@type\":\"WebPage\",\"@id\":\"https:\\\/\\\/www.rightbitedentures.biz\\\/dental-implants-in-baker-city-or\\\/\",\"url\":\"https:\\\/\\\/www.rightbitedentures.biz\\\/dental-implants-in-baker-city-or\\\/\",\"name\":\"Dental Implants in Baker City, OR \u2502 Right Bite Dentures\",\"isPartOf\":{\"@id\":\"https:\\\/\\\/www.rightbitedentures.biz\\\/#website\"},\"datePublished\":\"2026-01-19T13:05:25+00:00\",\"dateModified\":\"2026-01-19T13:08:43+00:00\",\"description\":\"Get high\u2011quality dental implants in Baker City, OR at Right Bite Dentures \u2014 permanent tooth replacement solutions that restore function, comfort & confidence.\",\"breadcrumb\":{\"@id\":\"https:\\\/\\\/www.rightbitedentures.biz\\\/dental-implants-in-baker-city-or\\\/#breadcrumb\"},\"inLanguage\":\"es\",\"potentialAction\":[{\"@type\":\"ReadAction\",\"target\":[\"https:\\\/\\\/www.rightbitedentures.biz\\\/dental-implants-in-baker-city-or\\\/\"]}]},{\"@type\":\"BreadcrumbList\",\"@id\":\"https:\\\/\\\/www.rightbitedentures.biz\\\/dental-implants-in-baker-city-or\\\/#breadcrumb\",\"itemListElement\":[{\"@type\":\"ListItem\",\"position\":1,\"name\":\"Home\",\"item\":\"https:\\\/\\\/www.rightbitedentures.biz\\\/\"},{\"@type\":\"ListItem\",\"position\":2,\"name\":\"Dental Implants in Baker City, OR\u00a0\"}]},{\"@type\":\"WebSite\",\"@id\":\"https:\\\/\\\/www.rightbitedentures.biz\\\/#website\",\"url\":\"https:\\\/\\\/www.rightbitedentures.biz\\\/\",\"name\":\"Right Bite Dentures\",\"description\":\"Dentures backed by Service, Quality and Technology. We specialize in restoring confidence.\",\"publisher\":{\"@id\":\"https:\\\/\\\/www.rightbitedentures.biz\\\/#organization\"},\"potentialAction\":[{\"@type\":\"SearchAction\",\"target\":{\"@type\":\"EntryPoint\",\"urlTemplate\":\"https:\\\/\\\/www.rightbitedentures.biz\\\/?s={search_term_string}\"},\"query-input\":{\"@type\":\"PropertyValueSpecification\",\"valueRequired\":true,\"valueName\":\"search_term_string\"}}],\"inLanguage\":\"es\"},{\"@type\":\"Organization\",\"@id\":\"https:\\\/\\\/www.rightbitedentures.biz\\\/#organization\",\"name\":\"Right Bite Dentures\",\"url\":\"https:\\\/\\\/www.rightbitedentures.biz\\\/\",\"logo\":{\"@type\":\"ImageObject\",\"inLanguage\":\"es\",\"@id\":\"https:\\\/\\\/www.rightbitedentures.biz\\\/#\\\/schema\\\/logo\\\/image\\\/\",\"url\":\"https:\\\/\\\/cdn.webnamesandnumbers.com\\\/wp-content\\\/uploads\\\/sites\\\/709\\\/2024\\\/01\\\/12121812\\\/cropped-image-2-1.png\",\"contentUrl\":\"https:\\\/\\\/cdn.webnamesandnumbers.com\\\/wp-content\\\/uploads\\\/sites\\\/709\\\/2024\\\/01\\\/12121812\\\/cropped-image-2-1.png\",\"width\":439,\"height\":251,\"caption\":\"Right Bite Dentures\"},\"image\":{\"@id\":\"https:\\\/\\\/www.rightbitedentures.biz\\\/#\\\/schema\\\/logo\\\/image\\\/\"}}]}<\/script>\n<!-- \/ Yoast SEO plugin. -->","yoast_head_json":{"title":"Dental Implants in Baker City, OR \u2502 Right Bite Dentures","description":"Get high\u2011quality dental implants in Baker City, OR at Right Bite Dentures \u2014 permanent tooth replacement solutions that restore function, comfort & confidence.","robots":{"index":"index","follow":"follow","max-snippet":"max-snippet:-1","max-image-preview":"max-image-preview:large","max-video-preview":"max-video-preview:-1"},"canonical":"https:\/\/www.rightbitedentures.biz\/es\/dental-implants-in-baker-city-or\/","og_locale":"es_MX","og_type":"article","og_title":"Dental Implants in Baker City, OR \u2502 Right Bite Dentures","og_description":"Get high\u2011quality dental implants in Baker City, OR at Right Bite Dentures \u2014 permanent tooth replacement solutions that restore function, comfort & confidence.","og_url":"https:\/\/www.rightbitedentures.biz\/es\/dental-implants-in-baker-city-or\/","og_site_name":"Right Bite Dentures","article_modified_time":"2026-01-19T13:08:43+00:00","twitter_card":"summary_large_image","twitter_misc":{"Tiempo de lectura":"3 minutos"},"schema":{"@context":"https:\/\/schema.org","@graph":[{"@type":"WebPage","@id":"https:\/\/www.rightbitedentures.biz\/dental-implants-in-baker-city-or\/","url":"https:\/\/www.rightbitedentures.biz\/dental-implants-in-baker-city-or\/","name":"Dental Implants in Baker City, OR \u2502 Right Bite Dentures","isPartOf":{"@id":"https:\/\/www.rightbitedentures.biz\/#website"},"datePublished":"2026-01-19T13:05:25+00:00","dateModified":"2026-01-19T13:08:43+00:00","description":"Get high\u2011quality dental implants in Baker City, OR at Right Bite Dentures \u2014 permanent tooth replacement solutions that restore function, comfort & confidence.","breadcrumb":{"@id":"https:\/\/www.rightbitedentures.biz\/dental-implants-in-baker-city-or\/#breadcrumb"},"inLanguage":"es","potentialAction":[{"@type":"ReadAction","target":["https:\/\/www.rightbitedentures.biz\/dental-implants-in-baker-city-or\/"]}]},{"@type":"BreadcrumbList","@id":"https:\/\/www.rightbitedentures.biz\/dental-implants-in-baker-city-or\/#breadcrumb","itemListElement":[{"@type":"ListItem","position":1,"name":"Home","item":"https:\/\/www.rightbitedentures.biz\/"},{"@type":"ListItem","position":2,"name":"Dental Implants in Baker City, OR\u00a0"}]},{"@type":"WebSite","@id":"https:\/\/www.rightbitedentures.biz\/#website","url":"https:\/\/www.rightbitedentures.biz\/","name":"Dentaduras postizas de mordida derecha","description":"Pr\u00f3tesis dentales con el respaldo de servicio, calidad y tecnolog\u00eda. Nos especializamos en recuperar la confianza.","publisher":{"@id":"https:\/\/www.rightbitedentures.biz\/#organization"},"potentialAction":[{"@type":"SearchAction","target":{"@type":"EntryPoint","urlTemplate":"https:\/\/www.rightbitedentures.biz\/?s={search_term_string}"},"query-input":{"@type":"PropertyValueSpecification","valueRequired":true,"valueName":"search_term_string"}}],"inLanguage":"es"},{"@type":"Organization","@id":"https:\/\/www.rightbitedentures.biz\/#organization","name":"Dentaduras postizas de mordida derecha","url":"https:\/\/www.rightbitedentures.biz\/","logo":{"@type":"ImageObject","inLanguage":"es","@id":"https:\/\/www.rightbitedentures.biz\/#\/schema\/logo\/image\/","url":"https:\/\/cdn.webnamesandnumbers.com\/wp-content\/uploads\/sites\/709\/2024\/01\/12121812\/cropped-image-2-1.png","contentUrl":"https:\/\/cdn.webnamesandnumbers.com\/wp-content\/uploads\/sites\/709\/2024\/01\/12121812\/cropped-image-2-1.png","width":439,"height":251,"caption":"Right Bite Dentures"},"image":{"@id":"https:\/\/www.rightbitedentures.biz\/#\/schema\/logo\/image\/"}}]}},"_links":{"self":[{"href":"https:\/\/www.rightbitedentures.biz\/es\/wp-json\/wp\/v2\/pages\/1415","targetHints":{"allow":["GET"]}}],"collection":[{"href":"https:\/\/www.rightbitedentures.biz\/es\/wp-json\/wp\/v2\/pages"}],"about":[{"href":"https:\/\/www.rightbitedentures.biz\/es\/wp-json\/wp\/v2\/types\/page"}],"author":[{"embeddable":true,"href":"https:\/\/www.rightbitedentures.biz\/es\/wp-json\/wp\/v2\/users\/13"}],"replies":[{"embeddable":true,"href":"https:\/\/www.rightbitedentures.biz\/es\/wp-json\/wp\/v2\/comments?post=1415"}],"version-history":[{"count":4,"href":"https:\/\/www.rightbitedentures.biz\/es\/wp-json\/wp\/v2\/pages\/1415\/revisions"}],"predecessor-version":[{"id":1424,"href":"https:\/\/www.rightbitedentures.biz\/es\/wp-json\/wp\/v2\/pages\/1415\/revisions\/1424"}],"wp:attachment":[{"href":"https:\/\/www.rightbitedentures.biz\/es\/wp-json\/wp\/v2\/media?parent=1415"}],"curies":[{"name":"gracias","href":"https:\/\/api.w.org\/{rel}","templated":true}]}}