{"id":1426,"date":"2026-02-17T18:11:45","date_gmt":"2026-02-17T18:11:45","guid":{"rendered":"https:\/\/www.rightbitedentures.biz\/?page_id=1426"},"modified":"2026-02-17T18:14:28","modified_gmt":"2026-02-17T18:14:28","slug":"dental-checkups-in-baker-city-or","status":"publish","type":"page","link":"https:\/\/www.rightbitedentures.biz\/es\/dental-checkups-in-baker-city-or\/","title":{"rendered":"Chequeos dentales en Baker City, OR"},"content":{"rendered":"<div data-elementor-type=\"wp-page\" data-elementor-id=\"1426\" class=\"elementor elementor-1426\" data-elementor-post-type=\"page\">\n\t\t\t\t<div class=\"elementor-element elementor-element-11896c7 e-flex e-con-boxed e-con e-parent\" data-id=\"11896c7\" data-element_type=\"container\" data-settings=\"{&quot;background_background&quot;:&quot;classic&quot;}\">\n\t\t\t\t\t<div class=\"e-con-inner\">\n\t\t<div class=\"elementor-element elementor-element-4106503 e-con-full e-flex e-con e-child\" data-id=\"4106503\" data-element_type=\"container\">\n\t\t\t\t<div class=\"elementor-element elementor-element-8128485 elementor-widget elementor-widget-heading\" data-id=\"8128485\" data-element_type=\"widget\" data-widget_type=\"heading.default\">\n\t\t\t\t<div class=\"elementor-widget-container\">\n\t\t\t\t\t<h1 class=\"elementor-heading-title elementor-size-default\">Chequeos dentales en Baker City, OR <\/h1>\t\t\t\t<\/div>\n\t\t\t\t<\/div>\n\t\t\t\t<div class=\"elementor-element elementor-element-704ead9 elementor-align-left elementor-widget elementor-widget-button\" data-id=\"704ead9\" data-element_type=\"widget\" data-widget_type=\"button.default\">\n\t\t\t\t<div class=\"elementor-widget-container\">\n\t\t\t\t\t\t\t\t\t<div class=\"elementor-button-wrapper\">\n\t\t\t\t\t<a class=\"elementor-button elementor-button-link elementor-size-sm\" href=\"https:\/\/www.rightbitedentures.biz\/es\/contact\/\">\n\t\t\t\t\t\t<span class=\"elementor-button-content-wrapper\">\n\t\t\t\t\t\t\t\t\t<span class=\"elementor-button-text\">Cont\u00e1ctenos<\/span>\n\t\t\t\t\t<\/span>\n\t\t\t\t\t<\/a>\n\t\t\t\t<\/div>\n\t\t\t\t\t\t\t\t<\/div>\n\t\t\t\t<\/div>\n\t\t\t\t<\/div>\n\t\t<div class=\"elementor-element elementor-element-c588c19 e-con-full e-flex e-con e-child\" data-id=\"c588c19\" data-element_type=\"container\">\n\t\t\t\t<\/div>\n\t\t\t\t\t<\/div>\n\t\t\t\t<\/div>\n\t\t<div class=\"elementor-element elementor-element-cfb203b e-flex e-con-boxed e-con e-parent\" data-id=\"cfb203b\" data-element_type=\"container\" data-settings=\"{&quot;background_background&quot;:&quot;classic&quot;}\">\n\t\t\t\t\t<div class=\"e-con-inner\">\n\t\t\t\t<div class=\"elementor-element elementor-element-048d693 elementor-widget__width-initial elementor-widget elementor-widget-text-editor\" data-id=\"048d693\" data-element_type=\"widget\" data-widget_type=\"text-editor.default\">\n\t\t\t\t<div class=\"elementor-widget-container\">\n\t\t\t\t\t\t\t\t\t<p data-pos=\"589\">En\u00a0<strong data-pos=\"594\">Dentaduras postizas de mordida derecha<\/strong>, Ofrecemos chequeos dentales profesionales en Baker City, OR, para ayudarle a mantener una excelente salud bucal y garantizar que sus dentaduras postizas o dientes restantes est\u00e9n en \u00f3ptimas condiciones. Ya sea que use dentaduras postizas completas, parciales o que a\u00fan conserve sus dientes naturales, los chequeos de rutina son clave para la detecci\u00f3n temprana de posibles problemas y para mantener una sonrisa sana y fuerte.<\/p>\t\t\t\t\t\t\t\t<\/div>\n\t\t\t\t<\/div>\n\t\t\t\t\t<\/div>\n\t\t\t\t<\/div>\n\t\t<div class=\"elementor-element elementor-element-27cb530 e-flex e-con-boxed e-con e-parent\" data-id=\"27cb530\" data-element_type=\"container\" data-settings=\"{&quot;background_background&quot;:&quot;classic&quot;}\">\n\t\t\t\t\t<div class=\"e-con-inner\">\n\t\t<div class=\"elementor-element elementor-element-303852a e-con-full e-flex e-con e-child\" data-id=\"303852a\" data-element_type=\"container\" data-settings=\"{&quot;background_background&quot;:&quot;classic&quot;}\">\n\t\t\t\t<div class=\"elementor-element elementor-element-ee59ab3 elementor-widget elementor-widget-heading\" data-id=\"ee59ab3\" data-element_type=\"widget\" data-widget_type=\"heading.default\">\n\t\t\t\t<div class=\"elementor-widget-container\">\n\t\t\t\t\t<h2 class=\"elementor-heading-title elementor-size-default\">Qu\u00e9 incluye nuestro servicio de revisi\u00f3n dental<\/h2>\t\t\t\t<\/div>\n\t\t\t\t<\/div>\n\t\t\t\t<div class=\"elementor-element elementor-element-dd8c93c elementor-widget elementor-widget-text-editor\" data-id=\"dd8c93c\" data-element_type=\"widget\" data-widget_type=\"text-editor.default\">\n\t\t\t\t<div class=\"elementor-widget-container\">\n\t\t\t\t\t\t\t\t\t<p data-pos=\"1018\">Cada revisi\u00f3n dental se personaliza para satisfacer sus necesidades y puede incluir:<\/p><ul data-pos=\"1089\"><li data-pos=\"1089\"><strong data-pos=\"1093\">Examen oral<\/strong>:Buscamos signos de enfermedad de las enc\u00edas, caries, llagas o cambios en los tejidos de la boca.<\/li><li data-pos=\"1203\"><strong data-pos=\"1207\">Evaluaci\u00f3n del ajuste de la dentadura postiza<\/strong>:Si usa dentadura postiza, evaluamos su comodidad, funci\u00f3n y buscamos signos de irritaci\u00f3n o desplazamiento.<\/li><li data-pos=\"1330\"><strong data-pos=\"1334\">Detecci\u00f3n del c\u00e1ncer bucal<\/strong>:Un examen r\u00e1pido e indoloro para detectar anomal\u00edas o lesiones sospechosas.<\/li><li data-pos=\"1429\"><strong data-pos=\"1433\">Limpieza de dentaduras postizas o dientes restantes<\/strong>:Limpieza suave para eliminar la placa, el sarro y las manchas superficiales.<\/li><li data-pos=\"1538\"><strong data-pos=\"1542\">Recomendaciones de cuidado<\/strong>:Asesoramiento personalizado para el mantenimiento de tu pr\u00f3tesis dental y salud bucal en casa.<\/li><\/ul>\t\t\t\t\t\t\t\t<\/div>\n\t\t\t\t<\/div>\n\t\t\t\t<div class=\"elementor-element elementor-element-7f9b2b5 elementor-widget elementor-widget-heading\" data-id=\"7f9b2b5\" data-element_type=\"widget\" data-widget_type=\"heading.default\">\n\t\t\t\t<div class=\"elementor-widget-container\">\n\t\t\t\t\t<h2 class=\"elementor-heading-title elementor-size-default\">Se\u00f1ales de que podr\u00edas necesitar un chequeo dental <\/h2>\t\t\t\t<\/div>\n\t\t\t\t<\/div>\n\t\t\t\t<div class=\"elementor-element elementor-element-301ba6e elementor-widget elementor-widget-text-editor\" data-id=\"301ba6e\" data-element_type=\"widget\" data-widget_type=\"text-editor.default\">\n\t\t\t\t<div class=\"elementor-widget-container\">\n\t\t\t\t\t\t\t\t\t<p data-pos=\"1682\">Debes programar un chequeo si experimentas:<\/p><ul data-pos=\"1737\"><li data-pos=\"1737\"><strong data-pos=\"1741\">Puntos doloridos o molestias por las dentaduras postizas<\/strong>:Las \u00e1reas dolorosas pueden indicar que sus dentaduras postizas ya no se ajustan correctamente y necesitan ajustes.<\/li><li data-pos=\"1873\"><strong data-pos=\"1877\">Enc\u00edas sangrantes o inflamadas<\/strong>:La inflamaci\u00f3n o el sangrado pueden ser signos tempranos de enfermedad de las enc\u00edas o irritaci\u00f3n debido a dentaduras postizas mal ajustadas.<\/li><li data-pos=\"2005\"><strong data-pos=\"2009\">Mal aliento o sabor inusual<\/strong>Los cambios persistentes en el olor o el gusto pueden ser resultado de la acumulaci\u00f3n de bacterias o de una infecci\u00f3n bucal.<\/li><li data-pos=\"2125\"><strong data-pos=\"2129\">Cambios en la mordida o en c\u00f3mo se ajusta su dentadura postiza<\/strong>:El desplazamiento o la flojedad pueden significar que su mand\u00edbula o sus enc\u00edas han cambiado con el tiempo.<\/li><li data-pos=\"2249\"><strong data-pos=\"2253\">M\u00e1s de un a\u00f1o desde tu \u00faltimo examen<\/strong>Saltarse los controles anuales aumenta el riesgo de tener problemas de salud bucal no detectados.<\/li><\/ul>\t\t\t\t\t\t\t\t<\/div>\n\t\t\t\t<\/div>\n\t\t\t\t<div class=\"elementor-element elementor-element-0eb3524 elementor-widget elementor-widget-heading\" data-id=\"0eb3524\" data-element_type=\"widget\" data-widget_type=\"heading.default\">\n\t\t\t\t<div class=\"elementor-widget-container\">\n\t\t\t\t\t<h2 class=\"elementor-heading-title elementor-size-default\">Atenci\u00f3n preventiva con experiencia en Baker City<\/h2>\t\t\t\t<\/div>\n\t\t\t\t<\/div>\n\t\t\t\t<div class=\"elementor-element elementor-element-58f0e8c elementor-widget elementor-widget-text-editor\" data-id=\"58f0e8c\" data-element_type=\"widget\" data-widget_type=\"text-editor.default\">\n\t\t\t\t<div class=\"elementor-widget-container\">\n\t\t\t\t\t\t\t\t\t<p>En Right Bite Dentures nos enorgullecemos de servir a la comunidad de Baker City con atenci\u00f3n dental compasiva y preventiva. Entendemos que cada paciente es diferente, ya sea que sea nuevo en el uso de pr\u00f3tesis dentales, se est\u00e9 adaptando a un cambio reciente o simplemente se mantenga al d\u00eda con sus revisiones anuales. Nuestro equipo de expertos se centra en la atenci\u00f3n amable, la comunicaci\u00f3n clara y las opciones de tratamiento que se adaptan a su estilo de vida y objetivos. Con a\u00f1os de experiencia en pr\u00f3tesis dentales y la tecnolog\u00eda m\u00e1s avanzada, le facilitamos el cuidado de su salud bucal: sin estr\u00e9s ni presi\u00f3n, solo una atenci\u00f3n excelente.<\/p>\t\t\t\t\t\t\t\t<\/div>\n\t\t\t\t<\/div>\n\t\t\t\t<\/div>\n\t\t\t\t\t<\/div>\n\t\t\t\t<\/div>\n\t\t<div class=\"elementor-element elementor-element-1f2f8ff e-flex e-con-boxed e-con e-parent\" data-id=\"1f2f8ff\" data-element_type=\"container\" data-settings=\"{&quot;background_background&quot;:&quot;classic&quot;}\">\n\t\t\t\t\t<div class=\"e-con-inner\">\n\t\t\t\t<div class=\"elementor-element elementor-element-b3e255e elementor-widget__width-initial elementor-widget elementor-widget-text-editor\" data-id=\"b3e255e\" data-element_type=\"widget\" data-widget_type=\"text-editor.default\">\n\t\t\t\t<div class=\"elementor-widget-container\">\n\t\t\t\t\t\t\t\t\t<h2 id=\"book-your-dental-checkup-today\" tabindex=\"-1\" data-pos=\"2969\">Reserve su revisi\u00f3n dental hoy\u00a0<\/h2><p data-pos=\"3001\">Tome la iniciativa para mejorar su salud bucal. Contacte hoy mismo con Right Bite Dentures en Baker City, OR, para programar su revisi\u00f3n dental. Ya sea su primera visita o si ya es paciente, esperamos ayudarle a sonre\u00edr con confianza.<\/p>\t\t\t\t\t\t\t\t<\/div>\n\t\t\t\t<\/div>\n\t\t\t\t\t<\/div>\n\t\t\t\t<\/div>\n\t\t\t\t<\/div>","protected":false},"excerpt":{"rendered":"<p>Chequeos Dentales en Baker City, OR. Cont\u00e1ctenos. En Right Bite Dentures, ofrecemos chequeos dentales profesionales en Baker City, OR para ayudarle a mantener una excelente salud bucal y garantizar que sus dentaduras postizas o dientes restantes est\u00e9n en \u00f3ptimas condiciones. Ya sea que use dentaduras postizas completas, parciales o conserve sus dientes naturales, los chequeos de rutina son clave para [\u2026]<\/p>","protected":false},"author":13,"featured_media":0,"parent":0,"menu_order":0,"comment_status":"closed","ping_status":"closed","template":"elementor_header_footer","meta":{"footnotes":""},"class_list":["post-1426","page","type-page","status-publish","hentry"],"yoast_head":"<!-- This site is optimized with the Yoast SEO plugin v26.7 - https:\/\/yoast.com\/wordpress\/plugins\/seo\/ -->\n<title>Dental Checkups in Baker City, OR | Right Bite Dentures \u2013 Preventive Oral Care You Can Trust<\/title>\n<meta name=\"description\" content=\"Routine dental checkups in Baker City, OR at Right Bite Dentures help protect your oral health and denture fit. Get expert preventive care in a comfortable, welcoming environment.\" \/>\n<meta name=\"robots\" content=\"index, follow, max-snippet:-1, max-image-preview:large, max-video-preview:-1\" \/>\n<link rel=\"canonical\" href=\"https:\/\/www.rightbitedentures.biz\/es\/dental-checkups-in-baker-city-or\/\" \/>\n<meta property=\"og:locale\" content=\"es_MX\" \/>\n<meta property=\"og:type\" content=\"article\" \/>\n<meta property=\"og:title\" content=\"Dental Checkups in Baker City, OR | Right Bite Dentures \u2013 Preventive Oral Care You Can Trust\" \/>\n<meta property=\"og:description\" content=\"Routine dental checkups in Baker City, OR at Right Bite Dentures help protect your oral health and denture fit. Get expert preventive care in a comfortable, welcoming environment.\" \/>\n<meta property=\"og:url\" content=\"https:\/\/www.rightbitedentures.biz\/es\/dental-checkups-in-baker-city-or\/\" \/>\n<meta property=\"og:site_name\" content=\"Right Bite Dentures\" \/>\n<meta property=\"article:modified_time\" content=\"2026-02-17T18:14:28+00:00\" \/>\n<meta name=\"twitter:card\" content=\"summary_large_image\" \/>\n<meta name=\"twitter:label1\" content=\"Tiempo de lectura\" \/>\n\t<meta name=\"twitter:data1\" content=\"2 minutos\" \/>\n<script type=\"application\/ld+json\" class=\"yoast-schema-graph\">{\"@context\":\"https:\/\/schema.org\",\"@graph\":[{\"@type\":\"WebPage\",\"@id\":\"https:\/\/www.rightbitedentures.biz\/dental-checkups-in-baker-city-or\/\",\"url\":\"https:\/\/www.rightbitedentures.biz\/dental-checkups-in-baker-city-or\/\",\"name\":\"Dental Checkups in Baker City, OR | Right Bite Dentures \u2013 Preventive Oral Care You Can Trust\",\"isPartOf\":{\"@id\":\"https:\/\/www.rightbitedentures.biz\/#website\"},\"datePublished\":\"2026-02-17T18:11:45+00:00\",\"dateModified\":\"2026-02-17T18:14:28+00:00\",\"description\":\"Routine dental checkups in Baker City, OR at Right Bite Dentures help protect your oral health and denture fit. Get expert preventive care in a comfortable, welcoming environment.\",\"breadcrumb\":{\"@id\":\"https:\/\/www.rightbitedentures.biz\/dental-checkups-in-baker-city-or\/#breadcrumb\"},\"inLanguage\":\"es\",\"potentialAction\":[{\"@type\":\"ReadAction\",\"target\":[\"https:\/\/www.rightbitedentures.biz\/dental-checkups-in-baker-city-or\/\"]}]},{\"@type\":\"BreadcrumbList\",\"@id\":\"https:\/\/www.rightbitedentures.biz\/dental-checkups-in-baker-city-or\/#breadcrumb\",\"itemListElement\":[{\"@type\":\"ListItem\",\"position\":1,\"name\":\"Home\",\"item\":\"https:\/\/www.rightbitedentures.biz\/\"},{\"@type\":\"ListItem\",\"position\":2,\"name\":\"Dental Checkups in Baker City, OR\"}]},{\"@type\":\"WebSite\",\"@id\":\"https:\/\/www.rightbitedentures.biz\/#website\",\"url\":\"https:\/\/www.rightbitedentures.biz\/\",\"name\":\"Right Bite Dentures\",\"description\":\"Dentures backed by Service, Quality and Technology. We specialize in restoring confidence.\",\"publisher\":{\"@id\":\"https:\/\/www.rightbitedentures.biz\/#organization\"},\"potentialAction\":[{\"@type\":\"SearchAction\",\"target\":{\"@type\":\"EntryPoint\",\"urlTemplate\":\"https:\/\/www.rightbitedentures.biz\/?s={search_term_string}\"},\"query-input\":{\"@type\":\"PropertyValueSpecification\",\"valueRequired\":true,\"valueName\":\"search_term_string\"}}],\"inLanguage\":\"es\"},{\"@type\":\"Organization\",\"@id\":\"https:\/\/www.rightbitedentures.biz\/#organization\",\"name\":\"Right Bite Dentures\",\"url\":\"https:\/\/www.rightbitedentures.biz\/\",\"logo\":{\"@type\":\"ImageObject\",\"inLanguage\":\"es\",\"@id\":\"https:\/\/www.rightbitedentures.biz\/#\/schema\/logo\/image\/\",\"url\":\"https:\/\/cdn.webnamesandnumbers.com\/wp-content\/uploads\/sites\/709\/2024\/01\/12121812\/cropped-image-2-1.png\",\"contentUrl\":\"https:\/\/cdn.webnamesandnumbers.com\/wp-content\/uploads\/sites\/709\/2024\/01\/12121812\/cropped-image-2-1.png\",\"width\":439,\"height\":251,\"caption\":\"Right Bite Dentures\"},\"image\":{\"@id\":\"https:\/\/www.rightbitedentures.biz\/#\/schema\/logo\/image\/\"}}]}<\/script>\n<!-- \/ Yoast SEO plugin. -->","yoast_head_json":{"title":"Dental Checkups in Baker City, OR | Right Bite Dentures \u2013 Preventive Oral Care You Can Trust","description":"Routine dental checkups in Baker City, OR at Right Bite Dentures help protect your oral health and denture fit. Get expert preventive care in a comfortable, welcoming environment.","robots":{"index":"index","follow":"follow","max-snippet":"max-snippet:-1","max-image-preview":"max-image-preview:large","max-video-preview":"max-video-preview:-1"},"canonical":"https:\/\/www.rightbitedentures.biz\/es\/dental-checkups-in-baker-city-or\/","og_locale":"es_MX","og_type":"article","og_title":"Dental Checkups in Baker City, OR | Right Bite Dentures \u2013 Preventive Oral Care You Can Trust","og_description":"Routine dental checkups in Baker City, OR at Right Bite Dentures help protect your oral health and denture fit. Get expert preventive care in a comfortable, welcoming environment.","og_url":"https:\/\/www.rightbitedentures.biz\/es\/dental-checkups-in-baker-city-or\/","og_site_name":"Right Bite Dentures","article_modified_time":"2026-02-17T18:14:28+00:00","twitter_card":"summary_large_image","twitter_misc":{"Tiempo de lectura":"2 minutos"},"schema":{"@context":"https:\/\/schema.org","@graph":[{"@type":"WebPage","@id":"https:\/\/www.rightbitedentures.biz\/dental-checkups-in-baker-city-or\/","url":"https:\/\/www.rightbitedentures.biz\/dental-checkups-in-baker-city-or\/","name":"Dental Checkups in Baker City, OR | Right Bite Dentures \u2013 Preventive Oral Care You Can Trust","isPartOf":{"@id":"https:\/\/www.rightbitedentures.biz\/#website"},"datePublished":"2026-02-17T18:11:45+00:00","dateModified":"2026-02-17T18:14:28+00:00","description":"Routine dental checkups in Baker City, OR at Right Bite Dentures help protect your oral health and denture fit. Get expert preventive care in a comfortable, welcoming environment.","breadcrumb":{"@id":"https:\/\/www.rightbitedentures.biz\/dental-checkups-in-baker-city-or\/#breadcrumb"},"inLanguage":"es","potentialAction":[{"@type":"ReadAction","target":["https:\/\/www.rightbitedentures.biz\/dental-checkups-in-baker-city-or\/"]}]},{"@type":"BreadcrumbList","@id":"https:\/\/www.rightbitedentures.biz\/dental-checkups-in-baker-city-or\/#breadcrumb","itemListElement":[{"@type":"ListItem","position":1,"name":"Home","item":"https:\/\/www.rightbitedentures.biz\/"},{"@type":"ListItem","position":2,"name":"Dental Checkups in Baker City, OR"}]},{"@type":"WebSite","@id":"https:\/\/www.rightbitedentures.biz\/#website","url":"https:\/\/www.rightbitedentures.biz\/","name":"Dentaduras postizas de mordida derecha","description":"Pr\u00f3tesis dentales con el respaldo de servicio, calidad y tecnolog\u00eda. Nos especializamos en recuperar la confianza.","publisher":{"@id":"https:\/\/www.rightbitedentures.biz\/#organization"},"potentialAction":[{"@type":"SearchAction","target":{"@type":"EntryPoint","urlTemplate":"https:\/\/www.rightbitedentures.biz\/?s={search_term_string}"},"query-input":{"@type":"PropertyValueSpecification","valueRequired":true,"valueName":"search_term_string"}}],"inLanguage":"es"},{"@type":"Organization","@id":"https:\/\/www.rightbitedentures.biz\/#organization","name":"Dentaduras postizas de mordida derecha","url":"https:\/\/www.rightbitedentures.biz\/","logo":{"@type":"ImageObject","inLanguage":"es","@id":"https:\/\/www.rightbitedentures.biz\/#\/schema\/logo\/image\/","url":"https:\/\/cdn.webnamesandnumbers.com\/wp-content\/uploads\/sites\/709\/2024\/01\/12121812\/cropped-image-2-1.png","contentUrl":"https:\/\/cdn.webnamesandnumbers.com\/wp-content\/uploads\/sites\/709\/2024\/01\/12121812\/cropped-image-2-1.png","width":439,"height":251,"caption":"Right Bite Dentures"},"image":{"@id":"https:\/\/www.rightbitedentures.biz\/#\/schema\/logo\/image\/"}}]}},"_links":{"self":[{"href":"https:\/\/www.rightbitedentures.biz\/es\/wp-json\/wp\/v2\/pages\/1426","targetHints":{"allow":["GET"]}}],"collection":[{"href":"https:\/\/www.rightbitedentures.biz\/es\/wp-json\/wp\/v2\/pages"}],"about":[{"href":"https:\/\/www.rightbitedentures.biz\/es\/wp-json\/wp\/v2\/types\/page"}],"author":[{"embeddable":true,"href":"https:\/\/www.rightbitedentures.biz\/es\/wp-json\/wp\/v2\/users\/13"}],"replies":[{"embeddable":true,"href":"https:\/\/www.rightbitedentures.biz\/es\/wp-json\/wp\/v2\/comments?post=1426"}],"version-history":[{"count":4,"href":"https:\/\/www.rightbitedentures.biz\/es\/wp-json\/wp\/v2\/pages\/1426\/revisions"}],"predecessor-version":[{"id":1432,"href":"https:\/\/www.rightbitedentures.biz\/es\/wp-json\/wp\/v2\/pages\/1426\/revisions\/1432"}],"wp:attachment":[{"href":"https:\/\/www.rightbitedentures.biz\/es\/wp-json\/wp\/v2\/media?parent=1426"}],"curies":[{"name":"gracias","href":"https:\/\/api.w.org\/{rel}","templated":true}]}}