{"id":1434,"date":"2026-03-18T12:53:52","date_gmt":"2026-03-18T12:53:52","guid":{"rendered":"https:\/\/www.rightbitedentures.biz\/?page_id=1434"},"modified":"2026-03-18T12:57:27","modified_gmt":"2026-03-18T12:57:27","slug":"dental-implants-in-ontario-or","status":"publish","type":"page","link":"https:\/\/www.rightbitedentures.biz\/es\/dental-implants-in-ontario-or\/","title":{"rendered":"Implantes dentales en Ontario, Oreg\u00f3n"},"content":{"rendered":"<div data-elementor-type=\"wp-page\" data-elementor-id=\"1434\" class=\"elementor elementor-1434\" data-elementor-post-type=\"page\">\n\t\t\t\t<div class=\"elementor-element elementor-element-8d4194d e-flex e-con-boxed e-con e-parent\" data-id=\"8d4194d\" data-element_type=\"container\" data-e-type=\"container\" data-settings=\"{&quot;background_background&quot;:&quot;classic&quot;}\">\n\t\t\t\t\t<div class=\"e-con-inner\">\n\t\t<div class=\"elementor-element elementor-element-d5420f9 e-con-full e-flex e-con e-child\" data-id=\"d5420f9\" data-element_type=\"container\" data-e-type=\"container\">\n\t\t\t\t<div class=\"elementor-element elementor-element-14ab737 elementor-widget elementor-widget-heading\" data-id=\"14ab737\" data-element_type=\"widget\" data-e-type=\"widget\" data-widget_type=\"heading.default\">\n\t\t\t\t<div class=\"elementor-widget-container\">\n\t\t\t\t\t<h2 class=\"elementor-heading-title elementor-size-default\">Implantes dentales en Ontario, Oreg\u00f3n<\/h2>\t\t\t\t<\/div>\n\t\t\t\t<\/div>\n\t\t\t\t<div class=\"elementor-element elementor-element-0f4ff2a elementor-align-left elementor-widget elementor-widget-button\" data-id=\"0f4ff2a\" data-element_type=\"widget\" data-e-type=\"widget\" data-widget_type=\"button.default\">\n\t\t\t\t<div class=\"elementor-widget-container\">\n\t\t\t\t\t\t\t\t\t<div class=\"elementor-button-wrapper\">\n\t\t\t\t\t<a class=\"elementor-button elementor-button-link elementor-size-sm\" href=\"https:\/\/www.rightbitedentures.biz\/es\/contact\/\">\n\t\t\t\t\t\t<span class=\"elementor-button-content-wrapper\">\n\t\t\t\t\t\t\t\t\t<span class=\"elementor-button-text\">Cont\u00e1ctenos<\/span>\n\t\t\t\t\t<\/span>\n\t\t\t\t\t<\/a>\n\t\t\t\t<\/div>\n\t\t\t\t\t\t\t\t<\/div>\n\t\t\t\t<\/div>\n\t\t\t\t<\/div>\n\t\t<div class=\"elementor-element elementor-element-9406bd4 e-con-full e-flex e-con e-child\" data-id=\"9406bd4\" data-element_type=\"container\" data-e-type=\"container\">\n\t\t\t\t<\/div>\n\t\t\t\t\t<\/div>\n\t\t\t\t<\/div>\n\t\t<div class=\"elementor-element elementor-element-b1fc2b5 e-flex e-con-boxed e-con e-parent\" data-id=\"b1fc2b5\" data-element_type=\"container\" data-e-type=\"container\" data-settings=\"{&quot;background_background&quot;:&quot;classic&quot;}\">\n\t\t\t\t\t<div class=\"e-con-inner\">\n\t\t\t\t<div class=\"elementor-element elementor-element-510966a elementor-widget__width-initial elementor-widget elementor-widget-text-editor\" data-id=\"510966a\" data-element_type=\"widget\" data-e-type=\"widget\" data-widget_type=\"text-editor.default\">\n\t\t\t\t<div class=\"elementor-widget-container\">\n\t\t\t\t\t\t\t\t\t<p data-pos=\"596\">La p\u00e9rdida de dientes puede afectar m\u00e1s que solo tu apariencia. Puede repercutir en tu capacidad para masticar, hablar con claridad y mantener una buena salud bucal. Si est\u00e1s considerando implantes dentales en Ontario, Oreg\u00f3n, el equipo de Right Bite Dentures ofrece soluciones confiables para reemplazar tus dientes, dise\u00f1adas para restaurar tanto la funci\u00f3n como la confianza.<\/p><p data-pos=\"923\">Los implantes dentales son una opci\u00f3n popular y duradera para reemplazar los dientes perdidos. Est\u00e1n dise\u00f1ados para lucir naturales, brindar estabilidad y ayudar a los pacientes a recuperar una sonrisa c\u00f3moda y funcional.<\/p>\t\t\t\t\t\t\t\t<\/div>\n\t\t\t\t<\/div>\n\t\t\t\t\t<\/div>\n\t\t\t\t<\/div>\n\t\t<div class=\"elementor-element elementor-element-df9c52d e-flex e-con-boxed e-con e-parent\" data-id=\"df9c52d\" data-element_type=\"container\" data-e-type=\"container\" data-settings=\"{&quot;background_background&quot;:&quot;classic&quot;}\">\n\t\t\t\t\t<div class=\"e-con-inner\">\n\t\t<div class=\"elementor-element elementor-element-42edaa7 e-con-full e-flex e-con e-child\" data-id=\"42edaa7\" data-element_type=\"container\" data-e-type=\"container\" data-settings=\"{&quot;background_background&quot;:&quot;classic&quot;}\">\n\t\t\t\t<div class=\"elementor-element elementor-element-047894b elementor-widget elementor-widget-heading\" data-id=\"047894b\" data-element_type=\"widget\" data-e-type=\"widget\" data-widget_type=\"heading.default\">\n\t\t\t\t<div class=\"elementor-widget-container\">\n\t\t\t\t\t<h2 class=\"elementor-heading-title elementor-size-default\">Soluciones para implantes y pr\u00f3tesis dentales \n<\/h2>\t\t\t\t<\/div>\n\t\t\t\t<\/div>\n\t\t\t\t<div class=\"elementor-element elementor-element-a8ec360 elementor-widget elementor-widget-text-editor\" data-id=\"a8ec360\" data-element_type=\"widget\" data-e-type=\"widget\" data-widget_type=\"text-editor.default\">\n\t\t\t\t<div class=\"elementor-widget-container\">\n\t\t\t\t\t\t\t\t\t<p style=\"text-align: left;\" data-pos=\"1156\">En Right Bite Dentures, ofrecemos una variedad de servicios dise\u00f1ados para restaurar los dientes perdidos y mejorar la comodidad, la funci\u00f3n y la confianza.<\/p><ul data-pos=\"1293\"><li style=\"text-align: left;\" data-pos=\"1293\"><strong data-pos=\"1297\">Colocaci\u00f3n del implante:<\/strong>\u00a0Los implantes dentales se colocan cuidadosamente en el hueso maxilar para proporcionar una base s\u00f3lida y estable para las pr\u00f3tesis dentales.<\/li><li style=\"text-align: left;\" data-pos=\"1437\"><strong data-pos=\"1441\">Consulta personalizada:<\/strong>\u00a0Cada tratamiento comienza con una evaluaci\u00f3n detallada en la que analizamos su salud bucal y discutimos si los implantes dentales son la opci\u00f3n adecuada para sus necesidades.<\/li><li style=\"text-align: left;\" data-pos=\"1626\"><strong data-pos=\"1630\">Restauraciones soportadas por implantes:<\/strong>\u00a0Tras el proceso de cicatrizaci\u00f3n, se colocan restauraciones personalizadas, como coronas, puentes o pr\u00f3tesis dentales sobre implantes, para completar su sonrisa.<\/li><li style=\"text-align: left;\" data-pos=\"1803\"><strong data-pos=\"1807\">Reemplazo de dentadura postiza:<\/strong>\u00a0Si sus pr\u00f3tesis dentales est\u00e1n desgastadas o ya no le quedan bien, le ofrecemos opciones de reemplazo dise\u00f1adas para una mayor comodidad y una mejor funcionalidad.<\/li><li style=\"text-align: left;\" data-pos=\"1969\"><strong data-pos=\"1973\">Reparaci\u00f3n de pr\u00f3tesis dentales en el mismo d\u00eda:<\/strong>\u00a0Ofrecemos servicios r\u00e1pidos de reparaci\u00f3n de pr\u00f3tesis dentales en Ontario, Oreg\u00f3n y Baker City para restaurar las pr\u00f3tesis da\u00f1adas y ayudarle a retomar su rutina normal lo antes posible.<\/li><\/ul>\t\t\t\t\t\t\t\t<\/div>\n\t\t\t\t<\/div>\n\t\t\t\t<\/div>\n\t\t\t\t\t<\/div>\n\t\t\t\t<\/div>\n\t\t<div class=\"elementor-element elementor-element-03d0155 e-flex e-con-boxed e-con e-parent\" data-id=\"03d0155\" data-element_type=\"container\" data-e-type=\"container\" data-settings=\"{&quot;background_background&quot;:&quot;classic&quot;}\">\n\t\t\t\t\t<div class=\"e-con-inner\">\n\t\t<div class=\"elementor-element elementor-element-06348db e-con-full e-flex e-con e-child\" data-id=\"06348db\" data-element_type=\"container\" data-e-type=\"container\">\n\t\t\t\t<div class=\"elementor-element elementor-element-44fbe18 elementor-widget elementor-widget-text-editor\" data-id=\"44fbe18\" data-element_type=\"widget\" data-e-type=\"widget\" data-widget_type=\"text-editor.default\">\n\t\t\t\t<div class=\"elementor-widget-container\">\n\t\t\t\t\t\t\t\t\t<h2 id=\"why-patients-trust-right-bite-dentures\" tabindex=\"-1\" data-pos=\"2168\">\u00bfPor qu\u00e9 los pacientes conf\u00edan en las pr\u00f3tesis dentales Right Bite?\u00a0<\/h2><p data-pos=\"2208\">Elegir al proveedor adecuado para implantes dentales y pr\u00f3tesis es un paso importante para recuperar su sonrisa y funci\u00f3n oral. En Right Bite Dentures, nos enfocamos en brindar atenci\u00f3n confiable, personalizada y soluciones de alta calidad para cada paciente.<\/p><ul data-pos=\"2479\"><li data-pos=\"2479\"><strong data-pos=\"2483\">Atenci\u00f3n experta:<\/strong>\u00a0Nuestro equipo cuenta con una amplia experiencia trabajando con implantes dentales y pr\u00f3tesis dentales, lo que nos permite ofrecer soluciones fiables y adaptadas a las necesidades de cada paciente.<\/li><li data-pos=\"2656\"><strong data-pos=\"2660\">Planes de tratamiento personalizados:<\/strong>\u00a0Cada paciente recibe una consulta individual y un plan de tratamiento dise\u00f1ado para lograr los mejores resultados posibles para su sonrisa y su comodidad.<\/li><li data-pos=\"2838\"><strong data-pos=\"2842\">Materiales y t\u00e9cnicas de calidad:<\/strong>\u00a0Utilizamos materiales duraderos y t\u00e9cnicas modernas para crear restauraciones que luzcan naturales y proporcionen un soporte duradero.<\/li><li data-pos=\"3000\"><strong data-pos=\"3004\">Enfoque centrado en el paciente:<\/strong>\u00a0Priorizamos la comunicaci\u00f3n clara y una experiencia c\u00f3moda, garantizando que los pacientes se sientan informados y seguros durante todo su tratamiento.<\/li><li data-pos=\"3170\"><strong data-pos=\"3174\">Servicio local confiable:<\/strong>\u00a0Atendemos a pacientes en Ontario, Oreg\u00f3n, y las comunidades circundantes, y estamos comprometidos a ayudar a las personas a recuperar su sonrisa y mantener una salud bucal a largo plazo.<\/li><\/ul>\t\t\t\t\t\t\t\t<\/div>\n\t\t\t\t<\/div>\n\t\t\t\t<\/div>\n\t\t<div class=\"elementor-element elementor-element-4c0c1ff e-con-full e-flex e-con e-child\" data-id=\"4c0c1ff\" data-element_type=\"container\" data-e-type=\"container\">\n\t\t\t\t<div class=\"elementor-element elementor-element-bbfa096 elementor-widget elementor-widget-image\" data-id=\"bbfa096\" data-element_type=\"widget\" data-e-type=\"widget\" data-widget_type=\"image.default\">\n\t\t\t\t<div class=\"elementor-widget-container\">\n\t\t\t\t\t\t\t\t\t\t\t\t\t\t\t<img fetchpriority=\"high\" decoding=\"async\" width=\"800\" height=\"582\" src=\"https:\/\/cdn.webnamesandnumbers.com\/wp-content\/uploads\/sites\/709\/2026\/03\/18125611\/shutterstock_2679240925.jpg\" class=\"attachment-large size-large wp-image-1439\" alt=\"\" srcset=\"https:\/\/cdn.webnamesandnumbers.com\/wp-content\/uploads\/sites\/709\/2026\/03\/18125611\/shutterstock_2679240925.jpg 1000w, https:\/\/cdn.webnamesandnumbers.com\/wp-content\/uploads\/sites\/709\/2026\/03\/18125611\/shutterstock_2679240925-300x218.jpg 300w, https:\/\/cdn.webnamesandnumbers.com\/wp-content\/uploads\/sites\/709\/2026\/03\/18125611\/shutterstock_2679240925-768x558.jpg 768w, https:\/\/cdn.webnamesandnumbers.com\/wp-content\/uploads\/sites\/709\/2026\/03\/18125611\/shutterstock_2679240925-18x12.jpg 18w\" sizes=\"(max-width: 800px) 100vw, 800px\" \/>\t\t\t\t\t\t\t\t\t\t\t\t\t\t\t<\/div>\n\t\t\t\t<\/div>\n\t\t\t\t<div class=\"elementor-element elementor-element-585dea0 elementor-widget elementor-widget-image\" data-id=\"585dea0\" data-element_type=\"widget\" data-e-type=\"widget\" data-widget_type=\"image.default\">\n\t\t\t\t<div class=\"elementor-widget-container\">\n\t\t\t\t\t\t\t\t\t\t\t\t\t\t\t<img decoding=\"async\" width=\"800\" height=\"534\" src=\"https:\/\/cdn.webnamesandnumbers.com\/wp-content\/uploads\/sites\/709\/2026\/03\/18125610\/shutterstock_2167690327.jpg\" class=\"attachment-large size-large wp-image-1438\" alt=\"\" srcset=\"https:\/\/cdn.webnamesandnumbers.com\/wp-content\/uploads\/sites\/709\/2026\/03\/18125610\/shutterstock_2167690327.jpg 1000w, https:\/\/cdn.webnamesandnumbers.com\/wp-content\/uploads\/sites\/709\/2026\/03\/18125610\/shutterstock_2167690327-300x200.jpg 300w, https:\/\/cdn.webnamesandnumbers.com\/wp-content\/uploads\/sites\/709\/2026\/03\/18125610\/shutterstock_2167690327-768x512.jpg 768w, https:\/\/cdn.webnamesandnumbers.com\/wp-content\/uploads\/sites\/709\/2026\/03\/18125610\/shutterstock_2167690327-18x12.jpg 18w\" sizes=\"(max-width: 800px) 100vw, 800px\" \/>\t\t\t\t\t\t\t\t\t\t\t\t\t\t\t<\/div>\n\t\t\t\t<\/div>\n\t\t\t\t<\/div>\n\t\t\t\t\t<\/div>\n\t\t\t\t<\/div>\n\t\t<div class=\"elementor-element elementor-element-72ba7c4 e-flex e-con-boxed e-con e-parent\" data-id=\"72ba7c4\" data-element_type=\"container\" data-e-type=\"container\" data-settings=\"{&quot;background_background&quot;:&quot;classic&quot;}\">\n\t\t\t\t\t<div class=\"e-con-inner\">\n\t\t\t\t<div class=\"elementor-element elementor-element-b20d4f6 elementor-widget elementor-widget-image\" data-id=\"b20d4f6\" data-element_type=\"widget\" data-e-type=\"widget\" data-widget_type=\"image.default\">\n\t\t\t\t<div class=\"elementor-widget-container\">\n\t\t\t\t\t\t\t\t\t\t\t\t\t\t\t<img decoding=\"async\" width=\"90\" height=\"91\" src=\"https:\/\/cdn.webnamesandnumbers.com\/wp-content\/uploads\/sites\/709\/2024\/01\/12121055\/vaadin_dental-chair.png\" class=\"attachment-large size-large wp-image-106\" alt=\"Dental Chair\" \/>\t\t\t\t\t\t\t\t\t\t\t\t\t\t\t<\/div>\n\t\t\t\t<\/div>\n\t\t\t\t<div class=\"elementor-element elementor-element-31f6b7e elementor-widget__width-initial elementor-widget elementor-widget-text-editor\" data-id=\"31f6b7e\" data-element_type=\"widget\" data-e-type=\"widget\" data-widget_type=\"text-editor.default\">\n\t\t\t\t<div class=\"elementor-widget-container\">\n\t\t\t\t\t\t\t\t\t<h2 id=\"restore-your-smile-with-confidence\" tabindex=\"-1\" data-pos=\"3362\">Restaure su sonrisa con confianza\u00a0<\/h2><p data-pos=\"3398\">Reemplazar los dientes perdidos puede mejorar significativamente tanto su salud bucal como su bienestar diario. En Right Bite Dentures, nos dedicamos a ayudar a los pacientes de Ontario, Oreg\u00f3n, a encontrar soluciones confiables que les permitan comer, hablar y sonre\u00edr con confianza. Mediante una atenci\u00f3n personalizada, t\u00e9cnicas modernas y un enfoque en la comodidad del paciente, nuestro equipo trabaja para garantizar que cada tratamiento ofrezca resultados duraderos y una sonrisa de aspecto natural. Ya sea que necesite implantes dentales, pr\u00f3tesis dentales o asesoramiento sobre la mejor opci\u00f3n de reemplazo dental, estamos aqu\u00ed para ayudarle a dar el siguiente paso hacia una sonrisa m\u00e1s sana y segura.<\/p><h2 id=\"schedule-a-consultation-today\" tabindex=\"-1\" data-pos=\"4028\">Solicite una consulta hoy mismo.\u00a0<\/h2><p data-pos=\"4059\">Si busca informaci\u00f3n sobre implantes dentales en Ontario, Oreg\u00f3n, Right Bite Dentures puede ayudarle. P\u00f3ngase en contacto con Right Bite Dentures hoy mismo para obtener m\u00e1s informaci\u00f3n sobre implantes dentales y otras soluciones de reemplazo dental disponibles para pacientes en Ontario y sus alrededores.<\/p>\t\t\t\t\t\t\t\t<\/div>\n\t\t\t\t<\/div>\n\t\t\t\t\t<\/div>\n\t\t\t\t<\/div>\n\t\t\t\t<\/div>","protected":false},"excerpt":{"rendered":"<p>Dental Implants in Ontario, OR Contact Us Missing teeth can affect more than just your appearance. They may impact your ability to chew, speak clearly, and maintain proper oral health. If you are considering dental implants in Ontario, OR, the team at Right Bite Dentures offers dependable tooth replacement solutions designed to restore both function [&hellip;]<\/p>\n","protected":false},"author":13,"featured_media":0,"parent":0,"menu_order":0,"comment_status":"closed","ping_status":"closed","template":"elementor_header_footer","meta":{"footnotes":""},"class_list":["post-1434","page","type-page","status-publish","hentry"],"yoast_head":"<!-- This site is optimized with the Yoast SEO plugin v27.3 - https:\/\/yoast.com\/product\/yoast-seo-wordpress\/ -->\n<title>Dental Implants in Ontario, OR | Right Bite Dentures<\/title>\n<meta name=\"description\" content=\"Need dental implants in Ontario, OR? Right Bite Dentures offers reliable tooth replacement solutions to restore your smile, comfort, and confidence.\" \/>\n<meta name=\"robots\" content=\"index, follow, max-snippet:-1, max-image-preview:large, max-video-preview:-1\" \/>\n<link rel=\"canonical\" href=\"https:\/\/www.rightbitedentures.biz\/es\/dental-implants-in-ontario-or\/\" \/>\n<meta property=\"og:locale\" content=\"es_MX\" \/>\n<meta property=\"og:type\" content=\"article\" \/>\n<meta property=\"og:title\" content=\"Dental Implants in Ontario, OR | Right Bite Dentures\" \/>\n<meta property=\"og:description\" content=\"Need dental implants in Ontario, OR? Right Bite Dentures offers reliable tooth replacement solutions to restore your smile, comfort, and confidence.\" \/>\n<meta property=\"og:url\" content=\"https:\/\/www.rightbitedentures.biz\/es\/dental-implants-in-ontario-or\/\" \/>\n<meta property=\"og:site_name\" content=\"Right Bite Dentures\" \/>\n<meta property=\"article:modified_time\" content=\"2026-03-18T12:57:27+00:00\" \/>\n<meta property=\"og:image\" content=\"https:\/\/www.rightbitedentures.biz\/wp-content\/uploads\/sites\/709\/2026\/03\/shutterstock_2679240925.jpg\" \/>\n<meta name=\"twitter:card\" content=\"summary_large_image\" \/>\n<meta name=\"twitter:label1\" content=\"Tiempo de lectura\" \/>\n\t<meta name=\"twitter:data1\" content=\"3 minutos\" \/>\n<script type=\"application\/ld+json\" class=\"yoast-schema-graph\">{\"@context\":\"https:\\\/\\\/schema.org\",\"@graph\":[{\"@type\":\"WebPage\",\"@id\":\"https:\\\/\\\/www.rightbitedentures.biz\\\/dental-implants-in-ontario-or\\\/\",\"url\":\"https:\\\/\\\/www.rightbitedentures.biz\\\/dental-implants-in-ontario-or\\\/\",\"name\":\"Dental Implants in Ontario, OR | Right Bite Dentures\",\"isPartOf\":{\"@id\":\"https:\\\/\\\/www.rightbitedentures.biz\\\/#website\"},\"primaryImageOfPage\":{\"@id\":\"https:\\\/\\\/www.rightbitedentures.biz\\\/dental-implants-in-ontario-or\\\/#primaryimage\"},\"image\":{\"@id\":\"https:\\\/\\\/www.rightbitedentures.biz\\\/dental-implants-in-ontario-or\\\/#primaryimage\"},\"thumbnailUrl\":\"https:\\\/\\\/www.rightbitedentures.biz\\\/wp-content\\\/uploads\\\/sites\\\/709\\\/2026\\\/03\\\/shutterstock_2679240925.jpg\",\"datePublished\":\"2026-03-18T12:53:52+00:00\",\"dateModified\":\"2026-03-18T12:57:27+00:00\",\"description\":\"Need dental implants in Ontario, OR? Right Bite Dentures offers reliable tooth replacement solutions to restore your smile, comfort, and confidence.\",\"breadcrumb\":{\"@id\":\"https:\\\/\\\/www.rightbitedentures.biz\\\/dental-implants-in-ontario-or\\\/#breadcrumb\"},\"inLanguage\":\"es\",\"potentialAction\":[{\"@type\":\"ReadAction\",\"target\":[\"https:\\\/\\\/www.rightbitedentures.biz\\\/dental-implants-in-ontario-or\\\/\"]}]},{\"@type\":\"ImageObject\",\"inLanguage\":\"es\",\"@id\":\"https:\\\/\\\/www.rightbitedentures.biz\\\/dental-implants-in-ontario-or\\\/#primaryimage\",\"url\":\"https:\\\/\\\/www.rightbitedentures.biz\\\/wp-content\\\/uploads\\\/sites\\\/709\\\/2026\\\/03\\\/shutterstock_2679240925.jpg\",\"contentUrl\":\"https:\\\/\\\/www.rightbitedentures.biz\\\/wp-content\\\/uploads\\\/sites\\\/709\\\/2026\\\/03\\\/shutterstock_2679240925.jpg\"},{\"@type\":\"BreadcrumbList\",\"@id\":\"https:\\\/\\\/www.rightbitedentures.biz\\\/dental-implants-in-ontario-or\\\/#breadcrumb\",\"itemListElement\":[{\"@type\":\"ListItem\",\"position\":1,\"name\":\"Home\",\"item\":\"https:\\\/\\\/www.rightbitedentures.biz\\\/\"},{\"@type\":\"ListItem\",\"position\":2,\"name\":\"Dental Implants in Ontario, OR\"}]},{\"@type\":\"WebSite\",\"@id\":\"https:\\\/\\\/www.rightbitedentures.biz\\\/#website\",\"url\":\"https:\\\/\\\/www.rightbitedentures.biz\\\/\",\"name\":\"Right Bite Dentures\",\"description\":\"Dentures backed by Service, Quality and Technology. We specialize in restoring confidence.\",\"publisher\":{\"@id\":\"https:\\\/\\\/www.rightbitedentures.biz\\\/#organization\"},\"potentialAction\":[{\"@type\":\"SearchAction\",\"target\":{\"@type\":\"EntryPoint\",\"urlTemplate\":\"https:\\\/\\\/www.rightbitedentures.biz\\\/?s={search_term_string}\"},\"query-input\":{\"@type\":\"PropertyValueSpecification\",\"valueRequired\":true,\"valueName\":\"search_term_string\"}}],\"inLanguage\":\"es\"},{\"@type\":\"Organization\",\"@id\":\"https:\\\/\\\/www.rightbitedentures.biz\\\/#organization\",\"name\":\"Right Bite Dentures\",\"url\":\"https:\\\/\\\/www.rightbitedentures.biz\\\/\",\"logo\":{\"@type\":\"ImageObject\",\"inLanguage\":\"es\",\"@id\":\"https:\\\/\\\/www.rightbitedentures.biz\\\/#\\\/schema\\\/logo\\\/image\\\/\",\"url\":\"https:\\\/\\\/cdn.webnamesandnumbers.com\\\/wp-content\\\/uploads\\\/sites\\\/709\\\/2024\\\/01\\\/12121812\\\/cropped-image-2-1.png\",\"contentUrl\":\"https:\\\/\\\/cdn.webnamesandnumbers.com\\\/wp-content\\\/uploads\\\/sites\\\/709\\\/2024\\\/01\\\/12121812\\\/cropped-image-2-1.png\",\"width\":439,\"height\":251,\"caption\":\"Right Bite Dentures\"},\"image\":{\"@id\":\"https:\\\/\\\/www.rightbitedentures.biz\\\/#\\\/schema\\\/logo\\\/image\\\/\"}}]}<\/script>\n<!-- \/ Yoast SEO plugin. -->","yoast_head_json":{"title":"Dental Implants in Ontario, OR | Right Bite Dentures","description":"Need dental implants in Ontario, OR? Right Bite Dentures offers reliable tooth replacement solutions to restore your smile, comfort, and confidence.","robots":{"index":"index","follow":"follow","max-snippet":"max-snippet:-1","max-image-preview":"max-image-preview:large","max-video-preview":"max-video-preview:-1"},"canonical":"https:\/\/www.rightbitedentures.biz\/es\/dental-implants-in-ontario-or\/","og_locale":"es_MX","og_type":"article","og_title":"Dental Implants in Ontario, OR | Right Bite Dentures","og_description":"Need dental implants in Ontario, OR? Right Bite Dentures offers reliable tooth replacement solutions to restore your smile, comfort, and confidence.","og_url":"https:\/\/www.rightbitedentures.biz\/es\/dental-implants-in-ontario-or\/","og_site_name":"Right Bite Dentures","article_modified_time":"2026-03-18T12:57:27+00:00","og_image":[{"url":"https:\/\/www.rightbitedentures.biz\/wp-content\/uploads\/sites\/709\/2026\/03\/shutterstock_2679240925.jpg","type":"","width":"","height":""}],"twitter_card":"summary_large_image","twitter_misc":{"Tiempo de lectura":"3 minutos"},"schema":{"@context":"https:\/\/schema.org","@graph":[{"@type":"WebPage","@id":"https:\/\/www.rightbitedentures.biz\/dental-implants-in-ontario-or\/","url":"https:\/\/www.rightbitedentures.biz\/dental-implants-in-ontario-or\/","name":"Dental Implants in Ontario, OR | Right Bite Dentures","isPartOf":{"@id":"https:\/\/www.rightbitedentures.biz\/#website"},"primaryImageOfPage":{"@id":"https:\/\/www.rightbitedentures.biz\/dental-implants-in-ontario-or\/#primaryimage"},"image":{"@id":"https:\/\/www.rightbitedentures.biz\/dental-implants-in-ontario-or\/#primaryimage"},"thumbnailUrl":"https:\/\/www.rightbitedentures.biz\/wp-content\/uploads\/sites\/709\/2026\/03\/shutterstock_2679240925.jpg","datePublished":"2026-03-18T12:53:52+00:00","dateModified":"2026-03-18T12:57:27+00:00","description":"Need dental implants in Ontario, OR? Right Bite Dentures offers reliable tooth replacement solutions to restore your smile, comfort, and confidence.","breadcrumb":{"@id":"https:\/\/www.rightbitedentures.biz\/dental-implants-in-ontario-or\/#breadcrumb"},"inLanguage":"es","potentialAction":[{"@type":"ReadAction","target":["https:\/\/www.rightbitedentures.biz\/dental-implants-in-ontario-or\/"]}]},{"@type":"ImageObject","inLanguage":"es","@id":"https:\/\/www.rightbitedentures.biz\/dental-implants-in-ontario-or\/#primaryimage","url":"https:\/\/www.rightbitedentures.biz\/wp-content\/uploads\/sites\/709\/2026\/03\/shutterstock_2679240925.jpg","contentUrl":"https:\/\/www.rightbitedentures.biz\/wp-content\/uploads\/sites\/709\/2026\/03\/shutterstock_2679240925.jpg"},{"@type":"BreadcrumbList","@id":"https:\/\/www.rightbitedentures.biz\/dental-implants-in-ontario-or\/#breadcrumb","itemListElement":[{"@type":"ListItem","position":1,"name":"Home","item":"https:\/\/www.rightbitedentures.biz\/"},{"@type":"ListItem","position":2,"name":"Dental Implants in Ontario, OR"}]},{"@type":"WebSite","@id":"https:\/\/www.rightbitedentures.biz\/#website","url":"https:\/\/www.rightbitedentures.biz\/","name":"Dentaduras postizas de mordida derecha","description":"Pr\u00f3tesis dentales con el respaldo de servicio, calidad y tecnolog\u00eda. Nos especializamos en recuperar la confianza.","publisher":{"@id":"https:\/\/www.rightbitedentures.biz\/#organization"},"potentialAction":[{"@type":"SearchAction","target":{"@type":"EntryPoint","urlTemplate":"https:\/\/www.rightbitedentures.biz\/?s={search_term_string}"},"query-input":{"@type":"PropertyValueSpecification","valueRequired":true,"valueName":"search_term_string"}}],"inLanguage":"es"},{"@type":"Organization","@id":"https:\/\/www.rightbitedentures.biz\/#organization","name":"Dentaduras postizas de mordida derecha","url":"https:\/\/www.rightbitedentures.biz\/","logo":{"@type":"ImageObject","inLanguage":"es","@id":"https:\/\/www.rightbitedentures.biz\/#\/schema\/logo\/image\/","url":"https:\/\/cdn.webnamesandnumbers.com\/wp-content\/uploads\/sites\/709\/2024\/01\/12121812\/cropped-image-2-1.png","contentUrl":"https:\/\/cdn.webnamesandnumbers.com\/wp-content\/uploads\/sites\/709\/2024\/01\/12121812\/cropped-image-2-1.png","width":439,"height":251,"caption":"Right Bite Dentures"},"image":{"@id":"https:\/\/www.rightbitedentures.biz\/#\/schema\/logo\/image\/"}}]}},"_links":{"self":[{"href":"https:\/\/www.rightbitedentures.biz\/es\/wp-json\/wp\/v2\/pages\/1434","targetHints":{"allow":["GET"]}}],"collection":[{"href":"https:\/\/www.rightbitedentures.biz\/es\/wp-json\/wp\/v2\/pages"}],"about":[{"href":"https:\/\/www.rightbitedentures.biz\/es\/wp-json\/wp\/v2\/types\/page"}],"author":[{"embeddable":true,"href":"https:\/\/www.rightbitedentures.biz\/es\/wp-json\/wp\/v2\/users\/13"}],"replies":[{"embeddable":true,"href":"https:\/\/www.rightbitedentures.biz\/es\/wp-json\/wp\/v2\/comments?post=1434"}],"version-history":[{"count":4,"href":"https:\/\/www.rightbitedentures.biz\/es\/wp-json\/wp\/v2\/pages\/1434\/revisions"}],"predecessor-version":[{"id":1443,"href":"https:\/\/www.rightbitedentures.biz\/es\/wp-json\/wp\/v2\/pages\/1434\/revisions\/1443"}],"wp:attachment":[{"href":"https:\/\/www.rightbitedentures.biz\/es\/wp-json\/wp\/v2\/media?parent=1434"}],"curies":[{"name":"gracias","href":"https:\/\/api.w.org\/{rel}","templated":true}]}}