{"id":1449,"date":"2026-04-21T11:41:13","date_gmt":"2026-04-21T11:41:13","guid":{"rendered":"https:\/\/www.rightbitedentures.biz\/?page_id=1449"},"modified":"2026-04-21T11:43:32","modified_gmt":"2026-04-21T11:43:32","slug":"family-dentist-in-baker-city-or","status":"publish","type":"page","link":"https:\/\/www.rightbitedentures.biz\/es\/family-dentist-in-baker-city-or\/","title":{"rendered":"Dentista familiar en Baker City, Oreg\u00f3n\u00a0"},"content":{"rendered":"<div data-elementor-type=\"wp-page\" data-elementor-id=\"1449\" class=\"elementor elementor-1449\" data-elementor-post-type=\"page\">\n\t\t\t\t<div class=\"elementor-element elementor-element-e254ca1 e-flex e-con-boxed e-con e-parent\" data-id=\"e254ca1\" data-element_type=\"container\" data-e-type=\"container\" data-settings=\"{&quot;background_background&quot;:&quot;classic&quot;}\">\n\t\t\t\t\t<div class=\"e-con-inner\">\n\t\t<div class=\"elementor-element elementor-element-caea99f e-con-full e-flex e-con e-child\" data-id=\"caea99f\" data-element_type=\"container\" data-e-type=\"container\" data-settings=\"{&quot;background_background&quot;:&quot;classic&quot;}\">\n\t\t\t\t<div class=\"elementor-element elementor-element-c2c0ec3 elementor-widget elementor-widget-heading\" data-id=\"c2c0ec3\" data-element_type=\"widget\" data-e-type=\"widget\" data-widget_type=\"heading.default\">\n\t\t\t\t<div class=\"elementor-widget-container\">\n\t\t\t\t\t<h1 class=\"elementor-heading-title elementor-size-default\">Dentista familiar en Baker City, Oreg\u00f3n<\/h1>\t\t\t\t<\/div>\n\t\t\t\t<\/div>\n\t\t\t\t<div class=\"elementor-element elementor-element-78011cf elementor-align-left elementor-widget elementor-widget-button\" data-id=\"78011cf\" data-element_type=\"widget\" data-e-type=\"widget\" data-widget_type=\"button.default\">\n\t\t\t\t<div class=\"elementor-widget-container\">\n\t\t\t\t\t\t\t\t\t<div class=\"elementor-button-wrapper\">\n\t\t\t\t\t<a class=\"elementor-button elementor-button-link elementor-size-sm\" href=\"https:\/\/www.rightbitedentures.biz\/es\/contact\/\">\n\t\t\t\t\t\t<span class=\"elementor-button-content-wrapper\">\n\t\t\t\t\t\t\t\t\t<span class=\"elementor-button-text\">Cont\u00e1ctenos<\/span>\n\t\t\t\t\t<\/span>\n\t\t\t\t\t<\/a>\n\t\t\t\t<\/div>\n\t\t\t\t\t\t\t\t<\/div>\n\t\t\t\t<\/div>\n\t\t\t\t<\/div>\n\t\t<div class=\"elementor-element elementor-element-604108e e-con-full e-flex e-con e-child\" data-id=\"604108e\" data-element_type=\"container\" data-e-type=\"container\">\n\t\t\t\t<\/div>\n\t\t\t\t\t<\/div>\n\t\t\t\t<\/div>\n\t\t<div class=\"elementor-element elementor-element-80f74e0 e-flex e-con-boxed e-con e-parent\" data-id=\"80f74e0\" data-element_type=\"container\" data-e-type=\"container\" data-settings=\"{&quot;background_background&quot;:&quot;classic&quot;}\">\n\t\t\t\t\t<div class=\"e-con-inner\">\n\t\t\t\t<div class=\"elementor-element elementor-element-957053b elementor-widget__width-initial elementor-widget elementor-widget-text-editor\" data-id=\"957053b\" data-element_type=\"widget\" data-e-type=\"widget\" data-widget_type=\"text-editor.default\">\n\t\t\t\t<div class=\"elementor-widget-container\">\n\t\t\t\t\t\t\t\t\t<p data-pos=\"689\">Mantener una sonrisa sana para toda su familia comienza con elegir al dentista adecuado. Si busca un dentista familiar de confianza en Baker City, Oreg\u00f3n, Right Bite Dentures le ofrece atenci\u00f3n personalizada de alta calidad para pacientes de todas las edades. Nuestro equipo se dedica a ayudar a las familias a lograr y mantener una excelente salud bucal en un ambiente c\u00f3modo y acogedor.<\/p>\t\t\t\t\t\t\t\t<\/div>\n\t\t\t\t<\/div>\n\t\t\t\t\t<\/div>\n\t\t\t\t<\/div>\n\t\t<div class=\"elementor-element elementor-element-ef24d4d e-flex e-con-boxed e-con e-parent\" data-id=\"ef24d4d\" data-element_type=\"container\" data-e-type=\"container\" data-settings=\"{&quot;background_background&quot;:&quot;classic&quot;}\">\n\t\t\t\t\t<div class=\"e-con-inner\">\n\t\t<div class=\"elementor-element elementor-element-eb6e6d9 e-con-full e-flex e-con e-child\" data-id=\"eb6e6d9\" data-element_type=\"container\" data-e-type=\"container\" data-settings=\"{&quot;background_background&quot;:&quot;classic&quot;}\">\n\t\t\t\t<div class=\"elementor-element elementor-element-43e4432 elementor-widget elementor-widget-heading\" data-id=\"43e4432\" data-element_type=\"widget\" data-e-type=\"widget\" data-widget_type=\"heading.default\">\n\t\t\t\t<div class=\"elementor-widget-container\">\n\t\t\t\t\t<h2 class=\"elementor-heading-title elementor-size-default\">Servicios dentales familiares integrales <\/h2>\t\t\t\t<\/div>\n\t\t\t\t<\/div>\n\t\t\t\t<div class=\"elementor-element elementor-element-04bc2d5 elementor-widget elementor-widget-text-editor\" data-id=\"04bc2d5\" data-element_type=\"widget\" data-e-type=\"widget\" data-widget_type=\"text-editor.default\">\n\t\t\t\t<div class=\"elementor-widget-container\">\n\t\t\t\t\t\t\t\t\t<p data-pos=\"1084\">En Right Bite Dentures, ofrecemos una amplia gama de servicios dentales dise\u00f1ados para satisfacer las necesidades de cada miembro de su familia, que incluyen:<\/p><ul data-pos=\"1222\"><li data-pos=\"1222\"><strong data-pos=\"1226\">Ex\u00e1menes y limpiezas dentales de rutina:<\/strong>\u00a0Las revisiones peri\u00f3dicas ayudan a prevenir las caries, la enfermedad de las enc\u00edas y otros problemas de salud bucal, a la vez que mantienen una sonrisa sana.<\/li><li data-pos=\"1380\"><strong data-pos=\"1384\">Pr\u00f3tesis dentales completas y parciales:<\/strong>\u00a0Ofrecemos soluciones personalizadas para restaurar la funci\u00f3n y la apariencia de los dientes perdidos.<\/li><li data-pos=\"1506\"><strong data-pos=\"1510\">Extracciones dentales:<\/strong>\u00a0Cuando es necesario, realizamos extracciones seguras y delicadas para proteger su salud bucal en general.<\/li><li data-pos=\"1623\"><strong data-pos=\"1627\">Cuidado dental preventivo:<\/strong>\u00a0La detecci\u00f3n precoz y los tratamientos preventivos ayudan a evitar problemas dentales m\u00e1s graves en el futuro.<\/li><li data-pos=\"1750\"><strong data-pos=\"1754\">Reparaci\u00f3n y rebase de pr\u00f3tesis dentales:<\/strong>\u00a0Ofrecemos servicios de ajuste, reparaci\u00f3n y rebase para mejorar el ajuste, la comodidad y la durabilidad de sus pr\u00f3tesis dentales.<\/li><li data-pos=\"1901\"><strong data-pos=\"1905\">Planes de tratamiento personalizados:<\/strong>\u00a0Cada paciente recibe un tratamiento personalizado basado en sus necesidades y objetivos dentales espec\u00edficos.<\/li><\/ul>\t\t\t\t\t\t\t\t<\/div>\n\t\t\t\t<\/div>\n\t\t\t\t<\/div>\n\t\t\t\t\t<\/div>\n\t\t\t\t<\/div>\n\t\t<div class=\"elementor-element elementor-element-d3dbfdb e-flex e-con-boxed e-con e-parent\" data-id=\"d3dbfdb\" data-element_type=\"container\" data-e-type=\"container\">\n\t\t\t\t\t<div class=\"e-con-inner\">\n\t\t<div class=\"elementor-element elementor-element-9a36088 e-con-full e-flex e-con e-child\" data-id=\"9a36088\" data-element_type=\"container\" data-e-type=\"container\">\n\t\t\t\t<div class=\"elementor-element elementor-element-67e0204 elementor-widget elementor-widget-text-editor\" data-id=\"67e0204\" data-element_type=\"widget\" data-e-type=\"widget\" data-widget_type=\"text-editor.default\">\n\t\t\t\t<div class=\"elementor-widget-container\">\n\t\t\t\t\t\t\t\t\t<h2 id=\"why-families-choose-a-trusted-family-dentist\" tabindex=\"-1\" data-pos=\"2032\">\u00bfPor qu\u00e9 las familias eligen un dentista familiar de confianza?\u00a0<\/h2><p data-pos=\"2078\">Trabajar con un dentista familiar ofrece varias ventajas importantes:<\/p><ul data-pos=\"2148\"><li data-pos=\"2148\"><strong data-pos=\"2152\">Comodidad para toda la familia:<\/strong>\u00a0Puedes programar citas para varios miembros de la familia en un mismo lugar.<\/li><li data-pos=\"2263\"><strong data-pos=\"2267\">Continuidad de la atenci\u00f3n:<\/strong>\u00a0Una relaci\u00f3n a largo plazo con su dentista ayuda a garantizar un tratamiento constante y eficaz.<\/li><li data-pos=\"2381\"><strong data-pos=\"2385\">Detecci\u00f3n temprana de problemas:<\/strong>\u00a0Las visitas peri\u00f3dicas nos permiten identificar y solucionar los problemas antes de que se agraven.<\/li><li data-pos=\"2499\"><strong data-pos=\"2503\">Ambiente confortable para los ni\u00f1os:<\/strong>\u00a0Un enfoque que prioriza la familia ayuda a que los pacientes m\u00e1s j\u00f3venes se sientan m\u00e1s relajados durante las visitas.<\/li><li data-pos=\"2626\"><strong data-pos=\"2630\">Atenci\u00f3n integral en cada etapa de la vida:<\/strong>\u00a0Desde la infancia hasta la tercera edad, todas sus necesidades dentales est\u00e1n cubiertas.<\/li><\/ul>\t\t\t\t\t\t\t\t<\/div>\n\t\t\t\t<\/div>\n\t\t\t\t<\/div>\n\t\t<div class=\"elementor-element elementor-element-04ad29f e-con-full e-flex e-con e-child\" data-id=\"04ad29f\" data-element_type=\"container\" data-e-type=\"container\" data-settings=\"{&quot;background_background&quot;:&quot;classic&quot;}\">\n\t\t\t\t<div class=\"elementor-element elementor-element-fe2bd12 elementor-widget elementor-widget-spacer\" data-id=\"fe2bd12\" data-element_type=\"widget\" data-e-type=\"widget\" data-widget_type=\"spacer.default\">\n\t\t\t\t<div class=\"elementor-widget-container\">\n\t\t\t\t\t\t\t<div class=\"elementor-spacer\">\n\t\t\t<div class=\"elementor-spacer-inner\"><\/div>\n\t\t<\/div>\n\t\t\t\t\t\t<\/div>\n\t\t\t\t<\/div>\n\t\t\t\t<\/div>\n\t\t\t\t\t<\/div>\n\t\t\t\t<\/div>\n\t\t<div class=\"elementor-element elementor-element-6997094 e-flex e-con-boxed e-con e-parent\" data-id=\"6997094\" data-element_type=\"container\" data-e-type=\"container\" data-settings=\"{&quot;background_background&quot;:&quot;classic&quot;}\">\n\t\t\t\t\t<div class=\"e-con-inner\">\n\t\t\t\t<div class=\"elementor-element elementor-element-00ce5d3 elementor-widget__width-initial elementor-widget elementor-widget-text-editor\" data-id=\"00ce5d3\" data-element_type=\"widget\" data-e-type=\"widget\" data-widget_type=\"text-editor.default\">\n\t\t\t\t<div class=\"elementor-widget-container\">\n\t\t\t\t\t\t\t\t\t<h2 id=\"reliable-family-dental-care\" tabindex=\"-1\" data-pos=\"2741\">Atenci\u00f3n dental familiar confiable\u00a0<\/h2><p data-pos=\"2770\">Elegir al dentista adecuado marca una diferencia duradera en su salud bucal. En Right Bite Dentures, nos comprometemos a brindar una atenci\u00f3n confiable y de alta calidad, adaptada a cada paciente. Utilizamos t\u00e9cnicas modernas y un trato humano para ayudarle a usted y a su familia a mantener sonrisas sanas y seguras. Nuestro equipo se enfoca en construir relaciones a largo plazo con los pacientes, basadas en la confianza y la atenci\u00f3n personalizada. Nos dedicamos a crear una experiencia dental positiva que haga que toda su familia se sienta c\u00f3moda y segura en cada visita.<\/p><h2 id=\"schedule-your-appointment-today\" tabindex=\"-1\" data-pos=\"3326\">Programe su cita hoy\u00a0<\/h2><p data-pos=\"3359\">Si busca un dentista familiar de confianza en Baker City, Oreg\u00f3n, Right Bite Dentures est\u00e1 a su disposici\u00f3n. Cont\u00e1ctenos hoy mismo para programar una cita y disfrutar de una atenci\u00f3n dental profesional y familiar.<\/p>\t\t\t\t\t\t\t\t<\/div>\n\t\t\t\t<\/div>\n\t\t\t\t\t<\/div>\n\t\t\t\t<\/div>\n\t\t\t\t<\/div>","protected":false},"excerpt":{"rendered":"<p>Family Dentist in Baker City, OR Contact Us Maintaining healthy smiles for your entire family starts with choosing the right dental provider. If you are looking for a dependable family dentist in Baker City, OR, Right Bite Dentures is here to deliver high-quality, personalized care for patients of all ages. Our team is dedicated to [&hellip;]<\/p>\n","protected":false},"author":13,"featured_media":0,"parent":0,"menu_order":0,"comment_status":"closed","ping_status":"closed","template":"elementor_header_footer","meta":{"footnotes":""},"class_list":["post-1449","page","type-page","status-publish","hentry"],"yoast_head":"<!-- This site is optimized with the Yoast SEO plugin v27.3 - https:\/\/yoast.com\/product\/yoast-seo-wordpress\/ -->\n<title>Family Dentist in Baker City, OR | Right Bite Dentures<\/title>\n<meta name=\"description\" content=\"Looking for a reliable family dentist in Baker City, OR? Right Bite Dentures offers gentle, affordable dental care for patients of all ages. Book your appointment today.\" \/>\n<meta name=\"robots\" content=\"index, follow, max-snippet:-1, max-image-preview:large, max-video-preview:-1\" \/>\n<link rel=\"canonical\" href=\"https:\/\/www.rightbitedentures.biz\/es\/family-dentist-in-baker-city-or\/\" \/>\n<meta property=\"og:locale\" content=\"es_MX\" \/>\n<meta property=\"og:type\" content=\"article\" \/>\n<meta property=\"og:title\" content=\"Family Dentist in Baker City, OR | Right Bite Dentures\" \/>\n<meta property=\"og:description\" content=\"Looking for a reliable family dentist in Baker City, OR? Right Bite Dentures offers gentle, affordable dental care for patients of all ages. Book your appointment today.\" \/>\n<meta property=\"og:url\" content=\"https:\/\/www.rightbitedentures.biz\/es\/family-dentist-in-baker-city-or\/\" \/>\n<meta property=\"og:site_name\" content=\"Right Bite Dentures\" \/>\n<meta property=\"article:modified_time\" content=\"2026-04-21T11:43:32+00:00\" \/>\n<meta name=\"twitter:card\" content=\"summary_large_image\" \/>\n<meta name=\"twitter:label1\" content=\"Tiempo de lectura\" \/>\n\t<meta name=\"twitter:data1\" content=\"2 minutos\" \/>\n<script type=\"application\/ld+json\" class=\"yoast-schema-graph\">{\"@context\":\"https:\\\/\\\/schema.org\",\"@graph\":[{\"@type\":\"WebPage\",\"@id\":\"https:\\\/\\\/www.rightbitedentures.biz\\\/family-dentist-in-baker-city-or\\\/\",\"url\":\"https:\\\/\\\/www.rightbitedentures.biz\\\/family-dentist-in-baker-city-or\\\/\",\"name\":\"Family Dentist in Baker City, OR | Right Bite Dentures\",\"isPartOf\":{\"@id\":\"https:\\\/\\\/www.rightbitedentures.biz\\\/#website\"},\"datePublished\":\"2026-04-21T11:41:13+00:00\",\"dateModified\":\"2026-04-21T11:43:32+00:00\",\"description\":\"Looking for a reliable family dentist in Baker City, OR? Right Bite Dentures offers gentle, affordable dental care for patients of all ages. Book your appointment today.\",\"breadcrumb\":{\"@id\":\"https:\\\/\\\/www.rightbitedentures.biz\\\/family-dentist-in-baker-city-or\\\/#breadcrumb\"},\"inLanguage\":\"es\",\"potentialAction\":[{\"@type\":\"ReadAction\",\"target\":[\"https:\\\/\\\/www.rightbitedentures.biz\\\/family-dentist-in-baker-city-or\\\/\"]}]},{\"@type\":\"BreadcrumbList\",\"@id\":\"https:\\\/\\\/www.rightbitedentures.biz\\\/family-dentist-in-baker-city-or\\\/#breadcrumb\",\"itemListElement\":[{\"@type\":\"ListItem\",\"position\":1,\"name\":\"Home\",\"item\":\"https:\\\/\\\/www.rightbitedentures.biz\\\/\"},{\"@type\":\"ListItem\",\"position\":2,\"name\":\"Family Dentist in Baker City, OR\u00a0\"}]},{\"@type\":\"WebSite\",\"@id\":\"https:\\\/\\\/www.rightbitedentures.biz\\\/#website\",\"url\":\"https:\\\/\\\/www.rightbitedentures.biz\\\/\",\"name\":\"Right Bite Dentures\",\"description\":\"Dentures backed by Service, Quality and Technology. We specialize in restoring confidence.\",\"publisher\":{\"@id\":\"https:\\\/\\\/www.rightbitedentures.biz\\\/#organization\"},\"potentialAction\":[{\"@type\":\"SearchAction\",\"target\":{\"@type\":\"EntryPoint\",\"urlTemplate\":\"https:\\\/\\\/www.rightbitedentures.biz\\\/?s={search_term_string}\"},\"query-input\":{\"@type\":\"PropertyValueSpecification\",\"valueRequired\":true,\"valueName\":\"search_term_string\"}}],\"inLanguage\":\"es\"},{\"@type\":\"Organization\",\"@id\":\"https:\\\/\\\/www.rightbitedentures.biz\\\/#organization\",\"name\":\"Right Bite Dentures\",\"url\":\"https:\\\/\\\/www.rightbitedentures.biz\\\/\",\"logo\":{\"@type\":\"ImageObject\",\"inLanguage\":\"es\",\"@id\":\"https:\\\/\\\/www.rightbitedentures.biz\\\/#\\\/schema\\\/logo\\\/image\\\/\",\"url\":\"https:\\\/\\\/cdn.webnamesandnumbers.com\\\/wp-content\\\/uploads\\\/sites\\\/709\\\/2024\\\/01\\\/12121812\\\/cropped-image-2-1.png\",\"contentUrl\":\"https:\\\/\\\/cdn.webnamesandnumbers.com\\\/wp-content\\\/uploads\\\/sites\\\/709\\\/2024\\\/01\\\/12121812\\\/cropped-image-2-1.png\",\"width\":439,\"height\":251,\"caption\":\"Right Bite Dentures\"},\"image\":{\"@id\":\"https:\\\/\\\/www.rightbitedentures.biz\\\/#\\\/schema\\\/logo\\\/image\\\/\"}}]}<\/script>\n<!-- \/ Yoast SEO plugin. -->","yoast_head_json":{"title":"Family Dentist in Baker City, OR | Right Bite Dentures","description":"Looking for a reliable family dentist in Baker City, OR? Right Bite Dentures offers gentle, affordable dental care for patients of all ages. Book your appointment today.","robots":{"index":"index","follow":"follow","max-snippet":"max-snippet:-1","max-image-preview":"max-image-preview:large","max-video-preview":"max-video-preview:-1"},"canonical":"https:\/\/www.rightbitedentures.biz\/es\/family-dentist-in-baker-city-or\/","og_locale":"es_MX","og_type":"article","og_title":"Family Dentist in Baker City, OR | Right Bite Dentures","og_description":"Looking for a reliable family dentist in Baker City, OR? Right Bite Dentures offers gentle, affordable dental care for patients of all ages. Book your appointment today.","og_url":"https:\/\/www.rightbitedentures.biz\/es\/family-dentist-in-baker-city-or\/","og_site_name":"Right Bite Dentures","article_modified_time":"2026-04-21T11:43:32+00:00","twitter_card":"summary_large_image","twitter_misc":{"Tiempo de lectura":"2 minutos"},"schema":{"@context":"https:\/\/schema.org","@graph":[{"@type":"WebPage","@id":"https:\/\/www.rightbitedentures.biz\/family-dentist-in-baker-city-or\/","url":"https:\/\/www.rightbitedentures.biz\/family-dentist-in-baker-city-or\/","name":"Family Dentist in Baker City, OR | Right Bite Dentures","isPartOf":{"@id":"https:\/\/www.rightbitedentures.biz\/#website"},"datePublished":"2026-04-21T11:41:13+00:00","dateModified":"2026-04-21T11:43:32+00:00","description":"Looking for a reliable family dentist in Baker City, OR? Right Bite Dentures offers gentle, affordable dental care for patients of all ages. Book your appointment today.","breadcrumb":{"@id":"https:\/\/www.rightbitedentures.biz\/family-dentist-in-baker-city-or\/#breadcrumb"},"inLanguage":"es","potentialAction":[{"@type":"ReadAction","target":["https:\/\/www.rightbitedentures.biz\/family-dentist-in-baker-city-or\/"]}]},{"@type":"BreadcrumbList","@id":"https:\/\/www.rightbitedentures.biz\/family-dentist-in-baker-city-or\/#breadcrumb","itemListElement":[{"@type":"ListItem","position":1,"name":"Home","item":"https:\/\/www.rightbitedentures.biz\/"},{"@type":"ListItem","position":2,"name":"Family Dentist in Baker City, OR\u00a0"}]},{"@type":"WebSite","@id":"https:\/\/www.rightbitedentures.biz\/#website","url":"https:\/\/www.rightbitedentures.biz\/","name":"Dentaduras postizas de mordida derecha","description":"Pr\u00f3tesis dentales con el respaldo de servicio, calidad y tecnolog\u00eda. Nos especializamos en recuperar la confianza.","publisher":{"@id":"https:\/\/www.rightbitedentures.biz\/#organization"},"potentialAction":[{"@type":"SearchAction","target":{"@type":"EntryPoint","urlTemplate":"https:\/\/www.rightbitedentures.biz\/?s={search_term_string}"},"query-input":{"@type":"PropertyValueSpecification","valueRequired":true,"valueName":"search_term_string"}}],"inLanguage":"es"},{"@type":"Organization","@id":"https:\/\/www.rightbitedentures.biz\/#organization","name":"Dentaduras postizas de mordida derecha","url":"https:\/\/www.rightbitedentures.biz\/","logo":{"@type":"ImageObject","inLanguage":"es","@id":"https:\/\/www.rightbitedentures.biz\/#\/schema\/logo\/image\/","url":"https:\/\/cdn.webnamesandnumbers.com\/wp-content\/uploads\/sites\/709\/2024\/01\/12121812\/cropped-image-2-1.png","contentUrl":"https:\/\/cdn.webnamesandnumbers.com\/wp-content\/uploads\/sites\/709\/2024\/01\/12121812\/cropped-image-2-1.png","width":439,"height":251,"caption":"Right Bite Dentures"},"image":{"@id":"https:\/\/www.rightbitedentures.biz\/#\/schema\/logo\/image\/"}}]}},"_links":{"self":[{"href":"https:\/\/www.rightbitedentures.biz\/es\/wp-json\/wp\/v2\/pages\/1449","targetHints":{"allow":["GET"]}}],"collection":[{"href":"https:\/\/www.rightbitedentures.biz\/es\/wp-json\/wp\/v2\/pages"}],"about":[{"href":"https:\/\/www.rightbitedentures.biz\/es\/wp-json\/wp\/v2\/types\/page"}],"author":[{"embeddable":true,"href":"https:\/\/www.rightbitedentures.biz\/es\/wp-json\/wp\/v2\/users\/13"}],"replies":[{"embeddable":true,"href":"https:\/\/www.rightbitedentures.biz\/es\/wp-json\/wp\/v2\/comments?post=1449"}],"version-history":[{"count":4,"href":"https:\/\/www.rightbitedentures.biz\/es\/wp-json\/wp\/v2\/pages\/1449\/revisions"}],"predecessor-version":[{"id":1454,"href":"https:\/\/www.rightbitedentures.biz\/es\/wp-json\/wp\/v2\/pages\/1449\/revisions\/1454"}],"wp:attachment":[{"href":"https:\/\/www.rightbitedentures.biz\/es\/wp-json\/wp\/v2\/media?parent=1449"}],"curies":[{"name":"gracias","href":"https:\/\/api.w.org\/{rel}","templated":true}]}}