{"id":33,"date":"2024-01-12T12:00:59","date_gmt":"2024-01-12T12:00:59","guid":{"rendered":"https:\/\/rightbitedentures.webnamesandnumbers.com\/?page_id=33"},"modified":"2025-08-05T19:49:00","modified_gmt":"2025-08-05T19:49:00","slug":"dentists","status":"publish","type":"page","link":"https:\/\/www.rightbitedentures.biz\/es\/dentists\/","title":{"rendered":"Dentistas"},"content":{"rendered":"<div data-elementor-type=\"wp-page\" data-elementor-id=\"33\" class=\"elementor elementor-33\" data-elementor-post-type=\"page\">\n\t\t\t\t<div class=\"elementor-element elementor-element-dc8f32c e-flex e-con-boxed e-con e-parent\" data-id=\"dc8f32c\" data-element_type=\"container\" data-e-type=\"container\" data-settings=\"{&quot;background_background&quot;:&quot;classic&quot;}\">\n\t\t\t\t\t<div class=\"e-con-inner\">\n\t\t<div class=\"elementor-element elementor-element-4ee164c e-con-full e-flex e-con e-child\" data-id=\"4ee164c\" data-element_type=\"container\" data-e-type=\"container\">\n\t\t\t\t<div class=\"elementor-element elementor-element-9451131 elementor-widget elementor-widget-heading\" data-id=\"9451131\" data-element_type=\"widget\" data-e-type=\"widget\" data-widget_type=\"heading.default\">\n\t\t\t\t<div class=\"elementor-widget-container\">\n\t\t\t\t\t<h2 class=\"elementor-heading-title elementor-size-default\">Servicios de laboratorio para dentistas<\/h2>\t\t\t\t<\/div>\n\t\t\t\t<\/div>\n\t\t\t\t<div class=\"elementor-element elementor-element-0a50267 elementor-widget elementor-widget-text-editor\" data-id=\"0a50267\" data-element_type=\"widget\" data-e-type=\"widget\" data-widget_type=\"text-editor.default\">\n\t\t\t\t<div class=\"elementor-widget-container\">\n\t\t\t\t\t\t\t\t\t<p>Mejore su pr\u00e1ctica dental con dentaduras postizas de mordida adecuada<\/p>\t\t\t\t\t\t\t\t<\/div>\n\t\t\t\t<\/div>\n\t\t\t\t<div class=\"elementor-element elementor-element-4c859a6 elementor-align-left elementor-widget elementor-widget-button\" data-id=\"4c859a6\" data-element_type=\"widget\" data-e-type=\"widget\" data-widget_type=\"button.default\">\n\t\t\t\t<div class=\"elementor-widget-container\">\n\t\t\t\t\t\t\t\t\t<div class=\"elementor-button-wrapper\">\n\t\t\t\t\t<a class=\"elementor-button elementor-button-link elementor-size-sm\" href=\"https:\/\/www.rightbitedentures.biz\/es\/contact\/\">\n\t\t\t\t\t\t<span class=\"elementor-button-content-wrapper\">\n\t\t\t\t\t\t\t\t\t<span class=\"elementor-button-text\">Cont\u00e1ctenos<\/span>\n\t\t\t\t\t<\/span>\n\t\t\t\t\t<\/a>\n\t\t\t\t<\/div>\n\t\t\t\t\t\t\t\t<\/div>\n\t\t\t\t<\/div>\n\t\t\t\t<\/div>\n\t\t<div class=\"elementor-element elementor-element-4422cb3 e-con-full e-flex e-con e-child\" data-id=\"4422cb3\" data-element_type=\"container\" data-e-type=\"container\">\n\t\t\t\t<\/div>\n\t\t\t\t\t<\/div>\n\t\t\t\t<\/div>\n\t\t<div class=\"elementor-element elementor-element-914fd8a e-flex e-con-boxed e-con e-parent\" data-id=\"914fd8a\" data-element_type=\"container\" data-e-type=\"container\" data-settings=\"{&quot;background_background&quot;:&quot;classic&quot;}\">\n\t\t\t\t\t<div class=\"e-con-inner\">\n\t\t\t\t<div class=\"elementor-element elementor-element-c8dd2ca elementor-widget__width-initial elementor-widget elementor-widget-text-editor\" data-id=\"c8dd2ca\" data-element_type=\"widget\" data-e-type=\"widget\" data-widget_type=\"text-editor.default\">\n\t\t\t\t<div class=\"elementor-widget-container\">\n\t\t\t\t\t\t\t\t\t<p><span style=\"font-weight: 400;\">Las dentaduras postizas pueden ser dif\u00edciles, engorrosas y desafiantes. Especialmente si solo puedes hacer unos pocos casos al mes. Tenemos una soluci\u00f3n que eliminar\u00e1 las frustraciones que pueden causar las dentaduras postizas, aumentar\u00e1 sus ingresos y abrir\u00e1 m\u00e1s citas para su consultorio. Esto suena incre\u00edble \u00bfno?\u00a0<\/span><\/p><p><span style=\"font-weight: 400;\">Ll\u00e1manos y te explicaremos c\u00f3mo incorporar el Plan de Coordinaci\u00f3n de Pr\u00f3tesis en tu consultorio.<\/span><\/p>\t\t\t\t\t\t\t\t<\/div>\n\t\t\t\t<\/div>\n\t\t\t\t\t<\/div>\n\t\t\t\t<\/div>\n\t\t<div class=\"elementor-element elementor-element-4f51208 e-flex e-con-boxed e-con e-parent\" data-id=\"4f51208\" data-element_type=\"container\" data-e-type=\"container\">\n\t\t\t\t\t<div class=\"e-con-inner\">\n\t\t<div class=\"elementor-element elementor-element-680fdb9 e-con-full e-flex e-con e-child\" data-id=\"680fdb9\" data-element_type=\"container\" data-e-type=\"container\">\n\t\t\t\t<div class=\"elementor-element elementor-element-52b65ae elementor-widget elementor-widget-heading\" data-id=\"52b65ae\" data-element_type=\"widget\" data-e-type=\"widget\" data-widget_type=\"heading.default\">\n\t\t\t\t<div class=\"elementor-widget-container\">\n\t\t\t\t\t<h2 class=\"elementor-heading-title elementor-size-default\">Nuestros servicios incluyen:<\/h2>\t\t\t\t<\/div>\n\t\t\t\t<\/div>\n\t\t\t\t<div class=\"elementor-element elementor-element-15a9fe5 elementor-widget elementor-widget-text-editor\" data-id=\"15a9fe5\" data-element_type=\"widget\" data-e-type=\"widget\" data-widget_type=\"text-editor.default\">\n\t\t\t\t<div class=\"elementor-widget-container\">\n\t\t\t\t\t\t\t\t\t<p>Una amplia gama de pr\u00f3tesis: desde coronas y puentes hasta pr\u00f3tesis fijas y removibles, elaboramos cada pieza con precisi\u00f3n.<br \/>Compatibilidad avanzada: nuestro laboratorio es compatible con Sirona InLab, lo que garantiza una integraci\u00f3n perfecta con sus sistemas existentes.<br \/><br \/>Calidad excepcional: nuestro equipo de t\u00e9cnicos dentales certificados (CDT) se compromete a ofrecer productos que cumplan con los m\u00e1s altos est\u00e1ndares de calidad.<br \/><br \/>Plazos de entrega eficientes: Ofrecemos un plazo de entrega est\u00e1ndar de 5 d\u00edas y un plazo de entrega opcional de 3 d\u00edas para coronas, respetando sus necesidades urgentes.<br \/>Log\u00edstica conveniente: disfrute de servicios gratuitos de recogida y entrega, simplificando la log\u00edstica de su consulta.<\/p>\t\t\t\t\t\t\t\t<\/div>\n\t\t\t\t<\/div>\n\t\t\t\t<\/div>\n\t\t<div class=\"elementor-element elementor-element-bb3668d e-con-full e-flex e-con e-child\" data-id=\"bb3668d\" data-element_type=\"container\" data-e-type=\"container\">\n\t\t\t\t<div class=\"elementor-element elementor-element-db41754 elementor-widget elementor-widget-image\" data-id=\"db41754\" data-element_type=\"widget\" data-e-type=\"widget\" data-widget_type=\"image.default\">\n\t\t\t\t<div class=\"elementor-widget-container\">\n\t\t\t\t\t\t\t\t\t\t\t\t\t\t\t<img fetchpriority=\"high\" decoding=\"async\" width=\"507\" height=\"302\" src=\"https:\/\/cdn.webnamesandnumbers.com\/wp-content\/uploads\/sites\/709\/2024\/01\/12121029\/shutterstock_1663087498-1.png\" class=\"attachment-large size-large wp-image-100\" alt=\"Close-up of a smiling woman&#039;s denture\" srcset=\"https:\/\/cdn.webnamesandnumbers.com\/wp-content\/uploads\/sites\/709\/2024\/01\/12121029\/shutterstock_1663087498-1.png 507w, https:\/\/cdn.webnamesandnumbers.com\/wp-content\/uploads\/sites\/709\/2024\/01\/12121029\/shutterstock_1663087498-1-300x179.png 300w\" sizes=\"(max-width: 507px) 100vw, 507px\" \/>\t\t\t\t\t\t\t\t\t\t\t\t\t\t\t<\/div>\n\t\t\t\t<\/div>\n\t\t\t\t<\/div>\n\t\t\t\t\t<\/div>\n\t\t\t\t<\/div>\n\t\t<div class=\"elementor-element elementor-element-972d331 e-flex e-con-boxed e-con e-parent\" data-id=\"972d331\" data-element_type=\"container\" data-e-type=\"container\" data-settings=\"{&quot;background_background&quot;:&quot;classic&quot;}\">\n\t\t\t\t\t<div class=\"e-con-inner\">\n\t\t\t\t<div class=\"elementor-element elementor-element-df8a9a8 elementor-widget elementor-widget-image\" data-id=\"df8a9a8\" data-element_type=\"widget\" data-e-type=\"widget\" data-widget_type=\"image.default\">\n\t\t\t\t<div class=\"elementor-widget-container\">\n\t\t\t\t\t\t\t\t\t\t\t\t\t\t\t<img decoding=\"async\" width=\"90\" height=\"91\" src=\"https:\/\/cdn.webnamesandnumbers.com\/wp-content\/uploads\/sites\/709\/2024\/01\/12121055\/vaadin_dental-chair.png\" class=\"attachment-large size-large wp-image-106\" alt=\"Dental Chair\" \/>\t\t\t\t\t\t\t\t\t\t\t\t\t\t\t<\/div>\n\t\t\t\t<\/div>\n\t\t\t\t<div class=\"elementor-element elementor-element-b32e53f elementor-widget__width-initial elementor-widget elementor-widget-text-editor\" data-id=\"b32e53f\" data-element_type=\"widget\" data-e-type=\"widget\" data-widget_type=\"text-editor.default\">\n\t\t\t\t<div class=\"elementor-widget-container\">\n\t\t\t\t\t\t\t\t\t<h1>Beneficios de asociarse con nosotros:<\/h1>\t\t\t\t\t\t\t\t<\/div>\n\t\t\t\t<\/div>\n\t\t\t\t<div class=\"elementor-element elementor-element-a0b0f62 elementor-widget__width-initial elementor-widget elementor-widget-text-editor\" data-id=\"a0b0f62\" data-element_type=\"widget\" data-e-type=\"widget\" data-widget_type=\"text-editor.default\">\n\t\t\t\t<div class=\"elementor-widget-container\">\n\t\t\t\t\t\t\t\t\t<p>Minimice el tiempo de consulta: podemos encargarnos de todo el proceso, desde las impresiones hasta la entrega final, reduciendo el tiempo de consulta y mejorando la experiencia del paciente.<\/p><p>Precios competitivos: obtenga acceso a servicios de primer nivel sin comprometer su presupuesto.<\/p><p>Garant\u00eda de un a\u00f1o: Respaldamos nuestro trabajo con una garant\u00eda de un a\u00f1o, lo que garantiza tranquilidad tanto para usted como para sus pacientes.<\/p><p>Soluciones personalizadas: dise\u00f1adas para satisfacer las necesidades \u00fanicas de cada paciente, garantizando un ajuste y funci\u00f3n \u00f3ptimos.<\/p><p>Compromiso con el servicio y la comunicaci\u00f3n En Right Bite Dentures, creemos en construir asociaciones s\u00f3lidas con profesionales dentales. Nuestra base se basa en un servicio excepcional, una comunicaci\u00f3n clara y una b\u00fasqueda incesante de la perfecci\u00f3n.<\/p><p>Cont\u00e1ctenos hoy Para obtener m\u00e1s informaci\u00f3n sobre c\u00f3mo Right Bite Dentures puede mejorar su pr\u00e1ctica dental o para analizar sus necesidades espec\u00edficas, cont\u00e1ctenos al 541-889-3750.<\/p><p>Estamos aqu\u00ed para ayudarlo a brindarle una excelente atenci\u00f3n dental.<\/p>\t\t\t\t\t\t\t\t<\/div>\n\t\t\t\t<\/div>\n\t\t\t\t<div class=\"elementor-element elementor-element-641ab69 elementor-align-center elementor-widget elementor-widget-button\" data-id=\"641ab69\" data-element_type=\"widget\" data-e-type=\"widget\" data-widget_type=\"button.default\">\n\t\t\t\t<div class=\"elementor-widget-container\">\n\t\t\t\t\t\t\t\t\t<div class=\"elementor-button-wrapper\">\n\t\t\t\t\t<a class=\"elementor-button elementor-button-link elementor-size-sm\" href=\"https:\/\/www.rightbitedentures.biz\/es\/contact\/\">\n\t\t\t\t\t\t<span class=\"elementor-button-content-wrapper\">\n\t\t\t\t\t\t\t\t\t<span class=\"elementor-button-text\">Cont\u00e1ctenos<\/span>\n\t\t\t\t\t<\/span>\n\t\t\t\t\t<\/a>\n\t\t\t\t<\/div>\n\t\t\t\t\t\t\t\t<\/div>\n\t\t\t\t<\/div>\n\t\t\t\t\t<\/div>\n\t\t\t\t<\/div>\n\t\t\t\t<\/div>","protected":false},"excerpt":{"rendered":"<p>Lab Services for Dentists Enhancing Your Dental Practice with Right Bite Dentures Contact Us Dentures can be difficult, cumbersome, and challenging.\u00a0 Especially if you only get to do a few cases a month.\u00a0 We have a solution that will eliminate the frustrations that dentures can cause, increase your revenue, and open up more appointments for [&hellip;]<\/p>\n","protected":false},"author":13,"featured_media":0,"parent":0,"menu_order":0,"comment_status":"closed","ping_status":"closed","template":"elementor_header_footer","meta":{"footnotes":""},"class_list":["post-33","page","type-page","status-publish","hentry"],"yoast_head":"<!-- This site is optimized with the Yoast SEO plugin v27.3 - https:\/\/yoast.com\/product\/yoast-seo-wordpress\/ -->\n<title>Lab Services for Dentists<\/title>\n<meta name=\"description\" content=\"Call us and we can explain how to incorporate the Denture Coordination Plan for your office.\" \/>\n<meta name=\"robots\" content=\"index, follow, max-snippet:-1, max-image-preview:large, max-video-preview:-1\" \/>\n<link rel=\"canonical\" href=\"https:\/\/www.rightbitedentures.biz\/es\/dentists\/\" \/>\n<meta property=\"og:locale\" content=\"es_MX\" \/>\n<meta property=\"og:type\" content=\"article\" \/>\n<meta property=\"og:title\" content=\"Lab Services for Dentists\" \/>\n<meta property=\"og:description\" content=\"Call us and we can explain how to incorporate the Denture Coordination Plan for your office.\" \/>\n<meta property=\"og:url\" content=\"https:\/\/www.rightbitedentures.biz\/es\/dentists\/\" \/>\n<meta property=\"og:site_name\" content=\"Right Bite Dentures\" \/>\n<meta property=\"article:modified_time\" content=\"2025-08-05T19:49:00+00:00\" \/>\n<meta property=\"og:image\" content=\"https:\/\/rightbitedentures.webnamesandnumbers.com\/wp-content\/uploads\/sites\/709\/2024\/01\/shutterstock_1663087498-1.png\" \/>\n<meta name=\"twitter:card\" content=\"summary_large_image\" \/>\n<meta name=\"twitter:label1\" content=\"Tiempo de lectura\" \/>\n\t<meta name=\"twitter:data1\" content=\"2 minutos\" \/>\n<script type=\"application\/ld+json\" class=\"yoast-schema-graph\">{\"@context\":\"https:\\\/\\\/schema.org\",\"@graph\":[{\"@type\":\"WebPage\",\"@id\":\"https:\\\/\\\/www.rightbitedentures.biz\\\/dentists\\\/\",\"url\":\"https:\\\/\\\/www.rightbitedentures.biz\\\/dentists\\\/\",\"name\":\"Lab Services for Dentists\",\"isPartOf\":{\"@id\":\"https:\\\/\\\/www.rightbitedentures.biz\\\/#website\"},\"primaryImageOfPage\":{\"@id\":\"https:\\\/\\\/www.rightbitedentures.biz\\\/dentists\\\/#primaryimage\"},\"image\":{\"@id\":\"https:\\\/\\\/www.rightbitedentures.biz\\\/dentists\\\/#primaryimage\"},\"thumbnailUrl\":\"https:\\\/\\\/rightbitedentures.webnamesandnumbers.com\\\/wp-content\\\/uploads\\\/sites\\\/709\\\/2024\\\/01\\\/shutterstock_1663087498-1.png\",\"datePublished\":\"2024-01-12T12:00:59+00:00\",\"dateModified\":\"2025-08-05T19:49:00+00:00\",\"description\":\"Call us and we can explain how to incorporate the Denture Coordination Plan for your office.\",\"breadcrumb\":{\"@id\":\"https:\\\/\\\/www.rightbitedentures.biz\\\/dentists\\\/#breadcrumb\"},\"inLanguage\":\"es\",\"potentialAction\":[{\"@type\":\"ReadAction\",\"target\":[\"https:\\\/\\\/www.rightbitedentures.biz\\\/dentists\\\/\"]}]},{\"@type\":\"ImageObject\",\"inLanguage\":\"es\",\"@id\":\"https:\\\/\\\/www.rightbitedentures.biz\\\/dentists\\\/#primaryimage\",\"url\":\"https:\\\/\\\/rightbitedentures.webnamesandnumbers.com\\\/wp-content\\\/uploads\\\/sites\\\/709\\\/2024\\\/01\\\/shutterstock_1663087498-1.png\",\"contentUrl\":\"https:\\\/\\\/rightbitedentures.webnamesandnumbers.com\\\/wp-content\\\/uploads\\\/sites\\\/709\\\/2024\\\/01\\\/shutterstock_1663087498-1.png\"},{\"@type\":\"BreadcrumbList\",\"@id\":\"https:\\\/\\\/www.rightbitedentures.biz\\\/dentists\\\/#breadcrumb\",\"itemListElement\":[{\"@type\":\"ListItem\",\"position\":1,\"name\":\"Home\",\"item\":\"https:\\\/\\\/www.rightbitedentures.biz\\\/\"},{\"@type\":\"ListItem\",\"position\":2,\"name\":\"Dentists\"}]},{\"@type\":\"WebSite\",\"@id\":\"https:\\\/\\\/www.rightbitedentures.biz\\\/#website\",\"url\":\"https:\\\/\\\/www.rightbitedentures.biz\\\/\",\"name\":\"Right Bite Dentures\",\"description\":\"Dentures backed by Service, Quality and Technology. We specialize in restoring confidence.\",\"publisher\":{\"@id\":\"https:\\\/\\\/www.rightbitedentures.biz\\\/#organization\"},\"potentialAction\":[{\"@type\":\"SearchAction\",\"target\":{\"@type\":\"EntryPoint\",\"urlTemplate\":\"https:\\\/\\\/www.rightbitedentures.biz\\\/?s={search_term_string}\"},\"query-input\":{\"@type\":\"PropertyValueSpecification\",\"valueRequired\":true,\"valueName\":\"search_term_string\"}}],\"inLanguage\":\"es\"},{\"@type\":\"Organization\",\"@id\":\"https:\\\/\\\/www.rightbitedentures.biz\\\/#organization\",\"name\":\"Right Bite Dentures\",\"url\":\"https:\\\/\\\/www.rightbitedentures.biz\\\/\",\"logo\":{\"@type\":\"ImageObject\",\"inLanguage\":\"es\",\"@id\":\"https:\\\/\\\/www.rightbitedentures.biz\\\/#\\\/schema\\\/logo\\\/image\\\/\",\"url\":\"https:\\\/\\\/cdn.webnamesandnumbers.com\\\/wp-content\\\/uploads\\\/sites\\\/709\\\/2024\\\/01\\\/12121812\\\/cropped-image-2-1.png\",\"contentUrl\":\"https:\\\/\\\/cdn.webnamesandnumbers.com\\\/wp-content\\\/uploads\\\/sites\\\/709\\\/2024\\\/01\\\/12121812\\\/cropped-image-2-1.png\",\"width\":439,\"height\":251,\"caption\":\"Right Bite Dentures\"},\"image\":{\"@id\":\"https:\\\/\\\/www.rightbitedentures.biz\\\/#\\\/schema\\\/logo\\\/image\\\/\"}}]}<\/script>\n<!-- \/ Yoast SEO plugin. -->","yoast_head_json":{"title":"Servicios de laboratorio para dentistas","description":"Ll\u00e1manos y te explicaremos c\u00f3mo incorporar el Plan de Coordinaci\u00f3n de Pr\u00f3tesis en tu consultorio.","robots":{"index":"index","follow":"follow","max-snippet":"max-snippet:-1","max-image-preview":"max-image-preview:large","max-video-preview":"max-video-preview:-1"},"canonical":"https:\/\/www.rightbitedentures.biz\/es\/dentists\/","og_locale":"es_MX","og_type":"article","og_title":"Lab Services for Dentists","og_description":"Call us and we can explain how to incorporate the Denture Coordination Plan for your office.","og_url":"https:\/\/www.rightbitedentures.biz\/es\/dentists\/","og_site_name":"Right Bite Dentures","article_modified_time":"2025-08-05T19:49:00+00:00","og_image":[{"url":"https:\/\/rightbitedentures.webnamesandnumbers.com\/wp-content\/uploads\/sites\/709\/2024\/01\/shutterstock_1663087498-1.png","type":"","width":"","height":""}],"twitter_card":"summary_large_image","twitter_misc":{"Tiempo de lectura":"2 minutos"},"schema":{"@context":"https:\/\/schema.org","@graph":[{"@type":"WebPage","@id":"https:\/\/www.rightbitedentures.biz\/dentists\/","url":"https:\/\/www.rightbitedentures.biz\/dentists\/","name":"Servicios de laboratorio para dentistas","isPartOf":{"@id":"https:\/\/www.rightbitedentures.biz\/#website"},"primaryImageOfPage":{"@id":"https:\/\/www.rightbitedentures.biz\/dentists\/#primaryimage"},"image":{"@id":"https:\/\/www.rightbitedentures.biz\/dentists\/#primaryimage"},"thumbnailUrl":"https:\/\/rightbitedentures.webnamesandnumbers.com\/wp-content\/uploads\/sites\/709\/2024\/01\/shutterstock_1663087498-1.png","datePublished":"2024-01-12T12:00:59+00:00","dateModified":"2025-08-05T19:49:00+00:00","description":"Ll\u00e1manos y te explicaremos c\u00f3mo incorporar el Plan de Coordinaci\u00f3n de Pr\u00f3tesis en tu consultorio.","breadcrumb":{"@id":"https:\/\/www.rightbitedentures.biz\/dentists\/#breadcrumb"},"inLanguage":"es","potentialAction":[{"@type":"ReadAction","target":["https:\/\/www.rightbitedentures.biz\/dentists\/"]}]},{"@type":"ImageObject","inLanguage":"es","@id":"https:\/\/www.rightbitedentures.biz\/dentists\/#primaryimage","url":"https:\/\/rightbitedentures.webnamesandnumbers.com\/wp-content\/uploads\/sites\/709\/2024\/01\/shutterstock_1663087498-1.png","contentUrl":"https:\/\/rightbitedentures.webnamesandnumbers.com\/wp-content\/uploads\/sites\/709\/2024\/01\/shutterstock_1663087498-1.png"},{"@type":"BreadcrumbList","@id":"https:\/\/www.rightbitedentures.biz\/dentists\/#breadcrumb","itemListElement":[{"@type":"ListItem","position":1,"name":"Home","item":"https:\/\/www.rightbitedentures.biz\/"},{"@type":"ListItem","position":2,"name":"Dentists"}]},{"@type":"WebSite","@id":"https:\/\/www.rightbitedentures.biz\/#website","url":"https:\/\/www.rightbitedentures.biz\/","name":"Dentaduras postizas de mordida derecha","description":"Pr\u00f3tesis dentales con el respaldo de servicio, calidad y tecnolog\u00eda. Nos especializamos en recuperar la confianza.","publisher":{"@id":"https:\/\/www.rightbitedentures.biz\/#organization"},"potentialAction":[{"@type":"SearchAction","target":{"@type":"EntryPoint","urlTemplate":"https:\/\/www.rightbitedentures.biz\/?s={search_term_string}"},"query-input":{"@type":"PropertyValueSpecification","valueRequired":true,"valueName":"search_term_string"}}],"inLanguage":"es"},{"@type":"Organization","@id":"https:\/\/www.rightbitedentures.biz\/#organization","name":"Dentaduras postizas de mordida derecha","url":"https:\/\/www.rightbitedentures.biz\/","logo":{"@type":"ImageObject","inLanguage":"es","@id":"https:\/\/www.rightbitedentures.biz\/#\/schema\/logo\/image\/","url":"https:\/\/cdn.webnamesandnumbers.com\/wp-content\/uploads\/sites\/709\/2024\/01\/12121812\/cropped-image-2-1.png","contentUrl":"https:\/\/cdn.webnamesandnumbers.com\/wp-content\/uploads\/sites\/709\/2024\/01\/12121812\/cropped-image-2-1.png","width":439,"height":251,"caption":"Right Bite Dentures"},"image":{"@id":"https:\/\/www.rightbitedentures.biz\/#\/schema\/logo\/image\/"}}]}},"_links":{"self":[{"href":"https:\/\/www.rightbitedentures.biz\/es\/wp-json\/wp\/v2\/pages\/33","targetHints":{"allow":["GET"]}}],"collection":[{"href":"https:\/\/www.rightbitedentures.biz\/es\/wp-json\/wp\/v2\/pages"}],"about":[{"href":"https:\/\/www.rightbitedentures.biz\/es\/wp-json\/wp\/v2\/types\/page"}],"author":[{"embeddable":true,"href":"https:\/\/www.rightbitedentures.biz\/es\/wp-json\/wp\/v2\/users\/13"}],"replies":[{"embeddable":true,"href":"https:\/\/www.rightbitedentures.biz\/es\/wp-json\/wp\/v2\/comments?post=33"}],"version-history":[{"count":13,"href":"https:\/\/www.rightbitedentures.biz\/es\/wp-json\/wp\/v2\/pages\/33\/revisions"}],"predecessor-version":[{"id":919,"href":"https:\/\/www.rightbitedentures.biz\/es\/wp-json\/wp\/v2\/pages\/33\/revisions\/919"}],"wp:attachment":[{"href":"https:\/\/www.rightbitedentures.biz\/es\/wp-json\/wp\/v2\/media?parent=33"}],"curies":[{"name":"gracias","href":"https:\/\/api.w.org\/{rel}","templated":true}]}}