{"id":351,"date":"2024-02-28T15:55:30","date_gmt":"2024-02-28T15:55:30","guid":{"rendered":"https:\/\/rightbitedentures.webnamesandnumbers.com\/?page_id=351"},"modified":"2025-08-05T18:21:15","modified_gmt":"2025-08-05T18:21:15","slug":"about","status":"publish","type":"page","link":"https:\/\/www.rightbitedentures.biz\/es\/about\/","title":{"rendered":"Acerca de"},"content":{"rendered":"<div data-elementor-type=\"wp-page\" data-elementor-id=\"351\" class=\"elementor elementor-351\" data-elementor-post-type=\"page\">\n\t\t\t\t<div class=\"elementor-element elementor-element-d1b4557 e-con-full e-flex e-con e-parent\" data-id=\"d1b4557\" data-element_type=\"container\" data-e-type=\"container\" data-settings=\"{&quot;background_background&quot;:&quot;classic&quot;}\">\n\t\t<div class=\"elementor-element elementor-element-e2f81a0 e-flex e-con-boxed e-con e-child\" data-id=\"e2f81a0\" data-element_type=\"container\" data-e-type=\"container\">\n\t\t\t\t\t<div class=\"e-con-inner\">\n\t\t<div class=\"elementor-element elementor-element-5bac2ad e-con-full e-flex e-con e-child\" data-id=\"5bac2ad\" data-element_type=\"container\" data-e-type=\"container\">\n\t\t\t\t<div class=\"elementor-element elementor-element-56008cd elementor-widget elementor-widget-heading\" data-id=\"56008cd\" data-element_type=\"widget\" data-e-type=\"widget\" data-widget_type=\"heading.default\">\n\t\t\t\t<div class=\"elementor-widget-container\">\n\t\t\t\t\t<h2 class=\"elementor-heading-title elementor-size-default\">ACERCA DE LAS PR\u00d3TESIS DE MORDIDA CORRECTA<\/h2>\t\t\t\t<\/div>\n\t\t\t\t<\/div>\n\t\t\t\t<div class=\"elementor-element elementor-element-eae3ac6 elementor-widget elementor-widget-heading\" data-id=\"eae3ac6\" data-element_type=\"widget\" data-e-type=\"widget\" data-widget_type=\"heading.default\">\n\t\t\t\t<div class=\"elementor-widget-container\">\n\t\t\t\t\t<h2 class=\"elementor-heading-title elementor-size-default\">Ubicaciones en Baker City y Ontario, OR<\/h2>\t\t\t\t<\/div>\n\t\t\t\t<\/div>\n\t\t\t\t<div class=\"elementor-element elementor-element-1f120a6 elementor-align-left elementor-widget elementor-widget-button\" data-id=\"1f120a6\" data-element_type=\"widget\" data-e-type=\"widget\" data-widget_type=\"button.default\">\n\t\t\t\t<div class=\"elementor-widget-container\">\n\t\t\t\t\t\t\t\t\t<div class=\"elementor-button-wrapper\">\n\t\t\t\t\t<a class=\"elementor-button elementor-button-link elementor-size-sm\" href=\"https:\/\/www.rightbitedentures.biz\/es\/contact\/\">\n\t\t\t\t\t\t<span class=\"elementor-button-content-wrapper\">\n\t\t\t\t\t\t\t\t\t<span class=\"elementor-button-text\">Cont\u00e1ctenos<\/span>\n\t\t\t\t\t<\/span>\n\t\t\t\t\t<\/a>\n\t\t\t\t<\/div>\n\t\t\t\t\t\t\t\t<\/div>\n\t\t\t\t<\/div>\n\t\t\t\t<\/div>\n\t\t\t\t\t<\/div>\n\t\t\t\t<\/div>\n\t\t\t\t<\/div>\n\t\t<div class=\"elementor-element elementor-element-bb62e31 e-flex e-con-boxed e-con e-parent\" data-id=\"bb62e31\" data-element_type=\"container\" data-e-type=\"container\" data-settings=\"{&quot;background_background&quot;:&quot;classic&quot;}\">\n\t\t\t\t\t<div class=\"e-con-inner\">\n\t\t\t\t<div class=\"elementor-element elementor-element-742d608 elementor-widget elementor-widget-heading\" data-id=\"742d608\" data-element_type=\"widget\" data-e-type=\"widget\" data-widget_type=\"heading.default\">\n\t\t\t\t<div class=\"elementor-widget-container\">\n\t\t\t\t\t<h2 class=\"elementor-heading-title elementor-size-default\">Obtenga las dentaduras postizas perfectas para resaltar su sonrisa<\/h2>\t\t\t\t<\/div>\n\t\t\t\t<\/div>\n\t\t\t\t<div class=\"elementor-element elementor-element-4af1c90 elementor-widget elementor-widget-text-editor\" data-id=\"4af1c90\" data-element_type=\"widget\" data-e-type=\"widget\" data-widget_type=\"text-editor.default\">\n\t\t\t\t<div class=\"elementor-widget-container\">\n\t\t\t\t\t\t\t\t\t<p>LAS PR\u00d3TESIS DE MORDIDA CORRECTA LE AYUDAR\u00c1N A SENTIRSE SEGURO EN SU SONRISA<\/p>\t\t\t\t\t\t\t\t<\/div>\n\t\t\t\t<\/div>\n\t\t\t\t<div class=\"elementor-element elementor-element-139ef25 elementor-widget__width-initial elementor-widget elementor-widget-text-editor\" data-id=\"139ef25\" data-element_type=\"widget\" data-e-type=\"widget\" data-widget_type=\"text-editor.default\">\n\t\t\t\t<div class=\"elementor-widget-container\">\n\t\t\t\t\t\t\t\t\t<p>Tu sonrisa lo significa todo. Muestra tu felicidad, risa y esp\u00edritu, as\u00ed que aseg\u00farate de que refleje qui\u00e9n eres realmente. En Right Bite Dentures en Ontario, Oreg\u00f3n y Baker City, Oreg\u00f3n, podemos proporcionarle dentaduras postizas de calidad para darle confianza en su sonrisa. Ya sea que necesite un juego completo o solo una pr\u00f3tesis parcial, se sentir\u00e1 completamente atendido en nuestro centro de cuidado de dentaduras postizas.<\/p>\t\t\t\t\t\t\t\t<\/div>\n\t\t\t\t<\/div>\n\t\t\t\t\t<\/div>\n\t\t\t\t<\/div>\n\t\t<div class=\"elementor-element elementor-element-e9086f0 e-flex e-con-boxed e-con e-parent\" data-id=\"e9086f0\" data-element_type=\"container\" data-e-type=\"container\">\n\t\t\t\t\t<div class=\"e-con-inner\">\n\t\t<div class=\"elementor-element elementor-element-465b459 e-con-full e-flex e-con e-child\" data-id=\"465b459\" data-element_type=\"container\" data-e-type=\"container\">\n\t\t\t\t<div class=\"elementor-element elementor-element-2562e51 elementor-widget elementor-widget-heading\" data-id=\"2562e51\" data-element_type=\"widget\" data-e-type=\"widget\" data-widget_type=\"heading.default\">\n\t\t\t\t<div class=\"elementor-widget-container\">\n\t\t\t\t\t<h2 class=\"elementor-heading-title elementor-size-default\">Finalmente, las dentaduras postizas que te mereces<\/h2>\t\t\t\t<\/div>\n\t\t\t\t<\/div>\n\t\t\t\t<div class=\"elementor-element elementor-element-52ff986 elementor-widget elementor-widget-text-editor\" data-id=\"52ff986\" data-element_type=\"widget\" data-e-type=\"widget\" data-widget_type=\"text-editor.default\">\n\t\t\t\t<div class=\"elementor-widget-container\">\n\t\t\t\t\t\t\t\t\t<p>Descubra la confianza de una sonrisa radiante con las dentaduras postizas Right Bite. Nuestro dedicado equipo se especializa en una gama de servicios de pr\u00f3tesis dentales de alta calidad, dise\u00f1ados para devolverle la alegr\u00eda de su sonrisa. Ofrecemos con orgullo:<\/p><ul><li><strong>Servicios completos de pr\u00f3tesis dentales:<\/strong> Pr\u00f3tesis completas personalizadas para un ajuste natural y c\u00f3modo.<\/li><li><strong>Servicios de pr\u00f3tesis parciales:<\/strong> Parciales elaborados con precisi\u00f3n para llenar perfectamente los huecos de su sonrisa.<\/li><li><strong>Servicios de reparaci\u00f3n y revestimiento de dentaduras postizas el mismo d\u00eda:<\/strong> Soluciones r\u00e1pidas y eficaces para mantener tu dentadura postiza en perfecto estado.<\/li><li><strong>Laboratorio interno:<\/strong> Garantizando la m\u00e1xima calidad y personalizaci\u00f3n.<\/li><\/ul><p>Durante su consulta inicial, nuestro dentista experimentado desarrollar\u00e1 un plan de tratamiento personalizado adaptado a sus necesidades \u00fanicas. Programe su cita hoy al 541-889-3750 y emprenda el viaje hacia su sonrisa perfecta.<\/p>\t\t\t\t\t\t\t\t<\/div>\n\t\t\t\t<\/div>\n\t\t\t\t<div class=\"elementor-element elementor-element-b8fb4f9 elementor-align-left elementor-widget elementor-widget-button\" data-id=\"b8fb4f9\" data-element_type=\"widget\" data-e-type=\"widget\" data-widget_type=\"button.default\">\n\t\t\t\t<div class=\"elementor-widget-container\">\n\t\t\t\t\t\t\t\t\t<div class=\"elementor-button-wrapper\">\n\t\t\t\t\t<a class=\"elementor-button elementor-button-link elementor-size-sm\" href=\"https:\/\/www.rightbitedentures.biz\/es\/contact\/\">\n\t\t\t\t\t\t<span class=\"elementor-button-content-wrapper\">\n\t\t\t\t\t\t\t\t\t<span class=\"elementor-button-text\">Cont\u00e1ctenos<\/span>\n\t\t\t\t\t<\/span>\n\t\t\t\t\t<\/a>\n\t\t\t\t<\/div>\n\t\t\t\t\t\t\t\t<\/div>\n\t\t\t\t<\/div>\n\t\t\t\t<\/div>\n\t\t<div class=\"elementor-element elementor-element-7ebd3f2 e-con-full e-flex e-con e-child\" data-id=\"7ebd3f2\" data-element_type=\"container\" data-e-type=\"container\">\n\t\t\t\t<div class=\"elementor-element elementor-element-f7d8026 elementor-widget elementor-widget-image\" data-id=\"f7d8026\" data-element_type=\"widget\" data-e-type=\"widget\" data-widget_type=\"image.default\">\n\t\t\t\t<div class=\"elementor-widget-container\">\n\t\t\t\t\t\t\t\t\t\t\t\t\t\t\t<img fetchpriority=\"high\" decoding=\"async\" width=\"800\" height=\"531\" src=\"https:\/\/cdn.webnamesandnumbers.com\/wp-content\/uploads\/sites\/709\/2024\/02\/22213016\/right-bite-dentures-banner-1024x680.jpg\" class=\"attachment-large size-large wp-image-310\" alt=\"Right Bite Dentures logo\" srcset=\"https:\/\/cdn.webnamesandnumbers.com\/wp-content\/uploads\/sites\/709\/2024\/02\/22213016\/right-bite-dentures-banner-1024x680.jpg 1024w, https:\/\/cdn.webnamesandnumbers.com\/wp-content\/uploads\/sites\/709\/2024\/02\/22213016\/right-bite-dentures-banner-300x199.jpg 300w, https:\/\/cdn.webnamesandnumbers.com\/wp-content\/uploads\/sites\/709\/2024\/02\/22213016\/right-bite-dentures-banner-768x510.jpg 768w, https:\/\/cdn.webnamesandnumbers.com\/wp-content\/uploads\/sites\/709\/2024\/02\/22213016\/right-bite-dentures-banner-1536x1020.jpg 1536w, https:\/\/cdn.webnamesandnumbers.com\/wp-content\/uploads\/sites\/709\/2024\/02\/22213016\/right-bite-dentures-banner-18x12.jpg 18w, https:\/\/cdn.webnamesandnumbers.com\/wp-content\/uploads\/sites\/709\/2024\/02\/22213016\/right-bite-dentures-banner-e1709245230911.jpg 800w\" sizes=\"(max-width: 800px) 100vw, 800px\" \/>\t\t\t\t\t\t\t\t\t\t\t\t\t\t\t<\/div>\n\t\t\t\t<\/div>\n\t\t\t\t<\/div>\n\t\t\t\t\t<\/div>\n\t\t\t\t<\/div>\n\t\t<div class=\"elementor-element elementor-element-805593b e-flex e-con-boxed e-con e-parent\" data-id=\"805593b\" data-element_type=\"container\" data-e-type=\"container\" data-settings=\"{&quot;background_background&quot;:&quot;classic&quot;}\">\n\t\t\t\t\t<div class=\"e-con-inner\">\n\t\t\t\t<div class=\"elementor-element elementor-element-43d4834 elementor-widget elementor-widget-video\" data-id=\"43d4834\" data-element_type=\"widget\" data-e-type=\"widget\" data-settings=\"{&quot;youtube_url&quot;:&quot;https:\\\/\\\/www.youtube.com\\\/watch?v=Uxy3XZKm9lE&quot;,&quot;video_type&quot;:&quot;youtube&quot;,&quot;controls&quot;:&quot;yes&quot;}\" data-widget_type=\"video.default\">\n\t\t\t\t<div class=\"elementor-widget-container\">\n\t\t\t\t\t\t\t<div class=\"elementor-wrapper elementor-open-inline\">\n\t\t\t<div class=\"elementor-video\"><\/div>\t\t<\/div>\n\t\t\t\t\t\t<\/div>\n\t\t\t\t<\/div>\n\t\t\t\t\t<\/div>\n\t\t\t\t<\/div>\n\t\t<div class=\"elementor-element elementor-element-444d89d e-flex e-con-boxed e-con e-parent\" data-id=\"444d89d\" data-element_type=\"container\" data-e-type=\"container\" data-settings=\"{&quot;background_background&quot;:&quot;classic&quot;}\">\n\t\t\t\t\t<div class=\"e-con-inner\">\n\t\t\t\t<div class=\"elementor-element elementor-element-f2c0c2e elementor-widget elementor-widget-image\" data-id=\"f2c0c2e\" data-element_type=\"widget\" data-e-type=\"widget\" data-widget_type=\"image.default\">\n\t\t\t\t<div class=\"elementor-widget-container\">\n\t\t\t\t\t\t\t\t\t\t\t\t\t\t\t<img decoding=\"async\" width=\"90\" height=\"91\" src=\"https:\/\/cdn.webnamesandnumbers.com\/wp-content\/uploads\/sites\/709\/2024\/01\/12151923\/vaadin_dental-chair-1.png\" class=\"attachment-large size-large wp-image-156\" alt=\"Dental Chair\" \/>\t\t\t\t\t\t\t\t\t\t\t\t\t\t\t<\/div>\n\t\t\t\t<\/div>\n\t\t\t\t<div class=\"elementor-element elementor-element-72e72d8 elementor-widget elementor-widget-heading\" data-id=\"72e72d8\" data-element_type=\"widget\" data-e-type=\"widget\" data-widget_type=\"heading.default\">\n\t\t\t\t<div class=\"elementor-widget-container\">\n\t\t\t\t\t<h2 class=\"elementor-heading-title elementor-size-default\">\u00bfPor qu\u00e9 elegir pr\u00f3tesis dentales con mordida adecuada?<\/h2>\t\t\t\t<\/div>\n\t\t\t\t<\/div>\n\t\t\t\t<div class=\"elementor-element elementor-element-fc5be4f elementor-widget__width-initial elementor-widget-mobile__width-initial elementor-widget elementor-widget-text-editor\" data-id=\"fc5be4f\" data-element_type=\"widget\" data-e-type=\"widget\" data-widget_type=\"text-editor.default\">\n\t\t\t\t<div class=\"elementor-widget-container\">\n\t\t\t\t\t\t\t\t\t<p>Como empresa operada y de propiedad de veteranos, Right Bite Dentures lidera la vanguardia en innovaci\u00f3n de dentaduras postizas digitales. Nuestro compromiso con las dentaduras postizas sin impresi\u00f3n y las instalaciones de laboratorio de vanguardia en el lugar garantizan un control de calidad excepcional y un servicio r\u00e1pido.<\/p><ul><li>Tecnolog\u00eda pionera en dentaduras postizas digitales: adoptamos los \u00faltimos avances para dentaduras postizas precisas y c\u00f3modas.<\/li><li>Servicio sin concesiones: Su satisfacci\u00f3n es nuestra principal prioridad. No somos felices a menos que t\u00fa lo est\u00e9s.<\/li><li>M\u00e1s de 30 a\u00f1os de experiencia combinada: la amplia experiencia de nuestro equipo garantiza que reciba la mejor atenci\u00f3n dental disponible.<br \/><br \/><\/li><\/ul><p>Elija Right Bite Dentures para obtener un servicio que combina a\u00f1os de experiencia dental con lo \u00faltimo en tecnolog\u00eda digital, todo dedicado a crear la sonrisa que se merece.<\/p>\t\t\t\t\t\t\t\t<\/div>\n\t\t\t\t<\/div>\n\t\t\t\t\t<\/div>\n\t\t\t\t<\/div>\n\t\t<div class=\"elementor-element elementor-element-1779c0c e-flex e-con-boxed e-con e-parent\" data-id=\"1779c0c\" data-element_type=\"container\" data-e-type=\"container\" data-settings=\"{&quot;background_background&quot;:&quot;classic&quot;}\">\n\t\t\t\t\t<div class=\"e-con-inner\">\n\t\t\t\t<div class=\"elementor-element elementor-element-520190a elementor-view-default elementor-widget elementor-widget-icon\" data-id=\"520190a\" data-element_type=\"widget\" data-e-type=\"widget\" data-widget_type=\"icon.default\">\n\t\t\t\t<div class=\"elementor-widget-container\">\n\t\t\t\t\t\t\t<div class=\"elementor-icon-wrapper\">\n\t\t\t<div class=\"elementor-icon\">\n\t\t\t<svg aria-hidden=\"true\" class=\"e-font-icon-svg e-fas-tooth\" viewbox=\"0 0 448 512\" xmlns=\"http:\/\/www.w3.org\/2000\/svg\"><path d=\"M443.98 96.25c-11.01-45.22-47.11-82.06-92.01-93.72-32.19-8.36-63 5.1-89.14 24.33-3.25 2.39-6.96 3.73-10.5 5.48l28.32 18.21c7.42 4.77 9.58 14.67 4.8 22.11-4.46 6.95-14.27 9.86-22.11 4.8L162.83 12.84c-20.7-10.85-43.38-16.4-66.81-10.31-44.9 11.67-81 48.5-92.01 93.72-10.13 41.62-.42 80.81 21.5 110.43 23.36 31.57 32.68 68.66 36.29 107.35 4.4 47.16 10.33 94.16 20.94 140.32l7.8 33.95c3.19 13.87 15.49 23.7 29.67 23.7 13.97 0 26.15-9.55 29.54-23.16l34.47-138.42c4.56-18.32 20.96-31.16 39.76-31.16s35.2 12.85 39.76 31.16l34.47 138.42c3.39 13.61 15.57 23.16 29.54 23.16 14.18 0 26.48-9.83 29.67-23.7l7.8-33.95c10.61-46.15 16.53-93.16 20.94-140.32 3.61-38.7 12.93-75.78 36.29-107.35 21.95-29.61 31.66-68.8 21.53-110.43z\"><\/path><\/svg>\t\t\t<\/div>\n\t\t<\/div>\n\t\t\t\t\t\t<\/div>\n\t\t\t\t<\/div>\n\t\t\t\t<div class=\"elementor-element elementor-element-cbbcda4 elementor-align-center elementor-widget elementor-widget-button\" data-id=\"cbbcda4\" data-element_type=\"widget\" data-e-type=\"widget\" data-widget_type=\"button.default\">\n\t\t\t\t<div class=\"elementor-widget-container\">\n\t\t\t\t\t\t\t\t\t<div class=\"elementor-button-wrapper\">\n\t\t\t\t\t<a class=\"elementor-button elementor-button-link elementor-size-sm\" href=\"https:\/\/www.rightbitedentures.biz\/es\/contact\/\">\n\t\t\t\t\t\t<span class=\"elementor-button-content-wrapper\">\n\t\t\t\t\t\t\t\t\t<span class=\"elementor-button-text\">Cont\u00e1ctenos<\/span>\n\t\t\t\t\t<\/span>\n\t\t\t\t\t<\/a>\n\t\t\t\t<\/div>\n\t\t\t\t\t\t\t\t<\/div>\n\t\t\t\t<\/div>\n\t\t\t\t\t<\/div>\n\t\t\t\t<\/div>\n\t\t<div class=\"elementor-element elementor-element-e895af2 e-flex e-con-boxed e-con e-parent\" data-id=\"e895af2\" data-element_type=\"container\" data-e-type=\"container\" data-settings=\"{&quot;background_background&quot;:&quot;classic&quot;}\">\n\t\t\t\t\t<div class=\"e-con-inner\">\n\t\t\t\t<div class=\"elementor-element elementor-element-41dbbab elementor-widget elementor-widget-heading\" data-id=\"41dbbab\" data-element_type=\"widget\" data-e-type=\"widget\" data-widget_type=\"heading.default\">\n\t\t\t\t<div class=\"elementor-widget-container\">\n\t\t\t\t\t<h2 class=\"elementor-heading-title elementor-size-default\">Negocio operado y propiedad de veteranos<\/h2>\t\t\t\t<\/div>\n\t\t\t\t<\/div>\n\t\t\t\t\t<\/div>\n\t\t\t\t<\/div>\n\t\t\t\t<\/div>","protected":false},"excerpt":{"rendered":"<p>ABOUT RIGHT BITE DENTURES Locations in Baker City &amp; Ontario, OR Contact Us Get the Perfect Dentures to Highlight Your Smile RIGHT BITE DENTURES WILL HELP YOU FEEL CONFIDENT IN YOUR SMILE Your smile means everything. It shows your happiness, laughter and spirit, so make sure it reflects who you truly are. At Right Bite [&hellip;]<\/p>\n","protected":false},"author":13,"featured_media":0,"parent":0,"menu_order":0,"comment_status":"closed","ping_status":"closed","template":"","meta":{"footnotes":""},"class_list":["post-351","page","type-page","status-publish","hentry"],"yoast_head":"<!-- This site is optimized with the Yoast SEO plugin v27.3 - https:\/\/yoast.com\/product\/yoast-seo-wordpress\/ -->\n<title>About Right Bite Dentures - Baker City &amp; Ontario OR<\/title>\n<meta name=\"description\" content=\"At Right Bite Dentures in Ontario &amp; Baker City, Oregon, we can provide you with quality dentures to give you confidence in your smile.\" \/>\n<meta name=\"robots\" content=\"index, follow, max-snippet:-1, max-image-preview:large, max-video-preview:-1\" \/>\n<link rel=\"canonical\" href=\"https:\/\/www.rightbitedentures.biz\/es\/about\/\" \/>\n<meta property=\"og:locale\" content=\"es_MX\" \/>\n<meta property=\"og:type\" content=\"article\" \/>\n<meta property=\"og:title\" content=\"About Right Bite Dentures - Baker City &amp; Ontario OR\" \/>\n<meta property=\"og:description\" content=\"At Right Bite Dentures in Ontario &amp; Baker City, Oregon, we can provide you with quality dentures to give you confidence in your smile.\" \/>\n<meta property=\"og:url\" content=\"https:\/\/www.rightbitedentures.biz\/es\/about\/\" \/>\n<meta property=\"og:site_name\" content=\"Right Bite Dentures\" \/>\n<meta property=\"article:modified_time\" content=\"2025-08-05T18:21:15+00:00\" \/>\n<meta property=\"og:image\" content=\"https:\/\/rightbitedentures.webnamesandnumbers.com\/wp-content\/uploads\/sites\/709\/2024\/02\/right-bite-dentures-banner-1024x680.jpg\" \/>\n<meta name=\"twitter:card\" content=\"summary_large_image\" \/>\n<meta name=\"twitter:label1\" content=\"Tiempo de lectura\" \/>\n\t<meta name=\"twitter:data1\" content=\"2 minutos\" \/>\n<script type=\"application\/ld+json\" class=\"yoast-schema-graph\">{\"@context\":\"https:\\\/\\\/schema.org\",\"@graph\":[{\"@type\":\"WebPage\",\"@id\":\"https:\\\/\\\/www.rightbitedentures.biz\\\/about\\\/\",\"url\":\"https:\\\/\\\/www.rightbitedentures.biz\\\/about\\\/\",\"name\":\"About Right Bite Dentures - Baker City & Ontario OR\",\"isPartOf\":{\"@id\":\"https:\\\/\\\/www.rightbitedentures.biz\\\/#website\"},\"primaryImageOfPage\":{\"@id\":\"https:\\\/\\\/www.rightbitedentures.biz\\\/about\\\/#primaryimage\"},\"image\":{\"@id\":\"https:\\\/\\\/www.rightbitedentures.biz\\\/about\\\/#primaryimage\"},\"thumbnailUrl\":\"https:\\\/\\\/rightbitedentures.webnamesandnumbers.com\\\/wp-content\\\/uploads\\\/sites\\\/709\\\/2024\\\/02\\\/right-bite-dentures-banner-1024x680.jpg\",\"datePublished\":\"2024-02-28T15:55:30+00:00\",\"dateModified\":\"2025-08-05T18:21:15+00:00\",\"description\":\"At Right Bite Dentures in Ontario & Baker City, Oregon, we can provide you with quality dentures to give you confidence in your smile.\",\"breadcrumb\":{\"@id\":\"https:\\\/\\\/www.rightbitedentures.biz\\\/about\\\/#breadcrumb\"},\"inLanguage\":\"es\",\"potentialAction\":[{\"@type\":\"ReadAction\",\"target\":[\"https:\\\/\\\/www.rightbitedentures.biz\\\/about\\\/\"]}]},{\"@type\":\"ImageObject\",\"inLanguage\":\"es\",\"@id\":\"https:\\\/\\\/www.rightbitedentures.biz\\\/about\\\/#primaryimage\",\"url\":\"https:\\\/\\\/rightbitedentures.webnamesandnumbers.com\\\/wp-content\\\/uploads\\\/sites\\\/709\\\/2024\\\/02\\\/right-bite-dentures-banner-1024x680.jpg\",\"contentUrl\":\"https:\\\/\\\/rightbitedentures.webnamesandnumbers.com\\\/wp-content\\\/uploads\\\/sites\\\/709\\\/2024\\\/02\\\/right-bite-dentures-banner-1024x680.jpg\"},{\"@type\":\"BreadcrumbList\",\"@id\":\"https:\\\/\\\/www.rightbitedentures.biz\\\/about\\\/#breadcrumb\",\"itemListElement\":[{\"@type\":\"ListItem\",\"position\":1,\"name\":\"Home\",\"item\":\"https:\\\/\\\/www.rightbitedentures.biz\\\/\"},{\"@type\":\"ListItem\",\"position\":2,\"name\":\"About\"}]},{\"@type\":\"WebSite\",\"@id\":\"https:\\\/\\\/www.rightbitedentures.biz\\\/#website\",\"url\":\"https:\\\/\\\/www.rightbitedentures.biz\\\/\",\"name\":\"Right Bite Dentures\",\"description\":\"Dentures backed by Service, Quality and Technology. We specialize in restoring confidence.\",\"publisher\":{\"@id\":\"https:\\\/\\\/www.rightbitedentures.biz\\\/#organization\"},\"potentialAction\":[{\"@type\":\"SearchAction\",\"target\":{\"@type\":\"EntryPoint\",\"urlTemplate\":\"https:\\\/\\\/www.rightbitedentures.biz\\\/?s={search_term_string}\"},\"query-input\":{\"@type\":\"PropertyValueSpecification\",\"valueRequired\":true,\"valueName\":\"search_term_string\"}}],\"inLanguage\":\"es\"},{\"@type\":\"Organization\",\"@id\":\"https:\\\/\\\/www.rightbitedentures.biz\\\/#organization\",\"name\":\"Right Bite Dentures\",\"url\":\"https:\\\/\\\/www.rightbitedentures.biz\\\/\",\"logo\":{\"@type\":\"ImageObject\",\"inLanguage\":\"es\",\"@id\":\"https:\\\/\\\/www.rightbitedentures.biz\\\/#\\\/schema\\\/logo\\\/image\\\/\",\"url\":\"https:\\\/\\\/cdn.webnamesandnumbers.com\\\/wp-content\\\/uploads\\\/sites\\\/709\\\/2024\\\/01\\\/12121812\\\/cropped-image-2-1.png\",\"contentUrl\":\"https:\\\/\\\/cdn.webnamesandnumbers.com\\\/wp-content\\\/uploads\\\/sites\\\/709\\\/2024\\\/01\\\/12121812\\\/cropped-image-2-1.png\",\"width\":439,\"height\":251,\"caption\":\"Right Bite Dentures\"},\"image\":{\"@id\":\"https:\\\/\\\/www.rightbitedentures.biz\\\/#\\\/schema\\\/logo\\\/image\\\/\"}}]}<\/script>\n<!-- \/ Yoast SEO plugin. -->","yoast_head_json":{"title":"Acerca de Right Bite Dentures - Baker City y Ontario, OR","description":"En Right Bite Dentures en Ontario y Baker City, Oregon, podemos ofrecerle dentaduras postizas de calidad para que tenga confianza en su sonrisa.","robots":{"index":"index","follow":"follow","max-snippet":"max-snippet:-1","max-image-preview":"max-image-preview:large","max-video-preview":"max-video-preview:-1"},"canonical":"https:\/\/www.rightbitedentures.biz\/es\/about\/","og_locale":"es_MX","og_type":"article","og_title":"About Right Bite Dentures - Baker City & Ontario OR","og_description":"At Right Bite Dentures in Ontario & Baker City, Oregon, we can provide you with quality dentures to give you confidence in your smile.","og_url":"https:\/\/www.rightbitedentures.biz\/es\/about\/","og_site_name":"Right Bite Dentures","article_modified_time":"2025-08-05T18:21:15+00:00","og_image":[{"url":"https:\/\/rightbitedentures.webnamesandnumbers.com\/wp-content\/uploads\/sites\/709\/2024\/02\/right-bite-dentures-banner-1024x680.jpg","type":"","width":"","height":""}],"twitter_card":"summary_large_image","twitter_misc":{"Tiempo de lectura":"2 minutos"},"schema":{"@context":"https:\/\/schema.org","@graph":[{"@type":"WebPage","@id":"https:\/\/www.rightbitedentures.biz\/about\/","url":"https:\/\/www.rightbitedentures.biz\/about\/","name":"Acerca de Right Bite Dentures - Baker City y Ontario, OR","isPartOf":{"@id":"https:\/\/www.rightbitedentures.biz\/#website"},"primaryImageOfPage":{"@id":"https:\/\/www.rightbitedentures.biz\/about\/#primaryimage"},"image":{"@id":"https:\/\/www.rightbitedentures.biz\/about\/#primaryimage"},"thumbnailUrl":"https:\/\/rightbitedentures.webnamesandnumbers.com\/wp-content\/uploads\/sites\/709\/2024\/02\/right-bite-dentures-banner-1024x680.jpg","datePublished":"2024-02-28T15:55:30+00:00","dateModified":"2025-08-05T18:21:15+00:00","description":"En Right Bite Dentures en Ontario y Baker City, Oregon, podemos ofrecerle dentaduras postizas de calidad para que tenga confianza en su sonrisa.","breadcrumb":{"@id":"https:\/\/www.rightbitedentures.biz\/about\/#breadcrumb"},"inLanguage":"es","potentialAction":[{"@type":"ReadAction","target":["https:\/\/www.rightbitedentures.biz\/about\/"]}]},{"@type":"ImageObject","inLanguage":"es","@id":"https:\/\/www.rightbitedentures.biz\/about\/#primaryimage","url":"https:\/\/rightbitedentures.webnamesandnumbers.com\/wp-content\/uploads\/sites\/709\/2024\/02\/right-bite-dentures-banner-1024x680.jpg","contentUrl":"https:\/\/rightbitedentures.webnamesandnumbers.com\/wp-content\/uploads\/sites\/709\/2024\/02\/right-bite-dentures-banner-1024x680.jpg"},{"@type":"BreadcrumbList","@id":"https:\/\/www.rightbitedentures.biz\/about\/#breadcrumb","itemListElement":[{"@type":"ListItem","position":1,"name":"Home","item":"https:\/\/www.rightbitedentures.biz\/"},{"@type":"ListItem","position":2,"name":"About"}]},{"@type":"WebSite","@id":"https:\/\/www.rightbitedentures.biz\/#website","url":"https:\/\/www.rightbitedentures.biz\/","name":"Dentaduras postizas de mordida derecha","description":"Pr\u00f3tesis dentales con el respaldo de servicio, calidad y tecnolog\u00eda. Nos especializamos en recuperar la confianza.","publisher":{"@id":"https:\/\/www.rightbitedentures.biz\/#organization"},"potentialAction":[{"@type":"SearchAction","target":{"@type":"EntryPoint","urlTemplate":"https:\/\/www.rightbitedentures.biz\/?s={search_term_string}"},"query-input":{"@type":"PropertyValueSpecification","valueRequired":true,"valueName":"search_term_string"}}],"inLanguage":"es"},{"@type":"Organization","@id":"https:\/\/www.rightbitedentures.biz\/#organization","name":"Dentaduras postizas de mordida derecha","url":"https:\/\/www.rightbitedentures.biz\/","logo":{"@type":"ImageObject","inLanguage":"es","@id":"https:\/\/www.rightbitedentures.biz\/#\/schema\/logo\/image\/","url":"https:\/\/cdn.webnamesandnumbers.com\/wp-content\/uploads\/sites\/709\/2024\/01\/12121812\/cropped-image-2-1.png","contentUrl":"https:\/\/cdn.webnamesandnumbers.com\/wp-content\/uploads\/sites\/709\/2024\/01\/12121812\/cropped-image-2-1.png","width":439,"height":251,"caption":"Right Bite Dentures"},"image":{"@id":"https:\/\/www.rightbitedentures.biz\/#\/schema\/logo\/image\/"}}]}},"_links":{"self":[{"href":"https:\/\/www.rightbitedentures.biz\/es\/wp-json\/wp\/v2\/pages\/351","targetHints":{"allow":["GET"]}}],"collection":[{"href":"https:\/\/www.rightbitedentures.biz\/es\/wp-json\/wp\/v2\/pages"}],"about":[{"href":"https:\/\/www.rightbitedentures.biz\/es\/wp-json\/wp\/v2\/types\/page"}],"author":[{"embeddable":true,"href":"https:\/\/www.rightbitedentures.biz\/es\/wp-json\/wp\/v2\/users\/13"}],"replies":[{"embeddable":true,"href":"https:\/\/www.rightbitedentures.biz\/es\/wp-json\/wp\/v2\/comments?post=351"}],"version-history":[{"count":37,"href":"https:\/\/www.rightbitedentures.biz\/es\/wp-json\/wp\/v2\/pages\/351\/revisions"}],"predecessor-version":[{"id":857,"href":"https:\/\/www.rightbitedentures.biz\/es\/wp-json\/wp\/v2\/pages\/351\/revisions\/857"}],"wp:attachment":[{"href":"https:\/\/www.rightbitedentures.biz\/es\/wp-json\/wp\/v2\/media?parent=351"}],"curies":[{"name":"gracias","href":"https:\/\/api.w.org\/{rel}","templated":true}]}}