{"id":39,"date":"2024-01-12T12:02:25","date_gmt":"2024-01-12T12:02:25","guid":{"rendered":"https:\/\/rightbitedentures.webnamesandnumbers.com\/?page_id=39"},"modified":"2025-08-05T20:06:45","modified_gmt":"2025-08-05T20:06:45","slug":"staff","status":"publish","type":"page","link":"https:\/\/www.rightbitedentures.biz\/es\/staff\/","title":{"rendered":"Personal"},"content":{"rendered":"<div data-elementor-type=\"wp-page\" data-elementor-id=\"39\" class=\"elementor elementor-39\" data-elementor-post-type=\"page\">\n\t\t\t\t<div class=\"elementor-element elementor-element-e553c94 e-flex e-con-boxed e-con e-parent\" data-id=\"e553c94\" data-element_type=\"container\" data-e-type=\"container\" data-settings=\"{&quot;background_background&quot;:&quot;classic&quot;}\">\n\t\t\t\t\t<div class=\"e-con-inner\">\n\t\t\t\t<div class=\"elementor-element elementor-element-664b3b9 elementor-widget elementor-widget-heading\" data-id=\"664b3b9\" data-element_type=\"widget\" data-e-type=\"widget\" data-widget_type=\"heading.default\">\n\t\t\t\t<div class=\"elementor-widget-container\">\n\t\t\t\t\t<h2 class=\"elementor-heading-title elementor-size-default\">Conozca a nuestro equipo<\/h2>\t\t\t\t<\/div>\n\t\t\t\t<\/div>\n\t\t\t\t\t<\/div>\n\t\t\t\t<\/div>\n\t\t<div class=\"elementor-element elementor-element-de1bb91 e-flex e-con-boxed e-con e-parent\" data-id=\"de1bb91\" data-element_type=\"container\" data-e-type=\"container\" data-settings=\"{&quot;background_background&quot;:&quot;classic&quot;}\">\n\t\t\t\t\t<div class=\"e-con-inner\">\n\t\t<div class=\"elementor-element elementor-element-aacaa55 e-con-full e-flex e-con e-child\" data-id=\"aacaa55\" data-element_type=\"container\" data-e-type=\"container\">\n\t\t\t\t<div class=\"elementor-element elementor-element-446dd9c elementor-widget elementor-widget-text-editor\" data-id=\"446dd9c\" data-element_type=\"widget\" data-e-type=\"widget\" data-widget_type=\"text-editor.default\">\n\t\t\t\t<div class=\"elementor-widget-container\">\n\t\t\t\t\t\t\t\t\t<h1>Tysen Klafke<\/h1><p>CDT LD<br \/>Tysen creci\u00f3 en Utah y es un orgulloso veterano de la Marina de los Estados Unidos con 11 a\u00f1os de servicio. Es un dentista autorizado en Idaho, Oreg\u00f3n y Washington. Desarroll\u00f3 sus conocimientos y habilidades dentales a trav\u00e9s del ej\u00e9rcito, trabajando con dentistas y t\u00e9cnicos altamente calificados. Tysen es un t\u00e9cnico dental certificado (CDT) en dentaduras postizas completas y coronas y puentes. Estuvo destinado con los Marines en 29 Palms, CA y en Parris Island, SC. Durante su deber de instructor en Ft. Sam Houston en San Antonio, TX, Tysen jug\u00f3 un papel decisivo en la redacci\u00f3n del plan de estudios y en la renovaci\u00f3n de la Comisi\u00f3n de Acreditaci\u00f3n Dental (CODA) para la escuela de laboratorio dental m\u00e1s grande de los Estados Unidos. Tysen y su bella esposa Kelly tienen 3 ni\u00f1as y 2 perros. Le gusta ser voluntario en beneficios para veteranos y guerreros heridos, estar al aire libre y conducir cualquier cosa con motor.<\/p>\t\t\t\t\t\t\t\t<\/div>\n\t\t\t\t<\/div>\n\t\t\t\t<\/div>\n\t\t<div class=\"elementor-element elementor-element-29c236b e-con-full e-flex e-con e-child\" data-id=\"29c236b\" data-element_type=\"container\" data-e-type=\"container\">\n\t\t\t\t<div class=\"elementor-element elementor-element-21b385d elementor-widget elementor-widget-image\" data-id=\"21b385d\" data-element_type=\"widget\" data-e-type=\"widget\" data-widget_type=\"image.default\">\n\t\t\t\t<div class=\"elementor-widget-container\">\n\t\t\t\t\t\t\t\t\t\t\t\t\t\t\t<img fetchpriority=\"high\" decoding=\"async\" width=\"434\" height=\"434\" src=\"https:\/\/cdn.webnamesandnumbers.com\/wp-content\/uploads\/sites\/709\/2024\/01\/12121006\/image-4.png\" class=\"attachment-large size-large wp-image-95\" alt=\"Right Bite Dentures\" srcset=\"https:\/\/cdn.webnamesandnumbers.com\/wp-content\/uploads\/sites\/709\/2024\/01\/12121006\/image-4.png 434w, https:\/\/cdn.webnamesandnumbers.com\/wp-content\/uploads\/sites\/709\/2024\/01\/12121006\/image-4-300x300.png 300w, https:\/\/cdn.webnamesandnumbers.com\/wp-content\/uploads\/sites\/709\/2024\/01\/12121006\/image-4-150x150.png 150w\" sizes=\"(max-width: 434px) 100vw, 434px\" \/>\t\t\t\t\t\t\t\t\t\t\t\t\t\t\t<\/div>\n\t\t\t\t<\/div>\n\t\t\t\t<\/div>\n\t\t\t\t\t<\/div>\n\t\t\t\t<\/div>\n\t\t<div class=\"elementor-element elementor-element-212f80d e-flex e-con-boxed e-con e-parent\" data-id=\"212f80d\" data-element_type=\"container\" data-e-type=\"container\" data-settings=\"{&quot;background_background&quot;:&quot;classic&quot;}\">\n\t\t\t\t\t<div class=\"e-con-inner\">\n\t\t<div class=\"elementor-element elementor-element-f1f11bc e-con-full e-flex e-con e-child\" data-id=\"f1f11bc\" data-element_type=\"container\" data-e-type=\"container\">\n\t\t\t\t<div class=\"elementor-element elementor-element-076597a elementor-widget elementor-widget-text-editor\" data-id=\"076597a\" data-element_type=\"widget\" data-e-type=\"widget\" data-widget_type=\"text-editor.default\">\n\t\t\t\t<div class=\"elementor-widget-container\">\n\t\t\t\t\t\t\t\t\t<h1>Cliff Robertson<\/h1><p>CDT LD<br \/>Cliff creci\u00f3 en un rancho en el este de Oregon y es un veterano de 14 a\u00f1os de la Marina de los Estados Unidos. Como denturista autorizado, tiene amplios conocimientos y experiencia en todos los aspectos de la tecnolog\u00eda dental, incluidos el consultorio, el laboratorio y la cirug\u00eda bucal. Es T\u00e9cnico Dental Certificado (CDT) en Dentaduras Postizas Completas. Estar destinado en San Diego, CA, Memphis, TN y en el USS Abraham Lincoln lo prepar\u00f3 para el servicio de instructor en Ft. Sam Houston en San Antonio, TX. Como instructor principal, Cliff asesor\u00f3, capacit\u00f3 y evalu\u00f3 a nuevos instructores, adem\u00e1s de implementar y validar un nuevo plan de estudios en la escuela de laboratorio dental m\u00e1s grande de EE. UU. Cliff ha estado casado con su bella esposa Angie durante 20 a\u00f1os y tienen 3 hijos maravillosos. Es un \u00e1vido cazador y le gusta trabajar en autom\u00f3viles, camiones y motocicletas cuando tiene la oportunidad.<\/p>\t\t\t\t\t\t\t\t<\/div>\n\t\t\t\t<\/div>\n\t\t\t\t<\/div>\n\t\t<div class=\"elementor-element elementor-element-f2ff1a0 e-con-full e-flex e-con e-child\" data-id=\"f2ff1a0\" data-element_type=\"container\" data-e-type=\"container\">\n\t\t\t\t<div class=\"elementor-element elementor-element-d2fcc84 elementor-widget elementor-widget-image\" data-id=\"d2fcc84\" data-element_type=\"widget\" data-e-type=\"widget\" data-widget_type=\"image.default\">\n\t\t\t\t<div class=\"elementor-widget-container\">\n\t\t\t\t\t\t\t\t\t\t\t\t\t\t\t<img decoding=\"async\" width=\"434\" height=\"434\" src=\"https:\/\/cdn.webnamesandnumbers.com\/wp-content\/uploads\/sites\/709\/2024\/01\/12121011\/image-5.png\" class=\"attachment-large size-large wp-image-96\" alt=\"A smiling patient with dentures, happy and satisfied\" srcset=\"https:\/\/cdn.webnamesandnumbers.com\/wp-content\/uploads\/sites\/709\/2024\/01\/12121011\/image-5.png 434w, https:\/\/cdn.webnamesandnumbers.com\/wp-content\/uploads\/sites\/709\/2024\/01\/12121011\/image-5-300x300.png 300w, https:\/\/cdn.webnamesandnumbers.com\/wp-content\/uploads\/sites\/709\/2024\/01\/12121011\/image-5-150x150.png 150w\" sizes=\"(max-width: 434px) 100vw, 434px\" \/>\t\t\t\t\t\t\t\t\t\t\t\t\t\t\t<\/div>\n\t\t\t\t<\/div>\n\t\t\t\t<\/div>\n\t\t\t\t\t<\/div>\n\t\t\t\t<\/div>\n\t\t\t\t<\/div>","protected":false},"excerpt":{"rendered":"<p>Meet Our Team Tysen Klafke L.D. CDTTysen grew up in Utah and is a proud United States Navy Veteran with 11 years of service. He is a licensed Denturist in Idaho, Oregon, and Washington. He developed his dental knowledge and skills through the military, working with highly skilled dentists and technicians. Tysen is a Certified [&hellip;]<\/p>\n","protected":false},"author":13,"featured_media":0,"parent":0,"menu_order":0,"comment_status":"closed","ping_status":"closed","template":"elementor_header_footer","meta":{"footnotes":""},"class_list":["post-39","page","type-page","status-publish","hentry"],"yoast_head":"<!-- This site is optimized with the Yoast SEO plugin v27.3 - https:\/\/yoast.com\/product\/yoast-seo-wordpress\/ -->\n<title>Meet Our Team - Right Bite Dentures<\/title>\n<meta name=\"description\" content=\"Meet the team of licensed denturists at Right Bite Dentures, here to help you feel confident in your smile.\" \/>\n<meta name=\"robots\" content=\"index, follow, max-snippet:-1, max-image-preview:large, max-video-preview:-1\" \/>\n<link rel=\"canonical\" href=\"https:\/\/www.rightbitedentures.biz\/es\/staff\/\" \/>\n<meta property=\"og:locale\" content=\"es_MX\" \/>\n<meta property=\"og:type\" content=\"article\" \/>\n<meta property=\"og:title\" content=\"Meet Our Team - Right Bite Dentures\" \/>\n<meta property=\"og:description\" content=\"Meet the team of licensed denturists at Right Bite Dentures, here to help you feel confident in your smile.\" \/>\n<meta property=\"og:url\" content=\"https:\/\/www.rightbitedentures.biz\/es\/staff\/\" \/>\n<meta property=\"og:site_name\" content=\"Right Bite Dentures\" \/>\n<meta property=\"article:modified_time\" content=\"2025-08-05T20:06:45+00:00\" \/>\n<meta property=\"og:image\" content=\"https:\/\/rightbitedentures.webnamesandnumbers.com\/wp-content\/uploads\/sites\/709\/2024\/01\/image-4.png\" \/>\n<meta name=\"twitter:card\" content=\"summary_large_image\" \/>\n<meta name=\"twitter:label1\" content=\"Tiempo de lectura\" \/>\n\t<meta name=\"twitter:data1\" content=\"2 minutos\" \/>\n<script type=\"application\/ld+json\" class=\"yoast-schema-graph\">{\"@context\":\"https:\\\/\\\/schema.org\",\"@graph\":[{\"@type\":\"WebPage\",\"@id\":\"https:\\\/\\\/www.rightbitedentures.biz\\\/staff\\\/\",\"url\":\"https:\\\/\\\/www.rightbitedentures.biz\\\/staff\\\/\",\"name\":\"Meet Our Team - Right Bite Dentures\",\"isPartOf\":{\"@id\":\"https:\\\/\\\/www.rightbitedentures.biz\\\/#website\"},\"primaryImageOfPage\":{\"@id\":\"https:\\\/\\\/www.rightbitedentures.biz\\\/staff\\\/#primaryimage\"},\"image\":{\"@id\":\"https:\\\/\\\/www.rightbitedentures.biz\\\/staff\\\/#primaryimage\"},\"thumbnailUrl\":\"https:\\\/\\\/rightbitedentures.webnamesandnumbers.com\\\/wp-content\\\/uploads\\\/sites\\\/709\\\/2024\\\/01\\\/image-4.png\",\"datePublished\":\"2024-01-12T12:02:25+00:00\",\"dateModified\":\"2025-08-05T20:06:45+00:00\",\"description\":\"Meet the team of licensed denturists at Right Bite Dentures, here to help you feel confident in your smile.\",\"breadcrumb\":{\"@id\":\"https:\\\/\\\/www.rightbitedentures.biz\\\/staff\\\/#breadcrumb\"},\"inLanguage\":\"es\",\"potentialAction\":[{\"@type\":\"ReadAction\",\"target\":[\"https:\\\/\\\/www.rightbitedentures.biz\\\/staff\\\/\"]}]},{\"@type\":\"ImageObject\",\"inLanguage\":\"es\",\"@id\":\"https:\\\/\\\/www.rightbitedentures.biz\\\/staff\\\/#primaryimage\",\"url\":\"https:\\\/\\\/rightbitedentures.webnamesandnumbers.com\\\/wp-content\\\/uploads\\\/sites\\\/709\\\/2024\\\/01\\\/image-4.png\",\"contentUrl\":\"https:\\\/\\\/rightbitedentures.webnamesandnumbers.com\\\/wp-content\\\/uploads\\\/sites\\\/709\\\/2024\\\/01\\\/image-4.png\"},{\"@type\":\"BreadcrumbList\",\"@id\":\"https:\\\/\\\/www.rightbitedentures.biz\\\/staff\\\/#breadcrumb\",\"itemListElement\":[{\"@type\":\"ListItem\",\"position\":1,\"name\":\"Home\",\"item\":\"https:\\\/\\\/www.rightbitedentures.biz\\\/\"},{\"@type\":\"ListItem\",\"position\":2,\"name\":\"Staff\"}]},{\"@type\":\"WebSite\",\"@id\":\"https:\\\/\\\/www.rightbitedentures.biz\\\/#website\",\"url\":\"https:\\\/\\\/www.rightbitedentures.biz\\\/\",\"name\":\"Right Bite Dentures\",\"description\":\"Dentures backed by Service, Quality and Technology. We specialize in restoring confidence.\",\"publisher\":{\"@id\":\"https:\\\/\\\/www.rightbitedentures.biz\\\/#organization\"},\"potentialAction\":[{\"@type\":\"SearchAction\",\"target\":{\"@type\":\"EntryPoint\",\"urlTemplate\":\"https:\\\/\\\/www.rightbitedentures.biz\\\/?s={search_term_string}\"},\"query-input\":{\"@type\":\"PropertyValueSpecification\",\"valueRequired\":true,\"valueName\":\"search_term_string\"}}],\"inLanguage\":\"es\"},{\"@type\":\"Organization\",\"@id\":\"https:\\\/\\\/www.rightbitedentures.biz\\\/#organization\",\"name\":\"Right Bite Dentures\",\"url\":\"https:\\\/\\\/www.rightbitedentures.biz\\\/\",\"logo\":{\"@type\":\"ImageObject\",\"inLanguage\":\"es\",\"@id\":\"https:\\\/\\\/www.rightbitedentures.biz\\\/#\\\/schema\\\/logo\\\/image\\\/\",\"url\":\"https:\\\/\\\/cdn.webnamesandnumbers.com\\\/wp-content\\\/uploads\\\/sites\\\/709\\\/2024\\\/01\\\/12121812\\\/cropped-image-2-1.png\",\"contentUrl\":\"https:\\\/\\\/cdn.webnamesandnumbers.com\\\/wp-content\\\/uploads\\\/sites\\\/709\\\/2024\\\/01\\\/12121812\\\/cropped-image-2-1.png\",\"width\":439,\"height\":251,\"caption\":\"Right Bite Dentures\"},\"image\":{\"@id\":\"https:\\\/\\\/www.rightbitedentures.biz\\\/#\\\/schema\\\/logo\\\/image\\\/\"}}]}<\/script>\n<!-- \/ Yoast SEO plugin. -->","yoast_head_json":{"title":"Conozca a nuestro equipo - Right Bite Dentures","description":"Conozca al equipo de prot\u00e9sicos dentales certificados de Right Bite Dentures, aqu\u00ed para ayudarle a sentirse seguro de su sonrisa.","robots":{"index":"index","follow":"follow","max-snippet":"max-snippet:-1","max-image-preview":"max-image-preview:large","max-video-preview":"max-video-preview:-1"},"canonical":"https:\/\/www.rightbitedentures.biz\/es\/staff\/","og_locale":"es_MX","og_type":"article","og_title":"Meet Our Team - Right Bite Dentures","og_description":"Meet the team of licensed denturists at Right Bite Dentures, here to help you feel confident in your smile.","og_url":"https:\/\/www.rightbitedentures.biz\/es\/staff\/","og_site_name":"Right Bite Dentures","article_modified_time":"2025-08-05T20:06:45+00:00","og_image":[{"url":"https:\/\/rightbitedentures.webnamesandnumbers.com\/wp-content\/uploads\/sites\/709\/2024\/01\/image-4.png","type":"","width":"","height":""}],"twitter_card":"summary_large_image","twitter_misc":{"Tiempo de lectura":"2 minutos"},"schema":{"@context":"https:\/\/schema.org","@graph":[{"@type":"WebPage","@id":"https:\/\/www.rightbitedentures.biz\/staff\/","url":"https:\/\/www.rightbitedentures.biz\/staff\/","name":"Conozca a nuestro equipo - Right Bite Dentures","isPartOf":{"@id":"https:\/\/www.rightbitedentures.biz\/#website"},"primaryImageOfPage":{"@id":"https:\/\/www.rightbitedentures.biz\/staff\/#primaryimage"},"image":{"@id":"https:\/\/www.rightbitedentures.biz\/staff\/#primaryimage"},"thumbnailUrl":"https:\/\/rightbitedentures.webnamesandnumbers.com\/wp-content\/uploads\/sites\/709\/2024\/01\/image-4.png","datePublished":"2024-01-12T12:02:25+00:00","dateModified":"2025-08-05T20:06:45+00:00","description":"Conozca al equipo de prot\u00e9sicos dentales certificados de Right Bite Dentures, aqu\u00ed para ayudarle a sentirse seguro de su sonrisa.","breadcrumb":{"@id":"https:\/\/www.rightbitedentures.biz\/staff\/#breadcrumb"},"inLanguage":"es","potentialAction":[{"@type":"ReadAction","target":["https:\/\/www.rightbitedentures.biz\/staff\/"]}]},{"@type":"ImageObject","inLanguage":"es","@id":"https:\/\/www.rightbitedentures.biz\/staff\/#primaryimage","url":"https:\/\/rightbitedentures.webnamesandnumbers.com\/wp-content\/uploads\/sites\/709\/2024\/01\/image-4.png","contentUrl":"https:\/\/rightbitedentures.webnamesandnumbers.com\/wp-content\/uploads\/sites\/709\/2024\/01\/image-4.png"},{"@type":"BreadcrumbList","@id":"https:\/\/www.rightbitedentures.biz\/staff\/#breadcrumb","itemListElement":[{"@type":"ListItem","position":1,"name":"Home","item":"https:\/\/www.rightbitedentures.biz\/"},{"@type":"ListItem","position":2,"name":"Staff"}]},{"@type":"WebSite","@id":"https:\/\/www.rightbitedentures.biz\/#website","url":"https:\/\/www.rightbitedentures.biz\/","name":"Dentaduras postizas de mordida derecha","description":"Pr\u00f3tesis dentales con el respaldo de servicio, calidad y tecnolog\u00eda. Nos especializamos en recuperar la confianza.","publisher":{"@id":"https:\/\/www.rightbitedentures.biz\/#organization"},"potentialAction":[{"@type":"SearchAction","target":{"@type":"EntryPoint","urlTemplate":"https:\/\/www.rightbitedentures.biz\/?s={search_term_string}"},"query-input":{"@type":"PropertyValueSpecification","valueRequired":true,"valueName":"search_term_string"}}],"inLanguage":"es"},{"@type":"Organization","@id":"https:\/\/www.rightbitedentures.biz\/#organization","name":"Dentaduras postizas de mordida derecha","url":"https:\/\/www.rightbitedentures.biz\/","logo":{"@type":"ImageObject","inLanguage":"es","@id":"https:\/\/www.rightbitedentures.biz\/#\/schema\/logo\/image\/","url":"https:\/\/cdn.webnamesandnumbers.com\/wp-content\/uploads\/sites\/709\/2024\/01\/12121812\/cropped-image-2-1.png","contentUrl":"https:\/\/cdn.webnamesandnumbers.com\/wp-content\/uploads\/sites\/709\/2024\/01\/12121812\/cropped-image-2-1.png","width":439,"height":251,"caption":"Right Bite Dentures"},"image":{"@id":"https:\/\/www.rightbitedentures.biz\/#\/schema\/logo\/image\/"}}]}},"_links":{"self":[{"href":"https:\/\/www.rightbitedentures.biz\/es\/wp-json\/wp\/v2\/pages\/39","targetHints":{"allow":["GET"]}}],"collection":[{"href":"https:\/\/www.rightbitedentures.biz\/es\/wp-json\/wp\/v2\/pages"}],"about":[{"href":"https:\/\/www.rightbitedentures.biz\/es\/wp-json\/wp\/v2\/types\/page"}],"author":[{"embeddable":true,"href":"https:\/\/www.rightbitedentures.biz\/es\/wp-json\/wp\/v2\/users\/13"}],"replies":[{"embeddable":true,"href":"https:\/\/www.rightbitedentures.biz\/es\/wp-json\/wp\/v2\/comments?post=39"}],"version-history":[{"count":10,"href":"https:\/\/www.rightbitedentures.biz\/es\/wp-json\/wp\/v2\/pages\/39\/revisions"}],"predecessor-version":[{"id":825,"href":"https:\/\/www.rightbitedentures.biz\/es\/wp-json\/wp\/v2\/pages\/39\/revisions\/825"}],"wp:attachment":[{"href":"https:\/\/www.rightbitedentures.biz\/es\/wp-json\/wp\/v2\/media?parent=39"}],"curies":[{"name":"gracias","href":"https:\/\/api.w.org\/{rel}","templated":true}]}}