{"id":62,"date":"2024-01-12T12:04:28","date_gmt":"2024-01-12T12:04:28","guid":{"rendered":"https:\/\/rightbitedentures.webnamesandnumbers.com\/?page_id=62"},"modified":"2025-08-05T19:56:28","modified_gmt":"2025-08-05T19:56:28","slug":"financial-options","status":"publish","type":"page","link":"https:\/\/www.rightbitedentures.biz\/es\/financial-options\/","title":{"rendered":"Opciones financieras"},"content":{"rendered":"<div data-elementor-type=\"wp-page\" data-elementor-id=\"62\" class=\"elementor elementor-62\" data-elementor-post-type=\"page\">\n\t\t\t\t<div class=\"elementor-element elementor-element-e3e9772 e-flex e-con-boxed e-con e-parent\" data-id=\"e3e9772\" data-element_type=\"container\">\n\t\t\t\t\t<div class=\"e-con-inner\">\n\t\t\t\t<div class=\"elementor-element elementor-element-6260cc3 elementor-widget elementor-widget-image\" data-id=\"6260cc3\" data-element_type=\"widget\" data-widget_type=\"image.default\">\n\t\t\t\t<div class=\"elementor-widget-container\">\n\t\t\t\t\t\t\t\t\t\t\t\t\t\t\t\t<a href=\"https:\/\/www.carecredit.com\/go\/BRB534\/?dtc=DS7X&#038;sitecode=CCCAPDS7X\">\n\t\t\t\t\t\t\t<img fetchpriority=\"high\" decoding=\"async\" width=\"570\" height=\"362\" src=\"https:\/\/cdn.webnamesandnumbers.com\/wp-content\/uploads\/sites\/709\/2024\/01\/12170457\/%D0%A1%D0%BD%D0%B8%D0%BC%D0%BE%D0%BA-%D1%8D%D0%BA%D1%80%D0%B0%D0%BD%D0%B0-2024-01-12-%D0%B2-19.04.47.png\" class=\"attachment-large size-large wp-image-229\" alt=\"\u0421\u043d\u0438\u043c\u043e\u043a \u044d\u043a\u0440\u0430\u043d\u0430 \u0432 19.04.47\" srcset=\"https:\/\/cdn.webnamesandnumbers.com\/wp-content\/uploads\/sites\/709\/2024\/01\/12170457\/%D0%A1%D0%BD%D0%B8%D0%BC%D0%BE%D0%BA-%D1%8D%D0%BA%D1%80%D0%B0%D0%BD%D0%B0-2024-01-12-%D0%B2-19.04.47.png 570w, https:\/\/cdn.webnamesandnumbers.com\/wp-content\/uploads\/sites\/709\/2024\/01\/12170457\/%D0%A1%D0%BD%D0%B8%D0%BC%D0%BE%D0%BA-%D1%8D%D0%BA%D1%80%D0%B0%D0%BD%D0%B0-2024-01-12-%D0%B2-19.04.47-300x191.png 300w\" sizes=\"(max-width: 570px) 100vw, 570px\" \/>\t\t\t\t\t\t\t\t<\/a>\n\t\t\t\t\t\t\t\t\t\t\t\t\t\t\t<\/div>\n\t\t\t\t<\/div>\n\t\t\t\t\t<\/div>\n\t\t\t\t<\/div>\n\t\t<div class=\"elementor-element elementor-element-fcdbe88 e-flex e-con-boxed e-con e-parent\" data-id=\"fcdbe88\" data-element_type=\"container\">\n\t\t\t\t\t<div class=\"e-con-inner\">\n\t\t\t\t<div class=\"elementor-element elementor-element-9d4cfab elementor-widget elementor-widget-image\" data-id=\"9d4cfab\" data-element_type=\"widget\" data-widget_type=\"image.default\">\n\t\t\t\t<div class=\"elementor-widget-container\">\n\t\t\t\t\t\t\t\t\t\t\t\t\t\t\t\t<a href=\"https:\/\/withcherry.com\/\">\n\t\t\t\t\t\t\t<img decoding=\"async\" width=\"272\" height=\"110\" src=\"https:\/\/cdn.webnamesandnumbers.com\/wp-content\/uploads\/sites\/709\/2024\/01\/12170645\/%D0%A1%D0%BD%D0%B8%D0%BC%D0%BE%D0%BA-%D1%8D%D0%BA%D1%80%D0%B0%D0%BD%D0%B0-2024-01-12-%D0%B2-19.06.05.png\" class=\"attachment-large size-large wp-image-231\" alt=\"Right Bite Dentures logo\" \/>\t\t\t\t\t\t\t\t<\/a>\n\t\t\t\t\t\t\t\t\t\t\t\t\t\t\t<\/div>\n\t\t\t\t<\/div>\n\t\t\t\t<div class=\"elementor-element elementor-element-f96d0f3 elementor-widget elementor-widget-heading\" data-id=\"f96d0f3\" data-element_type=\"widget\" data-widget_type=\"heading.default\">\n\t\t\t\t<div class=\"elementor-widget-container\">\n\t\t\t\t\t<h2 class=\"elementor-heading-title elementor-size-default\">Aceptamos Care Credit, efectivo, cheque, Visa, Mastercard, Discover Card, American Express y trabajamos con la mayor\u00eda de los planes de seguro dental.<\/h2>\t\t\t\t<\/div>\n\t\t\t\t<\/div>\n\t\t\t\t\t<\/div>\n\t\t\t\t<\/div>\n\t\t\t\t<\/div>","protected":false},"excerpt":{"rendered":"<p>Aceptamos Care Credit, efectivo, cheque, Visa, Mastercard, Discover Card, American Express y trabajamos con la mayor\u00eda de los planes de seguro dental.<\/p>","protected":false},"author":13,"featured_media":0,"parent":0,"menu_order":0,"comment_status":"closed","ping_status":"closed","template":"elementor_header_footer","meta":{"footnotes":""},"class_list":["post-62","page","type-page","status-publish","hentry"],"yoast_head":"<!-- This site is optimized with the Yoast SEO plugin v26.7 - https:\/\/yoast.com\/wordpress\/plugins\/seo\/ -->\n<title>Financial Options - Right Bite Dentures<\/title>\n<meta name=\"description\" content=\"Right Bite Dentures accepts Care Credit, cash, check, and most credit cards. We work with a majority of dental insurance plans.\" \/>\n<meta name=\"robots\" content=\"index, follow, max-snippet:-1, max-image-preview:large, max-video-preview:-1\" \/>\n<link rel=\"canonical\" href=\"https:\/\/www.rightbitedentures.biz\/es\/financial-options\/\" \/>\n<meta property=\"og:locale\" content=\"es_MX\" \/>\n<meta property=\"og:type\" content=\"article\" \/>\n<meta property=\"og:title\" content=\"Financial Options - Right Bite Dentures\" \/>\n<meta property=\"og:description\" content=\"Right Bite Dentures accepts Care Credit, cash, check, and most credit cards. We work with a majority of dental insurance plans.\" \/>\n<meta property=\"og:url\" content=\"https:\/\/www.rightbitedentures.biz\/es\/financial-options\/\" \/>\n<meta property=\"og:site_name\" content=\"Right Bite Dentures\" \/>\n<meta property=\"article:modified_time\" content=\"2025-08-05T19:56:28+00:00\" \/>\n<meta name=\"twitter:card\" content=\"summary_large_image\" \/>\n<meta name=\"twitter:label1\" content=\"Tiempo de lectura\" \/>\n\t<meta name=\"twitter:data1\" content=\"1 minuto\" \/>\n<script type=\"application\/ld+json\" class=\"yoast-schema-graph\">{\"@context\":\"https:\/\/schema.org\",\"@graph\":[{\"@type\":\"WebPage\",\"@id\":\"https:\/\/www.rightbitedentures.biz\/financial-options\/\",\"url\":\"https:\/\/www.rightbitedentures.biz\/financial-options\/\",\"name\":\"Financial Options - Right Bite Dentures\",\"isPartOf\":{\"@id\":\"https:\/\/www.rightbitedentures.biz\/#website\"},\"datePublished\":\"2024-01-12T12:04:28+00:00\",\"dateModified\":\"2025-08-05T19:56:28+00:00\",\"description\":\"Right Bite Dentures accepts Care Credit, cash, check, and most credit cards. We work with a majority of dental insurance plans.\",\"breadcrumb\":{\"@id\":\"https:\/\/www.rightbitedentures.biz\/financial-options\/#breadcrumb\"},\"inLanguage\":\"es\",\"potentialAction\":[{\"@type\":\"ReadAction\",\"target\":[\"https:\/\/www.rightbitedentures.biz\/financial-options\/\"]}]},{\"@type\":\"BreadcrumbList\",\"@id\":\"https:\/\/www.rightbitedentures.biz\/financial-options\/#breadcrumb\",\"itemListElement\":[{\"@type\":\"ListItem\",\"position\":1,\"name\":\"Home\",\"item\":\"https:\/\/www.rightbitedentures.biz\/\"},{\"@type\":\"ListItem\",\"position\":2,\"name\":\"Financial Options\"}]},{\"@type\":\"WebSite\",\"@id\":\"https:\/\/www.rightbitedentures.biz\/#website\",\"url\":\"https:\/\/www.rightbitedentures.biz\/\",\"name\":\"Right Bite Dentures\",\"description\":\"Dentures backed by Service, Quality and Technology. We specialize in restoring confidence.\",\"publisher\":{\"@id\":\"https:\/\/www.rightbitedentures.biz\/#organization\"},\"potentialAction\":[{\"@type\":\"SearchAction\",\"target\":{\"@type\":\"EntryPoint\",\"urlTemplate\":\"https:\/\/www.rightbitedentures.biz\/?s={search_term_string}\"},\"query-input\":{\"@type\":\"PropertyValueSpecification\",\"valueRequired\":true,\"valueName\":\"search_term_string\"}}],\"inLanguage\":\"es\"},{\"@type\":\"Organization\",\"@id\":\"https:\/\/www.rightbitedentures.biz\/#organization\",\"name\":\"Right Bite Dentures\",\"url\":\"https:\/\/www.rightbitedentures.biz\/\",\"logo\":{\"@type\":\"ImageObject\",\"inLanguage\":\"es\",\"@id\":\"https:\/\/www.rightbitedentures.biz\/#\/schema\/logo\/image\/\",\"url\":\"https:\/\/cdn.webnamesandnumbers.com\/wp-content\/uploads\/sites\/709\/2024\/01\/12121812\/cropped-image-2-1.png\",\"contentUrl\":\"https:\/\/cdn.webnamesandnumbers.com\/wp-content\/uploads\/sites\/709\/2024\/01\/12121812\/cropped-image-2-1.png\",\"width\":439,\"height\":251,\"caption\":\"Right Bite Dentures\"},\"image\":{\"@id\":\"https:\/\/www.rightbitedentures.biz\/#\/schema\/logo\/image\/\"}}]}<\/script>\n<!-- \/ Yoast SEO plugin. -->","yoast_head_json":{"title":"Opciones financieras - Pr\u00f3tesis dentales Right Bite","description":"Right Bite Dentures acepta Care Credit, efectivo, cheques y la mayor\u00eda de las tarjetas de cr\u00e9dito. Trabajamos con la mayor\u00eda de los planes de seguro dental.","robots":{"index":"index","follow":"follow","max-snippet":"max-snippet:-1","max-image-preview":"max-image-preview:large","max-video-preview":"max-video-preview:-1"},"canonical":"https:\/\/www.rightbitedentures.biz\/es\/financial-options\/","og_locale":"es_MX","og_type":"article","og_title":"Financial Options - Right Bite Dentures","og_description":"Right Bite Dentures accepts Care Credit, cash, check, and most credit cards. We work with a majority of dental insurance plans.","og_url":"https:\/\/www.rightbitedentures.biz\/es\/financial-options\/","og_site_name":"Right Bite Dentures","article_modified_time":"2025-08-05T19:56:28+00:00","twitter_card":"summary_large_image","twitter_misc":{"Tiempo de lectura":"1 minuto"},"schema":{"@context":"https:\/\/schema.org","@graph":[{"@type":"WebPage","@id":"https:\/\/www.rightbitedentures.biz\/financial-options\/","url":"https:\/\/www.rightbitedentures.biz\/financial-options\/","name":"Opciones financieras - Pr\u00f3tesis dentales Right Bite","isPartOf":{"@id":"https:\/\/www.rightbitedentures.biz\/#website"},"datePublished":"2024-01-12T12:04:28+00:00","dateModified":"2025-08-05T19:56:28+00:00","description":"Right Bite Dentures acepta Care Credit, efectivo, cheques y la mayor\u00eda de las tarjetas de cr\u00e9dito. Trabajamos con la mayor\u00eda de los planes de seguro dental.","breadcrumb":{"@id":"https:\/\/www.rightbitedentures.biz\/financial-options\/#breadcrumb"},"inLanguage":"es","potentialAction":[{"@type":"ReadAction","target":["https:\/\/www.rightbitedentures.biz\/financial-options\/"]}]},{"@type":"BreadcrumbList","@id":"https:\/\/www.rightbitedentures.biz\/financial-options\/#breadcrumb","itemListElement":[{"@type":"ListItem","position":1,"name":"Home","item":"https:\/\/www.rightbitedentures.biz\/"},{"@type":"ListItem","position":2,"name":"Financial Options"}]},{"@type":"WebSite","@id":"https:\/\/www.rightbitedentures.biz\/#website","url":"https:\/\/www.rightbitedentures.biz\/","name":"Dentaduras postizas de mordida derecha","description":"Pr\u00f3tesis dentales con el respaldo de servicio, calidad y tecnolog\u00eda. Nos especializamos en recuperar la confianza.","publisher":{"@id":"https:\/\/www.rightbitedentures.biz\/#organization"},"potentialAction":[{"@type":"SearchAction","target":{"@type":"EntryPoint","urlTemplate":"https:\/\/www.rightbitedentures.biz\/?s={search_term_string}"},"query-input":{"@type":"PropertyValueSpecification","valueRequired":true,"valueName":"search_term_string"}}],"inLanguage":"es"},{"@type":"Organization","@id":"https:\/\/www.rightbitedentures.biz\/#organization","name":"Dentaduras postizas de mordida derecha","url":"https:\/\/www.rightbitedentures.biz\/","logo":{"@type":"ImageObject","inLanguage":"es","@id":"https:\/\/www.rightbitedentures.biz\/#\/schema\/logo\/image\/","url":"https:\/\/cdn.webnamesandnumbers.com\/wp-content\/uploads\/sites\/709\/2024\/01\/12121812\/cropped-image-2-1.png","contentUrl":"https:\/\/cdn.webnamesandnumbers.com\/wp-content\/uploads\/sites\/709\/2024\/01\/12121812\/cropped-image-2-1.png","width":439,"height":251,"caption":"Right Bite Dentures"},"image":{"@id":"https:\/\/www.rightbitedentures.biz\/#\/schema\/logo\/image\/"}}]}},"_links":{"self":[{"href":"https:\/\/www.rightbitedentures.biz\/es\/wp-json\/wp\/v2\/pages\/62","targetHints":{"allow":["GET"]}}],"collection":[{"href":"https:\/\/www.rightbitedentures.biz\/es\/wp-json\/wp\/v2\/pages"}],"about":[{"href":"https:\/\/www.rightbitedentures.biz\/es\/wp-json\/wp\/v2\/types\/page"}],"author":[{"embeddable":true,"href":"https:\/\/www.rightbitedentures.biz\/es\/wp-json\/wp\/v2\/users\/13"}],"replies":[{"embeddable":true,"href":"https:\/\/www.rightbitedentures.biz\/es\/wp-json\/wp\/v2\/comments?post=62"}],"version-history":[{"count":7,"href":"https:\/\/www.rightbitedentures.biz\/es\/wp-json\/wp\/v2\/pages\/62\/revisions"}],"predecessor-version":[{"id":234,"href":"https:\/\/www.rightbitedentures.biz\/es\/wp-json\/wp\/v2\/pages\/62\/revisions\/234"}],"wp:attachment":[{"href":"https:\/\/www.rightbitedentures.biz\/es\/wp-json\/wp\/v2\/media?parent=62"}],"curies":[{"name":"gracias","href":"https:\/\/api.w.org\/{rel}","templated":true}]}}